{"id":7754,"date":"2025-11-04T13:38:49","date_gmt":"2025-11-04T13:38:49","guid":{"rendered":"https:\/\/sportmerchandise.hu\/?page_id=7754"},"modified":"2025-11-18T08:04:19","modified_gmt":"2025-11-18T08:04:19","slug":"haladas-fanusikovske-doplnky","status":"publish","type":"page","link":"https:\/\/sportmerchandise.hu\/sk\/haladas\/haladas-fanusikovske-doplnky\/","title":{"rendered":"Halad\u00e1s Fan\u00fa\u0161ikovsk\u00e9 doplnky"},"content":{"rendered":"<div data-elementor-type=\"wp-page\" data-elementor-id=\"7754\" class=\"elementor elementor-7754\" data-elementor-post-type=\"page\">\n\t\t\t\t\t\t<section class=\"elementor-section elementor-top-section elementor-element elementor-element-a34af4f elementor-section-height-min-height elementor-section-boxed elementor-section-height-default elementor-section-items-middle\" data-id=\"a34af4f\" data-element_type=\"section\" data-settings=\"{&quot;background_background&quot;:&quot;classic&quot;}\">\n\t\t\t\t\t\t\t<div class=\"elementor-background-overlay\"><\/div>\n\t\t\t\t\t\t\t<div class=\"elementor-container elementor-column-gap-default\">\n\t\t\t\t\t<div class=\"elementor-column elementor-col-100 elementor-top-column elementor-element elementor-element-42b06ec elementor-invisible\" data-id=\"42b06ec\" data-element_type=\"column\" data-settings=\"{&quot;animation&quot;:&quot;fadeInLeft&quot;}\">\n\t\t\t<div class=\"elementor-widget-wrap elementor-element-populated\">\n\t\t\t\t\t\t<div class=\"elementor-element elementor-element-4fe10b5 elementor-widget elementor-widget-heading\" data-id=\"4fe10b5\" data-element_type=\"widget\" data-widget_type=\"heading.default\">\n\t\t\t\t<div class=\"elementor-widget-container\">\n\t\t\t\t\t<h2 class=\"elementor-heading-title elementor-size-default\">Halad\u00e1s Fan\u00fa\u0161ikovsk\u00e9 doplnky<\/h2>\t\t\t\t<\/div>\n\t\t\t\t<\/div>\n\t\t\t\t<div class=\"elementor-element elementor-element-4b37668 elementor-widget-divider--view-line elementor-widget elementor-widget-divider\" data-id=\"4b37668\" data-element_type=\"widget\" data-widget_type=\"divider.default\">\n\t\t\t\t<div class=\"elementor-widget-container\">\n\t\t\t\t\t\t\t<div class=\"elementor-divider\">\n\t\t\t<span class=\"elementor-divider-separator\">\n\t\t\t\t\t\t<\/span>\n\t\t<\/div>\n\t\t\t\t\t\t<\/div>\n\t\t\t\t<\/div>\n\t\t\t\t\t<\/div>\n\t\t<\/div>\n\t\t\t\t\t<\/div>\n\t\t<\/section>\n\t\t<div class=\"elementor-element elementor-element-8f6f0d1 e-flex e-con-boxed e-con e-parent\" data-id=\"8f6f0d1\" data-element_type=\"container\">\n\t\t\t\t\t<div class=\"e-con-inner\">\n\t\t\t\t<div class=\"elementor-element elementor-element-25a12ce elementor-widget elementor-widget-gallery\" data-id=\"25a12ce\" data-element_type=\"widget\" data-settings=\"{&quot;background_overlay_hover_animation&quot;:&quot;fade-in&quot;,&quot;aspect_ratio&quot;:&quot;1:1&quot;,&quot;columns&quot;:6,&quot;lazyload&quot;:&quot;yes&quot;,&quot;gallery_layout&quot;:&quot;grid&quot;,&quot;columns_tablet&quot;:2,&quot;columns_mobile&quot;:1,&quot;gap&quot;:{&quot;unit&quot;:&quot;px&quot;,&quot;size&quot;:10,&quot;sizes&quot;:[]},&quot;gap_laptop&quot;:{&quot;unit&quot;:&quot;px&quot;,&quot;size&quot;:10,&quot;sizes&quot;:[]},&quot;gap_tablet&quot;:{&quot;unit&quot;:&quot;px&quot;,&quot;size&quot;:10,&quot;sizes&quot;:[]},&quot;gap_mobile&quot;:{&quot;unit&quot;:&quot;px&quot;,&quot;size&quot;:10,&quot;sizes&quot;:[]},&quot;link_to&quot;:&quot;file&quot;,&quot;overlay_background&quot;:&quot;yes&quot;,&quot;content_hover_animation&quot;:&quot;fade-in&quot;}\" data-widget_type=\"gallery.default\">\n\t\t\t\t<div class=\"elementor-widget-container\">\n\t\t\t\t\t\t\t<div class=\"elementor-gallery__container\">\n\t\t\t\t\t\t\t<a class=\"e-gallery-item elementor-gallery-item elementor-animated-content\" href=\"https:\/\/sportmerchandise.hu\/wp-content\/uploads\/2025\/11\/Haladas-Szurkoloi-kellekek-szurkoloi-sal_03.webp\" data-elementor-open-lightbox=\"yes\" data-elementor-lightbox-slideshow=\"25a12ce\" data-elementor-lightbox-title=\"Halad\u00e1s Szurkol\u00f3i kell\u00e9kek szurkol\u00f3i s\u00e1l_03\" data-e-action-hash=\"#elementor-action%3Aaction%3Dlightbox%26settings%3DeyJpZCI6NzczOCwidXJsIjoiaHR0cHM6XC9cL3Nwb3J0bWVyY2hhbmRpc2UuaHVcL3dwLWNvbnRlbnRcL3VwbG9hZHNcLzIwMjVcLzExXC9IYWxhZGFzLVN6dXJrb2xvaS1rZWxsZWtlay1zenVya29sb2ktc2FsXzAzLndlYnAiLCJzbGlkZXNob3ciOiIyNWExMmNlIn0%3D\">\n\t\t\t\t\t<div class=\"e-gallery-image elementor-gallery-item__image\" data-thumbnail=\"https:\/\/sportmerchandise.hu\/wp-content\/uploads\/2025\/11\/Haladas-Szurkoloi-kellekek-szurkoloi-sal_03.webp\" data-width=\"896\" data-height=\"1000\" aria-label=\"\" role=\"img\" ><\/div>\n\t\t\t\t\t\t\t\t\t\t\t<div class=\"elementor-gallery-item__overlay\"><\/div>\n\t\t\t\t\t\t\t\t\t\t\t\t\t\t<\/a>\n\t\t\t\t\t\t\t<a class=\"e-gallery-item elementor-gallery-item elementor-animated-content\" href=\"https:\/\/sportmerchandise.hu\/wp-content\/uploads\/2025\/11\/Haladas-Szurkoloi-kellekek-szurkoloi-sal_02.webp\" data-elementor-open-lightbox=\"yes\" data-elementor-lightbox-slideshow=\"25a12ce\" data-elementor-lightbox-title=\"Halad\u00e1s Szurkol\u00f3i kell\u00e9kek szurkol\u00f3i s\u00e1l_02\" data-e-action-hash=\"#elementor-action%3Aaction%3Dlightbox%26settings%3DeyJpZCI6NzczNywidXJsIjoiaHR0cHM6XC9cL3Nwb3J0bWVyY2hhbmRpc2UuaHVcL3dwLWNvbnRlbnRcL3VwbG9hZHNcLzIwMjVcLzExXC9IYWxhZGFzLVN6dXJrb2xvaS1rZWxsZWtlay1zenVya29sb2ktc2FsXzAyLndlYnAiLCJzbGlkZXNob3ciOiIyNWExMmNlIn0%3D\">\n\t\t\t\t\t<div class=\"e-gallery-image elementor-gallery-item__image\" data-thumbnail=\"https:\/\/sportmerchandise.hu\/wp-content\/uploads\/2025\/11\/Haladas-Szurkoloi-kellekek-szurkoloi-sal_02.webp\" data-width=\"896\" data-height=\"1000\" aria-label=\"\" role=\"img\" ><\/div>\n\t\t\t\t\t\t\t\t\t\t\t<div class=\"elementor-gallery-item__overlay\"><\/div>\n\t\t\t\t\t\t\t\t\t\t\t\t\t\t<\/a>\n\t\t\t\t\t\t\t<a class=\"e-gallery-item elementor-gallery-item elementor-animated-content\" href=\"https:\/\/sportmerchandise.hu\/wp-content\/uploads\/2025\/11\/Haladas-szurkoloi-kellekek-szurkoloi-sal_01.webp\" data-elementor-open-lightbox=\"yes\" data-elementor-lightbox-slideshow=\"25a12ce\" data-elementor-lightbox-title=\"Halad\u00e1s szurkol\u00f3i kell\u00e9kek szurkol\u00f3i s\u00e1l_01\" data-e-action-hash=\"#elementor-action%3Aaction%3Dlightbox%26settings%3DeyJpZCI6NzczNiwidXJsIjoiaHR0cHM6XC9cL3Nwb3J0bWVyY2hhbmRpc2UuaHVcL3dwLWNvbnRlbnRcL3VwbG9hZHNcLzIwMjVcLzExXC9IYWxhZGFzLXN6dXJrb2xvaS1rZWxsZWtlay1zenVya29sb2ktc2FsXzAxLndlYnAiLCJzbGlkZXNob3ciOiIyNWExMmNlIn0%3D\">\n\t\t\t\t\t<div class=\"e-gallery-image elementor-gallery-item__image\" data-thumbnail=\"https:\/\/sportmerchandise.hu\/wp-content\/uploads\/2025\/11\/Haladas-szurkoloi-kellekek-szurkoloi-sal_01.webp\" data-width=\"896\" data-height=\"1000\" aria-label=\"\" role=\"img\" ><\/div>\n\t\t\t\t\t\t\t\t\t\t\t<div class=\"elementor-gallery-item__overlay\"><\/div>\n\t\t\t\t\t\t\t\t\t\t\t\t\t\t<\/a>\n\t\t\t\t\t\t\t<a class=\"e-gallery-item elementor-gallery-item elementor-animated-content\" href=\"https:\/\/sportmerchandise.hu\/wp-content\/uploads\/2025\/11\/Haladas-Szurkoloi-kellek-parna_01.webp\" data-elementor-open-lightbox=\"yes\" data-elementor-lightbox-slideshow=\"25a12ce\" data-elementor-lightbox-title=\"Halad\u00e1s Szurkol\u00f3i kell\u00e9k p\u00e1rna_01\" data-e-action-hash=\"#elementor-action%3Aaction%3Dlightbox%26settings%3DeyJpZCI6NzczNSwidXJsIjoiaHR0cHM6XC9cL3Nwb3J0bWVyY2hhbmRpc2UuaHVcL3dwLWNvbnRlbnRcL3VwbG9hZHNcLzIwMjVcLzExXC9IYWxhZGFzLVN6dXJrb2xvaS1rZWxsZWstcGFybmFfMDEud2VicCIsInNsaWRlc2hvdyI6IjI1YTEyY2UifQ%3D%3D\">\n\t\t\t\t\t<div class=\"e-gallery-image elementor-gallery-item__image\" data-thumbnail=\"https:\/\/sportmerchandise.hu\/wp-content\/uploads\/2025\/11\/Haladas-Szurkoloi-kellek-parna_01.webp\" data-width=\"896\" data-height=\"1000\" aria-label=\"\" role=\"img\" ><\/div>\n\t\t\t\t\t\t\t\t\t\t\t<div class=\"elementor-gallery-item__overlay\"><\/div>\n\t\t\t\t\t\t\t\t\t\t\t\t\t\t<\/a>\n\t\t\t\t\t<\/div>\n\t\t\t\t\t<\/div>\n\t\t\t\t<\/div>\n\t\t\t\t\t<\/div>\n\t\t\t\t<\/div>\n\t\t\t\t<\/div>","protected":false},"excerpt":{"rendered":"","protected":false},"author":1,"featured_media":0,"parent":7676,"menu_order":0,"comment_status":"closed","ping_status":"closed","template":"elementor_header_footer","meta":{"footnotes":""},"class_list":["post-7754","page","type-page","status-publish","hentry"],"_links":{"self":[{"href":"https:\/\/sportmerchandise.hu\/sk\/wp-json\/wp\/v2\/pages\/7754","targetHints":{"allow":["GET"]}}],"collection":[{"href":"https:\/\/sportmerchandise.hu\/sk\/wp-json\/wp\/v2\/pages"}],"about":[{"href":"https:\/\/sportmerchandise.hu\/sk\/wp-json\/wp\/v2\/types\/page"}],"author":[{"embeddable":true,"href":"https:\/\/sportmerchandise.hu\/sk\/wp-json\/wp\/v2\/users\/1"}],"replies":[{"embeddable":true,"href":"https:\/\/sportmerchandise.hu\/sk\/wp-json\/wp\/v2\/comments?post=7754"}],"version-history":[{"count":16,"href":"https:\/\/sportmerchandise.hu\/sk\/wp-json\/wp\/v2\/pages\/7754\/revisions"}],"predecessor-version":[{"id":10595,"href":"https:\/\/sportmerchandise.hu\/sk\/wp-json\/wp\/v2\/pages\/7754\/revisions\/10595"}],"up":[{"embeddable":true,"href":"https:\/\/sportmerchandise.hu\/sk\/wp-json\/wp\/v2\/pages\/7676"}],"wp:attachment":[{"href":"https:\/\/sportmerchandise.hu\/sk\/wp-json\/wp\/v2\/media?parent=7754"}],"curies":[{"name":"wp","href":"https:\/\/api.w.org\/{rel}","templated":true}]}}