{"id":6207,"date":"2025-10-29T18:20:13","date_gmt":"2025-10-29T18:20:13","guid":{"rendered":"https:\/\/sportmerchandise.hu\/?page_id=6207"},"modified":"2025-11-19T07:22:14","modified_gmt":"2025-11-19T07:22:14","slug":"produkty","status":"publish","type":"page","link":"https:\/\/sportmerchandise.hu\/sk\/produkty\/","title":{"rendered":"produkty"},"content":{"rendered":"<div data-elementor-type=\"wp-page\" data-elementor-id=\"6207\" class=\"elementor elementor-6207\" data-elementor-post-type=\"page\">\n\t\t\t\t\t\t<section class=\"elementor-section elementor-top-section elementor-element elementor-element-4298199 elementor-section-height-min-height elementor-section-boxed elementor-section-height-default elementor-section-items-middle\" data-id=\"4298199\" data-element_type=\"section\" data-settings=\"{&quot;background_background&quot;:&quot;classic&quot;}\">\n\t\t\t\t\t\t\t<div class=\"elementor-background-overlay\"><\/div>\n\t\t\t\t\t\t\t<div class=\"elementor-container elementor-column-gap-default\">\n\t\t\t\t\t<div class=\"elementor-column elementor-col-100 elementor-top-column elementor-element elementor-element-6a0f48b elementor-invisible\" data-id=\"6a0f48b\" data-element_type=\"column\" data-settings=\"{&quot;animation&quot;:&quot;fadeInLeft&quot;}\">\n\t\t\t<div class=\"elementor-widget-wrap elementor-element-populated\">\n\t\t\t\t\t\t<div class=\"elementor-element elementor-element-0cecea4 elementor-widget elementor-widget-heading\" data-id=\"0cecea4\" data-element_type=\"widget\" data-widget_type=\"heading.default\">\n\t\t\t\t<div class=\"elementor-widget-container\">\n\t\t\t\t\t<h2 class=\"elementor-heading-title elementor-size-default\">produkty<\/h2>\t\t\t\t<\/div>\n\t\t\t\t<\/div>\n\t\t\t\t\t<\/div>\n\t\t<\/div>\n\t\t\t\t\t<\/div>\n\t\t<\/section>\n\t\t\t\t<section class=\"elementor-section elementor-top-section elementor-element elementor-element-0a57ca5 elementor-section-boxed elementor-section-height-default elementor-section-height-default\" data-id=\"0a57ca5\" data-element_type=\"section\">\n\t\t\t\t\t\t<div class=\"elementor-container elementor-column-gap-default\">\n\t\t\t\t\t<div class=\"elementor-column elementor-col-50 elementor-top-column elementor-element elementor-element-9be6235\" data-id=\"9be6235\" data-element_type=\"column\">\n\t\t\t<div class=\"elementor-widget-wrap elementor-element-populated\">\n\t\t\t\t\t\t<div class=\"elementor-element elementor-element-38de9a5 elementor-widget elementor-widget-heading\" data-id=\"38de9a5\" data-element_type=\"widget\" data-widget_type=\"heading.default\">\n\t\t\t\t<div class=\"elementor-widget-container\">\n\t\t\t\t\t<h2 class=\"elementor-heading-title elementor-size-default\">Za ka\u017ed\u00fdm produktom je pr\u00edbeh. My v\u00e1m pom\u00f4\u017eeme, aby ste tento pr\u00edbeh mohli uk\u00e1za\u0165 aj v hmatate\u013enej podobe: prostredn\u00edctvom kvalitn\u00fdch, jedine\u010dn\u00fdch a p\u00fatav\u00fdch merchandise produktov.\n\n<\/h2>\t\t\t\t<\/div>\n\t\t\t\t<\/div>\n\t\t\t\t\t<\/div>\n\t\t<\/div>\n\t\t\t\t<div class=\"elementor-column elementor-col-50 elementor-top-column elementor-element elementor-element-275329b\" data-id=\"275329b\" data-element_type=\"column\">\n\t\t\t<div class=\"elementor-widget-wrap elementor-element-populated\">\n\t\t\t\t\t\t<div class=\"elementor-element elementor-element-dc4ae72 elementor-widget-laptop__width-initial elementor-widget elementor-widget-text-editor\" data-id=\"dc4ae72\" data-element_type=\"widget\" data-widget_type=\"text-editor.default\">\n\t\t\t\t<div class=\"elementor-widget-container\">\n\t\t\t\t\t\t\t\t\t<p>C\u00e9g\u00fcnk f\u0151 profilj\u00e1val, amely a term\u00e9kgy\u00e1rt\u00e1s, \u00f3ri\u00e1si terhet vesz\u00fcnk le partnereink v\u00e1ll\u00e1r\u00f3l, hiszen nem kell k\u00fcl\u00f6nf\u00e9le gy\u00e1rt\u00f3kkal egyeztetni, az a mi feladatunk.<\/p><p>Term\u00e9kpalett\u00e1nk rendk\u00edv\u00fcl sz\u00e9les sk\u00e1l\u00e1n mozog, a legapr\u00f3bb t\u00e1rgyakt\u00f3l \u00e9s t\u00e9telekt\u0151l kezdve, a pr\u00e9mium min\u0151s\u00e9g\u0171 term\u00e9kekig. B\u00fcszk\u00e9k vagyunk arra, hogy glob\u00e1lis h\u00e1l\u00f3zatunknak (Pakiszt\u00e1n, India, K\u00edna, T\u00f6r\u00f6korsz\u00e1g, Lengyelorsz\u00e1g, stb.) k\u00f6sz\u00f6nhet\u0151en, t\u00f6bb, mint \u00f6tezer f\u00e9le egyedi term\u00e9ket tudunk gy\u00e1rtani. Besz\u00e1ll\u00edt\u00f3ink a vil\u00e1g minden pontj\u00e1r\u00f3l garant\u00e1lj\u00e1k a min\u0151s\u00e9get \u00e9s a leg\u00fajabb trendeket, m\u00edg t\u00f6bb mint 80 gondosan kiv\u00e1lasztott alv\u00e1llalkoz\u00f3val val\u00f3 szoros egy\u00fcttm\u0171k\u00f6d\u00e9s\u00fcnk biztos\u00edtja a rendk\u00edv\u00fcli rugalmass\u00e1got \u00e9s a nagy volumen\u0171 projektek z\u00f6kken\u0151mentes kezel\u00e9s\u00e9t. Ez a kiterjedt kapacit\u00e1s lehet\u0151v\u00e9 teszi sz\u00e1munkra, hogy b\u00e1rmilyen egyedi elk\u00e9pzel\u00e9st megval\u00f3s\u00edtsunk, a koncepci\u00f3t\u00f3l a k\u00e9szterm\u00e9kig, a min\u0151s\u00e9g \u00e9s a hat\u00e1rid\u0151k szigor\u00fa betart\u00e1sa mellett.<\/p><p>Ezen az oldalon bemutatjuk a n\u00e1lunk k\u00e9sz\u00fclt term\u00e9keket \u00fagy, hogy k\u00f6zben felt\u00e1rjuk az \u00f6sszes r\u00e9szletet \u00e9s a gy\u00e1rt\u00e1s sor\u00e1n haszn\u00e1lt technol\u00f3gi\u00e1t.<\/p><p>Ka\u017ed\u00fd produkt je dostupn\u00fd v \u0161irokej \u0161k\u00e1le farieb, z r\u00f4znych materi\u00e1lov a s rozli\u010dn\u00fdmi v\u00fdrobn\u00fdmi technikami. Pre n\u00e1s je d\u00f4le\u017eit\u00e9, aby ka\u017ed\u00fd z\u00e1kazn\u00edk dostal jedine\u010dn\u00fd produkt, ktor\u00fd presne zodpoved\u00e1 jeho potreb\u00e1m.<\/p><p>Nemus\u00ed\u0161 sa stara\u0165 ani o samotn\u00fd dizajn \u2013 sme tu na to, aby sme v\u0161etko pripravili za teba. Postar\u00e1me sa o cel\u00fd proces, od n\u00e1vrhu a\u017e po v\u00fdrobu, tebe sta\u010d\u00ed len schv\u00e1li\u0165 hotov\u00e9 n\u00e1vrhy.<\/p><p>Samozrejme, ide len o uk\u00e1\u017eky na\u0161ich predch\u00e1dzaj\u00facich pr\u00e1c. O \u010fal\u0161ie produkty sa nev\u00e1haj informova\u0165 prostredn\u00edctvom na\u0161ich kontaktn\u00fdch \u00fadajov!<\/p><p>Vyberte kateg\u00f3riu produktu<\/p>\t\t\t\t\t\t\t\t<\/div>\n\t\t\t\t<\/div>\n\t\t\t\t\t<\/div>\n\t\t<\/div>\n\t\t\t\t\t<\/div>\n\t\t<\/section>\n\t\t<div class=\"elementor-element elementor-element-445d176 e-flex e-con-boxed e-con e-parent\" data-id=\"445d176\" data-element_type=\"container\">\n\t\t\t\t\t<div class=\"e-con-inner\">\n\t\t<div class=\"elementor-element elementor-element-445c244 e-con-full e-flex e-con e-child\" data-id=\"445c244\" data-element_type=\"container\">\n\t\t\t\t<div class=\"elementor-element elementor-element-f9d2f7f elementor-widget elementor-widget-image\" data-id=\"f9d2f7f\" data-element_type=\"widget\" data-widget_type=\"image.default\">\n\t\t\t\t<div class=\"elementor-widget-container\">\n\t\t\t\t\t\t\t\t\t\t\t\t\t\t\t\t<a href=\"https:\/\/sportmerchandise.hu\/sk\/produkty\/ciapky\/\">\n\t\t\t\t\t\t\t<img fetchpriority=\"high\" decoding=\"async\" width=\"1920\" height=\"1080\" src=\"https:\/\/sportmerchandise.hu\/wp-content\/uploads\/2025\/10\/Sapkakuj-1.webp\" class=\"attachment-full size-full wp-image-6210\" alt=\"\" srcset=\"https:\/\/sportmerchandise.hu\/wp-content\/uploads\/2025\/10\/Sapkakuj-1.webp 1920w, https:\/\/sportmerchandise.hu\/wp-content\/uploads\/2025\/10\/Sapkakuj-1-300x169.webp 300w, https:\/\/sportmerchandise.hu\/wp-content\/uploads\/2025\/10\/Sapkakuj-1-1024x576.webp 1024w, https:\/\/sportmerchandise.hu\/wp-content\/uploads\/2025\/10\/Sapkakuj-1-768x432.webp 768w, https:\/\/sportmerchandise.hu\/wp-content\/uploads\/2025\/10\/Sapkakuj-1-1536x864.webp 1536w, https:\/\/sportmerchandise.hu\/wp-content\/uploads\/2025\/10\/Sapkakuj-1-18x10.webp 18w, https:\/\/sportmerchandise.hu\/wp-content\/uploads\/2025\/10\/Sapkakuj-1-1200x675.webp 1200w\" sizes=\"(max-width: 1920px) 100vw, 1920px\" \/>\t\t\t\t\t\t\t\t<\/a>\n\t\t\t\t\t\t\t\t\t\t\t\t\t\t\t<\/div>\n\t\t\t\t<\/div>\n\t\t\t\t<div class=\"elementor-element elementor-element-0d3a076 elementor-widget elementor-widget-text-editor\" data-id=\"0d3a076\" data-element_type=\"widget\" data-widget_type=\"text-editor.default\">\n\t\t\t\t<div class=\"elementor-widget-container\">\n\t\t\t\t\t\t\t\t\t<p>\u010ciapky<\/p>\t\t\t\t\t\t\t\t<\/div>\n\t\t\t\t<\/div>\n\t\t\t\t<\/div>\n\t\t<div class=\"elementor-element elementor-element-3af0bd9 e-con-full e-flex e-con e-child\" data-id=\"3af0bd9\" data-element_type=\"container\">\n\t\t\t\t<div class=\"elementor-element elementor-element-1e7e4e5 elementor-widget elementor-widget-image\" data-id=\"1e7e4e5\" data-element_type=\"widget\" data-widget_type=\"image.default\">\n\t\t\t\t<div class=\"elementor-widget-container\">\n\t\t\t\t\t\t\t\t\t\t\t\t\t\t\t\t<a href=\"https:\/\/sportmerchandise.hu\/sk\/produkty\/odevy\/\">\n\t\t\t\t\t\t\t<img decoding=\"async\" width=\"1920\" height=\"1080\" src=\"https:\/\/sportmerchandise.hu\/wp-content\/uploads\/2025\/10\/Ruhazatk-1.webp\" class=\"attachment-full size-full wp-image-6211\" alt=\"\" srcset=\"https:\/\/sportmerchandise.hu\/wp-content\/uploads\/2025\/10\/Ruhazatk-1.webp 1920w, https:\/\/sportmerchandise.hu\/wp-content\/uploads\/2025\/10\/Ruhazatk-1-300x169.webp 300w, https:\/\/sportmerchandise.hu\/wp-content\/uploads\/2025\/10\/Ruhazatk-1-1024x576.webp 1024w, https:\/\/sportmerchandise.hu\/wp-content\/uploads\/2025\/10\/Ruhazatk-1-768x432.webp 768w, https:\/\/sportmerchandise.hu\/wp-content\/uploads\/2025\/10\/Ruhazatk-1-1536x864.webp 1536w, https:\/\/sportmerchandise.hu\/wp-content\/uploads\/2025\/10\/Ruhazatk-1-18x10.webp 18w, https:\/\/sportmerchandise.hu\/wp-content\/uploads\/2025\/10\/Ruhazatk-1-1200x675.webp 1200w\" sizes=\"(max-width: 1920px) 100vw, 1920px\" \/>\t\t\t\t\t\t\t\t<\/a>\n\t\t\t\t\t\t\t\t\t\t\t\t\t\t\t<\/div>\n\t\t\t\t<\/div>\n\t\t\t\t<div class=\"elementor-element elementor-element-eeab139 elementor-widget elementor-widget-text-editor\" data-id=\"eeab139\" data-element_type=\"widget\" data-widget_type=\"text-editor.default\">\n\t\t\t\t<div class=\"elementor-widget-container\">\n\t\t\t\t\t\t\t\t\t<p>Odevy<\/p>\t\t\t\t\t\t\t\t<\/div>\n\t\t\t\t<\/div>\n\t\t\t\t<\/div>\n\t\t\t\t\t<\/div>\n\t\t\t\t<\/div>\n\t\t<div class=\"elementor-element elementor-element-36432c6 e-flex e-con-boxed e-con e-parent\" data-id=\"36432c6\" data-element_type=\"container\">\n\t\t\t\t\t<div class=\"e-con-inner\">\n\t\t<div class=\"elementor-element elementor-element-95a1a12 e-con-full e-flex e-con e-child\" data-id=\"95a1a12\" data-element_type=\"container\">\n\t\t\t\t<div class=\"elementor-element elementor-element-c63600c elementor-widget elementor-widget-image\" data-id=\"c63600c\" data-element_type=\"widget\" data-widget_type=\"image.default\">\n\t\t\t\t<div class=\"elementor-widget-container\">\n\t\t\t\t\t\t\t\t\t\t\t\t\t\t\t\t<a href=\"https:\/\/sportmerchandise.hu\/sk\/produkty\/fanusikovske-doplnky\/\">\n\t\t\t\t\t\t\t<img decoding=\"async\" width=\"1920\" height=\"1080\" src=\"https:\/\/sportmerchandise.hu\/wp-content\/uploads\/2025\/10\/szurkoloi-kellekek-1.webp\" class=\"attachment-full size-full wp-image-6212\" alt=\"\" srcset=\"https:\/\/sportmerchandise.hu\/wp-content\/uploads\/2025\/10\/szurkoloi-kellekek-1.webp 1920w, https:\/\/sportmerchandise.hu\/wp-content\/uploads\/2025\/10\/szurkoloi-kellekek-1-300x169.webp 300w, https:\/\/sportmerchandise.hu\/wp-content\/uploads\/2025\/10\/szurkoloi-kellekek-1-1024x576.webp 1024w, https:\/\/sportmerchandise.hu\/wp-content\/uploads\/2025\/10\/szurkoloi-kellekek-1-768x432.webp 768w, https:\/\/sportmerchandise.hu\/wp-content\/uploads\/2025\/10\/szurkoloi-kellekek-1-1536x864.webp 1536w, https:\/\/sportmerchandise.hu\/wp-content\/uploads\/2025\/10\/szurkoloi-kellekek-1-18x10.webp 18w, https:\/\/sportmerchandise.hu\/wp-content\/uploads\/2025\/10\/szurkoloi-kellekek-1-1200x675.webp 1200w\" sizes=\"(max-width: 1920px) 100vw, 1920px\" \/>\t\t\t\t\t\t\t\t<\/a>\n\t\t\t\t\t\t\t\t\t\t\t\t\t\t\t<\/div>\n\t\t\t\t<\/div>\n\t\t\t\t<div class=\"elementor-element elementor-element-ce69773 elementor-widget elementor-widget-text-editor\" data-id=\"ce69773\" data-element_type=\"widget\" data-widget_type=\"text-editor.default\">\n\t\t\t\t<div class=\"elementor-widget-container\">\n\t\t\t\t\t\t\t\t\t<p>Fan\u00fa\u0161ikovsk\u00e9 doplnky<\/p>\t\t\t\t\t\t\t\t<\/div>\n\t\t\t\t<\/div>\n\t\t\t\t<\/div>\n\t\t<div class=\"elementor-element elementor-element-b851856 e-con-full e-flex e-con e-child\" data-id=\"b851856\" data-element_type=\"container\">\n\t\t\t\t<div class=\"elementor-element elementor-element-711f2a0 elementor-widget elementor-widget-image\" data-id=\"711f2a0\" data-element_type=\"widget\" data-widget_type=\"image.default\">\n\t\t\t\t<div class=\"elementor-widget-container\">\n\t\t\t\t\t\t\t\t\t\t\t\t\t\t\t\t<a href=\"https:\/\/sportmerchandise.hu\/sk\/produkty\/tasky\/\">\n\t\t\t\t\t\t\t<img loading=\"lazy\" decoding=\"async\" width=\"1920\" height=\"1080\" src=\"https:\/\/sportmerchandise.hu\/wp-content\/uploads\/2025\/10\/taskakuj-1.webp\" class=\"attachment-full size-full wp-image-6213\" alt=\"\" srcset=\"https:\/\/sportmerchandise.hu\/wp-content\/uploads\/2025\/10\/taskakuj-1.webp 1920w, https:\/\/sportmerchandise.hu\/wp-content\/uploads\/2025\/10\/taskakuj-1-300x169.webp 300w, https:\/\/sportmerchandise.hu\/wp-content\/uploads\/2025\/10\/taskakuj-1-1024x576.webp 1024w, https:\/\/sportmerchandise.hu\/wp-content\/uploads\/2025\/10\/taskakuj-1-768x432.webp 768w, https:\/\/sportmerchandise.hu\/wp-content\/uploads\/2025\/10\/taskakuj-1-1536x864.webp 1536w, https:\/\/sportmerchandise.hu\/wp-content\/uploads\/2025\/10\/taskakuj-1-18x10.webp 18w, https:\/\/sportmerchandise.hu\/wp-content\/uploads\/2025\/10\/taskakuj-1-1200x675.webp 1200w\" sizes=\"(max-width: 1920px) 100vw, 1920px\" \/>\t\t\t\t\t\t\t\t<\/a>\n\t\t\t\t\t\t\t\t\t\t\t\t\t\t\t<\/div>\n\t\t\t\t<\/div>\n\t\t\t\t<div class=\"elementor-element elementor-element-d8c9ce2 elementor-widget elementor-widget-text-editor\" data-id=\"d8c9ce2\" data-element_type=\"widget\" data-widget_type=\"text-editor.default\">\n\t\t\t\t<div class=\"elementor-widget-container\">\n\t\t\t\t\t\t\t\t\t<p>Ta\u0161ky<\/p>\t\t\t\t\t\t\t\t<\/div>\n\t\t\t\t<\/div>\n\t\t\t\t<\/div>\n\t\t\t\t\t<\/div>\n\t\t\t\t<\/div>\n\t\t<div class=\"elementor-element elementor-element-0137bfd e-flex e-con-boxed e-con e-parent\" data-id=\"0137bfd\" data-element_type=\"container\">\n\t\t\t\t\t<div class=\"e-con-inner\">\n\t\t<div class=\"elementor-element elementor-element-0e70e83 e-con-full e-flex e-con e-child\" data-id=\"0e70e83\" data-element_type=\"container\">\n\t\t\t\t<div class=\"elementor-element elementor-element-a915a94 elementor-widget elementor-widget-image\" data-id=\"a915a94\" data-element_type=\"widget\" data-widget_type=\"image.default\">\n\t\t\t\t<div class=\"elementor-widget-container\">\n\t\t\t\t\t\t\t\t\t\t\t\t\t\t\t\t<a href=\"https:\/\/sportmerchandise.hu\/sk\/produkty\/vianocne-produkty\/\">\n\t\t\t\t\t\t\t<img loading=\"lazy\" decoding=\"async\" width=\"1920\" height=\"1080\" src=\"https:\/\/sportmerchandise.hu\/wp-content\/uploads\/2025\/10\/Karacsonyi2-1.webp\" class=\"attachment-full size-full wp-image-6214\" alt=\"\" srcset=\"https:\/\/sportmerchandise.hu\/wp-content\/uploads\/2025\/10\/Karacsonyi2-1.webp 1920w, https:\/\/sportmerchandise.hu\/wp-content\/uploads\/2025\/10\/Karacsonyi2-1-300x169.webp 300w, https:\/\/sportmerchandise.hu\/wp-content\/uploads\/2025\/10\/Karacsonyi2-1-1024x576.webp 1024w, https:\/\/sportmerchandise.hu\/wp-content\/uploads\/2025\/10\/Karacsonyi2-1-768x432.webp 768w, https:\/\/sportmerchandise.hu\/wp-content\/uploads\/2025\/10\/Karacsonyi2-1-1536x864.webp 1536w, https:\/\/sportmerchandise.hu\/wp-content\/uploads\/2025\/10\/Karacsonyi2-1-18x10.webp 18w, https:\/\/sportmerchandise.hu\/wp-content\/uploads\/2025\/10\/Karacsonyi2-1-1200x675.webp 1200w\" sizes=\"(max-width: 1920px) 100vw, 1920px\" \/>\t\t\t\t\t\t\t\t<\/a>\n\t\t\t\t\t\t\t\t\t\t\t\t\t\t\t<\/div>\n\t\t\t\t<\/div>\n\t\t\t\t<div class=\"elementor-element elementor-element-75138fa elementor-widget elementor-widget-text-editor\" data-id=\"75138fa\" data-element_type=\"widget\" data-widget_type=\"text-editor.default\">\n\t\t\t\t<div class=\"elementor-widget-container\">\n\t\t\t\t\t\t\t\t\t<p>Viano\u010dn\u00e9 produkty<\/p>\t\t\t\t\t\t\t\t<\/div>\n\t\t\t\t<\/div>\n\t\t\t\t<\/div>\n\t\t<div class=\"elementor-element elementor-element-b8ec20c e-con-full e-flex e-con e-child\" data-id=\"b8ec20c\" data-element_type=\"container\">\n\t\t\t\t<div class=\"elementor-element elementor-element-3ffbd7e elementor-widget elementor-widget-image\" data-id=\"3ffbd7e\" data-element_type=\"widget\" data-widget_type=\"image.default\">\n\t\t\t\t<div class=\"elementor-widget-container\">\n\t\t\t\t\t\t\t\t\t\t\t\t\t\t\t\t<a href=\"https:\/\/sportmerchandise.hu\/sk\/produkty\/darcekove-predmety\/\">\n\t\t\t\t\t\t\t<img loading=\"lazy\" decoding=\"async\" width=\"1920\" height=\"1080\" src=\"https:\/\/sportmerchandise.hu\/wp-content\/uploads\/2025\/10\/Ajandektargyakuj-1.webp\" class=\"attachment-full size-full wp-image-6215\" alt=\"\" srcset=\"https:\/\/sportmerchandise.hu\/wp-content\/uploads\/2025\/10\/Ajandektargyakuj-1.webp 1920w, https:\/\/sportmerchandise.hu\/wp-content\/uploads\/2025\/10\/Ajandektargyakuj-1-300x169.webp 300w, https:\/\/sportmerchandise.hu\/wp-content\/uploads\/2025\/10\/Ajandektargyakuj-1-1024x576.webp 1024w, https:\/\/sportmerchandise.hu\/wp-content\/uploads\/2025\/10\/Ajandektargyakuj-1-768x432.webp 768w, https:\/\/sportmerchandise.hu\/wp-content\/uploads\/2025\/10\/Ajandektargyakuj-1-1536x864.webp 1536w, https:\/\/sportmerchandise.hu\/wp-content\/uploads\/2025\/10\/Ajandektargyakuj-1-18x10.webp 18w, https:\/\/sportmerchandise.hu\/wp-content\/uploads\/2025\/10\/Ajandektargyakuj-1-1200x675.webp 1200w\" sizes=\"(max-width: 1920px) 100vw, 1920px\" \/>\t\t\t\t\t\t\t\t<\/a>\n\t\t\t\t\t\t\t\t\t\t\t\t\t\t\t<\/div>\n\t\t\t\t<\/div>\n\t\t\t\t<div class=\"elementor-element elementor-element-a12bd24 elementor-widget elementor-widget-text-editor\" data-id=\"a12bd24\" data-element_type=\"widget\" data-widget_type=\"text-editor.default\">\n\t\t\t\t<div class=\"elementor-widget-container\">\n\t\t\t\t\t\t\t\t\t<p>Dar\u010dekov\u00e9 predmety<\/p>\t\t\t\t\t\t\t\t<\/div>\n\t\t\t\t<\/div>\n\t\t\t\t<\/div>\n\t\t\t\t\t<\/div>\n\t\t\t\t<\/div>\n\t\t<div class=\"elementor-element elementor-element-a8814cf e-flex e-con-boxed e-con e-parent\" data-id=\"a8814cf\" data-element_type=\"container\">\n\t\t\t\t\t<div class=\"e-con-inner\">\n\t\t<div class=\"elementor-element elementor-element-a25fdfa e-con-full e-flex e-con e-child\" data-id=\"a25fdfa\" data-element_type=\"container\">\n\t\t\t\t<div class=\"elementor-element elementor-element-960b5d3 elementor-widget elementor-widget-image\" data-id=\"960b5d3\" data-element_type=\"widget\" data-widget_type=\"image.default\">\n\t\t\t\t<div class=\"elementor-widget-container\">\n\t\t\t\t\t\t\t\t\t\t\t\t\t\t\t\t<a href=\"https:\/\/sportmerchandise.hu\/sk\/produkty\/skolske-potreby\/\">\n\t\t\t\t\t\t\t<img loading=\"lazy\" decoding=\"async\" width=\"1920\" height=\"1080\" src=\"https:\/\/sportmerchandise.hu\/wp-content\/uploads\/2025\/10\/iskolaifeleszereles1.png\" class=\"attachment-full size-full wp-image-6604\" alt=\"\" srcset=\"https:\/\/sportmerchandise.hu\/wp-content\/uploads\/2025\/10\/iskolaifeleszereles1.png 1920w, https:\/\/sportmerchandise.hu\/wp-content\/uploads\/2025\/10\/iskolaifeleszereles1-300x169.png 300w, https:\/\/sportmerchandise.hu\/wp-content\/uploads\/2025\/10\/iskolaifeleszereles1-1024x576.png 1024w, https:\/\/sportmerchandise.hu\/wp-content\/uploads\/2025\/10\/iskolaifeleszereles1-768x432.png 768w, https:\/\/sportmerchandise.hu\/wp-content\/uploads\/2025\/10\/iskolaifeleszereles1-1536x864.png 1536w, https:\/\/sportmerchandise.hu\/wp-content\/uploads\/2025\/10\/iskolaifeleszereles1-18x10.png 18w, https:\/\/sportmerchandise.hu\/wp-content\/uploads\/2025\/10\/iskolaifeleszereles1-1200x675.png 1200w\" sizes=\"(max-width: 1920px) 100vw, 1920px\" \/>\t\t\t\t\t\t\t\t<\/a>\n\t\t\t\t\t\t\t\t\t\t\t\t\t\t\t<\/div>\n\t\t\t\t<\/div>\n\t\t\t\t<div class=\"elementor-element elementor-element-7b94dc9 elementor-widget elementor-widget-text-editor\" data-id=\"7b94dc9\" data-element_type=\"widget\" data-widget_type=\"text-editor.default\">\n\t\t\t\t<div class=\"elementor-widget-container\">\n\t\t\t\t\t\t\t\t\t<p>\u0160kolsk\u00e9 potreby<\/p>\t\t\t\t\t\t\t\t<\/div>\n\t\t\t\t<\/div>\n\t\t\t\t<\/div>\n\t\t\t\t\t<\/div>\n\t\t\t\t<\/div>\n\t\t\t\t<\/div>","protected":false},"excerpt":{"rendered":"<p>Minden term\u00e9k m\u00f6g\u00f6tt ott van egy t\u00f6rt\u00e9net. Mi abban seg\u00edt\u00fcnk, hogy ezt a t\u00f6rt\u00e9netet k\u00e9zzel foghat\u00f3 form\u00e1ban is megmutathasd: min\u0151s\u00e9gi, egyedi \u00e9s l\u00e1tv\u00e1nyos merchandise term\u00e9kekkel. C\u00e9g\u00fcnk f\u0151 profilj\u00e1val, amely a term\u00e9kgy\u00e1rt\u00e1s, \u00f3ri\u00e1si terhet vesz\u00fcnk le partnereink v\u00e1ll\u00e1r\u00f3l, hiszen nem kell k\u00fcl\u00f6nf\u00e9le gy\u00e1rt\u00f3kkal egyeztetni, az a mi feladatunk. Term\u00e9kpalett\u00e1nk rendk\u00edv\u00fcl sz\u00e9les sk\u00e1l\u00e1n mozog, a legapr\u00f3bb t\u00e1rgyakt\u00f3l [&hellip;]<\/p>","protected":false},"author":1,"featured_media":0,"parent":0,"menu_order":0,"comment_status":"closed","ping_status":"closed","template":"elementor_header_footer","meta":{"footnotes":""},"class_list":["post-6207","page","type-page","status-publish","hentry"],"_links":{"self":[{"href":"https:\/\/sportmerchandise.hu\/sk\/wp-json\/wp\/v2\/pages\/6207","targetHints":{"allow":["GET"]}}],"collection":[{"href":"https:\/\/sportmerchandise.hu\/sk\/wp-json\/wp\/v2\/pages"}],"about":[{"href":"https:\/\/sportmerchandise.hu\/sk\/wp-json\/wp\/v2\/types\/page"}],"author":[{"embeddable":true,"href":"https:\/\/sportmerchandise.hu\/sk\/wp-json\/wp\/v2\/users\/1"}],"replies":[{"embeddable":true,"href":"https:\/\/sportmerchandise.hu\/sk\/wp-json\/wp\/v2\/comments?post=6207"}],"version-history":[{"count":49,"href":"https:\/\/sportmerchandise.hu\/sk\/wp-json\/wp\/v2\/pages\/6207\/revisions"}],"predecessor-version":[{"id":10917,"href":"https:\/\/sportmerchandise.hu\/sk\/wp-json\/wp\/v2\/pages\/6207\/revisions\/10917"}],"wp:attachment":[{"href":"https:\/\/sportmerchandise.hu\/sk\/wp-json\/wp\/v2\/media?parent=6207"}],"curies":[{"name":"wp","href":"https:\/\/api.w.org\/{rel}","templated":true}]}}