{"id":5302,"date":"2025-10-21T09:45:19","date_gmt":"2025-10-21T09:45:19","guid":{"rendered":"https:\/\/sportmerchandise.hu\/?page_id=5302"},"modified":"2025-11-18T08:09:28","modified_gmt":"2025-11-18T08:09:28","slug":"madarsky-futbalovy-zvaz","status":"publish","type":"page","link":"https:\/\/sportmerchandise.hu\/sk\/madarsky-futbalovy-zvaz\/","title":{"rendered":"MA\u010eARSK\u00dd FUTBALOV\u00dd ZV\u00c4Z (MLSZ)"},"content":{"rendered":"<div data-elementor-type=\"wp-page\" data-elementor-id=\"5302\" class=\"elementor elementor-5302\" data-elementor-post-type=\"page\">\n\t\t\t\t\t\t<section class=\"elementor-section elementor-top-section elementor-element elementor-element-a80493f elementor-section-height-min-height elementor-section-boxed elementor-section-height-default elementor-section-items-middle\" data-id=\"a80493f\" data-element_type=\"section\" data-settings=\"{&quot;background_background&quot;:&quot;classic&quot;}\">\n\t\t\t\t\t\t\t<div class=\"elementor-background-overlay\"><\/div>\n\t\t\t\t\t\t\t<div class=\"elementor-container elementor-column-gap-default\">\n\t\t\t\t\t<div class=\"elementor-column elementor-col-100 elementor-top-column elementor-element elementor-element-c81b3f3 elementor-invisible\" data-id=\"c81b3f3\" data-element_type=\"column\" data-settings=\"{&quot;animation&quot;:&quot;fadeInLeft&quot;}\">\n\t\t\t<div class=\"elementor-widget-wrap elementor-element-populated\">\n\t\t\t\t\t\t<div class=\"elementor-element elementor-element-ee31071 elementor-widget elementor-widget-heading\" data-id=\"ee31071\" data-element_type=\"widget\" data-widget_type=\"heading.default\">\n\t\t\t\t<div class=\"elementor-widget-container\">\n\t\t\t\t\t<h2 class=\"elementor-heading-title elementor-size-default\">MA\u010eARSK\u00ddM  <br> FUTBALOV\u00dd <br> ZV\u00c4Z (MLSZ)<\/h2>\t\t\t\t<\/div>\n\t\t\t\t<\/div>\n\t\t\t\t<div class=\"elementor-element elementor-element-287e481 elementor-widget-divider--view-line elementor-widget elementor-widget-divider\" data-id=\"287e481\" data-element_type=\"widget\" data-widget_type=\"divider.default\">\n\t\t\t\t<div class=\"elementor-widget-container\">\n\t\t\t\t\t\t\t<div class=\"elementor-divider\">\n\t\t\t<span class=\"elementor-divider-separator\">\n\t\t\t\t\t\t<\/span>\n\t\t<\/div>\n\t\t\t\t\t\t<\/div>\n\t\t\t\t<\/div>\n\t\t\t\t\t<\/div>\n\t\t<\/div>\n\t\t\t\t\t<\/div>\n\t\t<\/section>\n\t\t\t\t<section class=\"elementor-section elementor-top-section elementor-element elementor-element-89c7c2c elementor-section-boxed elementor-section-height-default elementor-section-height-default\" data-id=\"89c7c2c\" data-element_type=\"section\">\n\t\t\t\t\t\t<div class=\"elementor-container elementor-column-gap-default\">\n\t\t\t\t\t<div class=\"elementor-column elementor-col-100 elementor-top-column elementor-element elementor-element-69ed552\" data-id=\"69ed552\" data-element_type=\"column\">\n\t\t\t<div class=\"elementor-widget-wrap elementor-element-populated\">\n\t\t\t\t\t\t<div class=\"elementor-element elementor-element-389ac64 elementor-widget elementor-widget-heading\" data-id=\"389ac64\" data-element_type=\"widget\" data-widget_type=\"heading.default\">\n\t\t\t\t<div class=\"elementor-widget-container\">\n\t\t\t\t\t<h2 class=\"elementor-heading-title elementor-size-default\">Ma\u010farsk\u00fd futbalov\u00fd zv\u00e4z (MLSZ) je najvy\u0161\u0161ia \u0161portov\u00e1 organiz\u00e1cia ma\u010farsk\u00e9ho futbalu. <\/h2>\t\t\t\t<\/div>\n\t\t\t\t<\/div>\n\t\t\t\t<div class=\"elementor-element elementor-element-7f84625 elementor-widget elementor-widget-text-editor\" data-id=\"7f84625\" data-element_type=\"widget\" data-widget_type=\"text-editor.default\">\n\t\t\t\t<div class=\"elementor-widget-container\">\n\t\t\t\t\t\t\t\t\t<p>Sme hrd\u00ed na zlat\u00fa \u00e9ru ma\u010farsk\u00e9ho futbalov\u00e9ho n\u00e1rodn\u00e9ho t\u00edmu, ktor\u00e1 dodnes \u017eivo pretrv\u00e1va v hist\u00f3rii \u0161portu. T\u00edm je nielen trojn\u00e1sobn\u00fdm olympijsk\u00fdm v\u00ed\u0165azom, ale aj dr\u017eite\u013eom dvoch strieborn\u00fdch medail\u00ed z Majstrovstiev sveta a jednej bronzovej medaily z Majstrovstiev Eur\u00f3py. Najg\u00f3lovej\u0161ou ikonou t\u00edmu je dodnes celosvetovo uzn\u00e1van\u00fd Ferenc Pusk\u00e1s.<\/p><p>Prostredn\u00edctvom spolupr\u00e1ce, ktor\u00e1 sa za\u010dala v j\u00fali 2022, podporujeme MLSZ, aby mohli reprezentova\u0165 n\u00e1rodn\u00fd t\u00edm d\u00f4stojn\u00fdmi a profesion\u00e1lnymi fan\u00fa\u0161ikovsk\u00fdmi produktmi.<\/p><p>Na\u0161e slu\u017eby pokr\u00fdvaj\u00fa cel\u00fd produktov\u00fd proces. Pr\u00e1cu za\u010d\u00edname vypracovan\u00edm n\u00e1vrhov na v\u00fdvoj produktov pre bud\u00face kolekcie. Potom vykon\u00e1vame grafick\u00fd n\u00e1vrh produktov a taktie\u017e mana\u017eujeme kompletn\u00fa, kvalitn\u00fa v\u00fdrobu produktov pre Zv\u00e4z.<\/p>\t\t\t\t\t\t\t\t<\/div>\n\t\t\t\t<\/div>\n\t\t\t\t\t<\/div>\n\t\t<\/div>\n\t\t\t\t\t<\/div>\n\t\t<\/section>\n\t\t<div class=\"elementor-element elementor-element-190b95c e-flex e-con-boxed e-con e-parent\" data-id=\"190b95c\" data-element_type=\"container\">\n\t\t\t\t\t<div class=\"e-con-inner\">\n\t\t<div class=\"elementor-element elementor-element-4f31291 e-con-full e-flex e-con e-child\" data-id=\"4f31291\" data-element_type=\"container\">\n\t\t\t\t<div class=\"elementor-element elementor-element-882d93b elementor-widget elementor-widget-image\" data-id=\"882d93b\" data-element_type=\"widget\" data-widget_type=\"image.default\">\n\t\t\t\t<div class=\"elementor-widget-container\">\n\t\t\t\t\t\t\t\t\t\t\t\t\t\t\t\t<a href=\"https:\/\/sportmerchandise.hu\/sk\/madarsky-futbalovy-zvaz\/mlsz-odevy\/\">\n\t\t\t\t\t\t\t<img fetchpriority=\"high\" decoding=\"async\" width=\"896\" height=\"1000\" src=\"https:\/\/sportmerchandise.hu\/wp-content\/uploads\/2024\/05\/sportmerchandise-ruhazat-polo-feher-galleros-mlsz.webp\" class=\"attachment-full size-full wp-image-4097\" alt=\"\" srcset=\"https:\/\/sportmerchandise.hu\/wp-content\/uploads\/2024\/05\/sportmerchandise-ruhazat-polo-feher-galleros-mlsz.webp 896w, https:\/\/sportmerchandise.hu\/wp-content\/uploads\/2024\/05\/sportmerchandise-ruhazat-polo-feher-galleros-mlsz-269x300.webp 269w, https:\/\/sportmerchandise.hu\/wp-content\/uploads\/2024\/05\/sportmerchandise-ruhazat-polo-feher-galleros-mlsz-768x857.webp 768w\" sizes=\"(max-width: 896px) 100vw, 896px\" \/>\t\t\t\t\t\t\t\t<\/a>\n\t\t\t\t\t\t\t\t\t\t\t\t\t\t\t<\/div>\n\t\t\t\t<\/div>\n\t\t\t\t<div class=\"elementor-element elementor-element-7bf6c57 elementor-widget elementor-widget-text-editor\" data-id=\"7bf6c57\" data-element_type=\"widget\" data-widget_type=\"text-editor.default\">\n\t\t\t\t<div class=\"elementor-widget-container\">\n\t\t\t\t\t\t\t\t\t<p>Odevy<\/p>\t\t\t\t\t\t\t\t<\/div>\n\t\t\t\t<\/div>\n\t\t\t\t<\/div>\n\t\t<div class=\"elementor-element elementor-element-e2d1622 e-con-full e-flex e-con e-child\" data-id=\"e2d1622\" data-element_type=\"container\">\n\t\t\t\t<div class=\"elementor-element elementor-element-e06a2af elementor-widget elementor-widget-image\" data-id=\"e06a2af\" data-element_type=\"widget\" data-widget_type=\"image.default\">\n\t\t\t\t<div class=\"elementor-widget-container\">\n\t\t\t\t\t\t\t\t\t\t\t\t\t\t\t\t<a href=\"https:\/\/sportmerchandise.hu\/sk\/madarsky-futbalovy-zvaz\/mlsz-ciapky\/\">\n\t\t\t\t\t\t\t<img decoding=\"async\" width=\"896\" height=\"1000\" src=\"https:\/\/sportmerchandise.hu\/wp-content\/uploads\/2024\/05\/sportmerchandise-kotott-sapka-piros-mlsz.webp\" class=\"attachment-full size-full wp-image-4096\" alt=\"\" srcset=\"https:\/\/sportmerchandise.hu\/wp-content\/uploads\/2024\/05\/sportmerchandise-kotott-sapka-piros-mlsz.webp 896w, https:\/\/sportmerchandise.hu\/wp-content\/uploads\/2024\/05\/sportmerchandise-kotott-sapka-piros-mlsz-269x300.webp 269w, https:\/\/sportmerchandise.hu\/wp-content\/uploads\/2024\/05\/sportmerchandise-kotott-sapka-piros-mlsz-768x857.webp 768w\" sizes=\"(max-width: 896px) 100vw, 896px\" \/>\t\t\t\t\t\t\t\t<\/a>\n\t\t\t\t\t\t\t\t\t\t\t\t\t\t\t<\/div>\n\t\t\t\t<\/div>\n\t\t\t\t<div class=\"elementor-element elementor-element-da6c6db elementor-widget elementor-widget-text-editor\" data-id=\"da6c6db\" data-element_type=\"widget\" data-widget_type=\"text-editor.default\">\n\t\t\t\t<div class=\"elementor-widget-container\">\n\t\t\t\t\t\t\t\t\t<p>\u010ciapky<\/p>\t\t\t\t\t\t\t\t<\/div>\n\t\t\t\t<\/div>\n\t\t\t\t<\/div>\n\t\t\t\t\t<\/div>\n\t\t\t\t<\/div>\n\t\t<div class=\"elementor-element elementor-element-db79fb1 e-flex e-con-boxed e-con e-parent\" data-id=\"db79fb1\" data-element_type=\"container\">\n\t\t\t\t\t<div class=\"e-con-inner\">\n\t\t<div class=\"elementor-element elementor-element-5023340 e-con-full e-flex e-con e-child\" data-id=\"5023340\" data-element_type=\"container\">\n\t\t\t\t<div class=\"elementor-element elementor-element-b258de7 elementor-widget elementor-widget-image\" data-id=\"b258de7\" data-element_type=\"widget\" data-widget_type=\"image.default\">\n\t\t\t\t<div class=\"elementor-widget-container\">\n\t\t\t\t\t\t\t\t\t\t\t\t\t\t\t\t<a href=\"https:\/\/sportmerchandise.hu\/sk\/madarsky-futbalovy-zvaz\/mlsz-skolske-potreby\/\">\n\t\t\t\t\t\t\t<img decoding=\"async\" width=\"712\" height=\"712\" src=\"https:\/\/sportmerchandise.hu\/wp-content\/uploads\/2024\/03\/sportmerchandise-iskolai-termekek-tolltarto-mlsz.webp\" class=\"attachment-full size-full wp-image-3639\" alt=\"\" srcset=\"https:\/\/sportmerchandise.hu\/wp-content\/uploads\/2024\/03\/sportmerchandise-iskolai-termekek-tolltarto-mlsz.webp 712w, https:\/\/sportmerchandise.hu\/wp-content\/uploads\/2024\/03\/sportmerchandise-iskolai-termekek-tolltarto-mlsz-300x300.webp 300w, https:\/\/sportmerchandise.hu\/wp-content\/uploads\/2024\/03\/sportmerchandise-iskolai-termekek-tolltarto-mlsz-150x150.webp 150w\" sizes=\"(max-width: 712px) 100vw, 712px\" \/>\t\t\t\t\t\t\t\t<\/a>\n\t\t\t\t\t\t\t\t\t\t\t\t\t\t\t<\/div>\n\t\t\t\t<\/div>\n\t\t\t\t<div class=\"elementor-element elementor-element-984bc4f elementor-widget elementor-widget-text-editor\" data-id=\"984bc4f\" data-element_type=\"widget\" data-widget_type=\"text-editor.default\">\n\t\t\t\t<div class=\"elementor-widget-container\">\n\t\t\t\t\t\t\t\t\t<p>\u0160kolsk\u00e9 potreby<\/p>\t\t\t\t\t\t\t\t<\/div>\n\t\t\t\t<\/div>\n\t\t\t\t<\/div>\n\t\t<div class=\"elementor-element elementor-element-29c7d60 e-con-full e-flex e-con e-child\" data-id=\"29c7d60\" data-element_type=\"container\">\n\t\t\t\t<div class=\"elementor-element elementor-element-230f792 elementor-widget elementor-widget-image\" data-id=\"230f792\" data-element_type=\"widget\" data-widget_type=\"image.default\">\n\t\t\t\t<div class=\"elementor-widget-container\">\n\t\t\t\t\t\t\t\t\t\t\t\t\t\t\t\t<a href=\"https:\/\/sportmerchandise.hu\/sk\/madarsky-futbalovy-zvaz\/mlsz-fanusikovske-doplnky\/\">\n\t\t\t\t\t\t\t<img loading=\"lazy\" decoding=\"async\" width=\"896\" height=\"1000\" src=\"https:\/\/sportmerchandise.hu\/wp-content\/uploads\/2024\/05\/sportmerchandise-szurkoloi-termekek-szurkoloi-sal-mlsz.webp\" class=\"attachment-full size-full wp-image-4099\" alt=\"\" srcset=\"https:\/\/sportmerchandise.hu\/wp-content\/uploads\/2024\/05\/sportmerchandise-szurkoloi-termekek-szurkoloi-sal-mlsz.webp 896w, https:\/\/sportmerchandise.hu\/wp-content\/uploads\/2024\/05\/sportmerchandise-szurkoloi-termekek-szurkoloi-sal-mlsz-269x300.webp 269w, https:\/\/sportmerchandise.hu\/wp-content\/uploads\/2024\/05\/sportmerchandise-szurkoloi-termekek-szurkoloi-sal-mlsz-768x857.webp 768w\" sizes=\"(max-width: 896px) 100vw, 896px\" \/>\t\t\t\t\t\t\t\t<\/a>\n\t\t\t\t\t\t\t\t\t\t\t\t\t\t\t<\/div>\n\t\t\t\t<\/div>\n\t\t\t\t<div class=\"elementor-element elementor-element-22c07c5 elementor-widget elementor-widget-text-editor\" data-id=\"22c07c5\" data-element_type=\"widget\" data-widget_type=\"text-editor.default\">\n\t\t\t\t<div class=\"elementor-widget-container\">\n\t\t\t\t\t\t\t\t\t<p>Fan\u00fa\u0161ikovsk\u00e9 doplnky<\/p>\t\t\t\t\t\t\t\t<\/div>\n\t\t\t\t<\/div>\n\t\t\t\t<\/div>\n\t\t\t\t\t<\/div>\n\t\t\t\t<\/div>\n\t\t<div class=\"elementor-element elementor-element-5f271b6 e-flex e-con-boxed e-con e-parent\" data-id=\"5f271b6\" data-element_type=\"container\">\n\t\t\t\t\t<div class=\"e-con-inner\">\n\t\t<div class=\"elementor-element elementor-element-80ef562 e-con-full e-flex e-con e-child\" data-id=\"80ef562\" data-element_type=\"container\">\n\t\t\t\t<div class=\"elementor-element elementor-element-a048bcf elementor-widget elementor-widget-image\" data-id=\"a048bcf\" data-element_type=\"widget\" data-widget_type=\"image.default\">\n\t\t\t\t<div class=\"elementor-widget-container\">\n\t\t\t\t\t\t\t\t\t\t\t\t\t\t\t\t<a href=\"https:\/\/sportmerchandise.hu\/sk\/madarsky-futbalovy-zvaz\/mlsz-darcekove-predmety\/\">\n\t\t\t\t\t\t\t<img loading=\"lazy\" decoding=\"async\" width=\"2551\" height=\"2551\" src=\"https:\/\/sportmerchandise.hu\/wp-content\/uploads\/2024\/03\/sportmerchandise-ajandektargy-kulcstarto-mlsz-2.webp\" class=\"attachment-full size-full wp-image-3636\" alt=\"\" srcset=\"https:\/\/sportmerchandise.hu\/wp-content\/uploads\/2024\/03\/sportmerchandise-ajandektargy-kulcstarto-mlsz-2.webp 2551w, https:\/\/sportmerchandise.hu\/wp-content\/uploads\/2024\/03\/sportmerchandise-ajandektargy-kulcstarto-mlsz-2-300x300.webp 300w, https:\/\/sportmerchandise.hu\/wp-content\/uploads\/2024\/03\/sportmerchandise-ajandektargy-kulcstarto-mlsz-2-1024x1024.webp 1024w, https:\/\/sportmerchandise.hu\/wp-content\/uploads\/2024\/03\/sportmerchandise-ajandektargy-kulcstarto-mlsz-2-150x150.webp 150w, https:\/\/sportmerchandise.hu\/wp-content\/uploads\/2024\/03\/sportmerchandise-ajandektargy-kulcstarto-mlsz-2-768x768.webp 768w, https:\/\/sportmerchandise.hu\/wp-content\/uploads\/2024\/03\/sportmerchandise-ajandektargy-kulcstarto-mlsz-2-1536x1536.webp 1536w, https:\/\/sportmerchandise.hu\/wp-content\/uploads\/2024\/03\/sportmerchandise-ajandektargy-kulcstarto-mlsz-2-2048x2048.webp 2048w, https:\/\/sportmerchandise.hu\/wp-content\/uploads\/2024\/03\/sportmerchandise-ajandektargy-kulcstarto-mlsz-2-1200x1200.webp 1200w, https:\/\/sportmerchandise.hu\/wp-content\/uploads\/2024\/03\/sportmerchandise-ajandektargy-kulcstarto-mlsz-2-1980x1980.webp 1980w\" sizes=\"(max-width: 2551px) 100vw, 2551px\" \/>\t\t\t\t\t\t\t\t<\/a>\n\t\t\t\t\t\t\t\t\t\t\t\t\t\t\t<\/div>\n\t\t\t\t<\/div>\n\t\t\t\t<div class=\"elementor-element elementor-element-434b56c elementor-widget elementor-widget-text-editor\" data-id=\"434b56c\" data-element_type=\"widget\" data-widget_type=\"text-editor.default\">\n\t\t\t\t<div class=\"elementor-widget-container\">\n\t\t\t\t\t\t\t\t\t<p>Dar\u010dekov\u00e9 predmety<\/p>\t\t\t\t\t\t\t\t<\/div>\n\t\t\t\t<\/div>\n\t\t\t\t<\/div>\n\t\t<div class=\"elementor-element elementor-element-6dbe691 e-con-full e-flex e-con e-child\" data-id=\"6dbe691\" data-element_type=\"container\">\n\t\t\t\t<\/div>\n\t\t\t\t\t<\/div>\n\t\t\t\t<\/div>\n\t\t\t\t<\/div>","protected":false},"excerpt":{"rendered":"<p>Magyar Labdar\u00fag\u00f3 Sz\u00f6vets\u00e9g A Magyar Labdar\u00fag\u00f3 Sz\u00f6vets\u00e9g a magyar labdar\u00fag\u00e1s legf\u0151bb sportszervezete. A Magyar Labdar\u00fag\u00f3 Sz\u00f6vets\u00e9g a magyar labdar\u00fag\u00e1s legf\u0151bb sportszervezete. B\u00fcszk\u00e9k vagyunk a Magyar Labdar\u00fag\u00f3 V\u00e1logatott aranykor\u00e1ra, amely m\u00e1ig \u00e9l\u00e9nken \u00e9l a sportt\u00f6rt\u00e9nelemben. A csapat nem csup\u00e1n h\u00e1romszoros Olimpiai Gy\u0151ztes, hanem k\u00e9t VB-ez\u00fcst- \u00e9s egy EB-bronz\u00e9rem tulajdonosa is. A v\u00e1logatott m\u00e1ig legg\u00f3ler\u0151sebb ikonja a [&hellip;]<\/p>","protected":false},"author":1,"featured_media":0,"parent":0,"menu_order":0,"comment_status":"closed","ping_status":"closed","template":"elementor_header_footer","meta":{"footnotes":""},"class_list":["post-5302","page","type-page","status-publish","hentry"],"_links":{"self":[{"href":"https:\/\/sportmerchandise.hu\/sk\/wp-json\/wp\/v2\/pages\/5302","targetHints":{"allow":["GET"]}}],"collection":[{"href":"https:\/\/sportmerchandise.hu\/sk\/wp-json\/wp\/v2\/pages"}],"about":[{"href":"https:\/\/sportmerchandise.hu\/sk\/wp-json\/wp\/v2\/types\/page"}],"author":[{"embeddable":true,"href":"https:\/\/sportmerchandise.hu\/sk\/wp-json\/wp\/v2\/users\/1"}],"replies":[{"embeddable":true,"href":"https:\/\/sportmerchandise.hu\/sk\/wp-json\/wp\/v2\/comments?post=5302"}],"version-history":[{"count":34,"href":"https:\/\/sportmerchandise.hu\/sk\/wp-json\/wp\/v2\/pages\/5302\/revisions"}],"predecessor-version":[{"id":10628,"href":"https:\/\/sportmerchandise.hu\/sk\/wp-json\/wp\/v2\/pages\/5302\/revisions\/10628"}],"wp:attachment":[{"href":"https:\/\/sportmerchandise.hu\/sk\/wp-json\/wp\/v2\/media?parent=5302"}],"curies":[{"name":"wp","href":"https:\/\/api.w.org\/{rel}","templated":true}]}}