{"id":5263,"date":"2025-10-21T09:07:48","date_gmt":"2025-10-21T09:07:48","guid":{"rendered":"https:\/\/sportmerchandise.hu\/?page_id=5263"},"modified":"2025-11-18T13:53:03","modified_gmt":"2025-11-18T13:53:03","slug":"darcekove-predmety","status":"publish","type":"page","link":"https:\/\/sportmerchandise.hu\/sk\/produkty\/darcekove-predmety\/","title":{"rendered":"Dar\u010dekov\u00e9 predmety"},"content":{"rendered":"<div data-elementor-type=\"wp-page\" data-elementor-id=\"5263\" class=\"elementor elementor-5263\" data-elementor-post-type=\"page\">\n\t\t\t\t\t\t<section class=\"elementor-section elementor-top-section elementor-element elementor-element-eb61d0d elementor-section-height-min-height elementor-section-boxed elementor-section-height-default elementor-section-items-middle\" data-id=\"eb61d0d\" data-element_type=\"section\" data-settings=\"{&quot;background_background&quot;:&quot;classic&quot;}\">\n\t\t\t\t\t\t<div class=\"elementor-container elementor-column-gap-default\">\n\t\t\t\t\t<div class=\"elementor-column elementor-col-100 elementor-top-column elementor-element elementor-element-0033aa7 elementor-invisible\" data-id=\"0033aa7\" data-element_type=\"column\" data-settings=\"{&quot;animation&quot;:&quot;fadeInLeft&quot;}\">\n\t\t\t<div class=\"elementor-widget-wrap elementor-element-populated\">\n\t\t\t\t\t\t<div class=\"elementor-element elementor-element-3e858fa elementor-widget elementor-widget-heading\" data-id=\"3e858fa\" data-element_type=\"widget\" data-widget_type=\"heading.default\">\n\t\t\t\t<div class=\"elementor-widget-container\">\n\t\t\t\t\t<h2 class=\"elementor-heading-title elementor-size-default\">Dar\u010dekov\u00e9 predmety<\/h2>\t\t\t\t<\/div>\n\t\t\t\t<\/div>\n\t\t\t\t<div class=\"elementor-element elementor-element-63ab5ab elementor-widget-divider--view-line elementor-widget elementor-widget-divider\" data-id=\"63ab5ab\" data-element_type=\"widget\" data-widget_type=\"divider.default\">\n\t\t\t\t<div class=\"elementor-widget-container\">\n\t\t\t\t\t\t\t<div class=\"elementor-divider\">\n\t\t\t<span class=\"elementor-divider-separator\">\n\t\t\t\t\t\t<\/span>\n\t\t<\/div>\n\t\t\t\t\t\t<\/div>\n\t\t\t\t<\/div>\n\t\t\t\t\t<\/div>\n\t\t<\/div>\n\t\t\t\t\t<\/div>\n\t\t<\/section>\n\t\t<div class=\"elementor-element elementor-element-f749470 e-flex e-con-boxed e-con e-parent\" data-id=\"f749470\" data-element_type=\"container\">\n\t\t\t\t\t<div class=\"e-con-inner\">\n\t\t\t\t<div class=\"elementor-element elementor-element-30f542d elementor-widget elementor-widget-text-editor\" data-id=\"30f542d\" data-element_type=\"widget\" data-widget_type=\"text-editor.default\">\n\t\t\t\t<div class=\"elementor-widget-container\">\n\t\t\t\t\t\t\t\t\t<p>Kateg\u00f3ria dar\u010dekov\u00fdch predmetov je k\u013e\u00fa\u010dov\u00e1 pre preh\u013abenie emocion\u00e1lneho puta medzi klubom a fan\u00fa\u0161ikmi, preto\u017ee robia zna\u010dku s\u00fa\u010das\u0165ou ka\u017edodenn\u00e9ho \u017eivota. Tieto produkty, ako s\u00fa hrn\u010deky, k\u013e\u00fa\u010denky a magnety na chladni\u010dku, pon\u00fakaj\u00fa perfektn\u00fa pr\u00edle\u017eitos\u0165 pre merchandise, ktor\u00e1 podporuje \u010dast\u00e9, doplnkov\u00e9 n\u00e1kupy. \u0160irok\u00e1 \u0161k\u00e1la produktov umo\u017e\u0148uje v\u00fdrobu na mieru, tak\u017ee ka\u017ed\u00fd k\u00fasok m\u00f4\u017ee by\u0165 personalizovan\u00fd logom klubu, farbami a jedine\u010dnou grafikou.<\/p>\t\t\t\t\t\t\t\t<\/div>\n\t\t\t\t<\/div>\n\t\t\t\t\t<\/div>\n\t\t\t\t<\/div>\n\t\t<div class=\"elementor-element elementor-element-101c130 e-flex e-con-boxed e-con e-parent\" data-id=\"101c130\" data-element_type=\"container\">\n\t\t\t\t\t<div class=\"e-con-inner\">\n\t\t<div class=\"elementor-element elementor-element-48a931a e-con-full e-flex e-con e-child\" data-id=\"48a931a\" data-element_type=\"container\">\n\t\t\t\t<div class=\"elementor-element elementor-element-be13e7c elementor-widget elementor-widget-image\" data-id=\"be13e7c\" data-element_type=\"widget\" data-widget_type=\"image.default\">\n\t\t\t\t<div class=\"elementor-widget-container\">\n\t\t\t\t\t\t\t\t\t\t\t\t\t\t\t\t<a href=\"https:\/\/sportmerchandise.hu\/sk\/produkty\/darcekove-predmety\/hrnceky\/\">\n\t\t\t\t\t\t\t<img fetchpriority=\"high\" decoding=\"async\" width=\"1920\" height=\"1080\" src=\"https:\/\/sportmerchandise.hu\/wp-content\/uploads\/2025\/10\/Bogre.webp\" class=\"attachment-full size-full wp-image-5266\" alt=\"\" srcset=\"https:\/\/sportmerchandise.hu\/wp-content\/uploads\/2025\/10\/Bogre.webp 1920w, https:\/\/sportmerchandise.hu\/wp-content\/uploads\/2025\/10\/Bogre-300x169.webp 300w, https:\/\/sportmerchandise.hu\/wp-content\/uploads\/2025\/10\/Bogre-1024x576.webp 1024w, https:\/\/sportmerchandise.hu\/wp-content\/uploads\/2025\/10\/Bogre-768x432.webp 768w, https:\/\/sportmerchandise.hu\/wp-content\/uploads\/2025\/10\/Bogre-1536x864.webp 1536w, https:\/\/sportmerchandise.hu\/wp-content\/uploads\/2025\/10\/Bogre-1200x675.webp 1200w\" sizes=\"(max-width: 1920px) 100vw, 1920px\" \/>\t\t\t\t\t\t\t\t<\/a>\n\t\t\t\t\t\t\t\t\t\t\t\t\t\t\t<\/div>\n\t\t\t\t<\/div>\n\t\t\t\t<div class=\"elementor-element elementor-element-50f12f4 elementor-widget elementor-widget-text-editor\" data-id=\"50f12f4\" data-element_type=\"widget\" data-widget_type=\"text-editor.default\">\n\t\t\t\t<div class=\"elementor-widget-container\">\n\t\t\t\t\t\t\t\t\t<p>Hrn\u010deky<\/p>\t\t\t\t\t\t\t\t<\/div>\n\t\t\t\t<\/div>\n\t\t\t\t<\/div>\n\t\t<div class=\"elementor-element elementor-element-c52a085 e-con-full e-flex e-con e-child\" data-id=\"c52a085\" data-element_type=\"container\">\n\t\t\t\t<div class=\"elementor-element elementor-element-fac468d elementor-widget elementor-widget-image\" data-id=\"fac468d\" data-element_type=\"widget\" data-widget_type=\"image.default\">\n\t\t\t\t<div class=\"elementor-widget-container\">\n\t\t\t\t\t\t\t\t\t\t\t\t\t\t\t\t<a href=\"https:\/\/sportmerchandise.hu\/sk\/produkty\/darcekove-predmety\/flase-na-pitie\/\">\n\t\t\t\t\t\t\t<img decoding=\"async\" width=\"1920\" height=\"1080\" src=\"https:\/\/sportmerchandise.hu\/wp-content\/uploads\/2025\/10\/Kulacs.webp\" class=\"attachment-full size-full wp-image-5269\" alt=\"\" srcset=\"https:\/\/sportmerchandise.hu\/wp-content\/uploads\/2025\/10\/Kulacs.webp 1920w, https:\/\/sportmerchandise.hu\/wp-content\/uploads\/2025\/10\/Kulacs-300x169.webp 300w, https:\/\/sportmerchandise.hu\/wp-content\/uploads\/2025\/10\/Kulacs-1024x576.webp 1024w, https:\/\/sportmerchandise.hu\/wp-content\/uploads\/2025\/10\/Kulacs-768x432.webp 768w, https:\/\/sportmerchandise.hu\/wp-content\/uploads\/2025\/10\/Kulacs-1536x864.webp 1536w, https:\/\/sportmerchandise.hu\/wp-content\/uploads\/2025\/10\/Kulacs-1200x675.webp 1200w\" sizes=\"(max-width: 1920px) 100vw, 1920px\" \/>\t\t\t\t\t\t\t\t<\/a>\n\t\t\t\t\t\t\t\t\t\t\t\t\t\t\t<\/div>\n\t\t\t\t<\/div>\n\t\t\t\t<div class=\"elementor-element elementor-element-435090f elementor-widget elementor-widget-text-editor\" data-id=\"435090f\" data-element_type=\"widget\" data-widget_type=\"text-editor.default\">\n\t\t\t\t<div class=\"elementor-widget-container\">\n\t\t\t\t\t\t\t\t\t<p>F\u013ea\u0161e na pitie<\/p>\t\t\t\t\t\t\t\t<\/div>\n\t\t\t\t<\/div>\n\t\t\t\t<\/div>\n\t\t\t\t\t<\/div>\n\t\t\t\t<\/div>\n\t\t<div class=\"elementor-element elementor-element-06b7de1 e-flex e-con-boxed e-con e-parent\" data-id=\"06b7de1\" data-element_type=\"container\">\n\t\t\t\t\t<div class=\"e-con-inner\">\n\t\t<div class=\"elementor-element elementor-element-67fa1d6 e-con-full e-flex e-con e-child\" data-id=\"67fa1d6\" data-element_type=\"container\">\n\t\t\t\t<div class=\"elementor-element elementor-element-f7accd2 elementor-widget elementor-widget-image\" data-id=\"f7accd2\" data-element_type=\"widget\" data-widget_type=\"image.default\">\n\t\t\t\t<div class=\"elementor-widget-container\">\n\t\t\t\t\t\t\t\t\t\t\t\t\t\t\t\t<a href=\"https:\/\/sportmerchandise.hu\/sk\/produkty\/darcekove-predmety\/klucenky\/\">\n\t\t\t\t\t\t\t<img decoding=\"async\" width=\"1920\" height=\"1080\" src=\"https:\/\/sportmerchandise.hu\/wp-content\/uploads\/2025\/10\/Kulcstarto.webp\" class=\"attachment-full size-full wp-image-5270\" alt=\"\" srcset=\"https:\/\/sportmerchandise.hu\/wp-content\/uploads\/2025\/10\/Kulcstarto.webp 1920w, https:\/\/sportmerchandise.hu\/wp-content\/uploads\/2025\/10\/Kulcstarto-300x169.webp 300w, https:\/\/sportmerchandise.hu\/wp-content\/uploads\/2025\/10\/Kulcstarto-1024x576.webp 1024w, https:\/\/sportmerchandise.hu\/wp-content\/uploads\/2025\/10\/Kulcstarto-768x432.webp 768w, https:\/\/sportmerchandise.hu\/wp-content\/uploads\/2025\/10\/Kulcstarto-1536x864.webp 1536w, https:\/\/sportmerchandise.hu\/wp-content\/uploads\/2025\/10\/Kulcstarto-1200x675.webp 1200w\" sizes=\"(max-width: 1920px) 100vw, 1920px\" \/>\t\t\t\t\t\t\t\t<\/a>\n\t\t\t\t\t\t\t\t\t\t\t\t\t\t\t<\/div>\n\t\t\t\t<\/div>\n\t\t\t\t<div class=\"elementor-element elementor-element-1d052d1 elementor-widget elementor-widget-text-editor\" data-id=\"1d052d1\" data-element_type=\"widget\" data-widget_type=\"text-editor.default\">\n\t\t\t\t<div class=\"elementor-widget-container\">\n\t\t\t\t\t\t\t\t\t<p>K\u013e\u00fa\u010denky<\/p>\t\t\t\t\t\t\t\t<\/div>\n\t\t\t\t<\/div>\n\t\t\t\t<\/div>\n\t\t<div class=\"elementor-element elementor-element-c094625 e-con-full e-flex e-con e-child\" data-id=\"c094625\" data-element_type=\"container\">\n\t\t\t\t<div class=\"elementor-element elementor-element-d4d6021 elementor-widget elementor-widget-image\" data-id=\"d4d6021\" data-element_type=\"widget\" data-widget_type=\"image.default\">\n\t\t\t\t<div class=\"elementor-widget-container\">\n\t\t\t\t\t\t\t\t\t\t\t\t\t\t\t\t<a href=\"https:\/\/sportmerchandise.hu\/sk\/produkty\/darcekove-predmety\/nalepky\/\">\n\t\t\t\t\t\t\t<img loading=\"lazy\" decoding=\"async\" width=\"1920\" height=\"1080\" src=\"https:\/\/sportmerchandise.hu\/wp-content\/uploads\/2025\/10\/Matrica.webp\" class=\"attachment-full size-full wp-image-5271\" alt=\"\" srcset=\"https:\/\/sportmerchandise.hu\/wp-content\/uploads\/2025\/10\/Matrica.webp 1920w, https:\/\/sportmerchandise.hu\/wp-content\/uploads\/2025\/10\/Matrica-300x169.webp 300w, https:\/\/sportmerchandise.hu\/wp-content\/uploads\/2025\/10\/Matrica-1024x576.webp 1024w, https:\/\/sportmerchandise.hu\/wp-content\/uploads\/2025\/10\/Matrica-768x432.webp 768w, https:\/\/sportmerchandise.hu\/wp-content\/uploads\/2025\/10\/Matrica-1536x864.webp 1536w, https:\/\/sportmerchandise.hu\/wp-content\/uploads\/2025\/10\/Matrica-1200x675.webp 1200w\" sizes=\"(max-width: 1920px) 100vw, 1920px\" \/>\t\t\t\t\t\t\t\t<\/a>\n\t\t\t\t\t\t\t\t\t\t\t\t\t\t\t<\/div>\n\t\t\t\t<\/div>\n\t\t\t\t<div class=\"elementor-element elementor-element-08892a3 elementor-widget elementor-widget-text-editor\" data-id=\"08892a3\" data-element_type=\"widget\" data-widget_type=\"text-editor.default\">\n\t\t\t\t<div class=\"elementor-widget-container\">\n\t\t\t\t\t\t\t\t\t<p>N\u00e1lepky<\/p>\t\t\t\t\t\t\t\t<\/div>\n\t\t\t\t<\/div>\n\t\t\t\t<\/div>\n\t\t\t\t\t<\/div>\n\t\t\t\t<\/div>\n\t\t<div class=\"elementor-element elementor-element-941e6a3 e-flex e-con-boxed e-con e-parent\" data-id=\"941e6a3\" data-element_type=\"container\">\n\t\t\t\t\t<div class=\"e-con-inner\">\n\t\t<div class=\"elementor-element elementor-element-e104cd0 e-con-full e-flex e-con e-child\" data-id=\"e104cd0\" data-element_type=\"container\">\n\t\t\t\t<div class=\"elementor-element elementor-element-1ba2ead elementor-widget elementor-widget-image\" data-id=\"1ba2ead\" data-element_type=\"widget\" data-widget_type=\"image.default\">\n\t\t\t\t<div class=\"elementor-widget-container\">\n\t\t\t\t\t\t\t\t\t\t\t\t\t\t\t\t<a href=\"https:\/\/sportmerchandise.hu\/sk\/produkty\/darcekove-predmety\/odznaky\/\">\n\t\t\t\t\t\t\t<img loading=\"lazy\" decoding=\"async\" width=\"1920\" height=\"1080\" src=\"https:\/\/sportmerchandise.hu\/wp-content\/uploads\/2025\/10\/Kituzo.webp\" class=\"attachment-full size-full wp-image-5268\" alt=\"\" srcset=\"https:\/\/sportmerchandise.hu\/wp-content\/uploads\/2025\/10\/Kituzo.webp 1920w, https:\/\/sportmerchandise.hu\/wp-content\/uploads\/2025\/10\/Kituzo-300x169.webp 300w, https:\/\/sportmerchandise.hu\/wp-content\/uploads\/2025\/10\/Kituzo-1024x576.webp 1024w, https:\/\/sportmerchandise.hu\/wp-content\/uploads\/2025\/10\/Kituzo-768x432.webp 768w, https:\/\/sportmerchandise.hu\/wp-content\/uploads\/2025\/10\/Kituzo-1536x864.webp 1536w, https:\/\/sportmerchandise.hu\/wp-content\/uploads\/2025\/10\/Kituzo-1200x675.webp 1200w\" sizes=\"(max-width: 1920px) 100vw, 1920px\" \/>\t\t\t\t\t\t\t\t<\/a>\n\t\t\t\t\t\t\t\t\t\t\t\t\t\t\t<\/div>\n\t\t\t\t<\/div>\n\t\t\t\t<div class=\"elementor-element elementor-element-5168fb5 elementor-widget elementor-widget-text-editor\" data-id=\"5168fb5\" data-element_type=\"widget\" data-widget_type=\"text-editor.default\">\n\t\t\t\t<div class=\"elementor-widget-container\">\n\t\t\t\t\t\t\t\t\t<p>Odznaky<\/p>\t\t\t\t\t\t\t\t<\/div>\n\t\t\t\t<\/div>\n\t\t\t\t<\/div>\n\t\t<div class=\"elementor-element elementor-element-b1cd83f e-con-full e-flex e-con e-child\" data-id=\"b1cd83f\" data-element_type=\"container\">\n\t\t\t\t<div class=\"elementor-element elementor-element-302019a elementor-widget elementor-widget-image\" data-id=\"302019a\" data-element_type=\"widget\" data-widget_type=\"image.default\">\n\t\t\t\t<div class=\"elementor-widget-container\">\n\t\t\t\t\t\t\t\t\t\t\t\t\t\t\t\t<a href=\"https:\/\/sportmerchandise.hu\/sk\/produkty\/darcekove-predmety\/magnety-na-chladnicku\/\">\n\t\t\t\t\t\t\t<img loading=\"lazy\" decoding=\"async\" width=\"1920\" height=\"1080\" src=\"https:\/\/sportmerchandise.hu\/wp-content\/uploads\/2025\/10\/Hutomagnes.webp\" class=\"attachment-full size-full wp-image-5267\" alt=\"\" srcset=\"https:\/\/sportmerchandise.hu\/wp-content\/uploads\/2025\/10\/Hutomagnes.webp 1920w, https:\/\/sportmerchandise.hu\/wp-content\/uploads\/2025\/10\/Hutomagnes-300x169.webp 300w, https:\/\/sportmerchandise.hu\/wp-content\/uploads\/2025\/10\/Hutomagnes-1024x576.webp 1024w, https:\/\/sportmerchandise.hu\/wp-content\/uploads\/2025\/10\/Hutomagnes-768x432.webp 768w, https:\/\/sportmerchandise.hu\/wp-content\/uploads\/2025\/10\/Hutomagnes-1536x864.webp 1536w, https:\/\/sportmerchandise.hu\/wp-content\/uploads\/2025\/10\/Hutomagnes-1200x675.webp 1200w\" sizes=\"(max-width: 1920px) 100vw, 1920px\" \/>\t\t\t\t\t\t\t\t<\/a>\n\t\t\t\t\t\t\t\t\t\t\t\t\t\t\t<\/div>\n\t\t\t\t<\/div>\n\t\t\t\t<div class=\"elementor-element elementor-element-c8e8149 elementor-widget elementor-widget-text-editor\" data-id=\"c8e8149\" data-element_type=\"widget\" data-widget_type=\"text-editor.default\">\n\t\t\t\t<div class=\"elementor-widget-container\">\n\t\t\t\t\t\t\t\t\t<p>Magnety na chladni\u010dku<\/p>\t\t\t\t\t\t\t\t<\/div>\n\t\t\t\t<\/div>\n\t\t\t\t<\/div>\n\t\t\t\t\t<\/div>\n\t\t\t\t<\/div>\n\t\t<div class=\"elementor-element elementor-element-0327b59 e-flex e-con-boxed e-con e-parent\" data-id=\"0327b59\" data-element_type=\"container\">\n\t\t\t\t\t<div class=\"e-con-inner\">\n\t\t<div class=\"elementor-element elementor-element-aa56475 e-con-full e-flex e-con e-child\" data-id=\"aa56475\" data-element_type=\"container\">\n\t\t\t\t<div class=\"elementor-element elementor-element-00b3cd5 elementor-widget elementor-widget-image\" data-id=\"00b3cd5\" data-element_type=\"widget\" data-widget_type=\"image.default\">\n\t\t\t\t<div class=\"elementor-widget-container\">\n\t\t\t\t\t\t\t\t\t\t\t\t\t\t\t\t<a href=\"https:\/\/sportmerchandise.hu\/sk\/produkty\/darcekove-predmety\/naramok\/\">\n\t\t\t\t\t\t\t<img loading=\"lazy\" decoding=\"async\" width=\"1920\" height=\"1080\" src=\"https:\/\/sportmerchandise.hu\/wp-content\/uploads\/2025\/10\/Szilikonkarkoto.webp\" class=\"attachment-full size-full wp-image-5273\" alt=\"\" srcset=\"https:\/\/sportmerchandise.hu\/wp-content\/uploads\/2025\/10\/Szilikonkarkoto.webp 1920w, https:\/\/sportmerchandise.hu\/wp-content\/uploads\/2025\/10\/Szilikonkarkoto-300x169.webp 300w, https:\/\/sportmerchandise.hu\/wp-content\/uploads\/2025\/10\/Szilikonkarkoto-1024x576.webp 1024w, https:\/\/sportmerchandise.hu\/wp-content\/uploads\/2025\/10\/Szilikonkarkoto-768x432.webp 768w, https:\/\/sportmerchandise.hu\/wp-content\/uploads\/2025\/10\/Szilikonkarkoto-1536x864.webp 1536w, https:\/\/sportmerchandise.hu\/wp-content\/uploads\/2025\/10\/Szilikonkarkoto-1200x675.webp 1200w\" sizes=\"(max-width: 1920px) 100vw, 1920px\" \/>\t\t\t\t\t\t\t\t<\/a>\n\t\t\t\t\t\t\t\t\t\t\t\t\t\t\t<\/div>\n\t\t\t\t<\/div>\n\t\t\t\t<div class=\"elementor-element elementor-element-6320179 elementor-widget elementor-widget-text-editor\" data-id=\"6320179\" data-element_type=\"widget\" data-widget_type=\"text-editor.default\">\n\t\t\t\t<div class=\"elementor-widget-container\">\n\t\t\t\t\t\t\t\t\t<p>N\u00e1ramok<\/p>\t\t\t\t\t\t\t\t<\/div>\n\t\t\t\t<\/div>\n\t\t\t\t<\/div>\n\t\t<div class=\"elementor-element elementor-element-45e98e4 e-con-full e-flex e-con e-child\" data-id=\"45e98e4\" data-element_type=\"container\">\n\t\t\t\t<div class=\"elementor-element elementor-element-1255bc6 elementor-widget elementor-widget-image\" data-id=\"1255bc6\" data-element_type=\"widget\" data-widget_type=\"image.default\">\n\t\t\t\t<div class=\"elementor-widget-container\">\n\t\t\t\t\t\t\t\t\t\t\t\t\t\t\t\t<a href=\"https:\/\/sportmerchandise.hu\/sk\/produkty\/darcekove-predmety\/lanyard\/\">\n\t\t\t\t\t\t\t<img loading=\"lazy\" decoding=\"async\" width=\"1920\" height=\"1080\" src=\"https:\/\/sportmerchandise.hu\/wp-content\/uploads\/2025\/10\/Nyakpant.webp\" class=\"attachment-full size-full wp-image-5272\" alt=\"\" srcset=\"https:\/\/sportmerchandise.hu\/wp-content\/uploads\/2025\/10\/Nyakpant.webp 1920w, https:\/\/sportmerchandise.hu\/wp-content\/uploads\/2025\/10\/Nyakpant-300x169.webp 300w, https:\/\/sportmerchandise.hu\/wp-content\/uploads\/2025\/10\/Nyakpant-1024x576.webp 1024w, https:\/\/sportmerchandise.hu\/wp-content\/uploads\/2025\/10\/Nyakpant-768x432.webp 768w, https:\/\/sportmerchandise.hu\/wp-content\/uploads\/2025\/10\/Nyakpant-1536x864.webp 1536w, https:\/\/sportmerchandise.hu\/wp-content\/uploads\/2025\/10\/Nyakpant-1200x675.webp 1200w\" sizes=\"(max-width: 1920px) 100vw, 1920px\" \/>\t\t\t\t\t\t\t\t<\/a>\n\t\t\t\t\t\t\t\t\t\t\t\t\t\t\t<\/div>\n\t\t\t\t<\/div>\n\t\t\t\t<div class=\"elementor-element elementor-element-4b3cc23 elementor-widget elementor-widget-text-editor\" data-id=\"4b3cc23\" data-element_type=\"widget\" data-widget_type=\"text-editor.default\">\n\t\t\t\t<div class=\"elementor-widget-container\">\n\t\t\t\t\t\t\t\t\t<p>Lanyard<\/p>\t\t\t\t\t\t\t\t<\/div>\n\t\t\t\t<\/div>\n\t\t\t\t<\/div>\n\t\t\t\t\t<\/div>\n\t\t\t\t<\/div>\n\t\t<div class=\"elementor-element elementor-element-3f3cea7 e-flex e-con-boxed e-con e-parent\" data-id=\"3f3cea7\" data-element_type=\"container\">\n\t\t\t\t\t<div class=\"e-con-inner\">\n\t\t<div class=\"elementor-element elementor-element-eb9b013 e-con-full e-flex e-con e-child\" data-id=\"eb9b013\" data-element_type=\"container\">\n\t\t\t\t<div class=\"elementor-element elementor-element-d005920 elementor-widget elementor-widget-image\" data-id=\"d005920\" data-element_type=\"widget\" data-widget_type=\"image.default\">\n\t\t\t\t<div class=\"elementor-widget-container\">\n\t\t\t\t\t\t\t\t\t\t\t\t\t\t\t\t<a href=\"https:\/\/sportmerchandise.hu\/sk\/produkty\/darcekove-predmety\/pera\/\">\n\t\t\t\t\t\t\t<img loading=\"lazy\" decoding=\"async\" width=\"1920\" height=\"1080\" src=\"https:\/\/sportmerchandise.hu\/wp-content\/uploads\/2025\/10\/Toll.webp\" class=\"attachment-full size-full wp-image-5274\" alt=\"\" srcset=\"https:\/\/sportmerchandise.hu\/wp-content\/uploads\/2025\/10\/Toll.webp 1920w, https:\/\/sportmerchandise.hu\/wp-content\/uploads\/2025\/10\/Toll-300x169.webp 300w, https:\/\/sportmerchandise.hu\/wp-content\/uploads\/2025\/10\/Toll-1024x576.webp 1024w, https:\/\/sportmerchandise.hu\/wp-content\/uploads\/2025\/10\/Toll-768x432.webp 768w, https:\/\/sportmerchandise.hu\/wp-content\/uploads\/2025\/10\/Toll-1536x864.webp 1536w, https:\/\/sportmerchandise.hu\/wp-content\/uploads\/2025\/10\/Toll-1200x675.webp 1200w\" sizes=\"(max-width: 1920px) 100vw, 1920px\" \/>\t\t\t\t\t\t\t\t<\/a>\n\t\t\t\t\t\t\t\t\t\t\t\t\t\t\t<\/div>\n\t\t\t\t<\/div>\n\t\t\t\t<div class=\"elementor-element elementor-element-fe97578 elementor-widget elementor-widget-text-editor\" data-id=\"fe97578\" data-element_type=\"widget\" data-widget_type=\"text-editor.default\">\n\t\t\t\t<div class=\"elementor-widget-container\">\n\t\t\t\t\t\t\t\t\t<p>Per\u00e1<\/p>\t\t\t\t\t\t\t\t<\/div>\n\t\t\t\t<\/div>\n\t\t\t\t<\/div>\n\t\t<div class=\"elementor-element elementor-element-af520f0 e-con-full e-flex e-con e-child\" data-id=\"af520f0\" data-element_type=\"container\">\n\t\t\t\t<div class=\"elementor-element elementor-element-c507e52 elementor-widget elementor-widget-image\" data-id=\"c507e52\" data-element_type=\"widget\" data-widget_type=\"image.default\">\n\t\t\t\t<div class=\"elementor-widget-container\">\n\t\t\t\t\t\t\t\t\t\t\t\t\t\t\t\t<a href=\"https:\/\/sportmerchandise.hu\/sk\/produkty\/darcekove-predmety\/ostatne-2\/\">\n\t\t\t\t\t\t\t<img loading=\"lazy\" decoding=\"async\" width=\"1920\" height=\"1080\" src=\"https:\/\/sportmerchandise.hu\/wp-content\/uploads\/2025\/10\/Ajandektargyak.webp\" class=\"attachment-full size-full wp-image-5275\" alt=\"\" srcset=\"https:\/\/sportmerchandise.hu\/wp-content\/uploads\/2025\/10\/Ajandektargyak.webp 1920w, https:\/\/sportmerchandise.hu\/wp-content\/uploads\/2025\/10\/Ajandektargyak-300x169.webp 300w, https:\/\/sportmerchandise.hu\/wp-content\/uploads\/2025\/10\/Ajandektargyak-1024x576.webp 1024w, https:\/\/sportmerchandise.hu\/wp-content\/uploads\/2025\/10\/Ajandektargyak-768x432.webp 768w, https:\/\/sportmerchandise.hu\/wp-content\/uploads\/2025\/10\/Ajandektargyak-1536x864.webp 1536w, https:\/\/sportmerchandise.hu\/wp-content\/uploads\/2025\/10\/Ajandektargyak-1200x675.webp 1200w\" sizes=\"(max-width: 1920px) 100vw, 1920px\" \/>\t\t\t\t\t\t\t\t<\/a>\n\t\t\t\t\t\t\t\t\t\t\t\t\t\t\t<\/div>\n\t\t\t\t<\/div>\n\t\t\t\t<div class=\"elementor-element elementor-element-daf6676 elementor-widget elementor-widget-text-editor\" data-id=\"daf6676\" data-element_type=\"widget\" data-widget_type=\"text-editor.default\">\n\t\t\t\t<div class=\"elementor-widget-container\">\n\t\t\t\t\t\t\t\t\t<p>Egy\u00e9b<\/p>\t\t\t\t\t\t\t\t<\/div>\n\t\t\t\t<\/div>\n\t\t\t\t<\/div>\n\t\t\t\t\t<\/div>\n\t\t\t\t<\/div>\n\t\t\t\t<\/div>","protected":false},"excerpt":{"rendered":"<p>Aj\u00e1nd\u00e9kt\u00e1rgyak Az aj\u00e1nd\u00e9kt\u00e1rgyak kateg\u00f3ri\u00e1ja kulcsfontoss\u00e1g\u00fa a klub \u00e9s a szurkol\u00f3k k\u00f6z\u00f6tti \u00e9rzelmi k\u00f6t\u0151d\u00e9s elm\u00e9ly\u00edt\u00e9s\u00e9ben, mivel a mindennapok r\u00e9sz\u00e9v\u00e9 teszik a m\u00e1rk\u00e1t. Ezek a term\u00e9kek, mint p\u00e9ld\u00e1ul a b\u00f6gr\u00e9k, kulcstart\u00f3k \u00e9s h\u0171t\u0151m\u00e1gnesek, t\u00f6k\u00e9letes merchandise lehet\u0151s\u00e9get k\u00edn\u00e1lnak a gyakori, kieg\u00e9sz\u00edt\u0151 v\u00e1s\u00e1rl\u00e1sok \u00f6szt\u00f6nz\u00e9s\u00e9re. A sz\u00e9les term\u00e9kv\u00e1laszt\u00e9k lehet\u0151v\u00e9 teszi az egyedi gy\u00e1rt\u00e1st, \u00edgy minden darab a klub log\u00f3j\u00e1val, sz\u00edneivel [&hellip;]<\/p>","protected":false},"author":1,"featured_media":0,"parent":6207,"menu_order":0,"comment_status":"closed","ping_status":"closed","template":"elementor_header_footer","meta":{"footnotes":""},"class_list":["post-5263","page","type-page","status-publish","hentry"],"_links":{"self":[{"href":"https:\/\/sportmerchandise.hu\/sk\/wp-json\/wp\/v2\/pages\/5263","targetHints":{"allow":["GET"]}}],"collection":[{"href":"https:\/\/sportmerchandise.hu\/sk\/wp-json\/wp\/v2\/pages"}],"about":[{"href":"https:\/\/sportmerchandise.hu\/sk\/wp-json\/wp\/v2\/types\/page"}],"author":[{"embeddable":true,"href":"https:\/\/sportmerchandise.hu\/sk\/wp-json\/wp\/v2\/users\/1"}],"replies":[{"embeddable":true,"href":"https:\/\/sportmerchandise.hu\/sk\/wp-json\/wp\/v2\/comments?post=5263"}],"version-history":[{"count":61,"href":"https:\/\/sportmerchandise.hu\/sk\/wp-json\/wp\/v2\/pages\/5263\/revisions"}],"predecessor-version":[{"id":10722,"href":"https:\/\/sportmerchandise.hu\/sk\/wp-json\/wp\/v2\/pages\/5263\/revisions\/10722"}],"up":[{"embeddable":true,"href":"https:\/\/sportmerchandise.hu\/sk\/wp-json\/wp\/v2\/pages\/6207"}],"wp:attachment":[{"href":"https:\/\/sportmerchandise.hu\/sk\/wp-json\/wp\/v2\/media?parent=5263"}],"curies":[{"name":"wp","href":"https:\/\/api.w.org\/{rel}","templated":true}]}}