{"id":5234,"date":"2025-10-21T08:39:53","date_gmt":"2025-10-21T08:39:53","guid":{"rendered":"https:\/\/sportmerchandise.hu\/?page_id=5234"},"modified":"2025-11-18T14:04:41","modified_gmt":"2025-11-18T14:04:41","slug":"fanusikovske-doplnky","status":"publish","type":"page","link":"https:\/\/sportmerchandise.hu\/sk\/produkty\/fanusikovske-doplnky\/","title":{"rendered":"Fan\u00fa\u0161ikovsk\u00e9 doplnky"},"content":{"rendered":"<div data-elementor-type=\"wp-page\" data-elementor-id=\"5234\" class=\"elementor elementor-5234\" data-elementor-post-type=\"page\">\n\t\t\t\t\t\t<section class=\"elementor-section elementor-top-section elementor-element elementor-element-411326a elementor-section-height-min-height elementor-section-boxed elementor-section-height-default elementor-section-items-middle\" data-id=\"411326a\" data-element_type=\"section\" data-settings=\"{&quot;background_background&quot;:&quot;classic&quot;}\">\n\t\t\t\t\t\t<div class=\"elementor-container elementor-column-gap-default\">\n\t\t\t\t\t<div class=\"elementor-column elementor-col-100 elementor-top-column elementor-element elementor-element-ee101eb elementor-invisible\" data-id=\"ee101eb\" data-element_type=\"column\" data-settings=\"{&quot;animation&quot;:&quot;fadeInLeft&quot;}\">\n\t\t\t<div class=\"elementor-widget-wrap elementor-element-populated\">\n\t\t\t\t\t\t<div class=\"elementor-element elementor-element-5b53afe elementor-widget elementor-widget-heading\" data-id=\"5b53afe\" data-element_type=\"widget\" data-widget_type=\"heading.default\">\n\t\t\t\t<div class=\"elementor-widget-container\">\n\t\t\t\t\t<h2 class=\"elementor-heading-title elementor-size-default\">Fan\u00fa\u0161ikovsk\u00e9 <br> doplnky<\/h2>\t\t\t\t<\/div>\n\t\t\t\t<\/div>\n\t\t\t\t<div class=\"elementor-element elementor-element-e84c32b elementor-widget-divider--view-line elementor-widget elementor-widget-divider\" data-id=\"e84c32b\" data-element_type=\"widget\" data-widget_type=\"divider.default\">\n\t\t\t\t<div class=\"elementor-widget-container\">\n\t\t\t\t\t\t\t<div class=\"elementor-divider\">\n\t\t\t<span class=\"elementor-divider-separator\">\n\t\t\t\t\t\t<\/span>\n\t\t<\/div>\n\t\t\t\t\t\t<\/div>\n\t\t\t\t<\/div>\n\t\t\t\t\t<\/div>\n\t\t<\/div>\n\t\t\t\t\t<\/div>\n\t\t<\/section>\n\t\t<div class=\"elementor-element elementor-element-6b8e727 e-flex e-con-boxed e-con e-parent\" data-id=\"6b8e727\" data-element_type=\"container\">\n\t\t\t\t\t<div class=\"e-con-inner\">\n\t\t\t\t<div class=\"elementor-element elementor-element-0153886 elementor-widget elementor-widget-text-editor\" data-id=\"0153886\" data-element_type=\"widget\" data-widget_type=\"text-editor.default\">\n\t\t\t\t<div class=\"elementor-widget-container\">\n\t\t\t\t\t\t\t\t\t<p>Kateg\u00f3ria fan\u00fa\u0161ikovsk\u00fdch doplnkov zah\u0155\u0148a tie najikonickej\u0161ie merchandise produkty, bez ktor\u00fdch si nemo\u017eno predstavi\u0165 poh\u013ead na \u0161tadi\u00f3n. Tieto produkty s\u00fa nielen okam\u017eit\u00fdm vyjadren\u00edm fan\u00fa\u0161ikovskej identity, ale aj najvyh\u013ead\u00e1vanej\u0161\u00edmi merchandise k\u00faskami. V\u00fdroba na mieruumo\u017e\u0148uje, aby ka\u017ed\u00fd kus niesol logo klubu, jeho farby a jedine\u010dn\u00e9 slogany. \u010ci u\u017e sl\u00fa\u017eia ako propaga\u010dn\u00e9 dar\u010deky alebo ako z\u00e1kladn\u00e9 merchandise produkty, fan\u00fa\u0161ikovsk\u00e9 doplnky zaru\u010duj\u00fa vidite\u013enos\u0165 klubu nielen po\u010das z\u00e1pasov, ale aj v be\u017enom \u017eivote.<\/p>\t\t\t\t\t\t\t\t<\/div>\n\t\t\t\t<\/div>\n\t\t\t\t\t<\/div>\n\t\t\t\t<\/div>\n\t\t<div class=\"elementor-element elementor-element-8194a01 e-flex e-con-boxed e-con e-parent\" data-id=\"8194a01\" data-element_type=\"container\">\n\t\t\t\t\t<div class=\"e-con-inner\">\n\t\t<div class=\"elementor-element elementor-element-a898809 e-con-full e-flex e-con e-child\" data-id=\"a898809\" data-element_type=\"container\">\n\t\t\t\t<div class=\"elementor-element elementor-element-4051fad elementor-widget elementor-widget-image\" data-id=\"4051fad\" data-element_type=\"widget\" data-widget_type=\"image.default\">\n\t\t\t\t<div class=\"elementor-widget-container\">\n\t\t\t\t\t\t\t\t\t\t\t\t\t\t\t\t<a href=\"https:\/\/sportmerchandise.hu\/sk\/produkty\/fanusikovske-doplnky\/saly\/\">\n\t\t\t\t\t\t\t<img fetchpriority=\"high\" decoding=\"async\" width=\"1920\" height=\"1080\" src=\"https:\/\/sportmerchandise.hu\/wp-content\/uploads\/2025\/10\/Salak.webp\" class=\"attachment-full size-full wp-image-5239\" alt=\"\" srcset=\"https:\/\/sportmerchandise.hu\/wp-content\/uploads\/2025\/10\/Salak.webp 1920w, https:\/\/sportmerchandise.hu\/wp-content\/uploads\/2025\/10\/Salak-300x169.webp 300w, https:\/\/sportmerchandise.hu\/wp-content\/uploads\/2025\/10\/Salak-1024x576.webp 1024w, https:\/\/sportmerchandise.hu\/wp-content\/uploads\/2025\/10\/Salak-768x432.webp 768w, https:\/\/sportmerchandise.hu\/wp-content\/uploads\/2025\/10\/Salak-1536x864.webp 1536w, https:\/\/sportmerchandise.hu\/wp-content\/uploads\/2025\/10\/Salak-1200x675.webp 1200w\" sizes=\"(max-width: 1920px) 100vw, 1920px\" \/>\t\t\t\t\t\t\t\t<\/a>\n\t\t\t\t\t\t\t\t\t\t\t\t\t\t\t<\/div>\n\t\t\t\t<\/div>\n\t\t\t\t<div class=\"elementor-element elementor-element-9d7aeee elementor-widget elementor-widget-text-editor\" data-id=\"9d7aeee\" data-element_type=\"widget\" data-widget_type=\"text-editor.default\">\n\t\t\t\t<div class=\"elementor-widget-container\">\n\t\t\t\t\t\t\t\t\t<p>\u0160\u00e1ly<\/p>\t\t\t\t\t\t\t\t<\/div>\n\t\t\t\t<\/div>\n\t\t\t\t<\/div>\n\t\t<div class=\"elementor-element elementor-element-02a7ebb e-con-full e-flex e-con e-child\" data-id=\"02a7ebb\" data-element_type=\"container\">\n\t\t\t\t<div class=\"elementor-element elementor-element-c35be8b elementor-widget elementor-widget-image\" data-id=\"c35be8b\" data-element_type=\"widget\" data-widget_type=\"image.default\">\n\t\t\t\t<div class=\"elementor-widget-container\">\n\t\t\t\t\t\t\t\t\t\t\t\t\t\t\t\t<a href=\"https:\/\/sportmerchandise.hu\/sk\/produkty\/fanusikovske-doplnky\/vlajky\/\">\n\t\t\t\t\t\t\t<img decoding=\"async\" width=\"1920\" height=\"1080\" src=\"https:\/\/sportmerchandise.hu\/wp-content\/uploads\/2025\/10\/zaszlok2.webp\" class=\"attachment-full size-full wp-image-5241\" alt=\"\" srcset=\"https:\/\/sportmerchandise.hu\/wp-content\/uploads\/2025\/10\/zaszlok2.webp 1920w, https:\/\/sportmerchandise.hu\/wp-content\/uploads\/2025\/10\/zaszlok2-300x169.webp 300w, https:\/\/sportmerchandise.hu\/wp-content\/uploads\/2025\/10\/zaszlok2-1024x576.webp 1024w, https:\/\/sportmerchandise.hu\/wp-content\/uploads\/2025\/10\/zaszlok2-768x432.webp 768w, https:\/\/sportmerchandise.hu\/wp-content\/uploads\/2025\/10\/zaszlok2-1536x864.webp 1536w, https:\/\/sportmerchandise.hu\/wp-content\/uploads\/2025\/10\/zaszlok2-1200x675.webp 1200w\" sizes=\"(max-width: 1920px) 100vw, 1920px\" \/>\t\t\t\t\t\t\t\t<\/a>\n\t\t\t\t\t\t\t\t\t\t\t\t\t\t\t<\/div>\n\t\t\t\t<\/div>\n\t\t\t\t<div class=\"elementor-element elementor-element-2bd6dfd elementor-widget elementor-widget-text-editor\" data-id=\"2bd6dfd\" data-element_type=\"widget\" data-widget_type=\"text-editor.default\">\n\t\t\t\t<div class=\"elementor-widget-container\">\n\t\t\t\t\t\t\t\t\t<p>Vlajky<\/p>\t\t\t\t\t\t\t\t<\/div>\n\t\t\t\t<\/div>\n\t\t\t\t<\/div>\n\t\t\t\t\t<\/div>\n\t\t\t\t<\/div>\n\t\t<div class=\"elementor-element elementor-element-795f19f e-flex e-con-boxed e-con e-parent\" data-id=\"795f19f\" data-element_type=\"container\">\n\t\t\t\t\t<div class=\"e-con-inner\">\n\t\t<div class=\"elementor-element elementor-element-6c534d7 e-con-full e-flex e-con e-child\" data-id=\"6c534d7\" data-element_type=\"container\">\n\t\t\t\t<div class=\"elementor-element elementor-element-61f748e elementor-widget elementor-widget-image\" data-id=\"61f748e\" data-element_type=\"widget\" data-widget_type=\"image.default\">\n\t\t\t\t<div class=\"elementor-widget-container\">\n\t\t\t\t\t\t\t\t\t\t\t\t\t\t\t\t<a href=\"https:\/\/sportmerchandise.hu\/sk\/produkty\/fanusikovske-doplnky\/vankuse\/\">\n\t\t\t\t\t\t\t<img decoding=\"async\" width=\"1920\" height=\"1080\" src=\"https:\/\/sportmerchandise.hu\/wp-content\/uploads\/2025\/10\/Parnakuj.webp\" class=\"attachment-full size-full wp-image-5576\" alt=\"\" srcset=\"https:\/\/sportmerchandise.hu\/wp-content\/uploads\/2025\/10\/Parnakuj.webp 1920w, https:\/\/sportmerchandise.hu\/wp-content\/uploads\/2025\/10\/Parnakuj-300x169.webp 300w, https:\/\/sportmerchandise.hu\/wp-content\/uploads\/2025\/10\/Parnakuj-1024x576.webp 1024w, https:\/\/sportmerchandise.hu\/wp-content\/uploads\/2025\/10\/Parnakuj-768x432.webp 768w, https:\/\/sportmerchandise.hu\/wp-content\/uploads\/2025\/10\/Parnakuj-1536x864.webp 1536w, https:\/\/sportmerchandise.hu\/wp-content\/uploads\/2025\/10\/Parnakuj-1200x675.webp 1200w\" sizes=\"(max-width: 1920px) 100vw, 1920px\" \/>\t\t\t\t\t\t\t\t<\/a>\n\t\t\t\t\t\t\t\t\t\t\t\t\t\t\t<\/div>\n\t\t\t\t<\/div>\n\t\t\t\t<div class=\"elementor-element elementor-element-3fab586 elementor-widget elementor-widget-text-editor\" data-id=\"3fab586\" data-element_type=\"widget\" data-widget_type=\"text-editor.default\">\n\t\t\t\t<div class=\"elementor-widget-container\">\n\t\t\t\t\t\t\t\t\t<p>Vank\u00fa\u0161e<\/p>\t\t\t\t\t\t\t\t<\/div>\n\t\t\t\t<\/div>\n\t\t\t\t<\/div>\n\t\t<div class=\"elementor-element elementor-element-6da4b26 e-con-full e-flex e-con e-child\" data-id=\"6da4b26\" data-element_type=\"container\">\n\t\t\t\t<div class=\"elementor-element elementor-element-6f33447 elementor-widget elementor-widget-image\" data-id=\"6f33447\" data-element_type=\"widget\" data-widget_type=\"image.default\">\n\t\t\t\t<div class=\"elementor-widget-container\">\n\t\t\t\t\t\t\t\t\t\t\t\t\t\t\t\t<a href=\"https:\/\/sportmerchandise.hu\/sk\/produkty\/fanusikovske-doplnky\/ostatne\/\">\n\t\t\t\t\t\t\t<img loading=\"lazy\" decoding=\"async\" width=\"1920\" height=\"1080\" src=\"https:\/\/sportmerchandise.hu\/wp-content\/uploads\/2025\/11\/szurkoloi-kellekek_egyeb.webp\" class=\"attachment-full size-full wp-image-7660\" alt=\"\" srcset=\"https:\/\/sportmerchandise.hu\/wp-content\/uploads\/2025\/11\/szurkoloi-kellekek_egyeb.webp 1920w, https:\/\/sportmerchandise.hu\/wp-content\/uploads\/2025\/11\/szurkoloi-kellekek_egyeb-300x169.webp 300w, https:\/\/sportmerchandise.hu\/wp-content\/uploads\/2025\/11\/szurkoloi-kellekek_egyeb-1024x576.webp 1024w, https:\/\/sportmerchandise.hu\/wp-content\/uploads\/2025\/11\/szurkoloi-kellekek_egyeb-768x432.webp 768w, https:\/\/sportmerchandise.hu\/wp-content\/uploads\/2025\/11\/szurkoloi-kellekek_egyeb-1536x864.webp 1536w, https:\/\/sportmerchandise.hu\/wp-content\/uploads\/2025\/11\/szurkoloi-kellekek_egyeb-18x10.webp 18w, https:\/\/sportmerchandise.hu\/wp-content\/uploads\/2025\/11\/szurkoloi-kellekek_egyeb-1200x675.webp 1200w\" sizes=\"(max-width: 1920px) 100vw, 1920px\" \/>\t\t\t\t\t\t\t\t<\/a>\n\t\t\t\t\t\t\t\t\t\t\t\t\t\t\t<\/div>\n\t\t\t\t<\/div>\n\t\t\t\t<div class=\"elementor-element elementor-element-037ac60 elementor-widget elementor-widget-text-editor\" data-id=\"037ac60\" data-element_type=\"widget\" data-widget_type=\"text-editor.default\">\n\t\t\t\t<div class=\"elementor-widget-container\">\n\t\t\t\t\t\t\t\t\t<p>Ostatn\u00e9<\/p>\t\t\t\t\t\t\t\t<\/div>\n\t\t\t\t<\/div>\n\t\t\t\t<\/div>\n\t\t\t\t\t<\/div>\n\t\t\t\t<\/div>\n\t\t\t\t<\/div>","protected":false},"excerpt":{"rendered":"<p>Szurkol\u00f3i kell\u00e9kek A szurkol\u00f3i kell\u00e9kek kateg\u00f3ri\u00e1ja tartalmazza a legink\u00e1bb ikonikus merchandise term\u00e9keket, amelyek n\u00e9lk\u00fcl elk\u00e9pzelhetetlen a stadion l\u00e1tk\u00e9pe. Ezek a term\u00e9kek nemcsak a szurkol\u00f3i identit\u00e1s azonnali kifejez\u0151i, hanem legjobban keresett merchandise eszk\u00f6z\u00f6k. A term\u00e9kek egyedi gy\u00e1rt\u00e1sa lehet\u0151v\u00e9 teszi, hogy minden darab a klub log\u00f3j\u00e1t, sz\u00edneit \u00e9s egyedi szlogenjeit hordozza. Ak\u00e1r prom\u00f3ci\u00f3s aj\u00e1nd\u00e9kk\u00e9nt, ak\u00e1r alap merchandise [&hellip;]<\/p>","protected":false},"author":1,"featured_media":5859,"parent":6207,"menu_order":0,"comment_status":"closed","ping_status":"closed","template":"elementor_header_footer","meta":{"footnotes":""},"class_list":["post-5234","page","type-page","status-publish","has-post-thumbnail","hentry"],"_links":{"self":[{"href":"https:\/\/sportmerchandise.hu\/sk\/wp-json\/wp\/v2\/pages\/5234","targetHints":{"allow":["GET"]}}],"collection":[{"href":"https:\/\/sportmerchandise.hu\/sk\/wp-json\/wp\/v2\/pages"}],"about":[{"href":"https:\/\/sportmerchandise.hu\/sk\/wp-json\/wp\/v2\/types\/page"}],"author":[{"embeddable":true,"href":"https:\/\/sportmerchandise.hu\/sk\/wp-json\/wp\/v2\/users\/1"}],"replies":[{"embeddable":true,"href":"https:\/\/sportmerchandise.hu\/sk\/wp-json\/wp\/v2\/comments?post=5234"}],"version-history":[{"count":43,"href":"https:\/\/sportmerchandise.hu\/sk\/wp-json\/wp\/v2\/pages\/5234\/revisions"}],"predecessor-version":[{"id":10813,"href":"https:\/\/sportmerchandise.hu\/sk\/wp-json\/wp\/v2\/pages\/5234\/revisions\/10813"}],"up":[{"embeddable":true,"href":"https:\/\/sportmerchandise.hu\/sk\/wp-json\/wp\/v2\/pages\/6207"}],"wp:featuredmedia":[{"embeddable":true,"href":"https:\/\/sportmerchandise.hu\/sk\/wp-json\/wp\/v2\/media\/5859"}],"wp:attachment":[{"href":"https:\/\/sportmerchandise.hu\/sk\/wp-json\/wp\/v2\/media?parent=5234"}],"curies":[{"name":"wp","href":"https:\/\/api.w.org\/{rel}","templated":true}]}}