{"id":4891,"date":"2025-10-14T07:54:46","date_gmt":"2025-10-14T07:54:46","guid":{"rendered":"https:\/\/sportmerchandise.hu\/?page_id=4891"},"modified":"2025-11-27T09:31:32","modified_gmt":"2025-11-27T09:31:32","slug":"nase-sluzby","status":"publish","type":"page","link":"https:\/\/sportmerchandise.hu\/sk\/nase-sluzby\/","title":{"rendered":"Na\u0161e slu\u017eby"},"content":{"rendered":"<div data-elementor-type=\"wp-page\" data-elementor-id=\"4891\" class=\"elementor elementor-4891\" data-elementor-post-type=\"page\">\n\t\t\t\t\t\t<section class=\"elementor-section elementor-top-section elementor-element elementor-element-c4f69ee elementor-section-height-min-height elementor-section-boxed elementor-section-height-default elementor-section-items-middle\" data-id=\"c4f69ee\" data-element_type=\"section\" data-settings=\"{&quot;background_background&quot;:&quot;classic&quot;}\">\n\t\t\t\t\t\t\t<div class=\"elementor-background-overlay\"><\/div>\n\t\t\t\t\t\t\t<div class=\"elementor-container elementor-column-gap-default\">\n\t\t\t\t\t<div class=\"elementor-column elementor-col-100 elementor-top-column elementor-element elementor-element-4a50ce3 elementor-invisible\" data-id=\"4a50ce3\" data-element_type=\"column\" data-settings=\"{&quot;animation&quot;:&quot;fadeInLeft&quot;}\">\n\t\t\t<div class=\"elementor-widget-wrap elementor-element-populated\">\n\t\t\t\t\t\t<div class=\"elementor-element elementor-element-a0ecd05 elementor-widget elementor-widget-heading\" data-id=\"a0ecd05\" data-element_type=\"widget\" data-widget_type=\"heading.default\">\n\t\t\t\t<div class=\"elementor-widget-container\">\n\t\t\t\t\t<h2 class=\"elementor-heading-title elementor-size-default\">Na\u0161e slu\u017eby<\/h2>\t\t\t\t<\/div>\n\t\t\t\t<\/div>\n\t\t\t\t\t<\/div>\n\t\t<\/div>\n\t\t\t\t\t<\/div>\n\t\t<\/section>\n\t\t<div class=\"elementor-element elementor-element-99c63ee e-flex e-con-boxed e-con e-parent\" data-id=\"99c63ee\" data-element_type=\"container\" id=\"gototop\">\n\t\t\t\t\t<div class=\"e-con-inner\">\n\t\t<div class=\"elementor-element elementor-element-ebd7521 e-con-full e-flex e-con e-child\" data-id=\"ebd7521\" data-element_type=\"container\">\n\t\t\t\t<div class=\"elementor-element elementor-element-b210102 elementor-widget elementor-widget-heading\" data-id=\"b210102\" data-element_type=\"widget\" data-widget_type=\"heading.default\">\n\t\t\t\t<div class=\"elementor-widget-container\">\n\t\t\t\t\t<h2 class=\"elementor-heading-title elementor-size-default\">Jedine\u010dn\u00e9 rie\u0161enia, ktor\u00e9 s\u00fa o tebe. Spolupracuj s odborn\u00edkom na merchandising, preto\u017ee my vieme, \u010do tvoj t\u00edm skuto\u010dne potrebuje. \n\n<\/h2>\t\t\t\t<\/div>\n\t\t\t\t<\/div>\n\t\t\t\t<\/div>\n\t\t<div class=\"elementor-element elementor-element-54dfd44 e-con-full e-flex e-con e-child\" data-id=\"54dfd44\" data-element_type=\"container\">\n\t\t\t\t<div class=\"elementor-element elementor-element-a161c27 elementor-widget elementor-widget-text-editor\" data-id=\"a161c27\" data-element_type=\"widget\" data-widget_type=\"text-editor.default\">\n\t\t\t\t<div class=\"elementor-widget-container\">\n\t\t\t\t\t\t\t\t\t<p>Na\u0161e ihrisko, tvoja v\u00fdhra<\/p><ul><li>N\u00e1vrh a v\u00fdvoj produktov: Kompletn\u00fd koncept produktov pre tvojich fan\u00fa\u0161ikov \u2013 od prvotn\u00e9ho n\u00e1padu a\u017e po v\u00fdrobu, presne pod\u013ea tvojich predst\u00e1v.<\/li><li>Prev\u00e1dzka webshopu: Zver n\u00e1m svoj e-shop a my sa postar\u00e1me o v\u0161etko \u2013 od spr\u00e1vy skladu a\u017e po pravideln\u00fa aktualiz\u00e1ciu a \u00fadr\u017ebu str\u00e1nky.<\/li><li>Prev\u00e1dzka fyzick\u00e9ho shopu: Okrem e-shopu zabezpe\u010d\u00edme aj ka\u017edodenn\u00fd chod tvojho fan\u00fa\u0161ikovsk\u00e9ho obchodu, vr\u00e1tane z\u00e1pasov\u00fdch dn\u00ed a eventov.<\/li><li>Marketingov\u00e9 rie\u0161enia: Ty sa s\u00fastre\u010f na v\u00fdkon, marketing tvojho t\u00edmu nechaj na n\u00e1s. V\u0161etky marketingov\u00e9 n\u00e1stroje z\u00edska\u0161 na jednom mieste, aby tvoj t\u00edm p\u00f4sobil jednotne a profesion\u00e1lne.<\/li><li>Komunik\u00e1cia: Nech o tebe hovoria v\u00fdsledky na ihrisku \u2013 o v\u0161etko ostatn\u00e9 sa postar\u00e1me my. Vytvor\u00edme pre teba kampane a komunika\u010dn\u00e9 bal\u00edky, v\u010faka ktor\u00fdm bud\u00fa tvoje produkty komunikovan\u00e9 rovnako \u00faspe\u0161ne ako tvoje \u0161portov\u00e9 v\u00fdkony.<\/li><\/ul><p>\u017diadna zna\u010dka sa nezaob\u00edde bez trendov\u00e9ho merchandisingu a efekt\u00edvnych marketingov\u00fdch n\u00e1strojov. Obr\u00e1\u0165 sa na n\u00e1s s d\u00f4verou \u2013 aj mimo sveta \u0161portu!<\/p>\t\t\t\t\t\t\t\t<\/div>\n\t\t\t\t<\/div>\n\t\t\t\t<\/div>\n\t\t\t\t\t<\/div>\n\t\t\t\t<\/div>\n\t\t<div class=\"elementor-element elementor-element-10b29d3 e-flex e-con-boxed e-con e-parent\" data-id=\"10b29d3\" data-element_type=\"container\">\n\t\t\t\t\t<div class=\"e-con-inner\">\n\t\t\t\t<div class=\"elementor-element elementor-element-b17ec2b elementor-widget elementor-widget-heading\" data-id=\"b17ec2b\" data-element_type=\"widget\" data-widget_type=\"heading.default\">\n\t\t\t\t<div class=\"elementor-widget-container\">\n\t\t\t\t\t<h2 class=\"elementor-heading-title elementor-size-default\">Takto vstupujeme do hry<\/h2>\t\t\t\t<\/div>\n\t\t\t\t<\/div>\n\t\t\t\t\t<\/div>\n\t\t\t\t<\/div>\n\t\t<div class=\"elementor-element elementor-element-8123835 e-flex e-con-boxed e-con e-parent\" data-id=\"8123835\" data-element_type=\"container\">\n\t\t\t\t\t<div class=\"e-con-inner\">\n\t\t<div class=\"elementor-element elementor-element-86524a3 e-con-full e-flex e-con e-child\" data-id=\"86524a3\" data-element_type=\"container\">\n\t\t\t\t<div class=\"elementor-element elementor-element-ac59d68 elementor-widget elementor-widget-image\" data-id=\"ac59d68\" data-element_type=\"widget\" data-widget_type=\"image.default\">\n\t\t\t\t<div class=\"elementor-widget-container\">\n\t\t\t\t\t\t\t\t\t\t\t\t\t\t\t<img fetchpriority=\"high\" decoding=\"async\" width=\"1080\" height=\"1080\" src=\"https:\/\/sportmerchandise.hu\/wp-content\/uploads\/2025\/11\/grafika.png\" class=\"attachment-full size-full wp-image-11111\" alt=\"\" srcset=\"https:\/\/sportmerchandise.hu\/wp-content\/uploads\/2025\/11\/grafika.png 1080w, https:\/\/sportmerchandise.hu\/wp-content\/uploads\/2025\/11\/grafika-300x300.png 300w, https:\/\/sportmerchandise.hu\/wp-content\/uploads\/2025\/11\/grafika-1024x1024.png 1024w, https:\/\/sportmerchandise.hu\/wp-content\/uploads\/2025\/11\/grafika-150x150.png 150w, https:\/\/sportmerchandise.hu\/wp-content\/uploads\/2025\/11\/grafika-768x768.png 768w, https:\/\/sportmerchandise.hu\/wp-content\/uploads\/2025\/11\/grafika-12x12.png 12w\" sizes=\"(max-width: 1080px) 100vw, 1080px\" \/>\t\t\t\t\t\t\t\t\t\t\t\t\t\t\t<\/div>\n\t\t\t\t<\/div>\n\t\t\t\t<div class=\"elementor-element elementor-element-f3fa59b elementor-widget elementor-widget-heading\" data-id=\"f3fa59b\" data-element_type=\"widget\" data-widget_type=\"heading.default\">\n\t\t\t\t<div class=\"elementor-widget-container\">\n\t\t\t\t\t<h2 class=\"elementor-heading-title elementor-size-default\">01. Zist\u00edme tvoje potreby<\/h2>\t\t\t\t<\/div>\n\t\t\t\t<\/div>\n\t\t\t\t<div class=\"elementor-element elementor-element-1296bb7 elementor-widget elementor-widget-text-editor\" data-id=\"1296bb7\" data-element_type=\"widget\" data-widget_type=\"text-editor.default\">\n\t\t\t\t<div class=\"elementor-widget-container\">\n\t\t\t\t\t\t\t\t\t<p>Pred aj po\u010das projektu kladieme ve\u013ea ot\u00e1zok, aby si na konci nedostal len nie\u010do pekn\u00e9, ale aj skuto\u010dne funk\u010dn\u00e9 a u\u017eito\u010dn\u00e9.<\/p>\t\t\t\t\t\t\t\t<\/div>\n\t\t\t\t<\/div>\n\t\t\t\t<\/div>\n\t\t<div class=\"elementor-element elementor-element-1846030 e-con-full e-flex e-con e-child\" data-id=\"1846030\" data-element_type=\"container\">\n\t\t\t\t<div class=\"elementor-element elementor-element-50f985a elementor-widget elementor-widget-image\" data-id=\"50f985a\" data-element_type=\"widget\" data-widget_type=\"image.default\">\n\t\t\t\t<div class=\"elementor-widget-container\">\n\t\t\t\t\t\t\t\t\t\t\t\t\t\t\t<img decoding=\"async\" width=\"1080\" height=\"1080\" src=\"https:\/\/sportmerchandise.hu\/wp-content\/uploads\/2025\/11\/otlet.png\" class=\"attachment-full size-full wp-image-11115\" alt=\"\" srcset=\"https:\/\/sportmerchandise.hu\/wp-content\/uploads\/2025\/11\/otlet.png 1080w, https:\/\/sportmerchandise.hu\/wp-content\/uploads\/2025\/11\/otlet-300x300.png 300w, https:\/\/sportmerchandise.hu\/wp-content\/uploads\/2025\/11\/otlet-1024x1024.png 1024w, https:\/\/sportmerchandise.hu\/wp-content\/uploads\/2025\/11\/otlet-150x150.png 150w, https:\/\/sportmerchandise.hu\/wp-content\/uploads\/2025\/11\/otlet-768x768.png 768w, https:\/\/sportmerchandise.hu\/wp-content\/uploads\/2025\/11\/otlet-12x12.png 12w\" sizes=\"(max-width: 1080px) 100vw, 1080px\" \/>\t\t\t\t\t\t\t\t\t\t\t\t\t\t\t<\/div>\n\t\t\t\t<\/div>\n\t\t\t\t<div class=\"elementor-element elementor-element-df6bf88 elementor-widget elementor-widget-heading\" data-id=\"df6bf88\" data-element_type=\"widget\" data-widget_type=\"heading.default\">\n\t\t\t\t<div class=\"elementor-widget-container\">\n\t\t\t\t\t<h2 class=\"elementor-heading-title elementor-size-default\">02. Priprav\u00edme n\u00e1vrh<\/h2>\t\t\t\t<\/div>\n\t\t\t\t<\/div>\n\t\t\t\t<div class=\"elementor-element elementor-element-d76276d elementor-widget elementor-widget-text-editor\" data-id=\"d76276d\" data-element_type=\"widget\" data-widget_type=\"text-editor.default\">\n\t\t\t\t<div class=\"elementor-widget-container\">\n\t\t\t\t\t\t\t\t\t<p>Nechceme chodi\u0165 po vy\u0161liapan\u00fdch chodn\u00edkoch. Na\u0161\u00edm cie\u013eom je prinies\u0165 ti nie\u010do nov\u00e9, svie\u017ee a v\u00fdnimo\u010dn\u00e9.<\/p>\t\t\t\t\t\t\t\t<\/div>\n\t\t\t\t<\/div>\n\t\t\t\t<\/div>\n\t\t<div class=\"elementor-element elementor-element-033efca e-con-full e-flex e-con e-child\" data-id=\"033efca\" data-element_type=\"container\">\n\t\t\t\t<div class=\"elementor-element elementor-element-6ba0a00 elementor-widget elementor-widget-image\" data-id=\"6ba0a00\" data-element_type=\"widget\" data-widget_type=\"image.default\">\n\t\t\t\t<div class=\"elementor-widget-container\">\n\t\t\t\t\t\t\t\t\t\t\t\t\t\t\t<img decoding=\"async\" width=\"1080\" height=\"1080\" src=\"https:\/\/sportmerchandise.hu\/wp-content\/uploads\/2025\/11\/concept-1.png\" class=\"attachment-full size-full wp-image-11108\" alt=\"\" srcset=\"https:\/\/sportmerchandise.hu\/wp-content\/uploads\/2025\/11\/concept-1.png 1080w, https:\/\/sportmerchandise.hu\/wp-content\/uploads\/2025\/11\/concept-1-300x300.png 300w, https:\/\/sportmerchandise.hu\/wp-content\/uploads\/2025\/11\/concept-1-1024x1024.png 1024w, https:\/\/sportmerchandise.hu\/wp-content\/uploads\/2025\/11\/concept-1-150x150.png 150w, https:\/\/sportmerchandise.hu\/wp-content\/uploads\/2025\/11\/concept-1-768x768.png 768w, https:\/\/sportmerchandise.hu\/wp-content\/uploads\/2025\/11\/concept-1-12x12.png 12w\" sizes=\"(max-width: 1080px) 100vw, 1080px\" \/>\t\t\t\t\t\t\t\t\t\t\t\t\t\t\t<\/div>\n\t\t\t\t<\/div>\n\t\t\t\t<div class=\"elementor-element elementor-element-b28361d elementor-widget elementor-widget-heading\" data-id=\"b28361d\" data-element_type=\"widget\" data-widget_type=\"heading.default\">\n\t\t\t\t<div class=\"elementor-widget-container\">\n\t\t\t\t\t<h2 class=\"elementor-heading-title elementor-size-default\">03. Vytvor\u00edme obchodn\u00fd a produktov\u00fd koncept<\/h2>\t\t\t\t<\/div>\n\t\t\t\t<\/div>\n\t\t\t\t<div class=\"elementor-element elementor-element-1b04335 elementor-widget elementor-widget-text-editor\" data-id=\"1b04335\" data-element_type=\"widget\" data-widget_type=\"text-editor.default\">\n\t\t\t\t<div class=\"elementor-widget-container\">\n\t\t\t\t\t\t\t\t\t<p>Po diskusii o tvojich po\u017eiadavk\u00e1ch a na\u0161ich n\u00e1vrhoch priprav\u00edme kompletn\u00fd obchodn\u00fd koncept a kolekciu produktov.<\/p>\t\t\t\t\t\t\t\t<\/div>\n\t\t\t\t<\/div>\n\t\t\t\t<\/div>\n\t\t<div class=\"elementor-element elementor-element-a73de84 e-con-full e-flex e-con e-child\" data-id=\"a73de84\" data-element_type=\"container\">\n\t\t\t\t<div class=\"elementor-element elementor-element-656461a elementor-widget elementor-widget-image\" data-id=\"656461a\" data-element_type=\"widget\" data-widget_type=\"image.default\">\n\t\t\t\t<div class=\"elementor-widget-container\">\n\t\t\t\t\t\t\t\t\t\t\t\t\t\t\t<img loading=\"lazy\" decoding=\"async\" width=\"1080\" height=\"1080\" src=\"https:\/\/sportmerchandise.hu\/wp-content\/uploads\/2025\/11\/skach.png\" class=\"attachment-full size-full wp-image-11118\" alt=\"\" srcset=\"https:\/\/sportmerchandise.hu\/wp-content\/uploads\/2025\/11\/skach.png 1080w, https:\/\/sportmerchandise.hu\/wp-content\/uploads\/2025\/11\/skach-300x300.png 300w, https:\/\/sportmerchandise.hu\/wp-content\/uploads\/2025\/11\/skach-1024x1024.png 1024w, https:\/\/sportmerchandise.hu\/wp-content\/uploads\/2025\/11\/skach-150x150.png 150w, https:\/\/sportmerchandise.hu\/wp-content\/uploads\/2025\/11\/skach-768x768.png 768w, https:\/\/sportmerchandise.hu\/wp-content\/uploads\/2025\/11\/skach-12x12.png 12w\" sizes=\"(max-width: 1080px) 100vw, 1080px\" \/>\t\t\t\t\t\t\t\t\t\t\t\t\t\t\t<\/div>\n\t\t\t\t<\/div>\n\t\t\t\t<div class=\"elementor-element elementor-element-1c14e25 elementor-widget elementor-widget-heading\" data-id=\"1c14e25\" data-element_type=\"widget\" data-widget_type=\"heading.default\">\n\t\t\t\t<div class=\"elementor-widget-container\">\n\t\t\t\t\t<h2 class=\"elementor-heading-title elementor-size-default\">04. Za\u010d\u00edname s navrhovan\u00edm<\/h2>\t\t\t\t<\/div>\n\t\t\t\t<\/div>\n\t\t\t\t<div class=\"elementor-element elementor-element-0f6e9f6 elementor-widget elementor-widget-text-editor\" data-id=\"0f6e9f6\" data-element_type=\"widget\" data-widget_type=\"text-editor.default\">\n\t\t\t\t<div class=\"elementor-widget-container\">\n\t\t\t\t\t\t\t\t\t<p>Priprav\u00edme grafick\u00e9 n\u00e1vrhy vybran\u00fdch produktov a v pr\u00edpade potreby vyrob\u00edme aj vzorky.<\/p>\t\t\t\t\t\t\t\t<\/div>\n\t\t\t\t<\/div>\n\t\t\t\t<\/div>\n\t\t\t\t\t<\/div>\n\t\t\t\t<\/div>\n\t\t<div class=\"elementor-element elementor-element-52eb9ae e-flex e-con-boxed e-con e-parent\" data-id=\"52eb9ae\" data-element_type=\"container\">\n\t\t\t\t\t<div class=\"e-con-inner\">\n\t\t<div class=\"elementor-element elementor-element-75b837b e-con-full e-flex e-con e-child\" data-id=\"75b837b\" data-element_type=\"container\">\n\t\t\t\t<div class=\"elementor-element elementor-element-1553cae elementor-widget elementor-widget-image\" data-id=\"1553cae\" data-element_type=\"widget\" data-widget_type=\"image.default\">\n\t\t\t\t<div class=\"elementor-widget-container\">\n\t\t\t\t\t\t\t\t\t\t\t\t\t\t\t<img loading=\"lazy\" decoding=\"async\" width=\"1080\" height=\"1080\" src=\"https:\/\/sportmerchandise.hu\/wp-content\/uploads\/2025\/11\/arajanlat-2-1.png\" class=\"attachment-full size-full wp-image-11103\" alt=\"\" srcset=\"https:\/\/sportmerchandise.hu\/wp-content\/uploads\/2025\/11\/arajanlat-2-1.png 1080w, https:\/\/sportmerchandise.hu\/wp-content\/uploads\/2025\/11\/arajanlat-2-1-300x300.png 300w, https:\/\/sportmerchandise.hu\/wp-content\/uploads\/2025\/11\/arajanlat-2-1-1024x1024.png 1024w, https:\/\/sportmerchandise.hu\/wp-content\/uploads\/2025\/11\/arajanlat-2-1-150x150.png 150w, https:\/\/sportmerchandise.hu\/wp-content\/uploads\/2025\/11\/arajanlat-2-1-768x768.png 768w, https:\/\/sportmerchandise.hu\/wp-content\/uploads\/2025\/11\/arajanlat-2-1-12x12.png 12w\" sizes=\"(max-width: 1080px) 100vw, 1080px\" \/>\t\t\t\t\t\t\t\t\t\t\t\t\t\t\t<\/div>\n\t\t\t\t<\/div>\n\t\t\t\t<div class=\"elementor-element elementor-element-19ef3f8 elementor-widget elementor-widget-heading\" data-id=\"19ef3f8\" data-element_type=\"widget\" data-widget_type=\"heading.default\">\n\t\t\t\t<div class=\"elementor-widget-container\">\n\t\t\t\t\t<h2 class=\"elementor-heading-title elementor-size-default\">05. Priprav\u00edme cenov\u00fa ponuku<\/h2>\t\t\t\t<\/div>\n\t\t\t\t<\/div>\n\t\t\t\t<div class=\"elementor-element elementor-element-9b9e285 elementor-widget elementor-widget-text-editor\" data-id=\"9b9e285\" data-element_type=\"widget\" data-widget_type=\"text-editor.default\">\n\t\t\t\t<div class=\"elementor-widget-container\">\n\t\t\t\t\t\t\t\t\t<p>Na z\u00e1klade schv\u00e1len\u00fdch graf\u00edk a vzoriek vypracujeme presn\u00fa cenov\u00fa ponuku \u2013 bez skryt\u00fdch poplatkov.<\/p>\t\t\t\t\t\t\t\t<\/div>\n\t\t\t\t<\/div>\n\t\t\t\t<\/div>\n\t\t<div class=\"elementor-element elementor-element-d48f4aa e-con-full e-flex e-con e-child\" data-id=\"d48f4aa\" data-element_type=\"container\">\n\t\t\t\t<div class=\"elementor-element elementor-element-a125fd9 elementor-widget elementor-widget-image\" data-id=\"a125fd9\" data-element_type=\"widget\" data-widget_type=\"image.default\">\n\t\t\t\t<div class=\"elementor-widget-container\">\n\t\t\t\t\t\t\t\t\t\t\t\t\t\t\t<img loading=\"lazy\" decoding=\"async\" width=\"1080\" height=\"1080\" src=\"https:\/\/sportmerchandise.hu\/wp-content\/uploads\/2025\/11\/gyartas.png\" class=\"attachment-full size-full wp-image-11112\" alt=\"\" srcset=\"https:\/\/sportmerchandise.hu\/wp-content\/uploads\/2025\/11\/gyartas.png 1080w, https:\/\/sportmerchandise.hu\/wp-content\/uploads\/2025\/11\/gyartas-300x300.png 300w, https:\/\/sportmerchandise.hu\/wp-content\/uploads\/2025\/11\/gyartas-1024x1024.png 1024w, https:\/\/sportmerchandise.hu\/wp-content\/uploads\/2025\/11\/gyartas-150x150.png 150w, https:\/\/sportmerchandise.hu\/wp-content\/uploads\/2025\/11\/gyartas-768x768.png 768w, https:\/\/sportmerchandise.hu\/wp-content\/uploads\/2025\/11\/gyartas-12x12.png 12w\" sizes=\"(max-width: 1080px) 100vw, 1080px\" \/>\t\t\t\t\t\t\t\t\t\t\t\t\t\t\t<\/div>\n\t\t\t\t<\/div>\n\t\t\t\t<div class=\"elementor-element elementor-element-11cab07 elementor-widget elementor-widget-heading\" data-id=\"11cab07\" data-element_type=\"widget\" data-widget_type=\"heading.default\">\n\t\t\t\t<div class=\"elementor-widget-container\">\n\t\t\t\t\t<h2 class=\"elementor-heading-title elementor-size-default\">06. V\u00fdroba a dodanie<\/h2>\t\t\t\t<\/div>\n\t\t\t\t<\/div>\n\t\t\t\t<div class=\"elementor-element elementor-element-1e3d49e elementor-widget elementor-widget-text-editor\" data-id=\"1e3d49e\" data-element_type=\"widget\" data-widget_type=\"text-editor.default\">\n\t\t\t\t<div class=\"elementor-widget-container\">\n\t\t\t\t\t\t\t\t\t<p>Po schv\u00e1len\u00ed ponuky sp\u00fa\u0161\u0165ame v\u00fdrobu. \u010ci u\u017e ide o dom\u00e1cu alebo zahrani\u010dn\u00fa v\u00fdrobu, produkty doru\u010d\u00edme pripraven\u00e9 priamo na predaj, na tebou ur\u010den\u00fa adresu.<\/p>\t\t\t\t\t\t\t\t<\/div>\n\t\t\t\t<\/div>\n\t\t\t\t<\/div>\n\t\t<div class=\"elementor-element elementor-element-6855ecc e-con-full e-flex e-con e-child\" data-id=\"6855ecc\" data-element_type=\"container\">\n\t\t\t\t<div class=\"elementor-element elementor-element-5caceeb elementor-widget elementor-widget-image\" data-id=\"5caceeb\" data-element_type=\"widget\" data-widget_type=\"image.default\">\n\t\t\t\t<div class=\"elementor-widget-container\">\n\t\t\t\t\t\t\t\t\t\t\t\t\t\t\t<img loading=\"lazy\" decoding=\"async\" width=\"1080\" height=\"1080\" src=\"https:\/\/sportmerchandise.hu\/wp-content\/uploads\/2025\/11\/foto.png\" class=\"attachment-full size-full wp-image-11110\" alt=\"\" srcset=\"https:\/\/sportmerchandise.hu\/wp-content\/uploads\/2025\/11\/foto.png 1080w, https:\/\/sportmerchandise.hu\/wp-content\/uploads\/2025\/11\/foto-300x300.png 300w, https:\/\/sportmerchandise.hu\/wp-content\/uploads\/2025\/11\/foto-1024x1024.png 1024w, https:\/\/sportmerchandise.hu\/wp-content\/uploads\/2025\/11\/foto-150x150.png 150w, https:\/\/sportmerchandise.hu\/wp-content\/uploads\/2025\/11\/foto-768x768.png 768w, https:\/\/sportmerchandise.hu\/wp-content\/uploads\/2025\/11\/foto-12x12.png 12w\" sizes=\"(max-width: 1080px) 100vw, 1080px\" \/>\t\t\t\t\t\t\t\t\t\t\t\t\t\t\t<\/div>\n\t\t\t\t<\/div>\n\t\t\t\t<div class=\"elementor-element elementor-element-6851027 elementor-widget elementor-widget-heading\" data-id=\"6851027\" data-element_type=\"widget\" data-widget_type=\"heading.default\">\n\t\t\t\t<div class=\"elementor-widget-container\">\n\t\t\t\t\t<h2 class=\"elementor-heading-title elementor-size-default\">07. Fotografovanie a kreat\u00edvne materi\u00e1ly<\/h2>\t\t\t\t<\/div>\n\t\t\t\t<\/div>\n\t\t\t\t<div class=\"elementor-element elementor-element-6cfbee7 elementor-widget elementor-widget-text-editor\" data-id=\"6cfbee7\" data-element_type=\"widget\" data-widget_type=\"text-editor.default\">\n\t\t\t\t<div class=\"elementor-widget-container\">\n\t\t\t\t\t\t\t\t\t<p>V pr\u00edpade potreby zabezpe\u010d\u00edme profesion\u00e1lne produktov\u00e9 fotografie optimalizovan\u00e9 pre e-shop, ako aj tvorbu kreat\u00edvnych materi\u00e1lov na reklamn\u00e9 \u00fa\u010dely.<\/p>\t\t\t\t\t\t\t\t<\/div>\n\t\t\t\t<\/div>\n\t\t\t\t<\/div>\n\t\t<div class=\"elementor-element elementor-element-77f8c0e e-con-full e-flex e-con e-child\" data-id=\"77f8c0e\" data-element_type=\"container\">\n\t\t\t\t<div class=\"elementor-element elementor-element-052b123 elementor-widget elementor-widget-image\" data-id=\"052b123\" data-element_type=\"widget\" data-widget_type=\"image.default\">\n\t\t\t\t<div class=\"elementor-widget-container\">\n\t\t\t\t\t\t\t\t\t\t\t\t\t\t\t<img loading=\"lazy\" decoding=\"async\" width=\"1080\" height=\"1080\" src=\"https:\/\/sportmerchandise.hu\/wp-content\/uploads\/2025\/11\/communication.png\" class=\"attachment-full size-full wp-image-11107\" alt=\"\" srcset=\"https:\/\/sportmerchandise.hu\/wp-content\/uploads\/2025\/11\/communication.png 1080w, https:\/\/sportmerchandise.hu\/wp-content\/uploads\/2025\/11\/communication-300x300.png 300w, https:\/\/sportmerchandise.hu\/wp-content\/uploads\/2025\/11\/communication-1024x1024.png 1024w, https:\/\/sportmerchandise.hu\/wp-content\/uploads\/2025\/11\/communication-150x150.png 150w, https:\/\/sportmerchandise.hu\/wp-content\/uploads\/2025\/11\/communication-768x768.png 768w, https:\/\/sportmerchandise.hu\/wp-content\/uploads\/2025\/11\/communication-12x12.png 12w\" sizes=\"(max-width: 1080px) 100vw, 1080px\" \/>\t\t\t\t\t\t\t\t\t\t\t\t\t\t\t<\/div>\n\t\t\t\t<\/div>\n\t\t\t\t<div class=\"elementor-element elementor-element-1e4ea11 elementor-widget elementor-widget-heading\" data-id=\"1e4ea11\" data-element_type=\"widget\" data-widget_type=\"heading.default\">\n\t\t\t\t<div class=\"elementor-widget-container\">\n\t\t\t\t\t<h2 class=\"elementor-heading-title elementor-size-default\">08. Marketingov\u00e1 a obchodn\u00e1 spolupr\u00e1ca<\/h2>\t\t\t\t<\/div>\n\t\t\t\t<\/div>\n\t\t\t\t<div class=\"elementor-element elementor-element-69bfd72 elementor-widget elementor-widget-text-editor\" data-id=\"69bfd72\" data-element_type=\"widget\" data-widget_type=\"text-editor.default\">\n\t\t\t\t<div class=\"elementor-widget-container\">\n\t\t\t\t\t\t\t\t\t<p>Zabezpe\u010d\u00edme kompletn\u00fa realiz\u00e1ciu e-shopu, skladovanie, doru\u010dovanie a koordin\u00e1ciu v\u00fdjazdov\u00fdch predajov. Poskytneme aj n\u00e1vrhy na obsah a kampane pre soci\u00e1lne m\u00e9di\u00e1.<\/p>\t\t\t\t\t\t\t\t<\/div>\n\t\t\t\t<\/div>\n\t\t\t\t<\/div>\n\t\t\t\t\t<\/div>\n\t\t\t\t<\/div>\n\t\t<div class=\"elementor-element elementor-element-c3f37c1 e-flex e-con-boxed e-con e-parent\" data-id=\"c3f37c1\" data-element_type=\"container\" data-settings=\"{&quot;sticky&quot;:&quot;bottom&quot;,&quot;sticky_on&quot;:[&quot;desktop&quot;,&quot;laptop&quot;,&quot;tablet&quot;,&quot;mobile&quot;],&quot;sticky_offset&quot;:0,&quot;sticky_effects_offset&quot;:0,&quot;sticky_anchor_link_offset&quot;:0}\">\n\t\t\t\t\t<div class=\"e-con-inner\">\n\t\t\t\t<div class=\"elementor-element elementor-element-e045d06 elementor-view-default elementor-widget elementor-widget-icon\" data-id=\"e045d06\" data-element_type=\"widget\" data-widget_type=\"icon.default\">\n\t\t\t\t<div class=\"elementor-widget-container\">\n\t\t\t\t\t\t\t<div class=\"elementor-icon-wrapper\">\n\t\t\t<a class=\"elementor-icon\" href=\"#gototop\">\n\t\t\t<i aria-hidden=\"true\" class=\"fas fa-arrow-up\"><\/i>\t\t\t<\/a>\n\t\t<\/div>\n\t\t\t\t\t\t<\/div>\n\t\t\t\t<\/div>\n\t\t\t\t\t<\/div>\n\t\t\t\t<\/div>\n\t\t\t\t<\/div>","protected":false},"excerpt":{"rendered":"<p>Egyedi megold\u00e1sok, amik r\u00f3lad sz\u00f3lnak. Dolgozz merchandise szak\u00e9rt\u0151vel, mert mi tudjuk, hogy csapatodnak mire van sz\u00fcks\u00e9ge. A mi p\u00e1ly\u00e1nk, a te gy\u0151zelmed Term\u00e9k tervez\u00e9s \u00e9s fejleszt\u00e9s: Szurkol\u00f3idnak sz\u00e1nt term\u00e9kek teljesk\u00f6r\u0171 koncepci\u00f3j\u00e1nak kigondol\u00e1sa \u00e9s gy\u00e1rt\u00e1sa ig\u00e9nyeid szerint. Webshop \u00fczemeltet\u00e9s: B\u00edzd r\u00e1nk a webshopod teljes \u00fczemeltet\u00e9s\u00e9t, kezelj\u00fck a rakt\u00e1rk\u00e9szletet, friss\u00edtj\u00fck \u00e9s karbantartjuk oldalad. Fizikai shop \u00fczemeltet\u00e9s: Webshopod [&hellip;]<\/p>","protected":false},"author":1,"featured_media":0,"parent":0,"menu_order":0,"comment_status":"closed","ping_status":"closed","template":"elementor_header_footer","meta":{"footnotes":""},"class_list":["post-4891","page","type-page","status-publish","hentry"],"_links":{"self":[{"href":"https:\/\/sportmerchandise.hu\/sk\/wp-json\/wp\/v2\/pages\/4891","targetHints":{"allow":["GET"]}}],"collection":[{"href":"https:\/\/sportmerchandise.hu\/sk\/wp-json\/wp\/v2\/pages"}],"about":[{"href":"https:\/\/sportmerchandise.hu\/sk\/wp-json\/wp\/v2\/types\/page"}],"author":[{"embeddable":true,"href":"https:\/\/sportmerchandise.hu\/sk\/wp-json\/wp\/v2\/users\/1"}],"replies":[{"embeddable":true,"href":"https:\/\/sportmerchandise.hu\/sk\/wp-json\/wp\/v2\/comments?post=4891"}],"version-history":[{"count":97,"href":"https:\/\/sportmerchandise.hu\/sk\/wp-json\/wp\/v2\/pages\/4891\/revisions"}],"predecessor-version":[{"id":11145,"href":"https:\/\/sportmerchandise.hu\/sk\/wp-json\/wp\/v2\/pages\/4891\/revisions\/11145"}],"wp:attachment":[{"href":"https:\/\/sportmerchandise.hu\/sk\/wp-json\/wp\/v2\/media?parent=4891"}],"curies":[{"name":"wp","href":"https:\/\/api.w.org\/{rel}","templated":true}]}}