{"id":11749,"date":"2026-03-30T19:17:30","date_gmt":"2026-03-30T19:17:30","guid":{"rendered":"https:\/\/sportmerchandise.hu\/?page_id=11749"},"modified":"2026-03-30T19:24:19","modified_gmt":"2026-03-30T19:24:19","slug":"madarskym-zvazom-ladoveho-hokeja","status":"publish","type":"page","link":"https:\/\/sportmerchandise.hu\/sk\/madarskym-zvazom-ladoveho-hokeja\/","title":{"rendered":"Magyar J\u00e9gkorong Sz\u00f6vets\u00e9g"},"content":{"rendered":"<div data-elementor-type=\"wp-page\" data-elementor-id=\"11749\" class=\"elementor elementor-11749\" data-elementor-post-type=\"page\">\n\t\t\t\t\t\t<section class=\"elementor-section elementor-top-section elementor-element elementor-element-d43fb24 elementor-section-height-min-height elementor-section-boxed elementor-section-height-default elementor-section-items-middle\" data-id=\"d43fb24\" data-element_type=\"section\" data-settings=\"{&quot;background_background&quot;:&quot;classic&quot;}\">\n\t\t\t\t\t\t\t<div class=\"elementor-background-overlay\"><\/div>\n\t\t\t\t\t\t\t<div class=\"elementor-container elementor-column-gap-default\">\n\t\t\t\t\t<div class=\"elementor-column elementor-col-100 elementor-top-column elementor-element elementor-element-0cd9492 elementor-invisible\" data-id=\"0cd9492\" data-element_type=\"column\" data-settings=\"{&quot;animation&quot;:&quot;fadeInLeft&quot;}\">\n\t\t\t<div class=\"elementor-widget-wrap elementor-element-populated\">\n\t\t\t\t\t\t<div class=\"elementor-element elementor-element-ed7ccf5 elementor-widget elementor-widget-heading\" data-id=\"ed7ccf5\" data-element_type=\"widget\" data-widget_type=\"heading.default\">\n\t\t\t\t<div class=\"elementor-widget-container\">\n\t\t\t\t\t<h2 class=\"elementor-heading-title elementor-size-default\">MA\u010eARSK\u00ddM <br> zv\u00e4zom <br> \u013eadov\u00e9ho hokeja<\/h2>\t\t\t\t<\/div>\n\t\t\t\t<\/div>\n\t\t\t\t<div class=\"elementor-element elementor-element-7f32b0b elementor-widget-divider--view-line elementor-widget elementor-widget-divider\" data-id=\"7f32b0b\" data-element_type=\"widget\" data-widget_type=\"divider.default\">\n\t\t\t\t<div class=\"elementor-widget-container\">\n\t\t\t\t\t\t\t<div class=\"elementor-divider\">\n\t\t\t<span class=\"elementor-divider-separator\">\n\t\t\t\t\t\t<\/span>\n\t\t<\/div>\n\t\t\t\t\t\t<\/div>\n\t\t\t\t<\/div>\n\t\t\t\t\t<\/div>\n\t\t<\/div>\n\t\t\t\t\t<\/div>\n\t\t<\/section>\n\t\t\t\t<section class=\"elementor-section elementor-top-section elementor-element elementor-element-3c5b004 elementor-section-boxed elementor-section-height-default elementor-section-height-default\" data-id=\"3c5b004\" data-element_type=\"section\">\n\t\t\t\t\t\t<div class=\"elementor-container elementor-column-gap-default\">\n\t\t\t\t\t<div class=\"elementor-column elementor-col-100 elementor-top-column elementor-element elementor-element-7401547\" data-id=\"7401547\" data-element_type=\"column\">\n\t\t\t<div class=\"elementor-widget-wrap elementor-element-populated\">\n\t\t\t\t\t\t<div class=\"elementor-element elementor-element-a6f4276 elementor-widget elementor-widget-heading\" data-id=\"a6f4276\" data-element_type=\"widget\" data-widget_type=\"heading.default\">\n\t\t\t\t<div class=\"elementor-widget-container\">\n\t\t\t\t\t<h2 class=\"elementor-heading-title elementor-size-default\">Sme hrd\u00ed na to, \u017ee sme za\u010dali spolo\u010dn\u00fa pr\u00e1cu s jednou z najdynamickej\u0161\u00edch organiz\u00e1ci\u00ed dom\u00e1ceho \u0161portov\u00e9ho \u017eivota, s Ma\u010farsk\u00fdm zv\u00e4zom \u013eadov\u00e9ho hokeja (Magyar J\u00e9gkorong Sz\u00f6vets\u00e9g).<\/h2>\t\t\t\t<\/div>\n\t\t\t\t<\/div>\n\t\t\t\t<div class=\"elementor-element elementor-element-93afb64 elementor-widget elementor-widget-text-editor\" data-id=\"93afb64\" data-element_type=\"widget\" data-widget_type=\"text-editor.default\">\n\t\t\t\t<div class=\"elementor-widget-container\">\n\t\t\t\t\t\t\t\t\t<p>Zv\u00e4z je u\u017e desa\u0165ro\u010dia k\u013e\u00fa\u010dov\u00fdm hr\u00e1\u010dom v ma\u010farskom \u0161porte a odhodlane pracuje na populariz\u00e1cii hokeja a \u00faspechoch n\u00e1rodn\u00fdch t\u00edmov.<\/p><p>Cie\u013eom n\u00e1\u0161ho partnerstva je, aby fan\u00fa\u0161ikovia mohli vyjadri\u0165 svoju sp\u00e4tos\u0165 s t\u00fdmto \u0161portom prostredn\u00edctvom produktov svetovej \u00farovne. Po\u010das na\u0161ej spolupr\u00e1ce podporujeme zv\u00e4z komplexn\u00fdmi slu\u017ebami: poskytujeme strategick\u00e9 poradenstvo pri v\u00fdvoji ich merchandisingov\u00fdch produktov, zabezpe\u010dujeme v\u00fdrobu, vyv\u00edjame a prev\u00e1dzkujeme pre nich webshop a po\u010das ich podujat\u00ed p\u00f4sob\u00edme priamo na mieste ako ofici\u00e1lny shop.<\/p>\t\t\t\t\t\t\t\t<\/div>\n\t\t\t\t<\/div>\n\t\t\t\t\t<\/div>\n\t\t<\/div>\n\t\t\t\t\t<\/div>\n\t\t<\/section>\n\t\t\t\t<\/div>","protected":false},"excerpt":{"rendered":"<p>Magyar j\u00e9gkorong sz\u00f6vets\u00e9g B\u00fcszk\u00e9k vagyunk r\u00e1, hogy a hazai sport\u00e9let egyik legdinamikusabb szervezet\u00e9vel, a Magyar J\u00e9gkorong Sz\u00f6vets\u00e9ggel kezdt\u00fck meg k\u00f6z\u00f6s munk\u00e1nkat. A Sz\u00f6vets\u00e9g \u00e9vtizedek \u00f3ta meghat\u00e1roz\u00f3 szerepl\u0151je a magyar sportnak, elk\u00f6telezetten dolgozik a j\u00e9gkorong n\u00e9pszer\u0171s\u00edt\u00e9s\u00e9n \u00e9s a v\u00e1logatottak sikerei\u00e9rt. Partners\u00e9g\u00fcnk c\u00e9lja, hogy a szurkol\u00f3k vil\u00e1gsz\u00ednvonal\u00fa term\u00e9keken kereszt\u00fcl fejezhess\u00e9k ki k\u00f6t\u0151d\u00e9s\u00fcket a sport\u00e1ghoz. Egy\u00fcttm\u0171k\u00f6d\u00e9s\u00fcnk sor\u00e1n teljes [&hellip;]<\/p>","protected":false},"author":1,"featured_media":0,"parent":0,"menu_order":0,"comment_status":"closed","ping_status":"closed","template":"elementor_header_footer","meta":{"footnotes":""},"class_list":["post-11749","page","type-page","status-publish","hentry"],"_links":{"self":[{"href":"https:\/\/sportmerchandise.hu\/sk\/wp-json\/wp\/v2\/pages\/11749","targetHints":{"allow":["GET"]}}],"collection":[{"href":"https:\/\/sportmerchandise.hu\/sk\/wp-json\/wp\/v2\/pages"}],"about":[{"href":"https:\/\/sportmerchandise.hu\/sk\/wp-json\/wp\/v2\/types\/page"}],"author":[{"embeddable":true,"href":"https:\/\/sportmerchandise.hu\/sk\/wp-json\/wp\/v2\/users\/1"}],"replies":[{"embeddable":true,"href":"https:\/\/sportmerchandise.hu\/sk\/wp-json\/wp\/v2\/comments?post=11749"}],"version-history":[{"count":4,"href":"https:\/\/sportmerchandise.hu\/sk\/wp-json\/wp\/v2\/pages\/11749\/revisions"}],"predecessor-version":[{"id":11760,"href":"https:\/\/sportmerchandise.hu\/sk\/wp-json\/wp\/v2\/pages\/11749\/revisions\/11760"}],"wp:attachment":[{"href":"https:\/\/sportmerchandise.hu\/sk\/wp-json\/wp\/v2\/media?parent=11749"}],"curies":[{"name":"wp","href":"https:\/\/api.w.org\/{rel}","templated":true}]}}