{"id":11435,"date":"2026-01-27T14:14:00","date_gmt":"2026-01-27T14:14:00","guid":{"rendered":"https:\/\/sportmerchandise.hu\/?page_id=11435"},"modified":"2026-01-27T14:21:41","modified_gmt":"2026-01-27T14:21:41","slug":"zalaegerszegi-te","status":"publish","type":"page","link":"https:\/\/sportmerchandise.hu\/sk\/zalaegerszegi-te\/","title":{"rendered":"Zalaegerszegi TE"},"content":{"rendered":"<div data-elementor-type=\"wp-page\" data-elementor-id=\"11435\" class=\"elementor elementor-11435\" data-elementor-post-type=\"page\">\n\t\t\t\t\t\t<section class=\"elementor-section elementor-top-section elementor-element elementor-element-a7eb32e elementor-section-height-min-height elementor-section-boxed elementor-section-height-default elementor-section-items-middle\" data-id=\"a7eb32e\" data-element_type=\"section\" data-settings=\"{&quot;background_background&quot;:&quot;classic&quot;}\">\n\t\t\t\t\t\t\t<div class=\"elementor-background-overlay\"><\/div>\n\t\t\t\t\t\t\t<div class=\"elementor-container elementor-column-gap-default\">\n\t\t\t\t\t<div class=\"elementor-column elementor-col-100 elementor-top-column elementor-element elementor-element-847dd31 elementor-invisible\" data-id=\"847dd31\" data-element_type=\"column\" data-settings=\"{&quot;animation&quot;:&quot;fadeInLeft&quot;}\">\n\t\t\t<div class=\"elementor-widget-wrap elementor-element-populated\">\n\t\t\t\t\t\t<div class=\"elementor-element elementor-element-330e615 elementor-widget elementor-widget-heading\" data-id=\"330e615\" data-element_type=\"widget\" data-widget_type=\"heading.default\">\n\t\t\t\t<div class=\"elementor-widget-container\">\n\t\t\t\t\t<h2 class=\"elementor-heading-title elementor-size-default\">Zalaegerszegi TE<\/h2>\t\t\t\t<\/div>\n\t\t\t\t<\/div>\n\t\t\t\t<div class=\"elementor-element elementor-element-ac7cf60 elementor-widget-divider--view-line elementor-widget elementor-widget-divider\" data-id=\"ac7cf60\" data-element_type=\"widget\" data-widget_type=\"divider.default\">\n\t\t\t\t<div class=\"elementor-widget-container\">\n\t\t\t\t\t\t\t<div class=\"elementor-divider\">\n\t\t\t<span class=\"elementor-divider-separator\">\n\t\t\t\t\t\t<\/span>\n\t\t<\/div>\n\t\t\t\t\t\t<\/div>\n\t\t\t\t<\/div>\n\t\t\t\t\t<\/div>\n\t\t<\/div>\n\t\t\t\t\t<\/div>\n\t\t<\/section>\n\t\t<div class=\"elementor-element elementor-element-1b06891 e-flex e-con-boxed e-con e-parent\" data-id=\"1b06891\" data-element_type=\"container\">\n\t\t\t\t\t<div class=\"e-con-inner\">\n\t\t\t\t<div class=\"elementor-element elementor-element-bee3322 elementor-widget elementor-widget-heading\" data-id=\"bee3322\" data-element_type=\"widget\" data-widget_type=\"heading.default\">\n\t\t\t\t<div class=\"elementor-widget-container\">\n\t\t\t\t\t<h2 class=\"elementor-heading-title elementor-size-default\">Zalaegerszegi TE bol zalo\u017een\u00fd v roku 1920, modro-bielu farebn\u00fa kombin\u00e1ciu pou\u017e\u00edvaj\u00fa od konca 70. rokov.  <\/h2>\t\t\t\t<\/div>\n\t\t\t\t<\/div>\n\t\t\t\t\t<\/div>\n\t\t\t\t<\/div>\n\t\t<div class=\"elementor-element elementor-element-2bd2e28 e-flex e-con-boxed e-con e-parent\" data-id=\"2bd2e28\" data-element_type=\"container\">\n\t\t\t\t\t<div class=\"e-con-inner\">\n\t\t\t\t<div class=\"elementor-element elementor-element-af92aae elementor-widget elementor-widget-text-editor\" data-id=\"af92aae\" data-element_type=\"widget\" data-widget_type=\"text-editor.default\">\n\t\t\t\t<div class=\"elementor-widget-container\">\n\t\t\t\t\t\t\t\t\t<p>Ich najv\u00e4\u010d\u0161\u00edm \u00faspechom je titul v prvej ma\u010farskej lige, ktor\u00fd z\u00edskali v roku 2002.<\/p><p>Na\u0161a spolupr\u00e1ca s klubom za\u010dala v roku 2026. Na\u0161\u00edm cie\u013eom je prostredn\u00edctvom profesion\u00e1lnej podpory pom\u00e1ha\u0165 obchodn\u00fdm a marketingov\u00fdm \u00faspechom ZTE FC, a t\u00fdm d\u00f4stojne reprezentova\u0165 hist\u00f3riu aj bud\u00facnos\u0165 klubu.<\/p><p>V r\u00e1mci na\u0161ej pr\u00e1ce pokr\u00fdvame v\u0161etky oblasti merchandisingov\u00fdch aktiv\u00edt klubu, od dlhodobej strat\u00e9gie cez v\u00fdrobu produktov a\u017e po ich predaj. S\u00fa\u010das\u0165ou na\u0161ej partnerskej dohody je pomoc pri formovan\u00ed kompletnej strat\u00e9gie merchandisingu a poskytovanie komplexnej obchodnej a marketingovej podpory.\nRozhoduj\u00facim m\u00ed\u013enikom spolupr\u00e1ce bol v\u00fdvoj webshopu, s ktor\u00fdm \u00fazko s\u00favis\u00ed neust\u00e1ly mana\u017ement a doh\u013ead nad optim\u00e1lnymi skladov\u00fdmi z\u00e1sobami. Cel\u00fd produktov\u00fd mana\u017ement dr\u017e\u00edme vo vlastn\u00fdch ruk\u00e1ch, tak\u017ee zodpoved\u00e1me za ka\u017ed\u00fd krok \u2013 od f\u00e1zy kreat\u00edvneho pl\u00e1novania a\u017e po v\u00fdrobn\u00e9 procesy. Ako zav\u0155\u0161enie tohto procesu vykon\u00e1vame kompletn\u00fa obchodn\u00fa \u010dinnos\u0165, \u010d\u00edm zabezpe\u010dujeme profesion\u00e1lny servis na online platform\u00e1ch, ako aj v offline predajn\u00fdch kan\u00e1loch.<\/p>\t\t\t\t\t\t\t\t<\/div>\n\t\t\t\t<\/div>\n\t\t\t\t\t<\/div>\n\t\t\t\t<\/div>\n\t\t\t\t<\/div>","protected":false},"excerpt":{"rendered":"<p>Zalaegerszegi TE A Zalaegerszegi TE 1920-ban alakult meg, a k\u00e9k-feh\u00e9r sz\u00edn\u00f6ssze\u00e1ll\u00edt\u00e1st a 70-es \u00e9vek v\u00e9g\u00e9t\u0151l haszn\u00e1lj\u00e1k. A legnagyobb siker\u00fck az els\u0151 oszt\u00e1ly\u00fa magyar bajnoki c\u00edm, amelyet 2002-ben \u00e9rt\u00e9k el. Egy\u00fcttm\u0171k\u00f6d\u00e9s\u00fcnk a klubbal 2026-t\u00f3l kezd\u0151d\u00f6tt. C\u00e9lunk, hogy professzion\u00e1lis t\u00e1mogat\u00e1ssal seg\u00edts\u00fck az ZTE FC kereskedelmi \u00e9s marketing sikereit, ez\u00e1ltal m\u00e9lt\u00f3 m\u00f3don k\u00e9pviselve a klub t\u00f6rt\u00e9nelm\u00e9t \u00e9s j\u00f6v\u0151j\u00e9t. [&hellip;]<\/p>","protected":false},"author":1,"featured_media":0,"parent":0,"menu_order":0,"comment_status":"closed","ping_status":"closed","template":"elementor_header_footer","meta":{"footnotes":""},"class_list":["post-11435","page","type-page","status-publish","hentry"],"_links":{"self":[{"href":"https:\/\/sportmerchandise.hu\/sk\/wp-json\/wp\/v2\/pages\/11435","targetHints":{"allow":["GET"]}}],"collection":[{"href":"https:\/\/sportmerchandise.hu\/sk\/wp-json\/wp\/v2\/pages"}],"about":[{"href":"https:\/\/sportmerchandise.hu\/sk\/wp-json\/wp\/v2\/types\/page"}],"author":[{"embeddable":true,"href":"https:\/\/sportmerchandise.hu\/sk\/wp-json\/wp\/v2\/users\/1"}],"replies":[{"embeddable":true,"href":"https:\/\/sportmerchandise.hu\/sk\/wp-json\/wp\/v2\/comments?post=11435"}],"version-history":[{"count":8,"href":"https:\/\/sportmerchandise.hu\/sk\/wp-json\/wp\/v2\/pages\/11435\/revisions"}],"predecessor-version":[{"id":11495,"href":"https:\/\/sportmerchandise.hu\/sk\/wp-json\/wp\/v2\/pages\/11435\/revisions\/11495"}],"wp:attachment":[{"href":"https:\/\/sportmerchandise.hu\/sk\/wp-json\/wp\/v2\/media?parent=11435"}],"curies":[{"name":"wp","href":"https:\/\/api.w.org\/{rel}","templated":true}]}}