{"id":7676,"date":"2025-11-04T13:03:04","date_gmt":"2025-11-04T13:03:04","guid":{"rendered":"https:\/\/sportmerchandise.hu\/?page_id=7676"},"modified":"2025-11-18T08:02:28","modified_gmt":"2025-11-18T08:02:28","slug":"haladas","status":"publish","type":"page","link":"https:\/\/sportmerchandise.hu\/ro\/haladas\/","title":{"rendered":"Halad\u00e1s"},"content":{"rendered":"<div data-elementor-type=\"wp-page\" data-elementor-id=\"7676\" class=\"elementor elementor-7676\" data-elementor-post-type=\"page\">\n\t\t\t\t\t\t<section class=\"elementor-section elementor-top-section elementor-element elementor-element-8dff48b elementor-section-height-min-height elementor-section-boxed elementor-section-height-default elementor-section-items-middle\" data-id=\"8dff48b\" data-element_type=\"section\" data-settings=\"{&quot;background_background&quot;:&quot;classic&quot;}\">\n\t\t\t\t\t\t\t<div class=\"elementor-background-overlay\"><\/div>\n\t\t\t\t\t\t\t<div class=\"elementor-container elementor-column-gap-default\">\n\t\t\t\t\t<div class=\"elementor-column elementor-col-100 elementor-top-column elementor-element elementor-element-496451e elementor-invisible\" data-id=\"496451e\" data-element_type=\"column\" data-settings=\"{&quot;animation&quot;:&quot;fadeInLeft&quot;}\">\n\t\t\t<div class=\"elementor-widget-wrap elementor-element-populated\">\n\t\t\t\t\t\t<div class=\"elementor-element elementor-element-595fd53 elementor-widget elementor-widget-heading\" data-id=\"595fd53\" data-element_type=\"widget\" data-widget_type=\"heading.default\">\n\t\t\t\t<div class=\"elementor-widget-container\">\n\t\t\t\t\t<h2 class=\"elementor-heading-title elementor-size-default\">Halad\u00e1s<\/h2>\t\t\t\t<\/div>\n\t\t\t\t<\/div>\n\t\t\t\t<div class=\"elementor-element elementor-element-1dfce41 elementor-widget-divider--view-line elementor-widget elementor-widget-divider\" data-id=\"1dfce41\" data-element_type=\"widget\" data-widget_type=\"divider.default\">\n\t\t\t\t<div class=\"elementor-widget-container\">\n\t\t\t\t\t\t\t<div class=\"elementor-divider\">\n\t\t\t<span class=\"elementor-divider-separator\">\n\t\t\t\t\t\t<\/span>\n\t\t<\/div>\n\t\t\t\t\t\t<\/div>\n\t\t\t\t<\/div>\n\t\t\t\t\t<\/div>\n\t\t<\/div>\n\t\t\t\t\t<\/div>\n\t\t<\/section>\n\t\t\t\t<section class=\"elementor-section elementor-top-section elementor-element elementor-element-571bc27 elementor-section-boxed elementor-section-height-default elementor-section-height-default\" data-id=\"571bc27\" data-element_type=\"section\">\n\t\t\t\t\t\t<div class=\"elementor-container elementor-column-gap-default\">\n\t\t\t\t\t<div class=\"elementor-column elementor-col-100 elementor-top-column elementor-element elementor-element-c6e9a2a\" data-id=\"c6e9a2a\" data-element_type=\"column\">\n\t\t\t<div class=\"elementor-widget-wrap elementor-element-populated\">\n\t\t\t\t\t\t<div class=\"elementor-element elementor-element-7f1ef8f elementor-widget elementor-widget-heading\" data-id=\"7f1ef8f\" data-element_type=\"widget\" data-widget_type=\"heading.default\">\n\t\t\t\t<div class=\"elementor-widget-container\">\n\t\t\t\t\t<h2 class=\"elementor-heading-title elementor-size-default\">Halad\u00e1s este unul dintre cluburile sportive tradi\u021bionale ale ora\u0219ului Szombathely.<\/h2>\t\t\t\t<\/div>\n\t\t\t\t<\/div>\n\t\t\t\t<div class=\"elementor-element elementor-element-d998c6c elementor-widget elementor-widget-text-editor\" data-id=\"d998c6c\" data-element_type=\"widget\" data-widget_type=\"text-editor.default\">\n\t\t\t\t<div class=\"elementor-widget-container\">\n\t\t\t\t\t\t\t\t\t<p>De-a lungul istoriei sale \u00eendelungate, clubul s-a f\u0103cut remarcat \u00een mai multe discipline sportive, devenind un reper important al vie\u021bii sportive din Transdanubia.\n\u00cenc\u0103 de la \u00eenceputuri, Halad\u00e1s a mizat pe talentele locale \u0219i a contribuit la consolidarea angajamentului fa\u021b\u0103 de sport \u00een \u00eentreaga regiune. Suporterii clubului sunt m\u00e2ndri de tradi\u021biile sale \u0219i de loialitatea necondi\u021bionat\u0103 fa\u021b\u0103 de echip\u0103.<br \/>\u00cen cadrul colabor\u0103rii noastre, oferim clubului sprijin complet \u00een produc\u021bia articolelor de merchandise.<\/p>\t\t\t\t\t\t\t\t<\/div>\n\t\t\t\t<\/div>\n\t\t\t\t\t<\/div>\n\t\t<\/div>\n\t\t\t\t\t<\/div>\n\t\t<\/section>\n\t\t<div class=\"elementor-element elementor-element-e9eba24 e-flex e-con-boxed e-con e-parent\" data-id=\"e9eba24\" data-element_type=\"container\">\n\t\t\t\t\t<div class=\"e-con-inner\">\n\t\t<div class=\"elementor-element elementor-element-ea2d396 e-con-full e-flex e-con e-child\" data-id=\"ea2d396\" data-element_type=\"container\">\n\t\t\t\t<div class=\"elementor-element elementor-element-471cf08 elementor-widget elementor-widget-image\" data-id=\"471cf08\" data-element_type=\"widget\" data-widget_type=\"image.default\">\n\t\t\t\t<div class=\"elementor-widget-container\">\n\t\t\t\t\t\t\t\t\t\t\t\t\t\t\t\t<a href=\"https:\/\/sportmerchandise.hu\/ro\/haladas\/haladas-sepci\/\">\n\t\t\t\t\t\t\t<img fetchpriority=\"high\" decoding=\"async\" width=\"896\" height=\"1000\" src=\"https:\/\/sportmerchandise.hu\/wp-content\/uploads\/2025\/11\/Haladas-Kiegeszito-kotott-sapka_04.webp\" class=\"attachment-full size-full wp-image-7731\" alt=\"\" srcset=\"https:\/\/sportmerchandise.hu\/wp-content\/uploads\/2025\/11\/Haladas-Kiegeszito-kotott-sapka_04.webp 896w, https:\/\/sportmerchandise.hu\/wp-content\/uploads\/2025\/11\/Haladas-Kiegeszito-kotott-sapka_04-269x300.webp 269w, https:\/\/sportmerchandise.hu\/wp-content\/uploads\/2025\/11\/Haladas-Kiegeszito-kotott-sapka_04-768x857.webp 768w, https:\/\/sportmerchandise.hu\/wp-content\/uploads\/2025\/11\/Haladas-Kiegeszito-kotott-sapka_04-11x12.webp 11w\" sizes=\"(max-width: 896px) 100vw, 896px\" \/>\t\t\t\t\t\t\t\t<\/a>\n\t\t\t\t\t\t\t\t\t\t\t\t\t\t\t<\/div>\n\t\t\t\t<\/div>\n\t\t\t\t<div class=\"elementor-element elementor-element-2a9d530 elementor-widget elementor-widget-text-editor\" data-id=\"2a9d530\" data-element_type=\"widget\" data-widget_type=\"text-editor.default\">\n\t\t\t\t<div class=\"elementor-widget-container\">\n\t\t\t\t\t\t\t\t\t<p>\u0218epci<\/p>\t\t\t\t\t\t\t\t<\/div>\n\t\t\t\t<\/div>\n\t\t\t\t<\/div>\n\t\t<div class=\"elementor-element elementor-element-62840a1 e-con-full e-flex e-con e-child\" data-id=\"62840a1\" data-element_type=\"container\">\n\t\t\t\t<div class=\"elementor-element elementor-element-5cfb2e2 elementor-widget elementor-widget-image\" data-id=\"5cfb2e2\" data-element_type=\"widget\" data-widget_type=\"image.default\">\n\t\t\t\t<div class=\"elementor-widget-container\">\n\t\t\t\t\t\t\t\t\t\t\t\t\t\t\t\t<a href=\"https:\/\/sportmerchandise.hu\/ro\/haladas\/haladas-portofel\/\">\n\t\t\t\t\t\t\t<img decoding=\"async\" width=\"896\" height=\"1000\" src=\"https:\/\/sportmerchandise.hu\/wp-content\/uploads\/2025\/11\/Haladas-Iskolai-termekek-penztarca_01.webp\" class=\"attachment-full size-full wp-image-7726\" alt=\"\" srcset=\"https:\/\/sportmerchandise.hu\/wp-content\/uploads\/2025\/11\/Haladas-Iskolai-termekek-penztarca_01.webp 896w, https:\/\/sportmerchandise.hu\/wp-content\/uploads\/2025\/11\/Haladas-Iskolai-termekek-penztarca_01-269x300.webp 269w, https:\/\/sportmerchandise.hu\/wp-content\/uploads\/2025\/11\/Haladas-Iskolai-termekek-penztarca_01-768x857.webp 768w, https:\/\/sportmerchandise.hu\/wp-content\/uploads\/2025\/11\/Haladas-Iskolai-termekek-penztarca_01-11x12.webp 11w\" sizes=\"(max-width: 896px) 100vw, 896px\" \/>\t\t\t\t\t\t\t\t<\/a>\n\t\t\t\t\t\t\t\t\t\t\t\t\t\t\t<\/div>\n\t\t\t\t<\/div>\n\t\t\t\t<div class=\"elementor-element elementor-element-81cf957 elementor-widget elementor-widget-text-editor\" data-id=\"81cf957\" data-element_type=\"widget\" data-widget_type=\"text-editor.default\">\n\t\t\t\t<div class=\"elementor-widget-container\">\n\t\t\t\t\t\t\t\t\t<p>Portofel<\/p>\t\t\t\t\t\t\t\t<\/div>\n\t\t\t\t<\/div>\n\t\t\t\t<\/div>\n\t\t\t\t\t<\/div>\n\t\t\t\t<\/div>\n\t\t<div class=\"elementor-element elementor-element-aa50fdf e-flex e-con-boxed e-con e-parent\" data-id=\"aa50fdf\" data-element_type=\"container\">\n\t\t\t\t\t<div class=\"e-con-inner\">\n\t\t<div class=\"elementor-element elementor-element-872fa6d e-con-full e-flex e-con e-child\" data-id=\"872fa6d\" data-element_type=\"container\">\n\t\t\t\t<div class=\"elementor-element elementor-element-115cb07 elementor-widget elementor-widget-image\" data-id=\"115cb07\" data-element_type=\"widget\" data-widget_type=\"image.default\">\n\t\t\t\t<div class=\"elementor-widget-container\">\n\t\t\t\t\t\t\t\t\t\t\t\t\t\t\t\t<a href=\"https:\/\/sportmerchandise.hu\/ro\/haladas\/haladas-penar\/\">\n\t\t\t\t\t\t\t<img decoding=\"async\" width=\"896\" height=\"1000\" src=\"https:\/\/sportmerchandise.hu\/wp-content\/uploads\/2025\/11\/Haladas-iskolai-termekek-tolltarto_01.webp\" class=\"attachment-full size-full wp-image-7727\" alt=\"\" srcset=\"https:\/\/sportmerchandise.hu\/wp-content\/uploads\/2025\/11\/Haladas-iskolai-termekek-tolltarto_01.webp 896w, https:\/\/sportmerchandise.hu\/wp-content\/uploads\/2025\/11\/Haladas-iskolai-termekek-tolltarto_01-269x300.webp 269w, https:\/\/sportmerchandise.hu\/wp-content\/uploads\/2025\/11\/Haladas-iskolai-termekek-tolltarto_01-768x857.webp 768w, https:\/\/sportmerchandise.hu\/wp-content\/uploads\/2025\/11\/Haladas-iskolai-termekek-tolltarto_01-11x12.webp 11w\" sizes=\"(max-width: 896px) 100vw, 896px\" \/>\t\t\t\t\t\t\t\t<\/a>\n\t\t\t\t\t\t\t\t\t\t\t\t\t\t\t<\/div>\n\t\t\t\t<\/div>\n\t\t\t\t<div class=\"elementor-element elementor-element-a41b546 elementor-widget elementor-widget-text-editor\" data-id=\"a41b546\" data-element_type=\"widget\" data-widget_type=\"text-editor.default\">\n\t\t\t\t<div class=\"elementor-widget-container\">\n\t\t\t\t\t\t\t\t\t<p>Penar<\/p>\t\t\t\t\t\t\t\t<\/div>\n\t\t\t\t<\/div>\n\t\t\t\t<\/div>\n\t\t<div class=\"elementor-element elementor-element-6e0ac5b e-con-full e-flex e-con e-child\" data-id=\"6e0ac5b\" data-element_type=\"container\">\n\t\t\t\t<div class=\"elementor-element elementor-element-bf682ee elementor-widget elementor-widget-image\" data-id=\"bf682ee\" data-element_type=\"widget\" data-widget_type=\"image.default\">\n\t\t\t\t<div class=\"elementor-widget-container\">\n\t\t\t\t\t\t\t\t\t\t\t\t\t\t\t\t<a href=\"https:\/\/sportmerchandise.hu\/ro\/haladas\/haladas-accesorii-pentru-suporteri\/\">\n\t\t\t\t\t\t\t<img loading=\"lazy\" decoding=\"async\" width=\"896\" height=\"1000\" src=\"https:\/\/sportmerchandise.hu\/wp-content\/uploads\/2025\/11\/Haladas-Szurkoloi-kellekek-szurkoloi-sal_03.webp\" class=\"attachment-full size-full wp-image-7738\" alt=\"\" srcset=\"https:\/\/sportmerchandise.hu\/wp-content\/uploads\/2025\/11\/Haladas-Szurkoloi-kellekek-szurkoloi-sal_03.webp 896w, https:\/\/sportmerchandise.hu\/wp-content\/uploads\/2025\/11\/Haladas-Szurkoloi-kellekek-szurkoloi-sal_03-269x300.webp 269w, https:\/\/sportmerchandise.hu\/wp-content\/uploads\/2025\/11\/Haladas-Szurkoloi-kellekek-szurkoloi-sal_03-768x857.webp 768w, https:\/\/sportmerchandise.hu\/wp-content\/uploads\/2025\/11\/Haladas-Szurkoloi-kellekek-szurkoloi-sal_03-11x12.webp 11w\" sizes=\"(max-width: 896px) 100vw, 896px\" \/>\t\t\t\t\t\t\t\t<\/a>\n\t\t\t\t\t\t\t\t\t\t\t\t\t\t\t<\/div>\n\t\t\t\t<\/div>\n\t\t\t\t<div class=\"elementor-element elementor-element-056b57a elementor-widget elementor-widget-text-editor\" data-id=\"056b57a\" data-element_type=\"widget\" data-widget_type=\"text-editor.default\">\n\t\t\t\t<div class=\"elementor-widget-container\">\n\t\t\t\t\t\t\t\t\t<p>Accesorii pentru suporteri<\/p>\t\t\t\t\t\t\t\t<\/div>\n\t\t\t\t<\/div>\n\t\t\t\t<\/div>\n\t\t\t\t\t<\/div>\n\t\t\t\t<\/div>\n\t\t<div class=\"elementor-element elementor-element-40b137f e-flex e-con-boxed e-con e-parent\" data-id=\"40b137f\" data-element_type=\"container\">\n\t\t\t\t\t<div class=\"e-con-inner\">\n\t\t<div class=\"elementor-element elementor-element-1e3f48b e-con-full e-flex e-con e-child\" data-id=\"1e3f48b\" data-element_type=\"container\">\n\t\t\t\t<div class=\"elementor-element elementor-element-8f6cb3a elementor-widget elementor-widget-image\" data-id=\"8f6cb3a\" data-element_type=\"widget\" data-widget_type=\"image.default\">\n\t\t\t\t<div class=\"elementor-widget-container\">\n\t\t\t\t\t\t\t\t\t\t\t\t\t\t\t\t<a href=\"https:\/\/sportmerchandise.hu\/ro\/haladas\/haladas-obiecte-cadou\/\">\n\t\t\t\t\t\t\t<img loading=\"lazy\" decoding=\"async\" width=\"896\" height=\"1000\" src=\"https:\/\/sportmerchandise.hu\/wp-content\/uploads\/2025\/11\/Haladas-Otthon-bogre_01.webp\" class=\"attachment-full size-full wp-image-7734\" alt=\"\" srcset=\"https:\/\/sportmerchandise.hu\/wp-content\/uploads\/2025\/11\/Haladas-Otthon-bogre_01.webp 896w, https:\/\/sportmerchandise.hu\/wp-content\/uploads\/2025\/11\/Haladas-Otthon-bogre_01-269x300.webp 269w, https:\/\/sportmerchandise.hu\/wp-content\/uploads\/2025\/11\/Haladas-Otthon-bogre_01-768x857.webp 768w, https:\/\/sportmerchandise.hu\/wp-content\/uploads\/2025\/11\/Haladas-Otthon-bogre_01-11x12.webp 11w\" sizes=\"(max-width: 896px) 100vw, 896px\" \/>\t\t\t\t\t\t\t\t<\/a>\n\t\t\t\t\t\t\t\t\t\t\t\t\t\t\t<\/div>\n\t\t\t\t<\/div>\n\t\t\t\t<div class=\"elementor-element elementor-element-013a2b2 elementor-widget elementor-widget-text-editor\" data-id=\"013a2b2\" data-element_type=\"widget\" data-widget_type=\"text-editor.default\">\n\t\t\t\t<div class=\"elementor-widget-container\">\n\t\t\t\t\t\t\t\t\t<p>Obiecte cadou<\/p>\t\t\t\t\t\t\t\t<\/div>\n\t\t\t\t<\/div>\n\t\t\t\t<\/div>\n\t\t<div class=\"elementor-element elementor-element-65d38bd e-con-full e-flex e-con e-child\" data-id=\"65d38bd\" data-element_type=\"container\">\n\t\t\t\t<\/div>\n\t\t\t\t\t<\/div>\n\t\t\t\t<\/div>\n\t\t\t\t<\/div>","protected":false},"excerpt":{"rendered":"<p>Halad\u00e1s A Halad\u00e1s Szombathely v\u00e1ros\u00e1nak egyik tradicion\u00e1lis sportegyes\u00fclete. A klub hossz\u00fa t\u00f6rt\u00e9nete sor\u00e1n t\u00f6bb szak\u00e1gban is k\u00e9pviseltette mag\u00e1t, ezzel a Dun\u00e1nt\u00fal sport\u00e9let\u00e9nek egyik meghat\u00e1roz\u00f3 szerepl\u0151je maradt. A Halad\u00e1s a kezdetekt\u0151l fogva a helyi tehets\u00e9gekre \u00e9p\u00edt, \u00e9s er\u0151s\u00edti a sport\u00e1gak ir\u00e1nti elk\u00f6telezetts\u00e9get a r\u00e9gi\u00f3ban. A klub szurkol\u00f3i b\u0171szk\u00e9k hagyom\u00e1nyaira \u00e9s a csapat ir\u00e1nti felt\u00e9tlen h\u0171s\u00e9gre.Egy\u00fcttm\u0171k\u00f6d\u00e9s\u00fcnk sor\u00e1n [&hellip;]<\/p>","protected":false},"author":1,"featured_media":0,"parent":0,"menu_order":0,"comment_status":"closed","ping_status":"closed","template":"elementor_header_footer","meta":{"footnotes":""},"class_list":["post-7676","page","type-page","status-publish","hentry"],"_links":{"self":[{"href":"https:\/\/sportmerchandise.hu\/ro\/wp-json\/wp\/v2\/pages\/7676","targetHints":{"allow":["GET"]}}],"collection":[{"href":"https:\/\/sportmerchandise.hu\/ro\/wp-json\/wp\/v2\/pages"}],"about":[{"href":"https:\/\/sportmerchandise.hu\/ro\/wp-json\/wp\/v2\/types\/page"}],"author":[{"embeddable":true,"href":"https:\/\/sportmerchandise.hu\/ro\/wp-json\/wp\/v2\/users\/1"}],"replies":[{"embeddable":true,"href":"https:\/\/sportmerchandise.hu\/ro\/wp-json\/wp\/v2\/comments?post=7676"}],"version-history":[{"count":10,"href":"https:\/\/sportmerchandise.hu\/ro\/wp-json\/wp\/v2\/pages\/7676\/revisions"}],"predecessor-version":[{"id":10577,"href":"https:\/\/sportmerchandise.hu\/ro\/wp-json\/wp\/v2\/pages\/7676\/revisions\/10577"}],"wp:attachment":[{"href":"https:\/\/sportmerchandise.hu\/ro\/wp-json\/wp\/v2\/media?parent=7676"}],"curies":[{"name":"wp","href":"https:\/\/api.w.org\/{rel}","templated":true}]}}