{"id":7665,"date":"2025-11-04T12:54:22","date_gmt":"2025-11-04T12:54:22","guid":{"rendered":"https:\/\/sportmerchandise.hu\/?page_id=7665"},"modified":"2025-11-18T08:17:04","modified_gmt":"2025-11-18T08:17:04","slug":"serco-uni-gyor","status":"publish","type":"page","link":"https:\/\/sportmerchandise.hu\/ro\/serco-uni-gyor\/","title":{"rendered":"Serco Uni Gy\u0151r"},"content":{"rendered":"<div data-elementor-type=\"wp-page\" data-elementor-id=\"7665\" class=\"elementor elementor-7665\" data-elementor-post-type=\"page\">\n\t\t\t\t\t\t<section class=\"elementor-section elementor-top-section elementor-element elementor-element-e650eb0 elementor-section-height-min-height elementor-section-boxed elementor-section-height-default elementor-section-items-middle\" data-id=\"e650eb0\" data-element_type=\"section\" data-settings=\"{&quot;background_background&quot;:&quot;classic&quot;}\">\n\t\t\t\t\t\t\t<div class=\"elementor-background-overlay\"><\/div>\n\t\t\t\t\t\t\t<div class=\"elementor-container elementor-column-gap-default\">\n\t\t\t\t\t<div class=\"elementor-column elementor-col-100 elementor-top-column elementor-element elementor-element-e4a359c elementor-invisible\" data-id=\"e4a359c\" data-element_type=\"column\" data-settings=\"{&quot;animation&quot;:&quot;fadeInLeft&quot;}\">\n\t\t\t<div class=\"elementor-widget-wrap elementor-element-populated\">\n\t\t\t\t\t\t<div class=\"elementor-element elementor-element-e30dcbc elementor-widget elementor-widget-heading\" data-id=\"e30dcbc\" data-element_type=\"widget\" data-widget_type=\"heading.default\">\n\t\t\t\t<div class=\"elementor-widget-container\">\n\t\t\t\t\t<h2 class=\"elementor-heading-title elementor-size-default\">Serco uni <br> gy\u0151r<\/h2>\t\t\t\t<\/div>\n\t\t\t\t<\/div>\n\t\t\t\t<div class=\"elementor-element elementor-element-633cdcc elementor-widget-divider--view-line elementor-widget elementor-widget-divider\" data-id=\"633cdcc\" data-element_type=\"widget\" data-widget_type=\"divider.default\">\n\t\t\t\t<div class=\"elementor-widget-container\">\n\t\t\t\t\t\t\t<div class=\"elementor-divider\">\n\t\t\t<span class=\"elementor-divider-separator\">\n\t\t\t\t\t\t<\/span>\n\t\t<\/div>\n\t\t\t\t\t\t<\/div>\n\t\t\t\t<\/div>\n\t\t\t\t\t<\/div>\n\t\t<\/div>\n\t\t\t\t\t<\/div>\n\t\t<\/section>\n\t\t\t\t<section class=\"elementor-section elementor-top-section elementor-element elementor-element-99789fa elementor-section-boxed elementor-section-height-default elementor-section-height-default\" data-id=\"99789fa\" data-element_type=\"section\">\n\t\t\t\t\t\t<div class=\"elementor-container elementor-column-gap-default\">\n\t\t\t\t\t<div class=\"elementor-column elementor-col-100 elementor-top-column elementor-element elementor-element-da28b51\" data-id=\"da28b51\" data-element_type=\"column\">\n\t\t\t<div class=\"elementor-widget-wrap elementor-element-populated\">\n\t\t\t\t\t\t<div class=\"elementor-element elementor-element-7411d0c elementor-widget elementor-widget-heading\" data-id=\"7411d0c\" data-element_type=\"widget\" data-widget_type=\"heading.default\">\n\t\t\t\t<div class=\"elementor-widget-container\">\n\t\t\t\t\t<h2 class=\"elementor-heading-title elementor-size-default\">Echipa feminin\u0103 de baschet, fondat\u0103 \u00een 2005, a \u00eenregistrat o performan\u021b\u0103 istoric\u0103 \u00een sezonul 2011-2012,<\/h2>\t\t\t\t<\/div>\n\t\t\t\t<\/div>\n\t\t\t\t<div class=\"elementor-element elementor-element-c5cf90d elementor-widget elementor-widget-text-editor\" data-id=\"c5cf90d\" data-element_type=\"widget\" data-widget_type=\"text-editor.default\">\n\t\t\t\t<div class=\"elementor-widget-container\">\n\t\t\t\t\t\t\t\t\t<p>C\u00e2nd a c\u00e2\u0219tigat primul titlu de campioan\u0103 a Ungariei, intr\u00e2nd astfel \u00een elita baschetului maghiar.<\/p><p>\u00cen cadrul parteneriatului \u00eenceput \u00een septembrie 2022, ne concentr\u0103m direct pe dezvoltarea obiectivelor comerciale ale clubului \u0219i pe extinderea portofoliului de produse pentru suporteri.<\/p><p>Parteneriatul nostru pune accent pe produc\u021bia de merchandise pentru suporteri. Pe l\u00e2ng\u0103 designul grafic, oferim propuneri de produse pentru a extinde gama de articole dedicate fanilor.<\/p>\t\t\t\t\t\t\t\t<\/div>\n\t\t\t\t<\/div>\n\t\t\t\t\t<\/div>\n\t\t<\/div>\n\t\t\t\t\t<\/div>\n\t\t<\/section>\n\t\t<div class=\"elementor-element elementor-element-32d2a56 e-flex e-con-boxed e-con e-parent\" data-id=\"32d2a56\" data-element_type=\"container\">\n\t\t\t\t\t<div class=\"e-con-inner\">\n\t\t<div class=\"elementor-element elementor-element-52560f1 e-con-full e-flex e-con e-child\" data-id=\"52560f1\" data-element_type=\"container\">\n\t\t\t\t<div class=\"elementor-element elementor-element-331818a elementor-widget elementor-widget-image\" data-id=\"331818a\" data-element_type=\"widget\" data-widget_type=\"image.default\">\n\t\t\t\t<div class=\"elementor-widget-container\">\n\t\t\t\t\t\t\t\t\t\t\t\t\t\t\t\t<a href=\"https:\/\/sportmerchandise.hu\/ro\/serco-uni-gyor\/uni-gyor-imbracaminte\/\">\n\t\t\t\t\t\t\t<img fetchpriority=\"high\" decoding=\"async\" width=\"896\" height=\"1000\" src=\"https:\/\/sportmerchandise.hu\/wp-content\/uploads\/2025\/11\/UNI-Gyor-ruhazat-polo_03.webp\" class=\"attachment-full size-full wp-image-7696\" alt=\"\" srcset=\"https:\/\/sportmerchandise.hu\/wp-content\/uploads\/2025\/11\/UNI-Gyor-ruhazat-polo_03.webp 896w, https:\/\/sportmerchandise.hu\/wp-content\/uploads\/2025\/11\/UNI-Gyor-ruhazat-polo_03-269x300.webp 269w, https:\/\/sportmerchandise.hu\/wp-content\/uploads\/2025\/11\/UNI-Gyor-ruhazat-polo_03-768x857.webp 768w, https:\/\/sportmerchandise.hu\/wp-content\/uploads\/2025\/11\/UNI-Gyor-ruhazat-polo_03-11x12.webp 11w\" sizes=\"(max-width: 896px) 100vw, 896px\" \/>\t\t\t\t\t\t\t\t<\/a>\n\t\t\t\t\t\t\t\t\t\t\t\t\t\t\t<\/div>\n\t\t\t\t<\/div>\n\t\t\t\t<div class=\"elementor-element elementor-element-1fe908f elementor-widget elementor-widget-text-editor\" data-id=\"1fe908f\" data-element_type=\"widget\" data-widget_type=\"text-editor.default\">\n\t\t\t\t<div class=\"elementor-widget-container\">\n\t\t\t\t\t\t\t\t\t<p>\u00cembr\u0103c\u0103minte<\/p>\t\t\t\t\t\t\t\t<\/div>\n\t\t\t\t<\/div>\n\t\t\t\t<\/div>\n\t\t<div class=\"elementor-element elementor-element-aa67c6f e-con-full e-flex e-con e-child\" data-id=\"aa67c6f\" data-element_type=\"container\">\n\t\t\t\t<div class=\"elementor-element elementor-element-76c569d elementor-widget elementor-widget-image\" data-id=\"76c569d\" data-element_type=\"widget\" data-widget_type=\"image.default\">\n\t\t\t\t<div class=\"elementor-widget-container\">\n\t\t\t\t\t\t\t\t\t\t\t\t\t\t\t\t<a href=\"https:\/\/sportmerchandise.hu\/ro\/serco-uni-gyor\/uni-gyor-esarfe\/\">\n\t\t\t\t\t\t\t<img decoding=\"async\" width=\"896\" height=\"1000\" src=\"https:\/\/sportmerchandise.hu\/wp-content\/uploads\/2025\/11\/UNI-Gyor-Szurkoloi-kellekek-szurkoloi-sal_01.webp\" class=\"attachment-full size-full wp-image-7700\" alt=\"\" srcset=\"https:\/\/sportmerchandise.hu\/wp-content\/uploads\/2025\/11\/UNI-Gyor-Szurkoloi-kellekek-szurkoloi-sal_01.webp 896w, https:\/\/sportmerchandise.hu\/wp-content\/uploads\/2025\/11\/UNI-Gyor-Szurkoloi-kellekek-szurkoloi-sal_01-269x300.webp 269w, https:\/\/sportmerchandise.hu\/wp-content\/uploads\/2025\/11\/UNI-Gyor-Szurkoloi-kellekek-szurkoloi-sal_01-768x857.webp 768w, https:\/\/sportmerchandise.hu\/wp-content\/uploads\/2025\/11\/UNI-Gyor-Szurkoloi-kellekek-szurkoloi-sal_01-11x12.webp 11w\" sizes=\"(max-width: 896px) 100vw, 896px\" \/>\t\t\t\t\t\t\t\t<\/a>\n\t\t\t\t\t\t\t\t\t\t\t\t\t\t\t<\/div>\n\t\t\t\t<\/div>\n\t\t\t\t<div class=\"elementor-element elementor-element-4682c33 elementor-widget elementor-widget-text-editor\" data-id=\"4682c33\" data-element_type=\"widget\" data-widget_type=\"text-editor.default\">\n\t\t\t\t<div class=\"elementor-widget-container\">\n\t\t\t\t\t\t\t\t\t<p>E\u0219arfe<\/p>\t\t\t\t\t\t\t\t<\/div>\n\t\t\t\t<\/div>\n\t\t\t\t<\/div>\n\t\t\t\t\t<\/div>\n\t\t\t\t<\/div>\n\t\t<div class=\"elementor-element elementor-element-9439d15 e-flex e-con-boxed e-con e-parent\" data-id=\"9439d15\" data-element_type=\"container\">\n\t\t\t\t\t<div class=\"e-con-inner\">\n\t\t<div class=\"elementor-element elementor-element-4244d33 e-con-full e-flex e-con e-child\" data-id=\"4244d33\" data-element_type=\"container\">\n\t\t\t\t<div class=\"elementor-element elementor-element-dd503e1 elementor-widget elementor-widget-image\" data-id=\"dd503e1\" data-element_type=\"widget\" data-widget_type=\"image.default\">\n\t\t\t\t<div class=\"elementor-widget-container\">\n\t\t\t\t\t\t\t\t\t\t\t\t\t\t\t\t<a href=\"https:\/\/sportmerchandise.hu\/ro\/serco-uni-gyor\/uni-gyor-obiecte-cadou\/\">\n\t\t\t\t\t\t\t<img decoding=\"async\" width=\"896\" height=\"1000\" src=\"https:\/\/sportmerchandise.hu\/wp-content\/uploads\/2025\/11\/UNI-Gyor-Otthoni-termekek-bogre_01.webp\" class=\"attachment-full size-full wp-image-7694\" alt=\"\" srcset=\"https:\/\/sportmerchandise.hu\/wp-content\/uploads\/2025\/11\/UNI-Gyor-Otthoni-termekek-bogre_01.webp 896w, https:\/\/sportmerchandise.hu\/wp-content\/uploads\/2025\/11\/UNI-Gyor-Otthoni-termekek-bogre_01-269x300.webp 269w, https:\/\/sportmerchandise.hu\/wp-content\/uploads\/2025\/11\/UNI-Gyor-Otthoni-termekek-bogre_01-768x857.webp 768w, https:\/\/sportmerchandise.hu\/wp-content\/uploads\/2025\/11\/UNI-Gyor-Otthoni-termekek-bogre_01-11x12.webp 11w\" sizes=\"(max-width: 896px) 100vw, 896px\" \/>\t\t\t\t\t\t\t\t<\/a>\n\t\t\t\t\t\t\t\t\t\t\t\t\t\t\t<\/div>\n\t\t\t\t<\/div>\n\t\t\t\t<div class=\"elementor-element elementor-element-a606847 elementor-widget elementor-widget-text-editor\" data-id=\"a606847\" data-element_type=\"widget\" data-widget_type=\"text-editor.default\">\n\t\t\t\t<div class=\"elementor-widget-container\">\n\t\t\t\t\t\t\t\t\t<p>Obiecte cadou<\/p>\t\t\t\t\t\t\t\t<\/div>\n\t\t\t\t<\/div>\n\t\t\t\t<\/div>\n\t\t<div class=\"elementor-element elementor-element-c1b7df7 e-con-full e-flex e-con e-child\" data-id=\"c1b7df7\" data-element_type=\"container\">\n\t\t\t\t<\/div>\n\t\t\t\t\t<\/div>\n\t\t\t\t<\/div>\n\t\t\t\t<\/div>","protected":false},"excerpt":{"rendered":"<p>Serco uni gy\u0151r A 2005-ben alap\u00edtott n\u0151i kos\u00e1rlabdacsapat \u00e9let\u00e9ben a 2011-2012-es szezon jelentette a t\u00f6rt\u00e9nelmi \u00e1tt\u00f6r\u00e9st. Ekkor szerezte meg a klub t\u00f6rt\u00e9nete els\u0151 magyar bajnoki c\u00edm\u00e9t, ezzel be\u00edrva mag\u00e1t a hazai kos\u00e1rlabda \u00e9lvonal\u00e1ba. A 2022 szeptember\u00e9ben kezd\u0151d\u0151 egy\u00fcttm\u0171k\u00f6d\u00e9s sor\u00e1n k\u00f6zvetlen\u00fcl a klub kereskedelmi c\u00e9ljainak \u00e9s a szurkol\u00f3i term\u00e9kek portf\u00f3li\u00f3j\u00e1nak fejleszt\u00e9s\u00e9re \u00f6sszpontos\u00edtunk. Partners\u00e9g\u00fcnk f\u00f3kusz\u00e1ban a szurkol\u00f3i [&hellip;]<\/p>","protected":false},"author":1,"featured_media":0,"parent":0,"menu_order":0,"comment_status":"closed","ping_status":"closed","template":"elementor_header_footer","meta":{"footnotes":""},"class_list":["post-7665","page","type-page","status-publish","hentry"],"_links":{"self":[{"href":"https:\/\/sportmerchandise.hu\/ro\/wp-json\/wp\/v2\/pages\/7665","targetHints":{"allow":["GET"]}}],"collection":[{"href":"https:\/\/sportmerchandise.hu\/ro\/wp-json\/wp\/v2\/pages"}],"about":[{"href":"https:\/\/sportmerchandise.hu\/ro\/wp-json\/wp\/v2\/types\/page"}],"author":[{"embeddable":true,"href":"https:\/\/sportmerchandise.hu\/ro\/wp-json\/wp\/v2\/users\/1"}],"replies":[{"embeddable":true,"href":"https:\/\/sportmerchandise.hu\/ro\/wp-json\/wp\/v2\/comments?post=7665"}],"version-history":[{"count":10,"href":"https:\/\/sportmerchandise.hu\/ro\/wp-json\/wp\/v2\/pages\/7665\/revisions"}],"predecessor-version":[{"id":10688,"href":"https:\/\/sportmerchandise.hu\/ro\/wp-json\/wp\/v2\/pages\/7665\/revisions\/10688"}],"wp:attachment":[{"href":"https:\/\/sportmerchandise.hu\/ro\/wp-json\/wp\/v2\/media?parent=7665"}],"curies":[{"name":"wp","href":"https:\/\/api.w.org\/{rel}","templated":true}]}}