{"id":6207,"date":"2025-10-29T18:20:13","date_gmt":"2025-10-29T18:20:13","guid":{"rendered":"https:\/\/sportmerchandise.hu\/?page_id=6207"},"modified":"2025-11-19T07:22:14","modified_gmt":"2025-11-19T07:22:14","slug":"produse","status":"publish","type":"page","link":"https:\/\/sportmerchandise.hu\/ro\/produse\/","title":{"rendered":"produse"},"content":{"rendered":"<div data-elementor-type=\"wp-page\" data-elementor-id=\"6207\" class=\"elementor elementor-6207\" data-elementor-post-type=\"page\">\n\t\t\t\t\t\t<section class=\"elementor-section elementor-top-section elementor-element elementor-element-4298199 elementor-section-height-min-height elementor-section-boxed elementor-section-height-default elementor-section-items-middle\" data-id=\"4298199\" data-element_type=\"section\" data-settings=\"{&quot;background_background&quot;:&quot;classic&quot;}\">\n\t\t\t\t\t\t\t<div class=\"elementor-background-overlay\"><\/div>\n\t\t\t\t\t\t\t<div class=\"elementor-container elementor-column-gap-default\">\n\t\t\t\t\t<div class=\"elementor-column elementor-col-100 elementor-top-column elementor-element elementor-element-6a0f48b elementor-invisible\" data-id=\"6a0f48b\" data-element_type=\"column\" data-settings=\"{&quot;animation&quot;:&quot;fadeInLeft&quot;}\">\n\t\t\t<div class=\"elementor-widget-wrap elementor-element-populated\">\n\t\t\t\t\t\t<div class=\"elementor-element elementor-element-0cecea4 elementor-widget elementor-widget-heading\" data-id=\"0cecea4\" data-element_type=\"widget\" data-widget_type=\"heading.default\">\n\t\t\t\t<div class=\"elementor-widget-container\">\n\t\t\t\t\t<h2 class=\"elementor-heading-title elementor-size-default\">produse<\/h2>\t\t\t\t<\/div>\n\t\t\t\t<\/div>\n\t\t\t\t\t<\/div>\n\t\t<\/div>\n\t\t\t\t\t<\/div>\n\t\t<\/section>\n\t\t\t\t<section class=\"elementor-section elementor-top-section elementor-element elementor-element-0a57ca5 elementor-section-boxed elementor-section-height-default elementor-section-height-default\" data-id=\"0a57ca5\" data-element_type=\"section\">\n\t\t\t\t\t\t<div class=\"elementor-container elementor-column-gap-default\">\n\t\t\t\t\t<div class=\"elementor-column elementor-col-50 elementor-top-column elementor-element elementor-element-9be6235\" data-id=\"9be6235\" data-element_type=\"column\">\n\t\t\t<div class=\"elementor-widget-wrap elementor-element-populated\">\n\t\t\t\t\t\t<div class=\"elementor-element elementor-element-38de9a5 elementor-widget elementor-widget-heading\" data-id=\"38de9a5\" data-element_type=\"widget\" data-widget_type=\"heading.default\">\n\t\t\t\t<div class=\"elementor-widget-container\">\n\t\t\t\t\t<h2 class=\"elementor-heading-title elementor-size-default\">\u00cen spatele fiec\u0103rui produs se afl\u0103 o poveste.\nNoi te ajut\u0103m s\u0103 o transformi \u00eentr-o form\u0103 palpabil\u0103 \u2013 prin produse de merchandise de calitate, unice \u0219i atr\u0103g\u0103toare.\n\n<\/h2>\t\t\t\t<\/div>\n\t\t\t\t<\/div>\n\t\t\t\t\t<\/div>\n\t\t<\/div>\n\t\t\t\t<div class=\"elementor-column elementor-col-50 elementor-top-column elementor-element elementor-element-275329b\" data-id=\"275329b\" data-element_type=\"column\">\n\t\t\t<div class=\"elementor-widget-wrap elementor-element-populated\">\n\t\t\t\t\t\t<div class=\"elementor-element elementor-element-dc4ae72 elementor-widget-laptop__width-initial elementor-widget elementor-widget-text-editor\" data-id=\"dc4ae72\" data-element_type=\"widget\" data-widget_type=\"text-editor.default\">\n\t\t\t\t<div class=\"elementor-widget-container\">\n\t\t\t\t\t\t\t\t\t<p>Profilul principal al companiei noastre este produc\u021bia de produse, prin care prelu\u0103m o povar\u0103 semnificativ\u0103 de pe umerii partenerilor no\u0219tri, deoarece nu mai este nevoie s\u0103 coordoneze mai mul\u021bi produc\u0103tori \u2013 acest lucru este responsabilitatea noastr\u0103.<\/p><p>Portofoliul nostru de produse acoper\u0103 o gam\u0103 extrem de larg\u0103, de la cele mai mici articole \u0219i cantit\u0103\u021bi, p\u00e2n\u0103 la produse premium de cea mai \u00eenalt\u0103 calitate. Suntem m\u00e2ndri c\u0103, datorit\u0103 re\u021belei noastre globale (Pakistan, India, China, Turcia, Polonia etc.), putem produce peste cinci mii de tipuri de produse personalizate. Furnizorii no\u0219tri din \u00eentreaga lume garanteaz\u0103 calitatea \u0219i urm\u0103rirea celor mai noi tendin\u021be, iar colaborarea str\u00e2ns\u0103 cu peste 80 de subcontractori atent selecta\u021bi ne asigur\u0103 o flexibilitate excep\u021bional\u0103 \u0219i gestionarea eficient\u0103 a proiectelor de volum mare. Aceast\u0103 capacitate extins\u0103 ne permite s\u0103 realiz\u0103m orice concept personalizat, de la idee p\u00e2n\u0103 la produsul final, cu respectarea strict\u0103 a standardelor de calitate \u0219i a termenelor limit\u0103.<\/p><p>Pe aceast\u0103 pagin\u0103 prezent\u0103m produsele realizate de noi, dezv\u0103luind \u00een acela\u0219i timp toate detaliile \u0219i tehnologiile folosite \u00een procesul de produc\u021bie.<\/p><p>Fiecare produs este disponibil \u00eentr-o varietate mare de culori, poate fi realizat din diferite materiale \u0219i folosind diverse tehnici. Pentru noi, este important ca fiecare client s\u0103 primeasc\u0103 un produs unic, adaptat nevoilor sale.<\/p><p>Nu trebuie s\u0103 te ocupi de design \u2013 suntem aici pentru a-l realiza \u00een locul t\u0103u. Ne ocup\u0103m de tot, de la concep\u021bie p\u00e2n\u0103 la produc\u021bie, iar tu trebuie doar s\u0103 aprobi designul final.<\/p><p>Desigur, acestea sunt doar mostre din proiectele noastre anterioare. Pentru mai multe produse, te rug\u0103m s\u0103 ne contactezi prin datele noastre de contact!<\/p><p>Alege o categorie de produse!<\/p>\t\t\t\t\t\t\t\t<\/div>\n\t\t\t\t<\/div>\n\t\t\t\t\t<\/div>\n\t\t<\/div>\n\t\t\t\t\t<\/div>\n\t\t<\/section>\n\t\t<div class=\"elementor-element elementor-element-445d176 e-flex e-con-boxed e-con e-parent\" data-id=\"445d176\" data-element_type=\"container\">\n\t\t\t\t\t<div class=\"e-con-inner\">\n\t\t<div class=\"elementor-element elementor-element-445c244 e-con-full e-flex e-con e-child\" data-id=\"445c244\" data-element_type=\"container\">\n\t\t\t\t<div class=\"elementor-element elementor-element-f9d2f7f elementor-widget elementor-widget-image\" data-id=\"f9d2f7f\" data-element_type=\"widget\" data-widget_type=\"image.default\">\n\t\t\t\t<div class=\"elementor-widget-container\">\n\t\t\t\t\t\t\t\t\t\t\t\t\t\t\t\t<a href=\"https:\/\/sportmerchandise.hu\/ro\/produse\/sepci\/\">\n\t\t\t\t\t\t\t<img fetchpriority=\"high\" decoding=\"async\" width=\"1920\" height=\"1080\" src=\"https:\/\/sportmerchandise.hu\/wp-content\/uploads\/2025\/10\/Sapkakuj-1.webp\" class=\"attachment-full size-full wp-image-6210\" alt=\"\" srcset=\"https:\/\/sportmerchandise.hu\/wp-content\/uploads\/2025\/10\/Sapkakuj-1.webp 1920w, https:\/\/sportmerchandise.hu\/wp-content\/uploads\/2025\/10\/Sapkakuj-1-300x169.webp 300w, https:\/\/sportmerchandise.hu\/wp-content\/uploads\/2025\/10\/Sapkakuj-1-1024x576.webp 1024w, https:\/\/sportmerchandise.hu\/wp-content\/uploads\/2025\/10\/Sapkakuj-1-768x432.webp 768w, https:\/\/sportmerchandise.hu\/wp-content\/uploads\/2025\/10\/Sapkakuj-1-1536x864.webp 1536w, https:\/\/sportmerchandise.hu\/wp-content\/uploads\/2025\/10\/Sapkakuj-1-18x10.webp 18w, https:\/\/sportmerchandise.hu\/wp-content\/uploads\/2025\/10\/Sapkakuj-1-1200x675.webp 1200w\" sizes=\"(max-width: 1920px) 100vw, 1920px\" \/>\t\t\t\t\t\t\t\t<\/a>\n\t\t\t\t\t\t\t\t\t\t\t\t\t\t\t<\/div>\n\t\t\t\t<\/div>\n\t\t\t\t<div class=\"elementor-element elementor-element-0d3a076 elementor-widget elementor-widget-text-editor\" data-id=\"0d3a076\" data-element_type=\"widget\" data-widget_type=\"text-editor.default\">\n\t\t\t\t<div class=\"elementor-widget-container\">\n\t\t\t\t\t\t\t\t\t<p>\u0218epci<\/p>\t\t\t\t\t\t\t\t<\/div>\n\t\t\t\t<\/div>\n\t\t\t\t<\/div>\n\t\t<div class=\"elementor-element elementor-element-3af0bd9 e-con-full e-flex e-con e-child\" data-id=\"3af0bd9\" data-element_type=\"container\">\n\t\t\t\t<div class=\"elementor-element elementor-element-1e7e4e5 elementor-widget elementor-widget-image\" data-id=\"1e7e4e5\" data-element_type=\"widget\" data-widget_type=\"image.default\">\n\t\t\t\t<div class=\"elementor-widget-container\">\n\t\t\t\t\t\t\t\t\t\t\t\t\t\t\t\t<a href=\"https:\/\/sportmerchandise.hu\/ro\/produse\/imbracaminte\/\">\n\t\t\t\t\t\t\t<img decoding=\"async\" width=\"1920\" height=\"1080\" src=\"https:\/\/sportmerchandise.hu\/wp-content\/uploads\/2025\/10\/Ruhazatk-1.webp\" class=\"attachment-full size-full wp-image-6211\" alt=\"\" srcset=\"https:\/\/sportmerchandise.hu\/wp-content\/uploads\/2025\/10\/Ruhazatk-1.webp 1920w, https:\/\/sportmerchandise.hu\/wp-content\/uploads\/2025\/10\/Ruhazatk-1-300x169.webp 300w, https:\/\/sportmerchandise.hu\/wp-content\/uploads\/2025\/10\/Ruhazatk-1-1024x576.webp 1024w, https:\/\/sportmerchandise.hu\/wp-content\/uploads\/2025\/10\/Ruhazatk-1-768x432.webp 768w, https:\/\/sportmerchandise.hu\/wp-content\/uploads\/2025\/10\/Ruhazatk-1-1536x864.webp 1536w, https:\/\/sportmerchandise.hu\/wp-content\/uploads\/2025\/10\/Ruhazatk-1-18x10.webp 18w, https:\/\/sportmerchandise.hu\/wp-content\/uploads\/2025\/10\/Ruhazatk-1-1200x675.webp 1200w\" sizes=\"(max-width: 1920px) 100vw, 1920px\" \/>\t\t\t\t\t\t\t\t<\/a>\n\t\t\t\t\t\t\t\t\t\t\t\t\t\t\t<\/div>\n\t\t\t\t<\/div>\n\t\t\t\t<div class=\"elementor-element elementor-element-eeab139 elementor-widget elementor-widget-text-editor\" data-id=\"eeab139\" data-element_type=\"widget\" data-widget_type=\"text-editor.default\">\n\t\t\t\t<div class=\"elementor-widget-container\">\n\t\t\t\t\t\t\t\t\t<p>\u00cembr\u0103c\u0103minte<\/p>\t\t\t\t\t\t\t\t<\/div>\n\t\t\t\t<\/div>\n\t\t\t\t<\/div>\n\t\t\t\t\t<\/div>\n\t\t\t\t<\/div>\n\t\t<div class=\"elementor-element elementor-element-36432c6 e-flex e-con-boxed e-con e-parent\" data-id=\"36432c6\" data-element_type=\"container\">\n\t\t\t\t\t<div class=\"e-con-inner\">\n\t\t<div class=\"elementor-element elementor-element-95a1a12 e-con-full e-flex e-con e-child\" data-id=\"95a1a12\" data-element_type=\"container\">\n\t\t\t\t<div class=\"elementor-element elementor-element-c63600c elementor-widget elementor-widget-image\" data-id=\"c63600c\" data-element_type=\"widget\" data-widget_type=\"image.default\">\n\t\t\t\t<div class=\"elementor-widget-container\">\n\t\t\t\t\t\t\t\t\t\t\t\t\t\t\t\t<a href=\"https:\/\/sportmerchandise.hu\/ro\/produse\/accesorii-pentru-suporteri\/\">\n\t\t\t\t\t\t\t<img decoding=\"async\" width=\"1920\" height=\"1080\" src=\"https:\/\/sportmerchandise.hu\/wp-content\/uploads\/2025\/10\/szurkoloi-kellekek-1.webp\" class=\"attachment-full size-full wp-image-6212\" alt=\"\" srcset=\"https:\/\/sportmerchandise.hu\/wp-content\/uploads\/2025\/10\/szurkoloi-kellekek-1.webp 1920w, https:\/\/sportmerchandise.hu\/wp-content\/uploads\/2025\/10\/szurkoloi-kellekek-1-300x169.webp 300w, https:\/\/sportmerchandise.hu\/wp-content\/uploads\/2025\/10\/szurkoloi-kellekek-1-1024x576.webp 1024w, https:\/\/sportmerchandise.hu\/wp-content\/uploads\/2025\/10\/szurkoloi-kellekek-1-768x432.webp 768w, https:\/\/sportmerchandise.hu\/wp-content\/uploads\/2025\/10\/szurkoloi-kellekek-1-1536x864.webp 1536w, https:\/\/sportmerchandise.hu\/wp-content\/uploads\/2025\/10\/szurkoloi-kellekek-1-18x10.webp 18w, https:\/\/sportmerchandise.hu\/wp-content\/uploads\/2025\/10\/szurkoloi-kellekek-1-1200x675.webp 1200w\" sizes=\"(max-width: 1920px) 100vw, 1920px\" \/>\t\t\t\t\t\t\t\t<\/a>\n\t\t\t\t\t\t\t\t\t\t\t\t\t\t\t<\/div>\n\t\t\t\t<\/div>\n\t\t\t\t<div class=\"elementor-element elementor-element-ce69773 elementor-widget elementor-widget-text-editor\" data-id=\"ce69773\" data-element_type=\"widget\" data-widget_type=\"text-editor.default\">\n\t\t\t\t<div class=\"elementor-widget-container\">\n\t\t\t\t\t\t\t\t\t<p>Accesorii pentru suporteri<\/p>\t\t\t\t\t\t\t\t<\/div>\n\t\t\t\t<\/div>\n\t\t\t\t<\/div>\n\t\t<div class=\"elementor-element elementor-element-b851856 e-con-full e-flex e-con e-child\" data-id=\"b851856\" data-element_type=\"container\">\n\t\t\t\t<div class=\"elementor-element elementor-element-711f2a0 elementor-widget elementor-widget-image\" data-id=\"711f2a0\" data-element_type=\"widget\" data-widget_type=\"image.default\">\n\t\t\t\t<div class=\"elementor-widget-container\">\n\t\t\t\t\t\t\t\t\t\t\t\t\t\t\t\t<a href=\"https:\/\/sportmerchandise.hu\/ro\/produse\/genti\/\">\n\t\t\t\t\t\t\t<img loading=\"lazy\" decoding=\"async\" width=\"1920\" height=\"1080\" src=\"https:\/\/sportmerchandise.hu\/wp-content\/uploads\/2025\/10\/taskakuj-1.webp\" class=\"attachment-full size-full wp-image-6213\" alt=\"\" srcset=\"https:\/\/sportmerchandise.hu\/wp-content\/uploads\/2025\/10\/taskakuj-1.webp 1920w, https:\/\/sportmerchandise.hu\/wp-content\/uploads\/2025\/10\/taskakuj-1-300x169.webp 300w, https:\/\/sportmerchandise.hu\/wp-content\/uploads\/2025\/10\/taskakuj-1-1024x576.webp 1024w, https:\/\/sportmerchandise.hu\/wp-content\/uploads\/2025\/10\/taskakuj-1-768x432.webp 768w, https:\/\/sportmerchandise.hu\/wp-content\/uploads\/2025\/10\/taskakuj-1-1536x864.webp 1536w, https:\/\/sportmerchandise.hu\/wp-content\/uploads\/2025\/10\/taskakuj-1-18x10.webp 18w, https:\/\/sportmerchandise.hu\/wp-content\/uploads\/2025\/10\/taskakuj-1-1200x675.webp 1200w\" sizes=\"(max-width: 1920px) 100vw, 1920px\" \/>\t\t\t\t\t\t\t\t<\/a>\n\t\t\t\t\t\t\t\t\t\t\t\t\t\t\t<\/div>\n\t\t\t\t<\/div>\n\t\t\t\t<div class=\"elementor-element elementor-element-d8c9ce2 elementor-widget elementor-widget-text-editor\" data-id=\"d8c9ce2\" data-element_type=\"widget\" data-widget_type=\"text-editor.default\">\n\t\t\t\t<div class=\"elementor-widget-container\">\n\t\t\t\t\t\t\t\t\t<p>Gen\u021bi<\/p>\t\t\t\t\t\t\t\t<\/div>\n\t\t\t\t<\/div>\n\t\t\t\t<\/div>\n\t\t\t\t\t<\/div>\n\t\t\t\t<\/div>\n\t\t<div class=\"elementor-element elementor-element-0137bfd e-flex e-con-boxed e-con e-parent\" data-id=\"0137bfd\" data-element_type=\"container\">\n\t\t\t\t\t<div class=\"e-con-inner\">\n\t\t<div class=\"elementor-element elementor-element-0e70e83 e-con-full e-flex e-con e-child\" data-id=\"0e70e83\" data-element_type=\"container\">\n\t\t\t\t<div class=\"elementor-element elementor-element-a915a94 elementor-widget elementor-widget-image\" data-id=\"a915a94\" data-element_type=\"widget\" data-widget_type=\"image.default\">\n\t\t\t\t<div class=\"elementor-widget-container\">\n\t\t\t\t\t\t\t\t\t\t\t\t\t\t\t\t<a href=\"https:\/\/sportmerchandise.hu\/ro\/produse\/produse-de-craciun\/\">\n\t\t\t\t\t\t\t<img loading=\"lazy\" decoding=\"async\" width=\"1920\" height=\"1080\" src=\"https:\/\/sportmerchandise.hu\/wp-content\/uploads\/2025\/10\/Karacsonyi2-1.webp\" class=\"attachment-full size-full wp-image-6214\" alt=\"\" srcset=\"https:\/\/sportmerchandise.hu\/wp-content\/uploads\/2025\/10\/Karacsonyi2-1.webp 1920w, https:\/\/sportmerchandise.hu\/wp-content\/uploads\/2025\/10\/Karacsonyi2-1-300x169.webp 300w, https:\/\/sportmerchandise.hu\/wp-content\/uploads\/2025\/10\/Karacsonyi2-1-1024x576.webp 1024w, https:\/\/sportmerchandise.hu\/wp-content\/uploads\/2025\/10\/Karacsonyi2-1-768x432.webp 768w, https:\/\/sportmerchandise.hu\/wp-content\/uploads\/2025\/10\/Karacsonyi2-1-1536x864.webp 1536w, https:\/\/sportmerchandise.hu\/wp-content\/uploads\/2025\/10\/Karacsonyi2-1-18x10.webp 18w, https:\/\/sportmerchandise.hu\/wp-content\/uploads\/2025\/10\/Karacsonyi2-1-1200x675.webp 1200w\" sizes=\"(max-width: 1920px) 100vw, 1920px\" \/>\t\t\t\t\t\t\t\t<\/a>\n\t\t\t\t\t\t\t\t\t\t\t\t\t\t\t<\/div>\n\t\t\t\t<\/div>\n\t\t\t\t<div class=\"elementor-element elementor-element-75138fa elementor-widget elementor-widget-text-editor\" data-id=\"75138fa\" data-element_type=\"widget\" data-widget_type=\"text-editor.default\">\n\t\t\t\t<div class=\"elementor-widget-container\">\n\t\t\t\t\t\t\t\t\t<p>Produse de Cr\u0103ciun<\/p>\t\t\t\t\t\t\t\t<\/div>\n\t\t\t\t<\/div>\n\t\t\t\t<\/div>\n\t\t<div class=\"elementor-element elementor-element-b8ec20c e-con-full e-flex e-con e-child\" data-id=\"b8ec20c\" data-element_type=\"container\">\n\t\t\t\t<div class=\"elementor-element elementor-element-3ffbd7e elementor-widget elementor-widget-image\" data-id=\"3ffbd7e\" data-element_type=\"widget\" data-widget_type=\"image.default\">\n\t\t\t\t<div class=\"elementor-widget-container\">\n\t\t\t\t\t\t\t\t\t\t\t\t\t\t\t\t<a href=\"https:\/\/sportmerchandise.hu\/ro\/produse\/obiecte-cadou\/\">\n\t\t\t\t\t\t\t<img loading=\"lazy\" decoding=\"async\" width=\"1920\" height=\"1080\" src=\"https:\/\/sportmerchandise.hu\/wp-content\/uploads\/2025\/10\/Ajandektargyakuj-1.webp\" class=\"attachment-full size-full wp-image-6215\" alt=\"\" srcset=\"https:\/\/sportmerchandise.hu\/wp-content\/uploads\/2025\/10\/Ajandektargyakuj-1.webp 1920w, https:\/\/sportmerchandise.hu\/wp-content\/uploads\/2025\/10\/Ajandektargyakuj-1-300x169.webp 300w, https:\/\/sportmerchandise.hu\/wp-content\/uploads\/2025\/10\/Ajandektargyakuj-1-1024x576.webp 1024w, https:\/\/sportmerchandise.hu\/wp-content\/uploads\/2025\/10\/Ajandektargyakuj-1-768x432.webp 768w, https:\/\/sportmerchandise.hu\/wp-content\/uploads\/2025\/10\/Ajandektargyakuj-1-1536x864.webp 1536w, https:\/\/sportmerchandise.hu\/wp-content\/uploads\/2025\/10\/Ajandektargyakuj-1-18x10.webp 18w, https:\/\/sportmerchandise.hu\/wp-content\/uploads\/2025\/10\/Ajandektargyakuj-1-1200x675.webp 1200w\" sizes=\"(max-width: 1920px) 100vw, 1920px\" \/>\t\t\t\t\t\t\t\t<\/a>\n\t\t\t\t\t\t\t\t\t\t\t\t\t\t\t<\/div>\n\t\t\t\t<\/div>\n\t\t\t\t<div class=\"elementor-element elementor-element-a12bd24 elementor-widget elementor-widget-text-editor\" data-id=\"a12bd24\" data-element_type=\"widget\" data-widget_type=\"text-editor.default\">\n\t\t\t\t<div class=\"elementor-widget-container\">\n\t\t\t\t\t\t\t\t\t<p>Obiecte cadou<\/p>\t\t\t\t\t\t\t\t<\/div>\n\t\t\t\t<\/div>\n\t\t\t\t<\/div>\n\t\t\t\t\t<\/div>\n\t\t\t\t<\/div>\n\t\t<div class=\"elementor-element elementor-element-a8814cf e-flex e-con-boxed e-con e-parent\" data-id=\"a8814cf\" data-element_type=\"container\">\n\t\t\t\t\t<div class=\"e-con-inner\">\n\t\t<div class=\"elementor-element elementor-element-a25fdfa e-con-full e-flex e-con e-child\" data-id=\"a25fdfa\" data-element_type=\"container\">\n\t\t\t\t<div class=\"elementor-element elementor-element-960b5d3 elementor-widget elementor-widget-image\" data-id=\"960b5d3\" data-element_type=\"widget\" data-widget_type=\"image.default\">\n\t\t\t\t<div class=\"elementor-widget-container\">\n\t\t\t\t\t\t\t\t\t\t\t\t\t\t\t\t<a href=\"https:\/\/sportmerchandise.hu\/ro\/produse\/echipamente-scolare\/\">\n\t\t\t\t\t\t\t<img loading=\"lazy\" decoding=\"async\" width=\"1920\" height=\"1080\" src=\"https:\/\/sportmerchandise.hu\/wp-content\/uploads\/2025\/10\/iskolaifeleszereles1.png\" class=\"attachment-full size-full wp-image-6604\" alt=\"\" srcset=\"https:\/\/sportmerchandise.hu\/wp-content\/uploads\/2025\/10\/iskolaifeleszereles1.png 1920w, https:\/\/sportmerchandise.hu\/wp-content\/uploads\/2025\/10\/iskolaifeleszereles1-300x169.png 300w, https:\/\/sportmerchandise.hu\/wp-content\/uploads\/2025\/10\/iskolaifeleszereles1-1024x576.png 1024w, https:\/\/sportmerchandise.hu\/wp-content\/uploads\/2025\/10\/iskolaifeleszereles1-768x432.png 768w, https:\/\/sportmerchandise.hu\/wp-content\/uploads\/2025\/10\/iskolaifeleszereles1-1536x864.png 1536w, https:\/\/sportmerchandise.hu\/wp-content\/uploads\/2025\/10\/iskolaifeleszereles1-18x10.png 18w, https:\/\/sportmerchandise.hu\/wp-content\/uploads\/2025\/10\/iskolaifeleszereles1-1200x675.png 1200w\" sizes=\"(max-width: 1920px) 100vw, 1920px\" \/>\t\t\t\t\t\t\t\t<\/a>\n\t\t\t\t\t\t\t\t\t\t\t\t\t\t\t<\/div>\n\t\t\t\t<\/div>\n\t\t\t\t<div class=\"elementor-element elementor-element-7b94dc9 elementor-widget elementor-widget-text-editor\" data-id=\"7b94dc9\" data-element_type=\"widget\" data-widget_type=\"text-editor.default\">\n\t\t\t\t<div class=\"elementor-widget-container\">\n\t\t\t\t\t\t\t\t\t<p>Echipamente \u0219colare<\/p>\t\t\t\t\t\t\t\t<\/div>\n\t\t\t\t<\/div>\n\t\t\t\t<\/div>\n\t\t\t\t\t<\/div>\n\t\t\t\t<\/div>\n\t\t\t\t<\/div>","protected":false},"excerpt":{"rendered":"<p>Minden term\u00e9k m\u00f6g\u00f6tt ott van egy t\u00f6rt\u00e9net. Mi abban seg\u00edt\u00fcnk, hogy ezt a t\u00f6rt\u00e9netet k\u00e9zzel foghat\u00f3 form\u00e1ban is megmutathasd: min\u0151s\u00e9gi, egyedi \u00e9s l\u00e1tv\u00e1nyos merchandise term\u00e9kekkel. C\u00e9g\u00fcnk f\u0151 profilj\u00e1val, amely a term\u00e9kgy\u00e1rt\u00e1s, \u00f3ri\u00e1si terhet vesz\u00fcnk le partnereink v\u00e1ll\u00e1r\u00f3l, hiszen nem kell k\u00fcl\u00f6nf\u00e9le gy\u00e1rt\u00f3kkal egyeztetni, az a mi feladatunk. Term\u00e9kpalett\u00e1nk rendk\u00edv\u00fcl sz\u00e9les sk\u00e1l\u00e1n mozog, a legapr\u00f3bb t\u00e1rgyakt\u00f3l [&hellip;]<\/p>","protected":false},"author":1,"featured_media":0,"parent":0,"menu_order":0,"comment_status":"closed","ping_status":"closed","template":"elementor_header_footer","meta":{"footnotes":""},"class_list":["post-6207","page","type-page","status-publish","hentry"],"_links":{"self":[{"href":"https:\/\/sportmerchandise.hu\/ro\/wp-json\/wp\/v2\/pages\/6207","targetHints":{"allow":["GET"]}}],"collection":[{"href":"https:\/\/sportmerchandise.hu\/ro\/wp-json\/wp\/v2\/pages"}],"about":[{"href":"https:\/\/sportmerchandise.hu\/ro\/wp-json\/wp\/v2\/types\/page"}],"author":[{"embeddable":true,"href":"https:\/\/sportmerchandise.hu\/ro\/wp-json\/wp\/v2\/users\/1"}],"replies":[{"embeddable":true,"href":"https:\/\/sportmerchandise.hu\/ro\/wp-json\/wp\/v2\/comments?post=6207"}],"version-history":[{"count":49,"href":"https:\/\/sportmerchandise.hu\/ro\/wp-json\/wp\/v2\/pages\/6207\/revisions"}],"predecessor-version":[{"id":10917,"href":"https:\/\/sportmerchandise.hu\/ro\/wp-json\/wp\/v2\/pages\/6207\/revisions\/10917"}],"wp:attachment":[{"href":"https:\/\/sportmerchandise.hu\/ro\/wp-json\/wp\/v2\/media?parent=6207"}],"curies":[{"name":"wp","href":"https:\/\/api.w.org\/{rel}","templated":true}]}}