{"id":5732,"date":"2025-10-24T10:04:28","date_gmt":"2025-10-24T10:04:28","guid":{"rendered":"https:\/\/sportmerchandise.hu\/?page_id=5732"},"modified":"2026-01-12T12:53:01","modified_gmt":"2026-01-12T12:53:01","slug":"mlsz-imbracaminte","status":"publish","type":"page","link":"https:\/\/sportmerchandise.hu\/ro\/federatia-maghiara-de-fotbal\/mlsz-imbracaminte\/","title":{"rendered":"MLSZ \u00cembr\u0103c\u0103minte"},"content":{"rendered":"<div data-elementor-type=\"wp-page\" data-elementor-id=\"5732\" class=\"elementor elementor-5732\" data-elementor-post-type=\"page\">\n\t\t\t\t\t\t<section class=\"elementor-section elementor-top-section elementor-element elementor-element-effc282 elementor-section-height-min-height elementor-section-boxed elementor-section-height-default elementor-section-items-middle\" data-id=\"effc282\" data-element_type=\"section\" data-settings=\"{&quot;background_background&quot;:&quot;classic&quot;}\">\n\t\t\t\t\t\t\t<div class=\"elementor-background-overlay\"><\/div>\n\t\t\t\t\t\t\t<div class=\"elementor-container elementor-column-gap-default\">\n\t\t\t\t\t<div class=\"elementor-column elementor-col-100 elementor-top-column elementor-element elementor-element-56f050e elementor-invisible\" data-id=\"56f050e\" data-element_type=\"column\" data-settings=\"{&quot;animation&quot;:&quot;fadeInLeft&quot;}\">\n\t\t\t<div class=\"elementor-widget-wrap elementor-element-populated\">\n\t\t\t\t\t\t<div class=\"elementor-element elementor-element-444ddbf elementor-widget elementor-widget-heading\" data-id=\"444ddbf\" data-element_type=\"widget\" data-widget_type=\"heading.default\">\n\t\t\t\t<div class=\"elementor-widget-container\">\n\t\t\t\t\t<h2 class=\"elementor-heading-title elementor-size-default\">MLSZ \u00cembr\u0103c\u0103minte<\/h2>\t\t\t\t<\/div>\n\t\t\t\t<\/div>\n\t\t\t\t<div class=\"elementor-element elementor-element-6f1b8ef elementor-widget-divider--view-line elementor-widget elementor-widget-divider\" data-id=\"6f1b8ef\" data-element_type=\"widget\" data-widget_type=\"divider.default\">\n\t\t\t\t<div class=\"elementor-widget-container\">\n\t\t\t\t\t\t\t<div class=\"elementor-divider\">\n\t\t\t<span class=\"elementor-divider-separator\">\n\t\t\t\t\t\t<\/span>\n\t\t<\/div>\n\t\t\t\t\t\t<\/div>\n\t\t\t\t<\/div>\n\t\t\t\t\t<\/div>\n\t\t<\/div>\n\t\t\t\t\t<\/div>\n\t\t<\/section>\n\t\t<div class=\"elementor-element elementor-element-b728ba2 e-flex e-con-boxed e-con e-parent\" data-id=\"b728ba2\" data-element_type=\"container\">\n\t\t\t\t\t<div class=\"e-con-inner\">\n\t\t\t\t<div class=\"elementor-element elementor-element-7197213 elementor-widget elementor-widget-gallery\" data-id=\"7197213\" data-element_type=\"widget\" data-settings=\"{&quot;background_overlay_hover_animation&quot;:&quot;fade-in&quot;,&quot;aspect_ratio&quot;:&quot;1:1&quot;,&quot;columns&quot;:6,&quot;lazyload&quot;:&quot;yes&quot;,&quot;gallery_layout&quot;:&quot;grid&quot;,&quot;columns_tablet&quot;:2,&quot;columns_mobile&quot;:1,&quot;gap&quot;:{&quot;unit&quot;:&quot;px&quot;,&quot;size&quot;:10,&quot;sizes&quot;:[]},&quot;gap_laptop&quot;:{&quot;unit&quot;:&quot;px&quot;,&quot;size&quot;:10,&quot;sizes&quot;:[]},&quot;gap_tablet&quot;:{&quot;unit&quot;:&quot;px&quot;,&quot;size&quot;:10,&quot;sizes&quot;:[]},&quot;gap_mobile&quot;:{&quot;unit&quot;:&quot;px&quot;,&quot;size&quot;:10,&quot;sizes&quot;:[]},&quot;link_to&quot;:&quot;file&quot;,&quot;overlay_background&quot;:&quot;yes&quot;,&quot;content_hover_animation&quot;:&quot;fade-in&quot;}\" data-widget_type=\"gallery.default\">\n\t\t\t\t<div class=\"elementor-widget-container\">\n\t\t\t\t\t\t\t<div class=\"elementor-gallery__container\">\n\t\t\t\t\t\t\t<a class=\"e-gallery-item elementor-gallery-item elementor-animated-content\" href=\"https:\/\/sportmerchandise.hu\/wp-content\/uploads\/2026\/01\/MLSZ-Ria2-polo-feher-01.png\" data-elementor-open-lightbox=\"yes\" data-elementor-lightbox-slideshow=\"7197213\" data-elementor-lightbox-title=\"MLSZ Ria2 po\u0301lo\u0301 - fehe\u0301r 01\" data-e-action-hash=\"#elementor-action%3Aaction%3Dlightbox%26settings%3DeyJpZCI6MTEyMzgsInVybCI6Imh0dHBzOlwvXC9zcG9ydG1lcmNoYW5kaXNlLmh1XC93cC1jb250ZW50XC91cGxvYWRzXC8yMDI2XC8wMVwvTUxTWi1SaWEyLXBvbG8tZmVoZXItMDEucG5nIiwic2xpZGVzaG93IjoiNzE5NzIxMyJ9\">\n\t\t\t\t\t<div class=\"e-gallery-image elementor-gallery-item__image\" data-thumbnail=\"https:\/\/sportmerchandise.hu\/wp-content\/uploads\/2026\/01\/MLSZ-Ria2-polo-feher-01.png\" data-width=\"896\" data-height=\"1000\" aria-label=\"\" role=\"img\" ><\/div>\n\t\t\t\t\t\t\t\t\t\t\t<div class=\"elementor-gallery-item__overlay\"><\/div>\n\t\t\t\t\t\t\t\t\t\t\t\t\t\t<\/a>\n\t\t\t\t\t\t\t<a class=\"e-gallery-item elementor-gallery-item elementor-animated-content\" href=\"https:\/\/sportmerchandise.hu\/wp-content\/uploads\/2026\/01\/MLSZ-Ria2-polo-fekete-01.png\" data-elementor-open-lightbox=\"yes\" data-elementor-lightbox-slideshow=\"7197213\" data-elementor-lightbox-title=\"MLSZ Ria2 po\u0301lo\u0301 - fekete 01\" data-e-action-hash=\"#elementor-action%3Aaction%3Dlightbox%26settings%3DeyJpZCI6MTEyMzksInVybCI6Imh0dHBzOlwvXC9zcG9ydG1lcmNoYW5kaXNlLmh1XC93cC1jb250ZW50XC91cGxvYWRzXC8yMDI2XC8wMVwvTUxTWi1SaWEyLXBvbG8tZmVrZXRlLTAxLnBuZyIsInNsaWRlc2hvdyI6IjcxOTcyMTMifQ%3D%3D\">\n\t\t\t\t\t<div class=\"e-gallery-image elementor-gallery-item__image\" data-thumbnail=\"https:\/\/sportmerchandise.hu\/wp-content\/uploads\/2026\/01\/MLSZ-Ria2-polo-fekete-01.png\" data-width=\"896\" data-height=\"1000\" aria-label=\"\" role=\"img\" ><\/div>\n\t\t\t\t\t\t\t\t\t\t\t<div class=\"elementor-gallery-item__overlay\"><\/div>\n\t\t\t\t\t\t\t\t\t\t\t\t\t\t<\/a>\n\t\t\t\t\t\t\t<a class=\"e-gallery-item elementor-gallery-item elementor-animated-content\" href=\"https:\/\/sportmerchandise.hu\/wp-content\/uploads\/2024\/05\/sportmerchandise-ruhazat-polo-feher-galleros-mlsz.webp\" data-elementor-open-lightbox=\"yes\" data-elementor-lightbox-slideshow=\"7197213\" data-elementor-lightbox-title=\"sportmerchandise-ruhazat-polo-feher-galleros-mlsz\" data-e-action-hash=\"#elementor-action%3Aaction%3Dlightbox%26settings%3DeyJpZCI6NDA5NywidXJsIjoiaHR0cHM6XC9cL3Nwb3J0bWVyY2hhbmRpc2UuaHVcL3dwLWNvbnRlbnRcL3VwbG9hZHNcLzIwMjRcLzA1XC9zcG9ydG1lcmNoYW5kaXNlLXJ1aGF6YXQtcG9sby1mZWhlci1nYWxsZXJvcy1tbHN6LndlYnAiLCJzbGlkZXNob3ciOiI3MTk3MjEzIn0%3D\">\n\t\t\t\t\t<div class=\"e-gallery-image elementor-gallery-item__image\" data-thumbnail=\"https:\/\/sportmerchandise.hu\/wp-content\/uploads\/2024\/05\/sportmerchandise-ruhazat-polo-feher-galleros-mlsz.webp\" data-width=\"896\" data-height=\"1000\" aria-label=\"\" role=\"img\" ><\/div>\n\t\t\t\t\t\t\t\t\t\t\t<div class=\"elementor-gallery-item__overlay\"><\/div>\n\t\t\t\t\t\t\t\t\t\t\t\t\t\t<\/a>\n\t\t\t\t\t\t\t<a class=\"e-gallery-item elementor-gallery-item elementor-animated-content\" href=\"https:\/\/sportmerchandise.hu\/wp-content\/uploads\/2024\/02\/sportmerchandise-ruhazat-polo-mlsz.webp\" data-elementor-open-lightbox=\"yes\" data-elementor-lightbox-slideshow=\"7197213\" data-elementor-lightbox-title=\"sportmerchandise-ruhazat-polo-mlsz\" data-e-action-hash=\"#elementor-action%3Aaction%3Dlightbox%26settings%3DeyJpZCI6MzI0OCwidXJsIjoiaHR0cHM6XC9cL3Nwb3J0bWVyY2hhbmRpc2UuaHVcL3dwLWNvbnRlbnRcL3VwbG9hZHNcLzIwMjRcLzAyXC9zcG9ydG1lcmNoYW5kaXNlLXJ1aGF6YXQtcG9sby1tbHN6LndlYnAiLCJzbGlkZXNob3ciOiI3MTk3MjEzIn0%3D\">\n\t\t\t\t\t<div class=\"e-gallery-image elementor-gallery-item__image\" data-thumbnail=\"https:\/\/sportmerchandise.hu\/wp-content\/uploads\/2024\/02\/sportmerchandise-ruhazat-polo-mlsz.webp\" data-width=\"2551\" data-height=\"2551\" aria-label=\"\" role=\"img\" ><\/div>\n\t\t\t\t\t\t\t\t\t\t\t<div class=\"elementor-gallery-item__overlay\"><\/div>\n\t\t\t\t\t\t\t\t\t\t\t\t\t\t<\/a>\n\t\t\t\t\t\t\t<a class=\"e-gallery-item elementor-gallery-item elementor-animated-content\" href=\"https:\/\/sportmerchandise.hu\/wp-content\/uploads\/2024\/03\/sportmerchandise-baba-termekek-kezeslabas-mlsz-2.webp\" data-elementor-open-lightbox=\"yes\" data-elementor-lightbox-slideshow=\"7197213\" data-elementor-lightbox-title=\"sportmerchandise-baba-termekek-kezeslabas-mlsz-2\" data-e-action-hash=\"#elementor-action%3Aaction%3Dlightbox%26settings%3DeyJpZCI6MzYzNywidXJsIjoiaHR0cHM6XC9cL3Nwb3J0bWVyY2hhbmRpc2UuaHVcL3dwLWNvbnRlbnRcL3VwbG9hZHNcLzIwMjRcLzAzXC9zcG9ydG1lcmNoYW5kaXNlLWJhYmEtdGVybWVrZWsta2V6ZXNsYWJhcy1tbHN6LTIud2VicCIsInNsaWRlc2hvdyI6IjcxOTcyMTMifQ%3D%3D\">\n\t\t\t\t\t<div class=\"e-gallery-image elementor-gallery-item__image\" data-thumbnail=\"https:\/\/sportmerchandise.hu\/wp-content\/uploads\/2024\/03\/sportmerchandise-baba-termekek-kezeslabas-mlsz-2.webp\" data-width=\"2551\" data-height=\"2551\" aria-label=\"\" role=\"img\" ><\/div>\n\t\t\t\t\t\t\t\t\t\t\t<div class=\"elementor-gallery-item__overlay\"><\/div>\n\t\t\t\t\t\t\t\t\t\t\t\t\t\t<\/a>\n\t\t\t\t\t\t\t<a class=\"e-gallery-item elementor-gallery-item elementor-animated-content\" href=\"https:\/\/sportmerchandise.hu\/wp-content\/uploads\/2026\/01\/MLSZ-Ria2-zokni-feher-02.png\" data-elementor-open-lightbox=\"yes\" data-elementor-lightbox-slideshow=\"7197213\" data-elementor-lightbox-title=\"MLSZ Ria2 zokni - fehe\u0301r 02\" data-e-action-hash=\"#elementor-action%3Aaction%3Dlightbox%26settings%3DeyJpZCI6MTEyNDMsInVybCI6Imh0dHBzOlwvXC9zcG9ydG1lcmNoYW5kaXNlLmh1XC93cC1jb250ZW50XC91cGxvYWRzXC8yMDI2XC8wMVwvTUxTWi1SaWEyLXpva25pLWZlaGVyLTAyLnBuZyIsInNsaWRlc2hvdyI6IjcxOTcyMTMifQ%3D%3D\">\n\t\t\t\t\t<div class=\"e-gallery-image elementor-gallery-item__image\" data-thumbnail=\"https:\/\/sportmerchandise.hu\/wp-content\/uploads\/2026\/01\/MLSZ-Ria2-zokni-feher-02.png\" data-width=\"896\" data-height=\"1000\" aria-label=\"\" role=\"img\" ><\/div>\n\t\t\t\t\t\t\t\t\t\t\t<div class=\"elementor-gallery-item__overlay\"><\/div>\n\t\t\t\t\t\t\t\t\t\t\t\t\t\t<\/a>\n\t\t\t\t\t\t\t<a class=\"e-gallery-item elementor-gallery-item elementor-animated-content\" href=\"https:\/\/sportmerchandise.hu\/wp-content\/uploads\/2026\/01\/MLSZ-Ria2-zokni-fekete-02.png\" data-elementor-open-lightbox=\"yes\" data-elementor-lightbox-slideshow=\"7197213\" data-elementor-lightbox-title=\"MLSZ Ria2 zokni - fekete 02\" data-e-action-hash=\"#elementor-action%3Aaction%3Dlightbox%26settings%3DeyJpZCI6MTEyNDQsInVybCI6Imh0dHBzOlwvXC9zcG9ydG1lcmNoYW5kaXNlLmh1XC93cC1jb250ZW50XC91cGxvYWRzXC8yMDI2XC8wMVwvTUxTWi1SaWEyLXpva25pLWZla2V0ZS0wMi5wbmciLCJzbGlkZXNob3ciOiI3MTk3MjEzIn0%3D\">\n\t\t\t\t\t<div class=\"e-gallery-image elementor-gallery-item__image\" data-thumbnail=\"https:\/\/sportmerchandise.hu\/wp-content\/uploads\/2026\/01\/MLSZ-Ria2-zokni-fekete-02.png\" data-width=\"896\" data-height=\"1000\" aria-label=\"\" role=\"img\" ><\/div>\n\t\t\t\t\t\t\t\t\t\t\t<div class=\"elementor-gallery-item__overlay\"><\/div>\n\t\t\t\t\t\t\t\t\t\t\t\t\t\t<\/a>\n\t\t\t\t\t<\/div>\n\t\t\t\t\t<\/div>\n\t\t\t\t<\/div>\n\t\t\t\t\t<\/div>\n\t\t\t\t<\/div>\n\t\t\t\t<\/div>","protected":false},"excerpt":{"rendered":"","protected":false},"author":1,"featured_media":0,"parent":5302,"menu_order":0,"comment_status":"closed","ping_status":"closed","template":"","meta":{"footnotes":""},"class_list":["post-5732","page","type-page","status-publish","hentry"],"_links":{"self":[{"href":"https:\/\/sportmerchandise.hu\/ro\/wp-json\/wp\/v2\/pages\/5732","targetHints":{"allow":["GET"]}}],"collection":[{"href":"https:\/\/sportmerchandise.hu\/ro\/wp-json\/wp\/v2\/pages"}],"about":[{"href":"https:\/\/sportmerchandise.hu\/ro\/wp-json\/wp\/v2\/types\/page"}],"author":[{"embeddable":true,"href":"https:\/\/sportmerchandise.hu\/ro\/wp-json\/wp\/v2\/users\/1"}],"replies":[{"embeddable":true,"href":"https:\/\/sportmerchandise.hu\/ro\/wp-json\/wp\/v2\/comments?post=5732"}],"version-history":[{"count":35,"href":"https:\/\/sportmerchandise.hu\/ro\/wp-json\/wp\/v2\/pages\/5732\/revisions"}],"predecessor-version":[{"id":11247,"href":"https:\/\/sportmerchandise.hu\/ro\/wp-json\/wp\/v2\/pages\/5732\/revisions\/11247"}],"up":[{"embeddable":true,"href":"https:\/\/sportmerchandise.hu\/ro\/wp-json\/wp\/v2\/pages\/5302"}],"wp:attachment":[{"href":"https:\/\/sportmerchandise.hu\/ro\/wp-json\/wp\/v2\/media?parent=5732"}],"curies":[{"name":"wp","href":"https:\/\/api.w.org\/{rel}","templated":true}]}}