{"id":5529,"date":"2025-10-24T07:39:07","date_gmt":"2025-10-24T07:39:07","guid":{"rendered":"https:\/\/sportmerchandise.hu\/?page_id=5529"},"modified":"2025-11-18T07:59:06","modified_gmt":"2025-11-18T07:59:06","slug":"gyori-eto-fc","status":"publish","type":"page","link":"https:\/\/sportmerchandise.hu\/ro\/gyori-eto-fc\/","title":{"rendered":"Gy\u0151ri ETO FC"},"content":{"rendered":"<div data-elementor-type=\"wp-page\" data-elementor-id=\"5529\" class=\"elementor elementor-5529\" data-elementor-post-type=\"page\">\n\t\t\t\t\t\t<section class=\"elementor-section elementor-top-section elementor-element elementor-element-a14f870 elementor-section-height-min-height elementor-section-boxed elementor-section-height-default elementor-section-items-middle\" data-id=\"a14f870\" data-element_type=\"section\" data-settings=\"{&quot;background_background&quot;:&quot;classic&quot;}\">\n\t\t\t\t\t\t\t<div class=\"elementor-background-overlay\"><\/div>\n\t\t\t\t\t\t\t<div class=\"elementor-container elementor-column-gap-default\">\n\t\t\t\t\t<div class=\"elementor-column elementor-col-100 elementor-top-column elementor-element elementor-element-79c012e elementor-invisible\" data-id=\"79c012e\" data-element_type=\"column\" data-settings=\"{&quot;animation&quot;:&quot;fadeInLeft&quot;}\">\n\t\t\t<div class=\"elementor-widget-wrap elementor-element-populated\">\n\t\t\t\t\t\t<div class=\"elementor-element elementor-element-fa71b24 elementor-widget elementor-widget-heading\" data-id=\"fa71b24\" data-element_type=\"widget\" data-widget_type=\"heading.default\">\n\t\t\t\t<div class=\"elementor-widget-container\">\n\t\t\t\t\t<h2 class=\"elementor-heading-title elementor-size-default\">Gy\u0151ri ETO FC<\/h2>\t\t\t\t<\/div>\n\t\t\t\t<\/div>\n\t\t\t\t<div class=\"elementor-element elementor-element-cdf5789 elementor-widget-divider--view-line elementor-widget elementor-widget-divider\" data-id=\"cdf5789\" data-element_type=\"widget\" data-widget_type=\"divider.default\">\n\t\t\t\t<div class=\"elementor-widget-container\">\n\t\t\t\t\t\t\t<div class=\"elementor-divider\">\n\t\t\t<span class=\"elementor-divider-separator\">\n\t\t\t\t\t\t<\/span>\n\t\t<\/div>\n\t\t\t\t\t\t<\/div>\n\t\t\t\t<\/div>\n\t\t\t\t\t<\/div>\n\t\t<\/div>\n\t\t\t\t\t<\/div>\n\t\t<\/section>\n\t\t\t\t<section class=\"elementor-section elementor-top-section elementor-element elementor-element-d741ac3 elementor-section-boxed elementor-section-height-default elementor-section-height-default\" data-id=\"d741ac3\" data-element_type=\"section\">\n\t\t\t\t\t\t<div class=\"elementor-container elementor-column-gap-default\">\n\t\t\t\t\t<div class=\"elementor-column elementor-col-100 elementor-top-column elementor-element elementor-element-2ecf707\" data-id=\"2ecf707\" data-element_type=\"column\">\n\t\t\t<div class=\"elementor-widget-wrap elementor-element-populated\">\n\t\t\t\t\t\t<div class=\"elementor-element elementor-element-9fca02c elementor-widget elementor-widget-heading\" data-id=\"9fca02c\" data-element_type=\"widget\" data-widget_type=\"heading.default\">\n\t\t\t\t<div class=\"elementor-widget-container\">\n\t\t\t\t\t<h2 class=\"elementor-heading-title elementor-size-default\">Gy\u0151ri ETO FC este un club de fotbal fondat \u00een 1904, fiind una dintre cele mai importante echipe din vestul Ungariei. <\/h2>\t\t\t\t<\/div>\n\t\t\t\t<\/div>\n\t\t\t\t<div class=\"elementor-element elementor-element-564755c elementor-widget elementor-widget-text-editor\" data-id=\"564755c\" data-element_type=\"widget\" data-widget_type=\"text-editor.default\">\n\t\t\t\t<div class=\"elementor-widget-container\">\n\t\t\t\t\t\t\t\t\t<p>De-a lungul istoriei sale bogate, clubul se m\u00e2ndre\u0219te cu 4 titluri de campion al Ungariei, 4 victorii \u00een Cupa Ungariei \u0219i 1 succes \u00een Supercupa Ungariei. Un moment deosebit este sezonul 1965, c\u00e2nd ETO a ajuns p\u00e2n\u0103 \u00een semifinalele Cupei Campionilor Europeni (CCE), intr\u00e2nd astfel \u00een istoria fotbalului maghiar.<\/p><p>Colaborarea \u00eenceput\u0103 \u00een 2024 are ca obiectiv sprijinirea Gy\u0151ri ETO FC \u00een domeniul produselor oficiale pentru suporteri, oferind suport profesionist \u0219i consolid\u00e2nd astfel imaginea clubului.<\/p><p>Activitatea noastr\u0103 acoper\u0103 \u00eentregul proces, de la propunerile de produse p\u00e2n\u0103 la implementare. Primul pas const\u0103 \u00een elaborarea recomand\u0103rilor pentru dezvoltarea produselor viitoare. Ulterior realiz\u0103m designul grafic al produselor \u0219i gestion\u0103m integral procesul de produc\u021bie, asigur\u00e2nd calitatea superioar\u0103 a produselor pentru club.<\/p>\t\t\t\t\t\t\t\t<\/div>\n\t\t\t\t<\/div>\n\t\t\t\t\t<\/div>\n\t\t<\/div>\n\t\t\t\t\t<\/div>\n\t\t<\/section>\n\t\t<div class=\"elementor-element elementor-element-145df72 e-flex e-con-boxed e-con e-parent\" data-id=\"145df72\" data-element_type=\"container\">\n\t\t\t\t\t<div class=\"e-con-inner\">\n\t\t<div class=\"elementor-element elementor-element-e7b7937 e-con-full e-flex e-con e-child\" data-id=\"e7b7937\" data-element_type=\"container\">\n\t\t\t\t<div class=\"elementor-element elementor-element-5489dd4 elementor-widget elementor-widget-image\" data-id=\"5489dd4\" data-element_type=\"widget\" data-widget_type=\"image.default\">\n\t\t\t\t<div class=\"elementor-widget-container\">\n\t\t\t\t\t\t\t\t\t\t\t\t\t\t\t\t<a href=\"https:\/\/sportmerchandise.hu\/ro\/gyori-eto-fc\/gyori-eto-fc-imbracaminte\/\">\n\t\t\t\t\t\t\t<img fetchpriority=\"high\" decoding=\"async\" width=\"896\" height=\"1000\" src=\"https:\/\/sportmerchandise.hu\/wp-content\/uploads\/2025\/01\/sportmerchandise-ruhazat-pulover-eto-fc-gyor.webp\" class=\"attachment-full size-full wp-image-4557\" alt=\"\" srcset=\"https:\/\/sportmerchandise.hu\/wp-content\/uploads\/2025\/01\/sportmerchandise-ruhazat-pulover-eto-fc-gyor.webp 896w, https:\/\/sportmerchandise.hu\/wp-content\/uploads\/2025\/01\/sportmerchandise-ruhazat-pulover-eto-fc-gyor-269x300.webp 269w, https:\/\/sportmerchandise.hu\/wp-content\/uploads\/2025\/01\/sportmerchandise-ruhazat-pulover-eto-fc-gyor-768x857.webp 768w\" sizes=\"(max-width: 896px) 100vw, 896px\" \/>\t\t\t\t\t\t\t\t<\/a>\n\t\t\t\t\t\t\t\t\t\t\t\t\t\t\t<\/div>\n\t\t\t\t<\/div>\n\t\t\t\t<div class=\"elementor-element elementor-element-68e1e1b elementor-widget elementor-widget-text-editor\" data-id=\"68e1e1b\" data-element_type=\"widget\" data-widget_type=\"text-editor.default\">\n\t\t\t\t<div class=\"elementor-widget-container\">\n\t\t\t\t\t\t\t\t\t<p>\u00cembr\u0103c\u0103minte<\/p>\t\t\t\t\t\t\t\t<\/div>\n\t\t\t\t<\/div>\n\t\t\t\t<\/div>\n\t\t<div class=\"elementor-element elementor-element-caa89de e-con-full e-flex e-con e-child\" data-id=\"caa89de\" data-element_type=\"container\">\n\t\t\t\t<div class=\"elementor-element elementor-element-c5bc24c elementor-widget elementor-widget-image\" data-id=\"c5bc24c\" data-element_type=\"widget\" data-widget_type=\"image.default\">\n\t\t\t\t<div class=\"elementor-widget-container\">\n\t\t\t\t\t\t\t\t\t\t\t\t\t\t\t\t<a href=\"https:\/\/sportmerchandise.hu\/ro\/gyori-eto-fc\/gyori-eto-fc-sepci\/\">\n\t\t\t\t\t\t\t<img decoding=\"async\" width=\"896\" height=\"1000\" src=\"https:\/\/sportmerchandise.hu\/wp-content\/uploads\/2025\/01\/sportmerchandise-kiegesztio-baseball-sapka-eto-fc-gyor-1.webp\" class=\"attachment-full size-full wp-image-4543\" alt=\"\" srcset=\"https:\/\/sportmerchandise.hu\/wp-content\/uploads\/2025\/01\/sportmerchandise-kiegesztio-baseball-sapka-eto-fc-gyor-1.webp 896w, https:\/\/sportmerchandise.hu\/wp-content\/uploads\/2025\/01\/sportmerchandise-kiegesztio-baseball-sapka-eto-fc-gyor-1-269x300.webp 269w, https:\/\/sportmerchandise.hu\/wp-content\/uploads\/2025\/01\/sportmerchandise-kiegesztio-baseball-sapka-eto-fc-gyor-1-768x857.webp 768w\" sizes=\"(max-width: 896px) 100vw, 896px\" \/>\t\t\t\t\t\t\t\t<\/a>\n\t\t\t\t\t\t\t\t\t\t\t\t\t\t\t<\/div>\n\t\t\t\t<\/div>\n\t\t\t\t<div class=\"elementor-element elementor-element-78beaae elementor-widget elementor-widget-text-editor\" data-id=\"78beaae\" data-element_type=\"widget\" data-widget_type=\"text-editor.default\">\n\t\t\t\t<div class=\"elementor-widget-container\">\n\t\t\t\t\t\t\t\t\t<p>\u0218epci<\/p>\t\t\t\t\t\t\t\t<\/div>\n\t\t\t\t<\/div>\n\t\t\t\t<\/div>\n\t\t\t\t\t<\/div>\n\t\t\t\t<\/div>\n\t\t<div class=\"elementor-element elementor-element-66403aa e-flex e-con-boxed e-con e-parent\" data-id=\"66403aa\" data-element_type=\"container\">\n\t\t\t\t\t<div class=\"e-con-inner\">\n\t\t<div class=\"elementor-element elementor-element-3f1a222 e-con-full e-flex e-con e-child\" data-id=\"3f1a222\" data-element_type=\"container\">\n\t\t\t\t<div class=\"elementor-element elementor-element-02577cb elementor-widget elementor-widget-image\" data-id=\"02577cb\" data-element_type=\"widget\" data-widget_type=\"image.default\">\n\t\t\t\t<div class=\"elementor-widget-container\">\n\t\t\t\t\t\t\t\t\t\t\t\t\t\t\t\t<a href=\"https:\/\/sportmerchandise.hu\/ro\/gyori-eto-fc\/gyori-eto-fc-genti\/\">\n\t\t\t\t\t\t\t<img decoding=\"async\" width=\"896\" height=\"1000\" src=\"https:\/\/sportmerchandise.hu\/wp-content\/uploads\/2025\/11\/ETO-FC-tornazsak-02-1.png\" class=\"attachment-full size-full wp-image-10065\" alt=\"\" srcset=\"https:\/\/sportmerchandise.hu\/wp-content\/uploads\/2025\/11\/ETO-FC-tornazsak-02-1.png 896w, https:\/\/sportmerchandise.hu\/wp-content\/uploads\/2025\/11\/ETO-FC-tornazsak-02-1-269x300.png 269w, https:\/\/sportmerchandise.hu\/wp-content\/uploads\/2025\/11\/ETO-FC-tornazsak-02-1-768x857.png 768w, https:\/\/sportmerchandise.hu\/wp-content\/uploads\/2025\/11\/ETO-FC-tornazsak-02-1-11x12.png 11w\" sizes=\"(max-width: 896px) 100vw, 896px\" \/>\t\t\t\t\t\t\t\t<\/a>\n\t\t\t\t\t\t\t\t\t\t\t\t\t\t\t<\/div>\n\t\t\t\t<\/div>\n\t\t\t\t<div class=\"elementor-element elementor-element-dfaad3c elementor-widget elementor-widget-text-editor\" data-id=\"dfaad3c\" data-element_type=\"widget\" data-widget_type=\"text-editor.default\">\n\t\t\t\t<div class=\"elementor-widget-container\">\n\t\t\t\t\t\t\t\t\t<p>Gen\u021bi<\/p>\t\t\t\t\t\t\t\t<\/div>\n\t\t\t\t<\/div>\n\t\t\t\t<\/div>\n\t\t<div class=\"elementor-element elementor-element-d099ae1 e-con-full e-flex e-con e-child\" data-id=\"d099ae1\" data-element_type=\"container\">\n\t\t\t\t<div class=\"elementor-element elementor-element-54bde45 elementor-widget elementor-widget-image\" data-id=\"54bde45\" data-element_type=\"widget\" data-widget_type=\"image.default\">\n\t\t\t\t<div class=\"elementor-widget-container\">\n\t\t\t\t\t\t\t\t\t\t\t\t\t\t\t\t<a href=\"https:\/\/sportmerchandise.hu\/ro\/gyori-eto-fc\/gyori-eto-fc-obiecte-cadou\/\">\n\t\t\t\t\t\t\t<img loading=\"lazy\" decoding=\"async\" width=\"896\" height=\"999\" src=\"https:\/\/sportmerchandise.hu\/wp-content\/uploads\/2025\/11\/ETO-FC-Gyor-szilikon-karkoto-01.webp\" class=\"attachment-full size-full wp-image-7061\" alt=\"\" srcset=\"https:\/\/sportmerchandise.hu\/wp-content\/uploads\/2025\/11\/ETO-FC-Gyor-szilikon-karkoto-01.webp 896w, https:\/\/sportmerchandise.hu\/wp-content\/uploads\/2025\/11\/ETO-FC-Gyor-szilikon-karkoto-01-269x300.webp 269w, https:\/\/sportmerchandise.hu\/wp-content\/uploads\/2025\/11\/ETO-FC-Gyor-szilikon-karkoto-01-768x856.webp 768w, https:\/\/sportmerchandise.hu\/wp-content\/uploads\/2025\/11\/ETO-FC-Gyor-szilikon-karkoto-01-11x12.webp 11w\" sizes=\"(max-width: 896px) 100vw, 896px\" \/>\t\t\t\t\t\t\t\t<\/a>\n\t\t\t\t\t\t\t\t\t\t\t\t\t\t\t<\/div>\n\t\t\t\t<\/div>\n\t\t\t\t<div class=\"elementor-element elementor-element-cbcc4be elementor-widget elementor-widget-text-editor\" data-id=\"cbcc4be\" data-element_type=\"widget\" data-widget_type=\"text-editor.default\">\n\t\t\t\t<div class=\"elementor-widget-container\">\n\t\t\t\t\t\t\t\t\t<p>Obiecte cadou<\/p>\t\t\t\t\t\t\t\t<\/div>\n\t\t\t\t<\/div>\n\t\t\t\t<\/div>\n\t\t\t\t\t<\/div>\n\t\t\t\t<\/div>\n\t\t\t\t<\/div>","protected":false},"excerpt":{"rendered":"<p>Gy\u0151ri ETO FC A Gy\u0151ri ETO FC 1904-ben alap\u00edtott futballklub, amely Nyugat-Magyarorsz\u00e1g egyik legnagyobb csapata. A klub gazdag t\u00f6rt\u00e9nelme sor\u00e1n 4 magyar bajnoki c\u00edmmel, 4 Magyar Kupa-gy\u0151zelemmel \u00e9s 1 Szuperkupa sikerrel b\u00fcszk\u00e9lkedhet. K\u00fcl\u00f6n kiemelend\u0151 az 1965-\u00f6s szezon, amikor az ETO a Bajnokcsapatok Eur\u00f3pa Kup\u00e1ja (BEK) el\u0151d\u00f6nt\u0151j\u00e9ig menetelt, ezzel be\u00edrva mag\u00e1t a magyar futballt\u00f6rt\u00e9nelembe. A 2024-ben [&hellip;]<\/p>","protected":false},"author":1,"featured_media":0,"parent":0,"menu_order":0,"comment_status":"closed","ping_status":"closed","template":"elementor_header_footer","meta":{"footnotes":""},"class_list":["post-5529","page","type-page","status-publish","hentry"],"_links":{"self":[{"href":"https:\/\/sportmerchandise.hu\/ro\/wp-json\/wp\/v2\/pages\/5529","targetHints":{"allow":["GET"]}}],"collection":[{"href":"https:\/\/sportmerchandise.hu\/ro\/wp-json\/wp\/v2\/pages"}],"about":[{"href":"https:\/\/sportmerchandise.hu\/ro\/wp-json\/wp\/v2\/types\/page"}],"author":[{"embeddable":true,"href":"https:\/\/sportmerchandise.hu\/ro\/wp-json\/wp\/v2\/users\/1"}],"replies":[{"embeddable":true,"href":"https:\/\/sportmerchandise.hu\/ro\/wp-json\/wp\/v2\/comments?post=5529"}],"version-history":[{"count":37,"href":"https:\/\/sportmerchandise.hu\/ro\/wp-json\/wp\/v2\/pages\/5529\/revisions"}],"predecessor-version":[{"id":10559,"href":"https:\/\/sportmerchandise.hu\/ro\/wp-json\/wp\/v2\/pages\/5529\/revisions\/10559"}],"wp:attachment":[{"href":"https:\/\/sportmerchandise.hu\/ro\/wp-json\/wp\/v2\/media?parent=5529"}],"curies":[{"name":"wp","href":"https:\/\/api.w.org\/{rel}","templated":true}]}}