{"id":5511,"date":"2025-10-24T07:25:57","date_gmt":"2025-10-24T07:25:57","guid":{"rendered":"https:\/\/sportmerchandise.hu\/?page_id=5511"},"modified":"2025-11-18T07:45:40","modified_gmt":"2025-11-18T07:45:40","slug":"debreceni-vasutas-sport-club","status":"publish","type":"page","link":"https:\/\/sportmerchandise.hu\/ro\/debreceni-vasutas-sport-club\/","title":{"rendered":"Debreceni Vasutas Sport Club"},"content":{"rendered":"<div data-elementor-type=\"wp-page\" data-elementor-id=\"5511\" class=\"elementor elementor-5511\" data-elementor-post-type=\"page\">\n\t\t\t\t\t\t<section class=\"elementor-section elementor-top-section elementor-element elementor-element-754ccb2 elementor-section-height-min-height elementor-section-boxed elementor-section-height-default elementor-section-items-middle\" data-id=\"754ccb2\" data-element_type=\"section\" data-settings=\"{&quot;background_background&quot;:&quot;classic&quot;}\">\n\t\t\t\t\t\t\t<div class=\"elementor-background-overlay\"><\/div>\n\t\t\t\t\t\t\t<div class=\"elementor-container elementor-column-gap-default\">\n\t\t\t\t\t<div class=\"elementor-column elementor-col-100 elementor-top-column elementor-element elementor-element-d5ad701 elementor-invisible\" data-id=\"d5ad701\" data-element_type=\"column\" data-settings=\"{&quot;animation&quot;:&quot;fadeInLeft&quot;}\">\n\t\t\t<div class=\"elementor-widget-wrap elementor-element-populated\">\n\t\t\t\t\t\t<div class=\"elementor-element elementor-element-9444386 elementor-widget elementor-widget-heading\" data-id=\"9444386\" data-element_type=\"widget\" data-widget_type=\"heading.default\">\n\t\t\t\t<div class=\"elementor-widget-container\">\n\t\t\t\t\t<h2 class=\"elementor-heading-title elementor-size-default\">Debreceni <br> Vasutas <br> sport club<\/h2>\t\t\t\t<\/div>\n\t\t\t\t<\/div>\n\t\t\t\t<div class=\"elementor-element elementor-element-138d2ca elementor-widget-divider--view-line elementor-widget elementor-widget-divider\" data-id=\"138d2ca\" data-element_type=\"widget\" data-widget_type=\"divider.default\">\n\t\t\t\t<div class=\"elementor-widget-container\">\n\t\t\t\t\t\t\t<div class=\"elementor-divider\">\n\t\t\t<span class=\"elementor-divider-separator\">\n\t\t\t\t\t\t<\/span>\n\t\t<\/div>\n\t\t\t\t\t\t<\/div>\n\t\t\t\t<\/div>\n\t\t\t\t\t<\/div>\n\t\t<\/div>\n\t\t\t\t\t<\/div>\n\t\t<\/section>\n\t\t\t\t<section class=\"elementor-section elementor-top-section elementor-element elementor-element-9003b02 elementor-section-boxed elementor-section-height-default elementor-section-height-default\" data-id=\"9003b02\" data-element_type=\"section\">\n\t\t\t\t\t\t<div class=\"elementor-container elementor-column-gap-default\">\n\t\t\t\t\t<div class=\"elementor-column elementor-col-100 elementor-top-column elementor-element elementor-element-32f3e4c\" data-id=\"32f3e4c\" data-element_type=\"column\">\n\t\t\t<div class=\"elementor-widget-wrap elementor-element-populated\">\n\t\t\t\t\t\t<div class=\"elementor-element elementor-element-8d3c2cf elementor-widget elementor-widget-heading\" data-id=\"8d3c2cf\" data-element_type=\"widget\" data-widget_type=\"heading.default\">\n\t\t\t\t<div class=\"elementor-widget-container\">\n\t\t\t\t\t<h2 class=\"elementor-heading-title elementor-size-default\">Debreceni VSC, cunoscut sub numele de \u201eLoki\u201d, este un club de fotbal fondat \u00een 1902 \u0219i considerat cea mai popular\u0103 echip\u0103 din estul Ungariei.<\/h2>\t\t\t\t<\/div>\n\t\t\t\t<\/div>\n\t\t\t\t<div class=\"elementor-element elementor-element-9de8204 elementor-widget elementor-widget-text-editor\" data-id=\"9de8204\" data-element_type=\"widget\" data-widget_type=\"text-editor.default\">\n\t\t\t\t<div class=\"elementor-widget-container\">\n\t\t\t\t\t\t\t\t\t<p>Istoria clubului a atins apogeul \u00een perioada recent\u0103 de aur, c\u00e2nd a cucerit toate cele 7 titluri de campioan\u0103 \u0219i cele 6 Cupe ale Ungariei \u00eentre 1999 \u0219i 2014. Printre cele mai importante succese interna\u021bionale se num\u0103r\u0103 participarea \u00een faza grupelor Ligii Campionilor \u00een 2009 \u0219i \u00een Europa League \u00een 2010.<\/p><p>Parteneriatul nostru, \u00eenceput \u00een octombrie 2022, are ca scop sprijinirea complet\u0103 a clubului Debreceni VSC \u00een proiectarea \u0219i produc\u021bia produselor destinate fanilor.<\/p><p>Activitatea noastr\u0103 \u00eencepe cu planificarea strategic\u0103, elabor\u00e2nd propuneri de dezvoltare a produselor pentru viitoarele colec\u021bii. Ulterior, realiz\u0103m designul grafic profesionist al articolelor vestimentare \u0219i al produselor pentru suporteri, iar \u00een final gestion\u0103m integral procesul de produc\u021bie, asigur\u00e2nd calitatea \u0219i standardele premium ale produselor clubului.<\/p>\t\t\t\t\t\t\t\t<\/div>\n\t\t\t\t<\/div>\n\t\t\t\t\t<\/div>\n\t\t<\/div>\n\t\t\t\t\t<\/div>\n\t\t<\/section>\n\t\t<div class=\"elementor-element elementor-element-68360a7 e-flex e-con-boxed e-con e-parent\" data-id=\"68360a7\" data-element_type=\"container\">\n\t\t\t\t\t<div class=\"e-con-inner\">\n\t\t<div class=\"elementor-element elementor-element-11c7ef0 e-con-full e-flex e-con e-child\" data-id=\"11c7ef0\" data-element_type=\"container\">\n\t\t\t\t<div class=\"elementor-element elementor-element-a7e837b elementor-widget elementor-widget-image\" data-id=\"a7e837b\" data-element_type=\"widget\" data-widget_type=\"image.default\">\n\t\t\t\t<div class=\"elementor-widget-container\">\n\t\t\t\t\t\t\t\t\t\t\t\t\t\t\t\t<a href=\"https:\/\/sportmerchandise.hu\/ro\/debreceni-vasutas-sport-club\/dvsc-tricouri\/\">\n\t\t\t\t\t\t\t<img fetchpriority=\"high\" decoding=\"async\" width=\"896\" height=\"1000\" src=\"https:\/\/sportmerchandise.hu\/wp-content\/uploads\/2024\/03\/sportmerchandise-ruhazat-polo-dvsc-1.webp\" class=\"attachment-full size-full wp-image-3875\" alt=\"\" srcset=\"https:\/\/sportmerchandise.hu\/wp-content\/uploads\/2024\/03\/sportmerchandise-ruhazat-polo-dvsc-1.webp 896w, https:\/\/sportmerchandise.hu\/wp-content\/uploads\/2024\/03\/sportmerchandise-ruhazat-polo-dvsc-1-269x300.webp 269w, https:\/\/sportmerchandise.hu\/wp-content\/uploads\/2024\/03\/sportmerchandise-ruhazat-polo-dvsc-1-768x857.webp 768w\" sizes=\"(max-width: 896px) 100vw, 896px\" \/>\t\t\t\t\t\t\t\t<\/a>\n\t\t\t\t\t\t\t\t\t\t\t\t\t\t\t<\/div>\n\t\t\t\t<\/div>\n\t\t\t\t<div class=\"elementor-element elementor-element-3da1951 elementor-widget elementor-widget-text-editor\" data-id=\"3da1951\" data-element_type=\"widget\" data-widget_type=\"text-editor.default\">\n\t\t\t\t<div class=\"elementor-widget-container\">\n\t\t\t\t\t\t\t\t\t<p>Tricouri<\/p>\t\t\t\t\t\t\t\t<\/div>\n\t\t\t\t<\/div>\n\t\t\t\t<\/div>\n\t\t<div class=\"elementor-element elementor-element-49dcc5a e-con-full e-flex e-con e-child\" data-id=\"49dcc5a\" data-element_type=\"container\">\n\t\t\t\t<div class=\"elementor-element elementor-element-a54729a elementor-widget elementor-widget-image\" data-id=\"a54729a\" data-element_type=\"widget\" data-widget_type=\"image.default\">\n\t\t\t\t<div class=\"elementor-widget-container\">\n\t\t\t\t\t\t\t\t\t\t\t\t\t\t\t\t<a href=\"https:\/\/sportmerchandise.hu\/ro\/debreceni-vasutas-sport-club\/dvsc-sepci\/\">\n\t\t\t\t\t\t\t<img decoding=\"async\" width=\"770\" height=\"910\" src=\"https:\/\/sportmerchandise.hu\/wp-content\/uploads\/2023\/11\/sportmerchandise-kiegeszito-kotottsapka-debrecen.webp\" class=\"attachment-full size-full wp-image-2236\" alt=\"\" srcset=\"https:\/\/sportmerchandise.hu\/wp-content\/uploads\/2023\/11\/sportmerchandise-kiegeszito-kotottsapka-debrecen.webp 770w, https:\/\/sportmerchandise.hu\/wp-content\/uploads\/2023\/11\/sportmerchandise-kiegeszito-kotottsapka-debrecen-254x300.webp 254w, https:\/\/sportmerchandise.hu\/wp-content\/uploads\/2023\/11\/sportmerchandise-kiegeszito-kotottsapka-debrecen-768x908.webp 768w\" sizes=\"(max-width: 770px) 100vw, 770px\" \/>\t\t\t\t\t\t\t\t<\/a>\n\t\t\t\t\t\t\t\t\t\t\t\t\t\t\t<\/div>\n\t\t\t\t<\/div>\n\t\t\t\t<div class=\"elementor-element elementor-element-f2958e3 elementor-widget elementor-widget-text-editor\" data-id=\"f2958e3\" data-element_type=\"widget\" data-widget_type=\"text-editor.default\">\n\t\t\t\t<div class=\"elementor-widget-container\">\n\t\t\t\t\t\t\t\t\t<p>\u0218epci<\/p>\t\t\t\t\t\t\t\t<\/div>\n\t\t\t\t<\/div>\n\t\t\t\t<\/div>\n\t\t\t\t\t<\/div>\n\t\t\t\t<\/div>\n\t\t<div class=\"elementor-element elementor-element-a6d13a2 e-flex e-con-boxed e-con e-parent\" data-id=\"a6d13a2\" data-element_type=\"container\">\n\t\t\t\t\t<div class=\"e-con-inner\">\n\t\t<div class=\"elementor-element elementor-element-f316635 e-con-full e-flex e-con e-child\" data-id=\"f316635\" data-element_type=\"container\">\n\t\t\t\t<div class=\"elementor-element elementor-element-e6b5136 elementor-widget elementor-widget-image\" data-id=\"e6b5136\" data-element_type=\"widget\" data-widget_type=\"image.default\">\n\t\t\t\t<div class=\"elementor-widget-container\">\n\t\t\t\t\t\t\t\t\t\t\t\t\t\t\t\t<a href=\"https:\/\/sportmerchandise.hu\/ro\/debreceni-vasutas-sport-club\/dvsc-genti\/\">\n\t\t\t\t\t\t\t<img decoding=\"async\" width=\"896\" height=\"1000\" src=\"https:\/\/sportmerchandise.hu\/wp-content\/uploads\/2024\/02\/sportmerchandise-iskolai-termekek-taska-dvsc-2.webp\" class=\"attachment-full size-full wp-image-3290\" alt=\"\" srcset=\"https:\/\/sportmerchandise.hu\/wp-content\/uploads\/2024\/02\/sportmerchandise-iskolai-termekek-taska-dvsc-2.webp 896w, https:\/\/sportmerchandise.hu\/wp-content\/uploads\/2024\/02\/sportmerchandise-iskolai-termekek-taska-dvsc-2-269x300.webp 269w, https:\/\/sportmerchandise.hu\/wp-content\/uploads\/2024\/02\/sportmerchandise-iskolai-termekek-taska-dvsc-2-768x857.webp 768w\" sizes=\"(max-width: 896px) 100vw, 896px\" \/>\t\t\t\t\t\t\t\t<\/a>\n\t\t\t\t\t\t\t\t\t\t\t\t\t\t\t<\/div>\n\t\t\t\t<\/div>\n\t\t\t\t<div class=\"elementor-element elementor-element-5e25209 elementor-widget elementor-widget-text-editor\" data-id=\"5e25209\" data-element_type=\"widget\" data-widget_type=\"text-editor.default\">\n\t\t\t\t<div class=\"elementor-widget-container\">\n\t\t\t\t\t\t\t\t\t<p>Gen\u021bi<\/p>\t\t\t\t\t\t\t\t<\/div>\n\t\t\t\t<\/div>\n\t\t\t\t<\/div>\n\t\t<div class=\"elementor-element elementor-element-af8f795 e-con-full e-flex e-con e-child\" data-id=\"af8f795\" data-element_type=\"container\">\n\t\t\t\t<div class=\"elementor-element elementor-element-ef0de2a elementor-widget elementor-widget-image\" data-id=\"ef0de2a\" data-element_type=\"widget\" data-widget_type=\"image.default\">\n\t\t\t\t<div class=\"elementor-widget-container\">\n\t\t\t\t\t\t\t\t\t\t\t\t\t\t\t\t<a href=\"https:\/\/sportmerchandise.hu\/ro\/debreceni-vasutas-sport-club\/dvsc-accesorii-pentru-suporteri\/\">\n\t\t\t\t\t\t\t<img loading=\"lazy\" decoding=\"async\" width=\"896\" height=\"1000\" src=\"https:\/\/sportmerchandise.hu\/wp-content\/uploads\/2024\/02\/sportmerchandise-szurkoloi-kellekek-szurkoloi-sal-dvsc-1.webp\" class=\"attachment-full size-full wp-image-3301\" alt=\"\" srcset=\"https:\/\/sportmerchandise.hu\/wp-content\/uploads\/2024\/02\/sportmerchandise-szurkoloi-kellekek-szurkoloi-sal-dvsc-1.webp 896w, https:\/\/sportmerchandise.hu\/wp-content\/uploads\/2024\/02\/sportmerchandise-szurkoloi-kellekek-szurkoloi-sal-dvsc-1-269x300.webp 269w, https:\/\/sportmerchandise.hu\/wp-content\/uploads\/2024\/02\/sportmerchandise-szurkoloi-kellekek-szurkoloi-sal-dvsc-1-768x857.webp 768w\" sizes=\"(max-width: 896px) 100vw, 896px\" \/>\t\t\t\t\t\t\t\t<\/a>\n\t\t\t\t\t\t\t\t\t\t\t\t\t\t\t<\/div>\n\t\t\t\t<\/div>\n\t\t\t\t<div class=\"elementor-element elementor-element-4ad0d41 elementor-widget elementor-widget-text-editor\" data-id=\"4ad0d41\" data-element_type=\"widget\" data-widget_type=\"text-editor.default\">\n\t\t\t\t<div class=\"elementor-widget-container\">\n\t\t\t\t\t\t\t\t\t<p>Accesorii pentru suporteri<\/p>\t\t\t\t\t\t\t\t<\/div>\n\t\t\t\t<\/div>\n\t\t\t\t<\/div>\n\t\t\t\t\t<\/div>\n\t\t\t\t<\/div>\n\t\t<div class=\"elementor-element elementor-element-3dd964b e-flex e-con-boxed e-con e-parent\" data-id=\"3dd964b\" data-element_type=\"container\">\n\t\t\t\t\t<div class=\"e-con-inner\">\n\t\t<div class=\"elementor-element elementor-element-8905bd3 e-con-full e-flex e-con e-child\" data-id=\"8905bd3\" data-element_type=\"container\">\n\t\t\t\t<div class=\"elementor-element elementor-element-a4a7142 elementor-widget elementor-widget-image\" data-id=\"a4a7142\" data-element_type=\"widget\" data-widget_type=\"image.default\">\n\t\t\t\t<div class=\"elementor-widget-container\">\n\t\t\t\t\t\t\t\t\t\t\t\t\t\t\t\t<a href=\"https:\/\/sportmerchandise.hu\/ro\/debreceni-vasutas-sport-club\/dvsc-produse-de-craciun\/\">\n\t\t\t\t\t\t\t<img loading=\"lazy\" decoding=\"async\" width=\"896\" height=\"1000\" src=\"https:\/\/sportmerchandise.hu\/wp-content\/uploads\/2024\/05\/sportmerchandise-ruhazat-karacsonyi-pulover-dvsc.webp.webp\" class=\"attachment-full size-full wp-image-4066\" alt=\"\" srcset=\"https:\/\/sportmerchandise.hu\/wp-content\/uploads\/2024\/05\/sportmerchandise-ruhazat-karacsonyi-pulover-dvsc.webp.webp 896w, https:\/\/sportmerchandise.hu\/wp-content\/uploads\/2024\/05\/sportmerchandise-ruhazat-karacsonyi-pulover-dvsc.webp-269x300.webp 269w, https:\/\/sportmerchandise.hu\/wp-content\/uploads\/2024\/05\/sportmerchandise-ruhazat-karacsonyi-pulover-dvsc.webp-768x857.webp 768w\" sizes=\"(max-width: 896px) 100vw, 896px\" \/>\t\t\t\t\t\t\t\t<\/a>\n\t\t\t\t\t\t\t\t\t\t\t\t\t\t\t<\/div>\n\t\t\t\t<\/div>\n\t\t\t\t<div class=\"elementor-element elementor-element-72608eb elementor-widget elementor-widget-text-editor\" data-id=\"72608eb\" data-element_type=\"widget\" data-widget_type=\"text-editor.default\">\n\t\t\t\t<div class=\"elementor-widget-container\">\n\t\t\t\t\t\t\t\t\t<p>Produse de Cr\u0103ciun<\/p>\t\t\t\t\t\t\t\t<\/div>\n\t\t\t\t<\/div>\n\t\t\t\t<\/div>\n\t\t<div class=\"elementor-element elementor-element-9092fe8 e-con-full e-flex e-con e-child\" data-id=\"9092fe8\" data-element_type=\"container\">\n\t\t\t\t<div class=\"elementor-element elementor-element-60563b0 elementor-widget elementor-widget-image\" data-id=\"60563b0\" data-element_type=\"widget\" data-widget_type=\"image.default\">\n\t\t\t\t<div class=\"elementor-widget-container\">\n\t\t\t\t\t\t\t\t\t\t\t\t\t\t\t\t<a href=\"https:\/\/sportmerchandise.hu\/ro\/debreceni-vasutas-sport-club\/dvsc-obiecte-cadou\/\">\n\t\t\t\t\t\t\t<img loading=\"lazy\" decoding=\"async\" width=\"896\" height=\"1000\" src=\"https:\/\/sportmerchandise.hu\/wp-content\/uploads\/2024\/02\/sportmerchandise-otthoni-termekek-bogre-dvsc.webp\" class=\"attachment-full size-full wp-image-3297\" alt=\"\" srcset=\"https:\/\/sportmerchandise.hu\/wp-content\/uploads\/2024\/02\/sportmerchandise-otthoni-termekek-bogre-dvsc.webp 896w, https:\/\/sportmerchandise.hu\/wp-content\/uploads\/2024\/02\/sportmerchandise-otthoni-termekek-bogre-dvsc-269x300.webp 269w, https:\/\/sportmerchandise.hu\/wp-content\/uploads\/2024\/02\/sportmerchandise-otthoni-termekek-bogre-dvsc-768x857.webp 768w\" sizes=\"(max-width: 896px) 100vw, 896px\" \/>\t\t\t\t\t\t\t\t<\/a>\n\t\t\t\t\t\t\t\t\t\t\t\t\t\t\t<\/div>\n\t\t\t\t<\/div>\n\t\t\t\t<div class=\"elementor-element elementor-element-4f9af37 elementor-widget elementor-widget-text-editor\" data-id=\"4f9af37\" data-element_type=\"widget\" data-widget_type=\"text-editor.default\">\n\t\t\t\t<div class=\"elementor-widget-container\">\n\t\t\t\t\t\t\t\t\t<p>Obiecte cadou<\/p>\t\t\t\t\t\t\t\t<\/div>\n\t\t\t\t<\/div>\n\t\t\t\t<\/div>\n\t\t\t\t\t<\/div>\n\t\t\t\t<\/div>\n\t\t<div class=\"elementor-element elementor-element-dc6e99d e-flex e-con-boxed e-con e-parent\" data-id=\"dc6e99d\" data-element_type=\"container\">\n\t\t\t\t\t<div class=\"e-con-inner\">\n\t\t<div class=\"elementor-element elementor-element-2ef531c e-con-full e-flex e-con e-child\" data-id=\"2ef531c\" data-element_type=\"container\">\n\t\t\t\t<div class=\"elementor-element elementor-element-d23b6a4 elementor-widget elementor-widget-image\" data-id=\"d23b6a4\" data-element_type=\"widget\" data-widget_type=\"image.default\">\n\t\t\t\t<div class=\"elementor-widget-container\">\n\t\t\t\t\t\t\t\t\t\t\t\t\t\t\t\t<a href=\"https:\/\/sportmerchandise.hu\/ro\/debreceni-vasutas-sport-club\/dvsc-echipamente-scolare\/\">\n\t\t\t\t\t\t\t<img loading=\"lazy\" decoding=\"async\" width=\"896\" height=\"1000\" src=\"https:\/\/sportmerchandise.hu\/wp-content\/uploads\/2025\/11\/DVSC-Iskolai-termekek-fuzet_02.webp\" class=\"attachment-full size-full wp-image-7468\" alt=\"\" srcset=\"https:\/\/sportmerchandise.hu\/wp-content\/uploads\/2025\/11\/DVSC-Iskolai-termekek-fuzet_02.webp 896w, https:\/\/sportmerchandise.hu\/wp-content\/uploads\/2025\/11\/DVSC-Iskolai-termekek-fuzet_02-269x300.webp 269w, https:\/\/sportmerchandise.hu\/wp-content\/uploads\/2025\/11\/DVSC-Iskolai-termekek-fuzet_02-768x857.webp 768w, https:\/\/sportmerchandise.hu\/wp-content\/uploads\/2025\/11\/DVSC-Iskolai-termekek-fuzet_02-11x12.webp 11w\" sizes=\"(max-width: 896px) 100vw, 896px\" \/>\t\t\t\t\t\t\t\t<\/a>\n\t\t\t\t\t\t\t\t\t\t\t\t\t\t\t<\/div>\n\t\t\t\t<\/div>\n\t\t\t\t<div class=\"elementor-element elementor-element-432b9b7 elementor-widget elementor-widget-text-editor\" data-id=\"432b9b7\" data-element_type=\"widget\" data-widget_type=\"text-editor.default\">\n\t\t\t\t<div class=\"elementor-widget-container\">\n\t\t\t\t\t\t\t\t\t<p>Echipamente \u0219colare<\/p>\t\t\t\t\t\t\t\t<\/div>\n\t\t\t\t<\/div>\n\t\t\t\t<\/div>\n\t\t<div class=\"elementor-element elementor-element-eba7a6f e-con-full e-flex e-con e-child\" data-id=\"eba7a6f\" data-element_type=\"container\">\n\t\t\t\t<\/div>\n\t\t\t\t\t<\/div>\n\t\t\t\t<\/div>\n\t\t\t\t<\/div>","protected":false},"excerpt":{"rendered":"<p>Debreceni Vasutas sport club A Debreceni VSC, becenev\u00e9n a Loki, 1902-ben alap\u00edtott futballklub, amely Kelet-Magyarorsz\u00e1g legn\u00e9pszer\u0171bb csapat\u00e1nak sz\u00e1m\u00edt. A klub t\u00f6rt\u00e9nelme egy\u00e9rtelm\u0171en a k\u00f6zelm\u00falt aranykor\u00e1ban teljesedett ki: mind a 7 els\u0151 oszt\u00e1ly\u00fa bajnoki c\u00edm\u00e9t \u00e9s 6 Magyar Kupa-gy\u0151zelm\u00e9t az 1999 \u00e9s 2014 k\u00f6z\u00f6tti id\u0151szakban szerezte. Kiemelked\u0151 nemzetk\u00f6zi sikerei k\u00f6z\u00e9 tartozik a 2009-es Bajnokok Lig\u00e1ja csoportk\u00f6r, [&hellip;]<\/p>","protected":false},"author":1,"featured_media":0,"parent":0,"menu_order":0,"comment_status":"closed","ping_status":"closed","template":"elementor_header_footer","meta":{"footnotes":""},"class_list":["post-5511","page","type-page","status-publish","hentry"],"_links":{"self":[{"href":"https:\/\/sportmerchandise.hu\/ro\/wp-json\/wp\/v2\/pages\/5511","targetHints":{"allow":["GET"]}}],"collection":[{"href":"https:\/\/sportmerchandise.hu\/ro\/wp-json\/wp\/v2\/pages"}],"about":[{"href":"https:\/\/sportmerchandise.hu\/ro\/wp-json\/wp\/v2\/types\/page"}],"author":[{"embeddable":true,"href":"https:\/\/sportmerchandise.hu\/ro\/wp-json\/wp\/v2\/users\/1"}],"replies":[{"embeddable":true,"href":"https:\/\/sportmerchandise.hu\/ro\/wp-json\/wp\/v2\/comments?post=5511"}],"version-history":[{"count":46,"href":"https:\/\/sportmerchandise.hu\/ro\/wp-json\/wp\/v2\/pages\/5511\/revisions"}],"predecessor-version":[{"id":10487,"href":"https:\/\/sportmerchandise.hu\/ro\/wp-json\/wp\/v2\/pages\/5511\/revisions\/10487"}],"wp:attachment":[{"href":"https:\/\/sportmerchandise.hu\/ro\/wp-json\/wp\/v2\/media?parent=5511"}],"curies":[{"name":"wp","href":"https:\/\/api.w.org\/{rel}","templated":true}]}}