{"id":5342,"date":"2025-10-21T10:04:29","date_gmt":"2025-10-21T10:04:29","guid":{"rendered":"https:\/\/sportmerchandise.hu\/?page_id=5342"},"modified":"2025-11-18T14:08:30","modified_gmt":"2025-11-18T14:08:30","slug":"uta-arad","status":"publish","type":"page","link":"https:\/\/sportmerchandise.hu\/ro\/uta-arad\/","title":{"rendered":"UTA Arad"},"content":{"rendered":"<div data-elementor-type=\"wp-page\" data-elementor-id=\"5342\" class=\"elementor elementor-5342\" data-elementor-post-type=\"page\">\n\t\t\t\t\t\t<section class=\"elementor-section elementor-top-section elementor-element elementor-element-d021337 elementor-section-height-min-height elementor-section-boxed elementor-section-height-default elementor-section-items-middle\" data-id=\"d021337\" data-element_type=\"section\" data-settings=\"{&quot;background_background&quot;:&quot;classic&quot;}\">\n\t\t\t\t\t\t\t<div class=\"elementor-background-overlay\"><\/div>\n\t\t\t\t\t\t\t<div class=\"elementor-container elementor-column-gap-default\">\n\t\t\t\t\t<div class=\"elementor-column elementor-col-100 elementor-top-column elementor-element elementor-element-6989355 elementor-invisible\" data-id=\"6989355\" data-element_type=\"column\" data-settings=\"{&quot;animation&quot;:&quot;fadeInLeft&quot;}\">\n\t\t\t<div class=\"elementor-widget-wrap elementor-element-populated\">\n\t\t\t\t\t\t<div class=\"elementor-element elementor-element-57a5c9d elementor-widget elementor-widget-heading\" data-id=\"57a5c9d\" data-element_type=\"widget\" data-widget_type=\"heading.default\">\n\t\t\t\t<div class=\"elementor-widget-container\">\n\t\t\t\t\t<h2 class=\"elementor-heading-title elementor-size-default\">UTA Arad<\/h2>\t\t\t\t<\/div>\n\t\t\t\t<\/div>\n\t\t\t\t<div class=\"elementor-element elementor-element-e685e5b elementor-widget-divider--view-line elementor-widget elementor-widget-divider\" data-id=\"e685e5b\" data-element_type=\"widget\" data-widget_type=\"divider.default\">\n\t\t\t\t<div class=\"elementor-widget-container\">\n\t\t\t\t\t\t\t<div class=\"elementor-divider\">\n\t\t\t<span class=\"elementor-divider-separator\">\n\t\t\t\t\t\t<\/span>\n\t\t<\/div>\n\t\t\t\t\t\t<\/div>\n\t\t\t\t<\/div>\n\t\t\t\t\t<\/div>\n\t\t<\/div>\n\t\t\t\t\t<\/div>\n\t\t<\/section>\n\t\t\t\t<section class=\"elementor-section elementor-top-section elementor-element elementor-element-f0a035a elementor-section-boxed elementor-section-height-default elementor-section-height-default\" data-id=\"f0a035a\" data-element_type=\"section\">\n\t\t\t\t\t\t<div class=\"elementor-container elementor-column-gap-default\">\n\t\t\t\t\t<div class=\"elementor-column elementor-col-100 elementor-top-column elementor-element elementor-element-260ece3\" data-id=\"260ece3\" data-element_type=\"column\">\n\t\t\t<div class=\"elementor-widget-wrap elementor-element-populated\">\n\t\t\t\t\t\t<div class=\"elementor-element elementor-element-edbbe20 elementor-widget elementor-widget-heading\" data-id=\"edbbe20\" data-element_type=\"widget\" data-widget_type=\"heading.default\">\n\t\t\t\t<div class=\"elementor-widget-container\">\n\t\t\t\t\t<h2 class=\"elementor-heading-title elementor-size-default\">UTA Arad, echip\u0103 ce joac\u0103 \u00een culorile ro\u0219u \u0219i alb, a fost fondat\u0103 \u00een 1945 \u0219i se num\u0103r\u0103 printre cele mai de succes cluburi de fotbal din Rom\u00e2nia.<\/h2>\t\t\t\t<\/div>\n\t\t\t\t<\/div>\n\t\t\t\t<div class=\"elementor-element elementor-element-1ee2ffa elementor-widget elementor-widget-text-editor\" data-id=\"1ee2ffa\" data-element_type=\"widget\" data-widget_type=\"text-editor.default\">\n\t\t\t\t<div class=\"elementor-widget-container\">\n\t\t\t\t\t\t\t\t\t<p>Istoria clubului este marcat\u0103 de \u0219ase titluri de campioan\u0103 \u0219i dou\u0103 cupe c\u00e2\u0219tigate, consolid\u00e2nd astfel rolul s\u0103u important \u00een fotbalul rom\u00e2nesc.<\/p><p>\u00cen cadrul parteneriatului \u00eenceput \u00een 2024, oferim suport complet pentru proiectarea \u0219i produc\u021bia produselor destinate suporterilor UTA Arad.<\/p><p>Cu expertiza noastr\u0103, sprijinim clubul \u00een dezvoltarea selec\u021biei de produse, elabor\u0103m recomand\u0103rile pentru colec\u021bii, realiz\u0103m designul grafic \u0219i, \u00een etapa cea mai important\u0103 a proiectului, gestion\u0103m \u00eentregul proces de produc\u021bie, asigur\u00e2nd calitatea superioar\u0103 a fiec\u0103rui produs.<\/p>\t\t\t\t\t\t\t\t<\/div>\n\t\t\t\t<\/div>\n\t\t\t\t\t<\/div>\n\t\t<\/div>\n\t\t\t\t\t<\/div>\n\t\t<\/section>\n\t\t<div class=\"elementor-element elementor-element-cf4bd13 e-flex e-con-boxed e-con e-parent\" data-id=\"cf4bd13\" data-element_type=\"container\">\n\t\t\t\t\t<div class=\"e-con-inner\">\n\t\t<div class=\"elementor-element elementor-element-1390caf e-con-full e-flex e-con e-child\" data-id=\"1390caf\" data-element_type=\"container\">\n\t\t\t\t<div class=\"elementor-element elementor-element-abe3c6e elementor-widget elementor-widget-image\" data-id=\"abe3c6e\" data-element_type=\"widget\" data-widget_type=\"image.default\">\n\t\t\t\t<div class=\"elementor-widget-container\">\n\t\t\t\t\t\t\t\t\t\t\t\t\t\t\t\t<a href=\"https:\/\/sportmerchandise.hu\/ro\/uta-arad\/uta-arad-esarfe\/\">\n\t\t\t\t\t\t\t<img fetchpriority=\"high\" decoding=\"async\" width=\"896\" height=\"1000\" src=\"https:\/\/sportmerchandise.hu\/wp-content\/uploads\/2025\/11\/ARAD-80-kotott-sal-03.webp\" class=\"attachment-full size-full wp-image-7401\" alt=\"\" srcset=\"https:\/\/sportmerchandise.hu\/wp-content\/uploads\/2025\/11\/ARAD-80-kotott-sal-03.webp 896w, https:\/\/sportmerchandise.hu\/wp-content\/uploads\/2025\/11\/ARAD-80-kotott-sal-03-269x300.webp 269w, https:\/\/sportmerchandise.hu\/wp-content\/uploads\/2025\/11\/ARAD-80-kotott-sal-03-768x857.webp 768w, https:\/\/sportmerchandise.hu\/wp-content\/uploads\/2025\/11\/ARAD-80-kotott-sal-03-11x12.webp 11w\" sizes=\"(max-width: 896px) 100vw, 896px\" \/>\t\t\t\t\t\t\t\t<\/a>\n\t\t\t\t\t\t\t\t\t\t\t\t\t\t\t<\/div>\n\t\t\t\t<\/div>\n\t\t\t\t<div class=\"elementor-element elementor-element-71423b9 elementor-widget elementor-widget-text-editor\" data-id=\"71423b9\" data-element_type=\"widget\" data-widget_type=\"text-editor.default\">\n\t\t\t\t<div class=\"elementor-widget-container\">\n\t\t\t\t\t\t\t\t\t<p>E\u0219arfe<\/p>\t\t\t\t\t\t\t\t<\/div>\n\t\t\t\t<\/div>\n\t\t\t\t<\/div>\n\t\t<div class=\"elementor-element elementor-element-054503b e-con-full e-flex e-con e-child\" data-id=\"054503b\" data-element_type=\"container\">\n\t\t\t\t<div class=\"elementor-element elementor-element-bf4e919 elementor-widget elementor-widget-image\" data-id=\"bf4e919\" data-element_type=\"widget\" data-widget_type=\"image.default\">\n\t\t\t\t<div class=\"elementor-widget-container\">\n\t\t\t\t\t\t\t\t\t\t\t\t\t\t\t\t<a href=\"https:\/\/sportmerchandise.hu\/ro\/uta-arad\/uta-arad-obiecte-cadou\/\">\n\t\t\t\t\t\t\t<img decoding=\"async\" width=\"896\" height=\"1000\" src=\"https:\/\/sportmerchandise.hu\/wp-content\/uploads\/2025\/11\/Arad-szilikon-karkoto-piros-01.webp\" class=\"attachment-full size-full wp-image-7404\" alt=\"\" srcset=\"https:\/\/sportmerchandise.hu\/wp-content\/uploads\/2025\/11\/Arad-szilikon-karkoto-piros-01.webp 896w, https:\/\/sportmerchandise.hu\/wp-content\/uploads\/2025\/11\/Arad-szilikon-karkoto-piros-01-269x300.webp 269w, https:\/\/sportmerchandise.hu\/wp-content\/uploads\/2025\/11\/Arad-szilikon-karkoto-piros-01-768x857.webp 768w, https:\/\/sportmerchandise.hu\/wp-content\/uploads\/2025\/11\/Arad-szilikon-karkoto-piros-01-11x12.webp 11w\" sizes=\"(max-width: 896px) 100vw, 896px\" \/>\t\t\t\t\t\t\t\t<\/a>\n\t\t\t\t\t\t\t\t\t\t\t\t\t\t\t<\/div>\n\t\t\t\t<\/div>\n\t\t\t\t<div class=\"elementor-element elementor-element-54441dd elementor-widget elementor-widget-text-editor\" data-id=\"54441dd\" data-element_type=\"widget\" data-widget_type=\"text-editor.default\">\n\t\t\t\t<div class=\"elementor-widget-container\">\n\t\t\t\t\t\t\t\t\t<p>Obiecte cadou<\/p>\t\t\t\t\t\t\t\t<\/div>\n\t\t\t\t<\/div>\n\t\t\t\t<\/div>\n\t\t\t\t\t<\/div>\n\t\t\t\t<\/div>\n\t\t\t\t<\/div>","protected":false},"excerpt":{"rendered":"<p>UTA Arad A piros-feh\u00e9r sz\u00ednekben j\u00e1tsz\u00f3 UTA Arad csapat\u00e1t 1945-ben alap\u00edtott\u00e1k, \u00e9s Rom\u00e1nia egyik legeredm\u00e9nyesebb labdar\u00fag\u00f3klubjai k\u00f6z\u00e9 tartozik. A klub t\u00f6rt\u00e9nelmi sikereit hat bajnoki c\u00edm \u00e9s k\u00e9t kupagy\u0151zelem f\u00e9mjelzi, ezzel is meger\u0151s\u00edtve a csapat meghat\u00e1roz\u00f3 szerep\u00e9t a rom\u00e1n futballban. A 2024-ben indul\u00f3 partners\u00e9g keret\u00e9ben a teljes term\u00e9kgy\u00e1rt\u00e1si \u00e9s tervez\u00e9si t\u00e1mogat\u00e1st mi ny\u00fajtjuk az UTA Arad [&hellip;]<\/p>","protected":false},"author":1,"featured_media":0,"parent":0,"menu_order":0,"comment_status":"closed","ping_status":"closed","template":"elementor_header_footer","meta":{"footnotes":""},"class_list":["post-5342","page","type-page","status-publish","hentry"],"_links":{"self":[{"href":"https:\/\/sportmerchandise.hu\/ro\/wp-json\/wp\/v2\/pages\/5342","targetHints":{"allow":["GET"]}}],"collection":[{"href":"https:\/\/sportmerchandise.hu\/ro\/wp-json\/wp\/v2\/pages"}],"about":[{"href":"https:\/\/sportmerchandise.hu\/ro\/wp-json\/wp\/v2\/types\/page"}],"author":[{"embeddable":true,"href":"https:\/\/sportmerchandise.hu\/ro\/wp-json\/wp\/v2\/users\/1"}],"replies":[{"embeddable":true,"href":"https:\/\/sportmerchandise.hu\/ro\/wp-json\/wp\/v2\/comments?post=5342"}],"version-history":[{"count":19,"href":"https:\/\/sportmerchandise.hu\/ro\/wp-json\/wp\/v2\/pages\/5342\/revisions"}],"predecessor-version":[{"id":10876,"href":"https:\/\/sportmerchandise.hu\/ro\/wp-json\/wp\/v2\/pages\/5342\/revisions\/10876"}],"wp:attachment":[{"href":"https:\/\/sportmerchandise.hu\/ro\/wp-json\/wp\/v2\/media?parent=5342"}],"curies":[{"name":"wp","href":"https:\/\/api.w.org\/{rel}","templated":true}]}}