{"id":5326,"date":"2025-10-21T09:55:08","date_gmt":"2025-10-21T09:55:08","guid":{"rendered":"https:\/\/sportmerchandise.hu\/?page_id=5326"},"modified":"2025-11-18T08:18:38","modified_gmt":"2025-11-18T08:18:38","slug":"tatabanyai-vizmu-egyesulet","status":"publish","type":"page","link":"https:\/\/sportmerchandise.hu\/ro\/tatabanyai-vizmu-egyesulet\/","title":{"rendered":"Tatab\u00e1nyai V\u00edzm\u0171 Egyes\u00fclet"},"content":{"rendered":"<div data-elementor-type=\"wp-page\" data-elementor-id=\"5326\" class=\"elementor elementor-5326\" data-elementor-post-type=\"page\">\n\t\t\t\t\t\t<section class=\"elementor-section elementor-top-section elementor-element elementor-element-57dd0c2 elementor-section-height-min-height elementor-section-boxed elementor-section-height-default elementor-section-items-middle\" data-id=\"57dd0c2\" data-element_type=\"section\" data-settings=\"{&quot;background_background&quot;:&quot;classic&quot;}\">\n\t\t\t\t\t\t\t<div class=\"elementor-background-overlay\"><\/div>\n\t\t\t\t\t\t\t<div class=\"elementor-container elementor-column-gap-default\">\n\t\t\t\t\t<div class=\"elementor-column elementor-col-100 elementor-top-column elementor-element elementor-element-47a41ad elementor-invisible\" data-id=\"47a41ad\" data-element_type=\"column\" data-settings=\"{&quot;animation&quot;:&quot;fadeInLeft&quot;}\">\n\t\t\t<div class=\"elementor-widget-wrap elementor-element-populated\">\n\t\t\t\t\t\t<div class=\"elementor-element elementor-element-ae1b4b7 elementor-widget elementor-widget-heading\" data-id=\"ae1b4b7\" data-element_type=\"widget\" data-widget_type=\"heading.default\">\n\t\t\t\t<div class=\"elementor-widget-container\">\n\t\t\t\t\t<h2 class=\"elementor-heading-title elementor-size-default\">Tatab\u00e1nyai V\u00edzm\u0171 <br> Egyes\u00fclet<\/h2>\t\t\t\t<\/div>\n\t\t\t\t<\/div>\n\t\t\t\t<div class=\"elementor-element elementor-element-bf87cca elementor-widget-divider--view-line elementor-widget elementor-widget-divider\" data-id=\"bf87cca\" data-element_type=\"widget\" data-widget_type=\"divider.default\">\n\t\t\t\t<div class=\"elementor-widget-container\">\n\t\t\t\t\t\t\t<div class=\"elementor-divider\">\n\t\t\t<span class=\"elementor-divider-separator\">\n\t\t\t\t\t\t<\/span>\n\t\t<\/div>\n\t\t\t\t\t\t<\/div>\n\t\t\t\t<\/div>\n\t\t\t\t\t<\/div>\n\t\t<\/div>\n\t\t\t\t\t<\/div>\n\t\t<\/section>\n\t\t\t\t<section class=\"elementor-section elementor-top-section elementor-element elementor-element-6e3abc6 elementor-section-boxed elementor-section-height-default elementor-section-height-default\" data-id=\"6e3abc6\" data-element_type=\"section\">\n\t\t\t\t\t\t<div class=\"elementor-container elementor-column-gap-default\">\n\t\t\t\t\t<div class=\"elementor-column elementor-col-100 elementor-top-column elementor-element elementor-element-58032c2\" data-id=\"58032c2\" data-element_type=\"column\">\n\t\t\t<div class=\"elementor-widget-wrap elementor-element-populated\">\n\t\t\t\t\t\t<div class=\"elementor-element elementor-element-b89fbf8 elementor-widget elementor-widget-heading\" data-id=\"b89fbf8\" data-element_type=\"widget\" data-widget_type=\"heading.default\">\n\t\t\t\t<div class=\"elementor-widget-container\">\n\t\t\t\t\t<h2 class=\"elementor-heading-title elementor-size-default\">Sec\u021bia de polo pe ap\u0103 a clubului Tatab\u00e1nyai VSE a fost reorganizat\u0103 complet \u00een urm\u0103 cu aproximativ cinci ani, concentr\u00e2ndu-se \u00een principal pe dezvoltarea tinerelor talente. <\/h2>\t\t\t\t<\/div>\n\t\t\t\t<\/div>\n\t\t\t\t<div class=\"elementor-element elementor-element-2f123f9 elementor-widget elementor-widget-text-editor\" data-id=\"2f123f9\" data-element_type=\"widget\" data-widget_type=\"text-editor.default\">\n\t\t\t\t<div class=\"elementor-widget-container\">\n\t\t\t\t\t\t\t\t\t<p>Aceast\u0103 strategie a dat roade: echipele clubului se men\u021bin constant \u00een primele pozi\u021bii ale campionatelor de juniori. Obiectivul lor este cre\u0219terea continu\u0103 \u2013 echipele de seniori \u00ee\u0219i propun s\u0103 ajung\u0103 \u00een cea mai \u00eenalt\u0103 divizie a sportului, at\u00e2t la feminin, c\u00e2t \u0219i la masculin.<\/p><p>\u00cen cadrul colabor\u0103rii noastre, oferim clubului sprijin complet \u00een ceea ce prive\u0219te identitatea vizual\u0103 \u0219i aprovizionarea cu produse oficiale. Ca \u0219i \u00een cazul celorlal\u021bi parteneri, primul pas este realizarea designului grafic al produselor oficiale, urmat de gestionarea complet\u0103 a procesului de produc\u021bie, garant\u00e2nd calitatea superioar\u0103 a produselor destinate Tatab\u00e1nyai VSE.<\/p>\t\t\t\t\t\t\t\t<\/div>\n\t\t\t\t<\/div>\n\t\t\t\t\t<\/div>\n\t\t<\/div>\n\t\t\t\t\t<\/div>\n\t\t<\/section>\n\t\t<div class=\"elementor-element elementor-element-cc5e914 e-flex e-con-boxed e-con e-parent\" data-id=\"cc5e914\" data-element_type=\"container\">\n\t\t\t\t\t<div class=\"e-con-inner\">\n\t\t<div class=\"elementor-element elementor-element-74e392a e-con-full e-flex e-con e-child\" data-id=\"74e392a\" data-element_type=\"container\">\n\t\t\t\t<div class=\"elementor-element elementor-element-0399c17 elementor-widget elementor-widget-image\" data-id=\"0399c17\" data-element_type=\"widget\" data-widget_type=\"image.default\">\n\t\t\t\t<div class=\"elementor-widget-container\">\n\t\t\t\t\t\t\t\t\t\t\t\t\t\t\t\t<a href=\"https:\/\/sportmerchandise.hu\/ro\/tatabanyai-vizmu-egyesulet\/tvse-sepci\/\">\n\t\t\t\t\t\t\t<img fetchpriority=\"high\" decoding=\"async\" width=\"896\" height=\"1000\" src=\"https:\/\/sportmerchandise.hu\/wp-content\/uploads\/2024\/05\/sportmerchandise-kiegesztio-kotott-sapka-tvse.webp\" class=\"attachment-full size-full wp-image-4092\" alt=\"\" srcset=\"https:\/\/sportmerchandise.hu\/wp-content\/uploads\/2024\/05\/sportmerchandise-kiegesztio-kotott-sapka-tvse.webp 896w, https:\/\/sportmerchandise.hu\/wp-content\/uploads\/2024\/05\/sportmerchandise-kiegesztio-kotott-sapka-tvse-269x300.webp 269w, https:\/\/sportmerchandise.hu\/wp-content\/uploads\/2024\/05\/sportmerchandise-kiegesztio-kotott-sapka-tvse-768x857.webp 768w\" sizes=\"(max-width: 896px) 100vw, 896px\" \/>\t\t\t\t\t\t\t\t<\/a>\n\t\t\t\t\t\t\t\t\t\t\t\t\t\t\t<\/div>\n\t\t\t\t<\/div>\n\t\t\t\t<div class=\"elementor-element elementor-element-811fd9e elementor-widget elementor-widget-text-editor\" data-id=\"811fd9e\" data-element_type=\"widget\" data-widget_type=\"text-editor.default\">\n\t\t\t\t<div class=\"elementor-widget-container\">\n\t\t\t\t\t\t\t\t\t<p>\u0218epci<\/p>\t\t\t\t\t\t\t\t<\/div>\n\t\t\t\t<\/div>\n\t\t\t\t<\/div>\n\t\t<div class=\"elementor-element elementor-element-770ef3e e-con-full e-flex e-con e-child\" data-id=\"770ef3e\" data-element_type=\"container\">\n\t\t\t\t<div class=\"elementor-element elementor-element-d8b3dc3 elementor-widget elementor-widget-image\" data-id=\"d8b3dc3\" data-element_type=\"widget\" data-widget_type=\"image.default\">\n\t\t\t\t<div class=\"elementor-widget-container\">\n\t\t\t\t\t\t\t\t\t\t\t\t\t\t\t\t<a href=\"https:\/\/sportmerchandise.hu\/ro\/tatabanyai-vizmu-egyesulet\/tvse-genti\/\">\n\t\t\t\t\t\t\t<img decoding=\"async\" width=\"896\" height=\"1000\" src=\"https:\/\/sportmerchandise.hu\/wp-content\/uploads\/2025\/11\/TVSE-tornazsak-02.webp\" class=\"attachment-full size-full wp-image-7371\" alt=\"\" srcset=\"https:\/\/sportmerchandise.hu\/wp-content\/uploads\/2025\/11\/TVSE-tornazsak-02.webp 896w, https:\/\/sportmerchandise.hu\/wp-content\/uploads\/2025\/11\/TVSE-tornazsak-02-269x300.webp 269w, https:\/\/sportmerchandise.hu\/wp-content\/uploads\/2025\/11\/TVSE-tornazsak-02-768x857.webp 768w, https:\/\/sportmerchandise.hu\/wp-content\/uploads\/2025\/11\/TVSE-tornazsak-02-11x12.webp 11w\" sizes=\"(max-width: 896px) 100vw, 896px\" \/>\t\t\t\t\t\t\t\t<\/a>\n\t\t\t\t\t\t\t\t\t\t\t\t\t\t\t<\/div>\n\t\t\t\t<\/div>\n\t\t\t\t<div class=\"elementor-element elementor-element-a16dfb0 elementor-widget elementor-widget-text-editor\" data-id=\"a16dfb0\" data-element_type=\"widget\" data-widget_type=\"text-editor.default\">\n\t\t\t\t<div class=\"elementor-widget-container\">\n\t\t\t\t\t\t\t\t\t<p>Gen\u021bi<\/p>\t\t\t\t\t\t\t\t<\/div>\n\t\t\t\t<\/div>\n\t\t\t\t<\/div>\n\t\t\t\t\t<\/div>\n\t\t\t\t<\/div>\n\t\t<div class=\"elementor-element elementor-element-b18e089 e-flex e-con-boxed e-con e-parent\" data-id=\"b18e089\" data-element_type=\"container\">\n\t\t\t\t\t<div class=\"e-con-inner\">\n\t\t<div class=\"elementor-element elementor-element-5391d17 e-con-full e-flex e-con e-child\" data-id=\"5391d17\" data-element_type=\"container\">\n\t\t\t\t<div class=\"elementor-element elementor-element-4c43cf5 elementor-widget elementor-widget-image\" data-id=\"4c43cf5\" data-element_type=\"widget\" data-widget_type=\"image.default\">\n\t\t\t\t<div class=\"elementor-widget-container\">\n\t\t\t\t\t\t\t\t\t\t\t\t\t\t\t\t<a href=\"https:\/\/sportmerchandise.hu\/ro\/tatabanyai-vizmu-egyesulet\/tvse-szurkoloi-kellekek\/\">\n\t\t\t\t\t\t\t<img decoding=\"async\" width=\"896\" height=\"1000\" src=\"https:\/\/sportmerchandise.hu\/wp-content\/uploads\/2025\/11\/TVSE-kiegeszito-sal_01.webp\" class=\"attachment-full size-full wp-image-7369\" alt=\"\" srcset=\"https:\/\/sportmerchandise.hu\/wp-content\/uploads\/2025\/11\/TVSE-kiegeszito-sal_01.webp 896w, https:\/\/sportmerchandise.hu\/wp-content\/uploads\/2025\/11\/TVSE-kiegeszito-sal_01-269x300.webp 269w, https:\/\/sportmerchandise.hu\/wp-content\/uploads\/2025\/11\/TVSE-kiegeszito-sal_01-768x857.webp 768w, https:\/\/sportmerchandise.hu\/wp-content\/uploads\/2025\/11\/TVSE-kiegeszito-sal_01-11x12.webp 11w\" sizes=\"(max-width: 896px) 100vw, 896px\" \/>\t\t\t\t\t\t\t\t<\/a>\n\t\t\t\t\t\t\t\t\t\t\t\t\t\t\t<\/div>\n\t\t\t\t<\/div>\n\t\t\t\t<div class=\"elementor-element elementor-element-1b89d00 elementor-widget elementor-widget-text-editor\" data-id=\"1b89d00\" data-element_type=\"widget\" data-widget_type=\"text-editor.default\">\n\t\t\t\t<div class=\"elementor-widget-container\">\n\t\t\t\t\t\t\t\t\t<p>Accesorii pentru suporteri<\/p>\t\t\t\t\t\t\t\t<\/div>\n\t\t\t\t<\/div>\n\t\t\t\t<\/div>\n\t\t<div class=\"elementor-element elementor-element-c8c0453 e-con-full e-flex e-con e-child\" data-id=\"c8c0453\" data-element_type=\"container\">\n\t\t\t\t<\/div>\n\t\t\t\t\t<\/div>\n\t\t\t\t<\/div>\n\t\t\t\t<\/div>","protected":false},"excerpt":{"rendered":"<p>Tatab\u00e1nyai V\u00edzm\u0171 Egyes\u00fclet A Tatab\u00e1nyai VSE v\u00edzilabda szakoszt\u00e1lya mintegy \u00f6t \u00e9ve ker\u00fclt teljesen \u00faj alapokra, egy\u00e9rtelm\u0171en az ut\u00e1np\u00f3tl\u00e1s fejleszt\u00e9s\u00e9re f\u00f3kusz\u00e1lva. Ez a strat\u00e9gia eredm\u00e9nyeket hozott: a klub csapatai \u00e9vr\u0151l \u00e9vre stabilan szerepelnek az ut\u00e1np\u00f3tl\u00e1s bajnoks\u00e1gok fels\u0151h\u00e1z\u00e1ban. C\u00e9ljuk a n\u00f6veked\u00e9s: a feln\u0151tt csapatok a sport\u00e1g legmagasabb oszt\u00e1ly\u00e1t c\u00e9lozt\u00e1k meg, mind a n\u0151i, mind a f\u00e9rfi szak\u00e1gban [&hellip;]<\/p>","protected":false},"author":1,"featured_media":0,"parent":0,"menu_order":0,"comment_status":"closed","ping_status":"closed","template":"elementor_header_footer","meta":{"footnotes":""},"class_list":["post-5326","page","type-page","status-publish","hentry"],"_links":{"self":[{"href":"https:\/\/sportmerchandise.hu\/ro\/wp-json\/wp\/v2\/pages\/5326","targetHints":{"allow":["GET"]}}],"collection":[{"href":"https:\/\/sportmerchandise.hu\/ro\/wp-json\/wp\/v2\/pages"}],"about":[{"href":"https:\/\/sportmerchandise.hu\/ro\/wp-json\/wp\/v2\/types\/page"}],"author":[{"embeddable":true,"href":"https:\/\/sportmerchandise.hu\/ro\/wp-json\/wp\/v2\/users\/1"}],"replies":[{"embeddable":true,"href":"https:\/\/sportmerchandise.hu\/ro\/wp-json\/wp\/v2\/comments?post=5326"}],"version-history":[{"count":28,"href":"https:\/\/sportmerchandise.hu\/ro\/wp-json\/wp\/v2\/pages\/5326\/revisions"}],"predecessor-version":[{"id":10703,"href":"https:\/\/sportmerchandise.hu\/ro\/wp-json\/wp\/v2\/pages\/5326\/revisions\/10703"}],"wp:attachment":[{"href":"https:\/\/sportmerchandise.hu\/ro\/wp-json\/wp\/v2\/media?parent=5326"}],"curies":[{"name":"wp","href":"https:\/\/api.w.org\/{rel}","templated":true}]}}