{"id":5318,"date":"2025-10-21T09:52:09","date_gmt":"2025-10-21T09:52:09","guid":{"rendered":"https:\/\/sportmerchandise.hu\/?page_id=5318"},"modified":"2025-11-18T08:15:14","modified_gmt":"2025-11-18T08:15:14","slug":"paksi-fc","status":"publish","type":"page","link":"https:\/\/sportmerchandise.hu\/ro\/paksi-fc\/","title":{"rendered":"Paksi Fc"},"content":{"rendered":"<div data-elementor-type=\"wp-page\" data-elementor-id=\"5318\" class=\"elementor elementor-5318\" data-elementor-post-type=\"page\">\n\t\t\t\t\t\t<section class=\"elementor-section elementor-top-section elementor-element elementor-element-afc75e2 elementor-section-height-min-height elementor-section-boxed elementor-section-height-default elementor-section-items-middle\" data-id=\"afc75e2\" data-element_type=\"section\" data-settings=\"{&quot;background_background&quot;:&quot;classic&quot;}\">\n\t\t\t\t\t\t\t<div class=\"elementor-background-overlay\"><\/div>\n\t\t\t\t\t\t\t<div class=\"elementor-container elementor-column-gap-default\">\n\t\t\t\t\t<div class=\"elementor-column elementor-col-100 elementor-top-column elementor-element elementor-element-070e513 elementor-invisible\" data-id=\"070e513\" data-element_type=\"column\" data-settings=\"{&quot;animation&quot;:&quot;fadeInLeft&quot;}\">\n\t\t\t<div class=\"elementor-widget-wrap elementor-element-populated\">\n\t\t\t\t\t\t<div class=\"elementor-element elementor-element-8f4da44 elementor-widget elementor-widget-heading\" data-id=\"8f4da44\" data-element_type=\"widget\" data-widget_type=\"heading.default\">\n\t\t\t\t<div class=\"elementor-widget-container\">\n\t\t\t\t\t<h2 class=\"elementor-heading-title elementor-size-default\">Paksi FC<\/h2>\t\t\t\t<\/div>\n\t\t\t\t<\/div>\n\t\t\t\t<div class=\"elementor-element elementor-element-1718673 elementor-widget-divider--view-line elementor-widget elementor-widget-divider\" data-id=\"1718673\" data-element_type=\"widget\" data-widget_type=\"divider.default\">\n\t\t\t\t<div class=\"elementor-widget-container\">\n\t\t\t\t\t\t\t<div class=\"elementor-divider\">\n\t\t\t<span class=\"elementor-divider-separator\">\n\t\t\t\t\t\t<\/span>\n\t\t<\/div>\n\t\t\t\t\t\t<\/div>\n\t\t\t\t<\/div>\n\t\t\t\t\t<\/div>\n\t\t<\/div>\n\t\t\t\t\t<\/div>\n\t\t<\/section>\n\t\t\t\t<section class=\"elementor-section elementor-top-section elementor-element elementor-element-ee61017 elementor-section-boxed elementor-section-height-default elementor-section-height-default\" data-id=\"ee61017\" data-element_type=\"section\">\n\t\t\t\t\t\t<div class=\"elementor-container elementor-column-gap-default\">\n\t\t\t\t\t<div class=\"elementor-column elementor-col-100 elementor-top-column elementor-element elementor-element-011cb71\" data-id=\"011cb71\" data-element_type=\"column\">\n\t\t\t<div class=\"elementor-widget-wrap elementor-element-populated\">\n\t\t\t\t\t\t<div class=\"elementor-element elementor-element-2f7dc49 elementor-widget elementor-widget-heading\" data-id=\"2f7dc49\" data-element_type=\"widget\" data-widget_type=\"heading.default\">\n\t\t\t\t<div class=\"elementor-widget-container\">\n\t\t\t\t\t<h2 class=\"elementor-heading-title elementor-size-default\">Paksi FC este un club de fotbal din jude\u021bul Tolna, membru stabil al primei ligi maghiare din 2006. <\/h2>\t\t\t\t<\/div>\n\t\t\t\t<\/div>\n\t\t\t\t<div class=\"elementor-element elementor-element-353b803 elementor-widget elementor-widget-text-editor\" data-id=\"353b803\" data-element_type=\"widget\" data-widget_type=\"text-editor.default\">\n\t\t\t\t<div class=\"elementor-widget-container\">\n\t\t\t\t\t\t\t\t\t<p class=\"translation-block\">Echipa are o particularitate unic\u0103: lotul este alc\u0103tuit \u00een fiecare an exclusiv din juc\u0103tori maghiari, fapt pentru care este supranumit\u0103 \u201eEchipa maghiar\u0103\u201d. \u00cen cadrul parteneriatului \u00eenceput \u00een mai 2021, oferim Paksi FC servicii personalizate de design vizual \u0219i produc\u021bie, av\u00e2nd un rol important \u0219i \u00een aspectul vizual al stadionului.<\/p><p>Serviciile noastre includ \u0219i implementarea identit\u0103\u021bii vizuale \u00een interiorul \u0219i exteriorul stadionului. Am realizat decorul VIP, sala de pres\u0103 \u0219i coridoarele vestiarelor, precum \u0219i crearea unui perete media \u0219i a unui panou LED modern pentru perimeter. Desigur, ne ocup\u0103m \u0219i de produc\u021bia oficial\u0103 a produselor pentru suporteri, asigur\u00e2ndu-ne c\u0103 fanii \u00ee\u0219i pot reprezenta echipa cu m\u00e2ndrie.<\/p>\t\t\t\t\t\t\t\t<\/div>\n\t\t\t\t<\/div>\n\t\t\t\t\t<\/div>\n\t\t<\/div>\n\t\t\t\t\t<\/div>\n\t\t<\/section>\n\t\t<div class=\"elementor-element elementor-element-fab001d e-flex e-con-boxed e-con e-parent\" data-id=\"fab001d\" data-element_type=\"container\">\n\t\t\t\t\t<div class=\"e-con-inner\">\n\t\t<div class=\"elementor-element elementor-element-5e246dc e-con-full e-flex e-con e-child\" data-id=\"5e246dc\" data-element_type=\"container\">\n\t\t\t\t<div class=\"elementor-element elementor-element-fe3d9ab elementor-widget elementor-widget-image\" data-id=\"fe3d9ab\" data-element_type=\"widget\" data-widget_type=\"image.default\">\n\t\t\t\t<div class=\"elementor-widget-container\">\n\t\t\t\t\t\t\t\t\t\t\t\t\t\t\t\t<a href=\"https:\/\/sportmerchandise.hu\/ro\/paksi-fc\/paksi-fc-imbracaminte\/\">\n\t\t\t\t\t\t\t<img fetchpriority=\"high\" decoding=\"async\" width=\"896\" height=\"1000\" src=\"https:\/\/sportmerchandise.hu\/wp-content\/uploads\/2025\/10\/Paks-Sweatshirt-zold-01.webp\" class=\"attachment-full size-full wp-image-6497\" alt=\"\" srcset=\"https:\/\/sportmerchandise.hu\/wp-content\/uploads\/2025\/10\/Paks-Sweatshirt-zold-01.webp 896w, https:\/\/sportmerchandise.hu\/wp-content\/uploads\/2025\/10\/Paks-Sweatshirt-zold-01-269x300.webp 269w, https:\/\/sportmerchandise.hu\/wp-content\/uploads\/2025\/10\/Paks-Sweatshirt-zold-01-768x857.webp 768w, https:\/\/sportmerchandise.hu\/wp-content\/uploads\/2025\/10\/Paks-Sweatshirt-zold-01-11x12.webp 11w\" sizes=\"(max-width: 896px) 100vw, 896px\" \/>\t\t\t\t\t\t\t\t<\/a>\n\t\t\t\t\t\t\t\t\t\t\t\t\t\t\t<\/div>\n\t\t\t\t<\/div>\n\t\t\t\t<div class=\"elementor-element elementor-element-1a2ea97 elementor-widget elementor-widget-text-editor\" data-id=\"1a2ea97\" data-element_type=\"widget\" data-widget_type=\"text-editor.default\">\n\t\t\t\t<div class=\"elementor-widget-container\">\n\t\t\t\t\t\t\t\t\t<p>\u00cembr\u0103c\u0103minte<\/p>\t\t\t\t\t\t\t\t<\/div>\n\t\t\t\t<\/div>\n\t\t\t\t<\/div>\n\t\t<div class=\"elementor-element elementor-element-31114da e-con-full e-flex e-con e-child\" data-id=\"31114da\" data-element_type=\"container\">\n\t\t\t\t<div class=\"elementor-element elementor-element-c0d389d elementor-widget elementor-widget-image\" data-id=\"c0d389d\" data-element_type=\"widget\" data-widget_type=\"image.default\">\n\t\t\t\t<div class=\"elementor-widget-container\">\n\t\t\t\t\t\t\t\t\t\t\t\t\t\t\t\t<a href=\"https:\/\/sportmerchandise.hu\/ro\/paksi-fc\/paksi-fc-sepci\/\">\n\t\t\t\t\t\t\t<img decoding=\"async\" width=\"896\" height=\"1000\" src=\"https:\/\/sportmerchandise.hu\/wp-content\/uploads\/2025\/10\/Paks-kotott-sapka-01.webp\" class=\"attachment-full size-full wp-image-6492\" alt=\"\" srcset=\"https:\/\/sportmerchandise.hu\/wp-content\/uploads\/2025\/10\/Paks-kotott-sapka-01.webp 896w, https:\/\/sportmerchandise.hu\/wp-content\/uploads\/2025\/10\/Paks-kotott-sapka-01-269x300.webp 269w, https:\/\/sportmerchandise.hu\/wp-content\/uploads\/2025\/10\/Paks-kotott-sapka-01-768x857.webp 768w, https:\/\/sportmerchandise.hu\/wp-content\/uploads\/2025\/10\/Paks-kotott-sapka-01-11x12.webp 11w\" sizes=\"(max-width: 896px) 100vw, 896px\" \/>\t\t\t\t\t\t\t\t<\/a>\n\t\t\t\t\t\t\t\t\t\t\t\t\t\t\t<\/div>\n\t\t\t\t<\/div>\n\t\t\t\t<div class=\"elementor-element elementor-element-d321924 elementor-widget elementor-widget-text-editor\" data-id=\"d321924\" data-element_type=\"widget\" data-widget_type=\"text-editor.default\">\n\t\t\t\t<div class=\"elementor-widget-container\">\n\t\t\t\t\t\t\t\t\t<p>\u0218epci<\/p>\t\t\t\t\t\t\t\t<\/div>\n\t\t\t\t<\/div>\n\t\t\t\t<\/div>\n\t\t\t\t\t<\/div>\n\t\t\t\t<\/div>\n\t\t<div class=\"elementor-element elementor-element-3d58422 e-flex e-con-boxed e-con e-parent\" data-id=\"3d58422\" data-element_type=\"container\">\n\t\t\t\t\t<div class=\"e-con-inner\">\n\t\t<div class=\"elementor-element elementor-element-20c8ecf e-con-full e-flex e-con e-child\" data-id=\"20c8ecf\" data-element_type=\"container\">\n\t\t\t\t<div class=\"elementor-element elementor-element-87339d3 elementor-widget elementor-widget-image\" data-id=\"87339d3\" data-element_type=\"widget\" data-widget_type=\"image.default\">\n\t\t\t\t<div class=\"elementor-widget-container\">\n\t\t\t\t\t\t\t\t\t\t\t\t\t\t\t\t<a href=\"https:\/\/sportmerchandise.hu\/ro\/paksi-fc\/paksi-fc-esarfe\/\">\n\t\t\t\t\t\t\t<img decoding=\"async\" width=\"896\" height=\"1000\" src=\"https:\/\/sportmerchandise.hu\/wp-content\/uploads\/2025\/11\/Bode-Daniel-500-kotott-sal-01.png\" class=\"attachment-full size-full wp-image-9902\" alt=\"\" srcset=\"https:\/\/sportmerchandise.hu\/wp-content\/uploads\/2025\/11\/Bode-Daniel-500-kotott-sal-01.png 896w, https:\/\/sportmerchandise.hu\/wp-content\/uploads\/2025\/11\/Bode-Daniel-500-kotott-sal-01-269x300.png 269w, https:\/\/sportmerchandise.hu\/wp-content\/uploads\/2025\/11\/Bode-Daniel-500-kotott-sal-01-768x857.png 768w, https:\/\/sportmerchandise.hu\/wp-content\/uploads\/2025\/11\/Bode-Daniel-500-kotott-sal-01-11x12.png 11w\" sizes=\"(max-width: 896px) 100vw, 896px\" \/>\t\t\t\t\t\t\t\t<\/a>\n\t\t\t\t\t\t\t\t\t\t\t\t\t\t\t<\/div>\n\t\t\t\t<\/div>\n\t\t\t\t<div class=\"elementor-element elementor-element-a590da0 elementor-widget elementor-widget-text-editor\" data-id=\"a590da0\" data-element_type=\"widget\" data-widget_type=\"text-editor.default\">\n\t\t\t\t<div class=\"elementor-widget-container\">\n\t\t\t\t\t\t\t\t\t<p>E\u0219arfe<\/p>\t\t\t\t\t\t\t\t<\/div>\n\t\t\t\t<\/div>\n\t\t\t\t<\/div>\n\t\t<div class=\"elementor-element elementor-element-155a1a6 e-con-full e-flex e-con e-child\" data-id=\"155a1a6\" data-element_type=\"container\">\n\t\t\t\t<div class=\"elementor-element elementor-element-6fc52db elementor-widget elementor-widget-image\" data-id=\"6fc52db\" data-element_type=\"widget\" data-widget_type=\"image.default\">\n\t\t\t\t<div class=\"elementor-widget-container\">\n\t\t\t\t\t\t\t\t\t\t\t\t\t\t\t\t<a href=\"https:\/\/sportmerchandise.hu\/ro\/paksi-fc\/paksi-fc-penar\/\">\n\t\t\t\t\t\t\t<img loading=\"lazy\" decoding=\"async\" width=\"896\" height=\"1000\" src=\"https:\/\/sportmerchandise.hu\/wp-content\/uploads\/2025\/10\/Paksi-FC-tolltarto-01.webp\" class=\"attachment-full size-full wp-image-6498\" alt=\"\" srcset=\"https:\/\/sportmerchandise.hu\/wp-content\/uploads\/2025\/10\/Paksi-FC-tolltarto-01.webp 896w, https:\/\/sportmerchandise.hu\/wp-content\/uploads\/2025\/10\/Paksi-FC-tolltarto-01-269x300.webp 269w, https:\/\/sportmerchandise.hu\/wp-content\/uploads\/2025\/10\/Paksi-FC-tolltarto-01-768x857.webp 768w, https:\/\/sportmerchandise.hu\/wp-content\/uploads\/2025\/10\/Paksi-FC-tolltarto-01-11x12.webp 11w\" sizes=\"(max-width: 896px) 100vw, 896px\" \/>\t\t\t\t\t\t\t\t<\/a>\n\t\t\t\t\t\t\t\t\t\t\t\t\t\t\t<\/div>\n\t\t\t\t<\/div>\n\t\t\t\t<div class=\"elementor-element elementor-element-994b37c elementor-widget elementor-widget-text-editor\" data-id=\"994b37c\" data-element_type=\"widget\" data-widget_type=\"text-editor.default\">\n\t\t\t\t<div class=\"elementor-widget-container\">\n\t\t\t\t\t\t\t\t\t<p>Penar<\/p>\t\t\t\t\t\t\t\t<\/div>\n\t\t\t\t<\/div>\n\t\t\t\t<\/div>\n\t\t\t\t\t<\/div>\n\t\t\t\t<\/div>\n\t\t\t\t<\/div>","protected":false},"excerpt":{"rendered":"<p>Paksi FC A Paksi FC egy Tolna megyei labdar\u00fag\u00f3klub, amely 2006 \u00f3ta stabil tagja a magyar \u00e9lvonalnak. A csapat k\u00fcl\u00f6nlegess\u00e9ge, hogy \u00e9vr\u0151l \u00e9vre kiz\u00e1r\u00f3lag magyar j\u00e1t\u00e9kosok alkotj\u00e1k a keretet. Ennek k\u00f6sz\u00f6nhetik becenev\u00fcket is: \u201eA magyar csapat\u201d.A 2021 m\u00e1jus\u00e1ban indult egy\u00fcttm\u0171k\u00f6d\u00e9s keret\u00e9ben a Paksot egyedi vizu\u00e1lis \u00e9s gy\u00e1rt\u00e1si szolg\u00e1ltat\u00e1sokkal t\u00e1mogatjuk, a stadion megjelen\u00e9s\u00e9ben is fontos szerepet [&hellip;]<\/p>","protected":false},"author":1,"featured_media":0,"parent":0,"menu_order":0,"comment_status":"closed","ping_status":"closed","template":"elementor_header_footer","meta":{"footnotes":""},"class_list":["post-5318","page","type-page","status-publish","hentry"],"_links":{"self":[{"href":"https:\/\/sportmerchandise.hu\/ro\/wp-json\/wp\/v2\/pages\/5318","targetHints":{"allow":["GET"]}}],"collection":[{"href":"https:\/\/sportmerchandise.hu\/ro\/wp-json\/wp\/v2\/pages"}],"about":[{"href":"https:\/\/sportmerchandise.hu\/ro\/wp-json\/wp\/v2\/types\/page"}],"author":[{"embeddable":true,"href":"https:\/\/sportmerchandise.hu\/ro\/wp-json\/wp\/v2\/users\/1"}],"replies":[{"embeddable":true,"href":"https:\/\/sportmerchandise.hu\/ro\/wp-json\/wp\/v2\/comments?post=5318"}],"version-history":[{"count":31,"href":"https:\/\/sportmerchandise.hu\/ro\/wp-json\/wp\/v2\/pages\/5318\/revisions"}],"predecessor-version":[{"id":10667,"href":"https:\/\/sportmerchandise.hu\/ro\/wp-json\/wp\/v2\/pages\/5318\/revisions\/10667"}],"wp:attachment":[{"href":"https:\/\/sportmerchandise.hu\/ro\/wp-json\/wp\/v2\/media?parent=5318"}],"curies":[{"name":"wp","href":"https:\/\/api.w.org\/{rel}","templated":true}]}}