{"id":5222,"date":"2025-10-21T08:28:54","date_gmt":"2025-10-21T08:28:54","guid":{"rendered":"https:\/\/sportmerchandise.hu\/?page_id=5222"},"modified":"2025-11-18T14:01:54","modified_gmt":"2025-11-18T14:01:54","slug":"imbracaminte","status":"publish","type":"page","link":"https:\/\/sportmerchandise.hu\/ro\/produse\/imbracaminte\/","title":{"rendered":"\u00cembr\u0103c\u0103minte"},"content":{"rendered":"<div data-elementor-type=\"wp-page\" data-elementor-id=\"5222\" class=\"elementor elementor-5222\" data-elementor-post-type=\"page\">\n\t\t\t\t\t\t<section class=\"elementor-section elementor-top-section elementor-element elementor-element-523763c elementor-section-height-min-height elementor-section-boxed elementor-section-height-default elementor-section-items-middle\" data-id=\"523763c\" data-element_type=\"section\" data-settings=\"{&quot;background_background&quot;:&quot;classic&quot;}\">\n\t\t\t\t\t\t<div class=\"elementor-container elementor-column-gap-default\">\n\t\t\t\t\t<div class=\"elementor-column elementor-col-100 elementor-top-column elementor-element elementor-element-fd0d075 elementor-invisible\" data-id=\"fd0d075\" data-element_type=\"column\" data-settings=\"{&quot;animation&quot;:&quot;fadeInLeft&quot;}\">\n\t\t\t<div class=\"elementor-widget-wrap elementor-element-populated\">\n\t\t\t\t\t\t<div class=\"elementor-element elementor-element-c25620d elementor-widget elementor-widget-heading\" data-id=\"c25620d\" data-element_type=\"widget\" data-widget_type=\"heading.default\">\n\t\t\t\t<div class=\"elementor-widget-container\">\n\t\t\t\t\t<h2 class=\"elementor-heading-title elementor-size-default\">\u00cembr\u0103c\u0103minte<\/h2>\t\t\t\t<\/div>\n\t\t\t\t<\/div>\n\t\t\t\t<div class=\"elementor-element elementor-element-1d4f9a4 elementor-widget-divider--view-line elementor-widget elementor-widget-divider\" data-id=\"1d4f9a4\" data-element_type=\"widget\" data-widget_type=\"divider.default\">\n\t\t\t\t<div class=\"elementor-widget-container\">\n\t\t\t\t\t\t\t<div class=\"elementor-divider\">\n\t\t\t<span class=\"elementor-divider-separator\">\n\t\t\t\t\t\t<\/span>\n\t\t<\/div>\n\t\t\t\t\t\t<\/div>\n\t\t\t\t<\/div>\n\t\t\t\t\t<\/div>\n\t\t<\/div>\n\t\t\t\t\t<\/div>\n\t\t<\/section>\n\t\t<div class=\"elementor-element elementor-element-d8dd090 e-flex e-con-boxed e-con e-parent\" data-id=\"d8dd090\" data-element_type=\"container\">\n\t\t\t\t\t<div class=\"e-con-inner\">\n\t\t\t\t<div class=\"elementor-element elementor-element-cdddab9 elementor-widget elementor-widget-text-editor\" data-id=\"cdddab9\" data-element_type=\"widget\" data-widget_type=\"text-editor.default\">\n\t\t\t\t<div class=\"elementor-widget-container\">\n\t\t\t\t\t\t\t\t\t<p>Concepe-\u021bi propria colec\u021bie \u0219i colec\u021bia pentru suporteri. Creeaz\u0103 articole de \u00eembr\u0103c\u0103minte de calitate pentru comunitatea ta, pe care s\u0103 le poarte nu doar pe stadion, ci \u0219i pe strad\u0103.<\/p><p>Vezi articolele vestimentare realizate pentru partenerii no\u0219tri \u0219i hai s\u0103 cre\u0103m \u00eempreun\u0103 colec\u021bia ta!<\/p>\t\t\t\t\t\t\t\t<\/div>\n\t\t\t\t<\/div>\n\t\t\t\t\t<\/div>\n\t\t\t\t<\/div>\n\t\t<div class=\"elementor-element elementor-element-174211f e-flex e-con-boxed e-con e-parent\" data-id=\"174211f\" data-element_type=\"container\">\n\t\t\t\t\t<div class=\"e-con-inner\">\n\t\t<div class=\"elementor-element elementor-element-1b45391 e-con-full e-flex e-con e-child\" data-id=\"1b45391\" data-element_type=\"container\">\n\t\t\t\t<div class=\"elementor-element elementor-element-afe0674 elementor-widget elementor-widget-image\" data-id=\"afe0674\" data-element_type=\"widget\" data-widget_type=\"image.default\">\n\t\t\t\t<div class=\"elementor-widget-container\">\n\t\t\t\t\t\t\t\t\t\t\t\t\t\t\t\t<a href=\"https:\/\/sportmerchandise.hu\/ro\/produse\/imbracaminte\/tricouri\/\">\n\t\t\t\t\t\t\t<img fetchpriority=\"high\" decoding=\"async\" width=\"1920\" height=\"1080\" src=\"https:\/\/sportmerchandise.hu\/wp-content\/uploads\/2025\/10\/polok2.webp\" class=\"attachment-full size-full wp-image-5542\" alt=\"\" srcset=\"https:\/\/sportmerchandise.hu\/wp-content\/uploads\/2025\/10\/polok2.webp 1920w, https:\/\/sportmerchandise.hu\/wp-content\/uploads\/2025\/10\/polok2-300x169.webp 300w, https:\/\/sportmerchandise.hu\/wp-content\/uploads\/2025\/10\/polok2-1024x576.webp 1024w, https:\/\/sportmerchandise.hu\/wp-content\/uploads\/2025\/10\/polok2-768x432.webp 768w, https:\/\/sportmerchandise.hu\/wp-content\/uploads\/2025\/10\/polok2-1536x864.webp 1536w, https:\/\/sportmerchandise.hu\/wp-content\/uploads\/2025\/10\/polok2-1200x675.webp 1200w\" sizes=\"(max-width: 1920px) 100vw, 1920px\" \/>\t\t\t\t\t\t\t\t<\/a>\n\t\t\t\t\t\t\t\t\t\t\t\t\t\t\t<\/div>\n\t\t\t\t<\/div>\n\t\t\t\t<div class=\"elementor-element elementor-element-d761d4c elementor-widget elementor-widget-text-editor\" data-id=\"d761d4c\" data-element_type=\"widget\" data-widget_type=\"text-editor.default\">\n\t\t\t\t<div class=\"elementor-widget-container\">\n\t\t\t\t\t\t\t\t\t<p>Tricouri<\/p>\t\t\t\t\t\t\t\t<\/div>\n\t\t\t\t<\/div>\n\t\t\t\t<\/div>\n\t\t<div class=\"elementor-element elementor-element-c4eb117 e-con-full e-flex e-con e-child\" data-id=\"c4eb117\" data-element_type=\"container\">\n\t\t\t\t<div class=\"elementor-element elementor-element-713472c elementor-widget elementor-widget-image\" data-id=\"713472c\" data-element_type=\"widget\" data-widget_type=\"image.default\">\n\t\t\t\t<div class=\"elementor-widget-container\">\n\t\t\t\t\t\t\t\t\t\t\t\t\t\t\t\t<a href=\"https:\/\/sportmerchandise.hu\/ro\/produse\/imbracaminte\/pulovere\/\">\n\t\t\t\t\t\t\t<img decoding=\"async\" width=\"1920\" height=\"1080\" src=\"https:\/\/sportmerchandise.hu\/wp-content\/uploads\/2025\/10\/pulcsik4.webp\" class=\"attachment-full size-full wp-image-5543\" alt=\"\" srcset=\"https:\/\/sportmerchandise.hu\/wp-content\/uploads\/2025\/10\/pulcsik4.webp 1920w, https:\/\/sportmerchandise.hu\/wp-content\/uploads\/2025\/10\/pulcsik4-300x169.webp 300w, https:\/\/sportmerchandise.hu\/wp-content\/uploads\/2025\/10\/pulcsik4-1024x576.webp 1024w, https:\/\/sportmerchandise.hu\/wp-content\/uploads\/2025\/10\/pulcsik4-768x432.webp 768w, https:\/\/sportmerchandise.hu\/wp-content\/uploads\/2025\/10\/pulcsik4-1536x864.webp 1536w, https:\/\/sportmerchandise.hu\/wp-content\/uploads\/2025\/10\/pulcsik4-1200x675.webp 1200w\" sizes=\"(max-width: 1920px) 100vw, 1920px\" \/>\t\t\t\t\t\t\t\t<\/a>\n\t\t\t\t\t\t\t\t\t\t\t\t\t\t\t<\/div>\n\t\t\t\t<\/div>\n\t\t\t\t<div class=\"elementor-element elementor-element-f073048 elementor-widget elementor-widget-text-editor\" data-id=\"f073048\" data-element_type=\"widget\" data-widget_type=\"text-editor.default\">\n\t\t\t\t<div class=\"elementor-widget-container\">\n\t\t\t\t\t\t\t\t\t<p>Pulovere<\/p>\t\t\t\t\t\t\t\t<\/div>\n\t\t\t\t<\/div>\n\t\t\t\t<\/div>\n\t\t\t\t\t<\/div>\n\t\t\t\t<\/div>\n\t\t<div class=\"elementor-element elementor-element-68c1ff1 e-flex e-con-boxed e-con e-parent\" data-id=\"68c1ff1\" data-element_type=\"container\">\n\t\t\t\t\t<div class=\"e-con-inner\">\n\t\t<div class=\"elementor-element elementor-element-e80e135 e-con-full e-flex e-con e-child\" data-id=\"e80e135\" data-element_type=\"container\">\n\t\t\t\t<div class=\"elementor-element elementor-element-83107c0 elementor-widget elementor-widget-image\" data-id=\"83107c0\" data-element_type=\"widget\" data-widget_type=\"image.default\">\n\t\t\t\t<div class=\"elementor-widget-container\">\n\t\t\t\t\t\t\t\t\t\t\t\t\t\t\t\t<a href=\"https:\/\/sportmerchandise.hu\/ro\/produse\/imbracaminte\/geci-si-paltoane\/\">\n\t\t\t\t\t\t\t<img decoding=\"async\" width=\"1920\" height=\"1080\" src=\"https:\/\/sportmerchandise.hu\/wp-content\/uploads\/2025\/10\/Kabatok.webp\" class=\"attachment-full size-full wp-image-5226\" alt=\"\" srcset=\"https:\/\/sportmerchandise.hu\/wp-content\/uploads\/2025\/10\/Kabatok.webp 1920w, https:\/\/sportmerchandise.hu\/wp-content\/uploads\/2025\/10\/Kabatok-300x169.webp 300w, https:\/\/sportmerchandise.hu\/wp-content\/uploads\/2025\/10\/Kabatok-1024x576.webp 1024w, https:\/\/sportmerchandise.hu\/wp-content\/uploads\/2025\/10\/Kabatok-768x432.webp 768w, https:\/\/sportmerchandise.hu\/wp-content\/uploads\/2025\/10\/Kabatok-1536x864.webp 1536w, https:\/\/sportmerchandise.hu\/wp-content\/uploads\/2025\/10\/Kabatok-1200x675.webp 1200w\" sizes=\"(max-width: 1920px) 100vw, 1920px\" \/>\t\t\t\t\t\t\t\t<\/a>\n\t\t\t\t\t\t\t\t\t\t\t\t\t\t\t<\/div>\n\t\t\t\t<\/div>\n\t\t\t\t<div class=\"elementor-element elementor-element-4bbe124 elementor-widget elementor-widget-text-editor\" data-id=\"4bbe124\" data-element_type=\"widget\" data-widget_type=\"text-editor.default\">\n\t\t\t\t<div class=\"elementor-widget-container\">\n\t\t\t\t\t\t\t\t\t<p>Geci \u0219i paltoane<\/p>\t\t\t\t\t\t\t\t<\/div>\n\t\t\t\t<\/div>\n\t\t\t\t<\/div>\n\t\t<div class=\"elementor-element elementor-element-d966d02 e-con-full e-flex e-con e-child\" data-id=\"d966d02\" data-element_type=\"container\">\n\t\t\t\t<div class=\"elementor-element elementor-element-5b1bcd9 elementor-widget elementor-widget-image\" data-id=\"5b1bcd9\" data-element_type=\"widget\" data-widget_type=\"image.default\">\n\t\t\t\t<div class=\"elementor-widget-container\">\n\t\t\t\t\t\t\t\t\t\t\t\t\t\t\t\t<a href=\"https:\/\/sportmerchandise.hu\/ro\/produse\/imbracaminte\/imbracaminte-pentru-copii-si-bebelusi\/\">\n\t\t\t\t\t\t\t<img loading=\"lazy\" decoding=\"async\" width=\"1920\" height=\"1080\" src=\"https:\/\/sportmerchandise.hu\/wp-content\/uploads\/2025\/10\/baby.webp\" class=\"attachment-full size-full wp-image-5545\" alt=\"\" srcset=\"https:\/\/sportmerchandise.hu\/wp-content\/uploads\/2025\/10\/baby.webp 1920w, https:\/\/sportmerchandise.hu\/wp-content\/uploads\/2025\/10\/baby-300x169.webp 300w, https:\/\/sportmerchandise.hu\/wp-content\/uploads\/2025\/10\/baby-1024x576.webp 1024w, https:\/\/sportmerchandise.hu\/wp-content\/uploads\/2025\/10\/baby-768x432.webp 768w, https:\/\/sportmerchandise.hu\/wp-content\/uploads\/2025\/10\/baby-1536x864.webp 1536w, https:\/\/sportmerchandise.hu\/wp-content\/uploads\/2025\/10\/baby-1200x675.webp 1200w\" sizes=\"(max-width: 1920px) 100vw, 1920px\" \/>\t\t\t\t\t\t\t\t<\/a>\n\t\t\t\t\t\t\t\t\t\t\t\t\t\t\t<\/div>\n\t\t\t\t<\/div>\n\t\t\t\t<div class=\"elementor-element elementor-element-5d6ddfb elementor-widget elementor-widget-text-editor\" data-id=\"5d6ddfb\" data-element_type=\"widget\" data-widget_type=\"text-editor.default\">\n\t\t\t\t<div class=\"elementor-widget-container\">\n\t\t\t\t\t\t\t\t\t<p>\u00cembr\u0103c\u0103minte pentru copii \u0219i bebelu\u0219i<\/p>\t\t\t\t\t\t\t\t<\/div>\n\t\t\t\t<\/div>\n\t\t\t\t<\/div>\n\t\t\t\t\t<\/div>\n\t\t\t\t<\/div>\n\t\t\t\t<\/div>","protected":false},"excerpt":{"rendered":"<p>Ruh\u00e1zat Tervezd meg saj\u00e1t \u00e9s szurkol\u00f3i kollekci\u00f3dat. K\u00e9sz\u00edts k\u00f6z\u00f6ss\u00e9ged sz\u00e1m\u00e1ra min\u0151s\u00e9gi ruhadarabokat, amiket nem csak a lel\u00e1t\u00f3n, hanem az utc\u00e1n is viselnek. N\u00e9zd meg partnereinknek k\u00e9sz\u00edtett ruhadarabjainkat \u00e9s k\u00e9sz\u00edts\u00fck el k\u00f6z\u00f6sen a te kollekci\u00f3dat! P\u00f3l\u00f3k Pul\u00f3verek Kab\u00e1tok Gyerek \u00e9s baba ruh\u00e1zat<\/p>","protected":false},"author":1,"featured_media":0,"parent":6207,"menu_order":0,"comment_status":"closed","ping_status":"closed","template":"elementor_header_footer","meta":{"footnotes":""},"class_list":["post-5222","page","type-page","status-publish","hentry"],"_links":{"self":[{"href":"https:\/\/sportmerchandise.hu\/ro\/wp-json\/wp\/v2\/pages\/5222","targetHints":{"allow":["GET"]}}],"collection":[{"href":"https:\/\/sportmerchandise.hu\/ro\/wp-json\/wp\/v2\/pages"}],"about":[{"href":"https:\/\/sportmerchandise.hu\/ro\/wp-json\/wp\/v2\/types\/page"}],"author":[{"embeddable":true,"href":"https:\/\/sportmerchandise.hu\/ro\/wp-json\/wp\/v2\/users\/1"}],"replies":[{"embeddable":true,"href":"https:\/\/sportmerchandise.hu\/ro\/wp-json\/wp\/v2\/comments?post=5222"}],"version-history":[{"count":43,"href":"https:\/\/sportmerchandise.hu\/ro\/wp-json\/wp\/v2\/pages\/5222\/revisions"}],"predecessor-version":[{"id":10783,"href":"https:\/\/sportmerchandise.hu\/ro\/wp-json\/wp\/v2\/pages\/5222\/revisions\/10783"}],"up":[{"embeddable":true,"href":"https:\/\/sportmerchandise.hu\/ro\/wp-json\/wp\/v2\/pages\/6207"}],"wp:attachment":[{"href":"https:\/\/sportmerchandise.hu\/ro\/wp-json\/wp\/v2\/media?parent=5222"}],"curies":[{"name":"wp","href":"https:\/\/api.w.org\/{rel}","templated":true}]}}