{"id":4891,"date":"2025-10-14T07:54:46","date_gmt":"2025-10-14T07:54:46","guid":{"rendered":"https:\/\/sportmerchandise.hu\/?page_id=4891"},"modified":"2025-11-27T09:31:32","modified_gmt":"2025-11-27T09:31:32","slug":"serviciile-noastre","status":"publish","type":"page","link":"https:\/\/sportmerchandise.hu\/ro\/serviciile-noastre\/","title":{"rendered":"Serviciile noastre"},"content":{"rendered":"<div data-elementor-type=\"wp-page\" data-elementor-id=\"4891\" class=\"elementor elementor-4891\" data-elementor-post-type=\"page\">\n\t\t\t\t\t\t<section class=\"elementor-section elementor-top-section elementor-element elementor-element-c4f69ee elementor-section-height-min-height elementor-section-boxed elementor-section-height-default elementor-section-items-middle\" data-id=\"c4f69ee\" data-element_type=\"section\" data-settings=\"{&quot;background_background&quot;:&quot;classic&quot;}\">\n\t\t\t\t\t\t\t<div class=\"elementor-background-overlay\"><\/div>\n\t\t\t\t\t\t\t<div class=\"elementor-container elementor-column-gap-default\">\n\t\t\t\t\t<div class=\"elementor-column elementor-col-100 elementor-top-column elementor-element elementor-element-4a50ce3 elementor-invisible\" data-id=\"4a50ce3\" data-element_type=\"column\" data-settings=\"{&quot;animation&quot;:&quot;fadeInLeft&quot;}\">\n\t\t\t<div class=\"elementor-widget-wrap elementor-element-populated\">\n\t\t\t\t\t\t<div class=\"elementor-element elementor-element-a0ecd05 elementor-widget elementor-widget-heading\" data-id=\"a0ecd05\" data-element_type=\"widget\" data-widget_type=\"heading.default\">\n\t\t\t\t<div class=\"elementor-widget-container\">\n\t\t\t\t\t<h2 class=\"elementor-heading-title elementor-size-default\">Serviciile noastre<\/h2>\t\t\t\t<\/div>\n\t\t\t\t<\/div>\n\t\t\t\t\t<\/div>\n\t\t<\/div>\n\t\t\t\t\t<\/div>\n\t\t<\/section>\n\t\t<div class=\"elementor-element elementor-element-99c63ee e-flex e-con-boxed e-con e-parent\" data-id=\"99c63ee\" data-element_type=\"container\" id=\"gototop\">\n\t\t\t\t\t<div class=\"e-con-inner\">\n\t\t<div class=\"elementor-element elementor-element-ebd7521 e-con-full e-flex e-con e-child\" data-id=\"ebd7521\" data-element_type=\"container\">\n\t\t\t\t<div class=\"elementor-element elementor-element-b210102 elementor-widget elementor-widget-heading\" data-id=\"b210102\" data-element_type=\"widget\" data-widget_type=\"heading.default\">\n\t\t\t\t<div class=\"elementor-widget-container\">\n\t\t\t\t\t<h2 class=\"elementor-heading-title elementor-size-default\">Solu\u021bii personalizate, care te reprezint\u0103\nLucreaz\u0103 cu un expert \u00een merchandise, pentru c\u0103 \u0219tim exact de ce are nevoie echipa ta. \n\n<\/h2>\t\t\t\t<\/div>\n\t\t\t\t<\/div>\n\t\t\t\t<\/div>\n\t\t<div class=\"elementor-element elementor-element-54dfd44 e-con-full e-flex e-con e-child\" data-id=\"54dfd44\" data-element_type=\"container\">\n\t\t\t\t<div class=\"elementor-element elementor-element-a161c27 elementor-widget elementor-widget-text-editor\" data-id=\"a161c27\" data-element_type=\"widget\" data-widget_type=\"text-editor.default\">\n\t\t\t\t<div class=\"elementor-widget-container\">\n\t\t\t\t\t\t\t\t\t<p>Terenul nostru, victoria ta<\/p><ul><li>Design \u0219i dezvoltare de produse: Cre\u0103m concepte complete \u0219i producem articole dedicate suporterilor t\u0103i, adaptate nevoilor tale.<\/li><li>Administrare webshop: Las\u0103-ne nou\u0103 gestionarea complet\u0103 a magazinului t\u0103u online \u2013 ne ocup\u0103m de stocuri, actualiz\u0103ri \u0219i mentenan\u021b\u0103.<\/li><li>Administrare shop fizic: Pe l\u00e2ng\u0103 webshop, gestion\u0103m zilnic \u0219i magazinul fizic al suporterilor, precum \u0219i v\u00e2nz\u0103rile din zilele de meci sau la evenimente speciale.<\/li><li>Solu\u021bii de marketing: Tu concentreaz\u0103-te pe performan\u021ba sportiv\u0103 \u2013 imaginea echipei \u0219i materialele de marketing las\u0103-ne pe m\u00e2inile noastre. Po\u021bi ob\u021bine toate instrumentele de marketing dintr-un singur loc, pentru o imagine unitar\u0103 a echipei.<\/li><li>Comunicare: Las\u0103 rezultatele s\u0103 vorbeasc\u0103 pe teren, iar noi ne ocup\u0103m de restul. Cre\u0103m campanii \u0219i pachete de comunicare pentru produsele tale, astfel \u00eenc\u00e2t s\u0103 te concentrezi pe ceea ce conteaz\u0103 cu adev\u0103rat. Te ajut\u0103m s\u0103 comunici despre articolele de merchandise a\u0219a cum ai vorbi despre succesele sportive.<\/li><\/ul><p>Niciun brand nu poate fi la mod\u0103 f\u0103r\u0103 merchandise atr\u0103g\u0103tor \u0219i instrumente de marketing eficiente. Apeleaz\u0103 cu \u00eencredere la noi, chiar \u0219i dincolo de lumea sportului!<\/p>\t\t\t\t\t\t\t\t<\/div>\n\t\t\t\t<\/div>\n\t\t\t\t<\/div>\n\t\t\t\t\t<\/div>\n\t\t\t\t<\/div>\n\t\t<div class=\"elementor-element elementor-element-10b29d3 e-flex e-con-boxed e-con e-parent\" data-id=\"10b29d3\" data-element_type=\"container\">\n\t\t\t\t\t<div class=\"e-con-inner\">\n\t\t\t\t<div class=\"elementor-element elementor-element-b17ec2b elementor-widget elementor-widget-heading\" data-id=\"b17ec2b\" data-element_type=\"widget\" data-widget_type=\"heading.default\">\n\t\t\t\t<div class=\"elementor-widget-container\">\n\t\t\t\t\t<h2 class=\"elementor-heading-title elementor-size-default\">A\u0219a punem totul \u00een teren<\/h2>\t\t\t\t<\/div>\n\t\t\t\t<\/div>\n\t\t\t\t\t<\/div>\n\t\t\t\t<\/div>\n\t\t<div class=\"elementor-element elementor-element-8123835 e-flex e-con-boxed e-con e-parent\" data-id=\"8123835\" data-element_type=\"container\">\n\t\t\t\t\t<div class=\"e-con-inner\">\n\t\t<div class=\"elementor-element elementor-element-86524a3 e-con-full e-flex e-con e-child\" data-id=\"86524a3\" data-element_type=\"container\">\n\t\t\t\t<div class=\"elementor-element elementor-element-ac59d68 elementor-widget elementor-widget-image\" data-id=\"ac59d68\" data-element_type=\"widget\" data-widget_type=\"image.default\">\n\t\t\t\t<div class=\"elementor-widget-container\">\n\t\t\t\t\t\t\t\t\t\t\t\t\t\t\t<img fetchpriority=\"high\" decoding=\"async\" width=\"1080\" height=\"1080\" src=\"https:\/\/sportmerchandise.hu\/wp-content\/uploads\/2025\/11\/grafika.png\" class=\"attachment-full size-full wp-image-11111\" alt=\"\" srcset=\"https:\/\/sportmerchandise.hu\/wp-content\/uploads\/2025\/11\/grafika.png 1080w, https:\/\/sportmerchandise.hu\/wp-content\/uploads\/2025\/11\/grafika-300x300.png 300w, https:\/\/sportmerchandise.hu\/wp-content\/uploads\/2025\/11\/grafika-1024x1024.png 1024w, https:\/\/sportmerchandise.hu\/wp-content\/uploads\/2025\/11\/grafika-150x150.png 150w, https:\/\/sportmerchandise.hu\/wp-content\/uploads\/2025\/11\/grafika-768x768.png 768w, https:\/\/sportmerchandise.hu\/wp-content\/uploads\/2025\/11\/grafika-12x12.png 12w\" sizes=\"(max-width: 1080px) 100vw, 1080px\" \/>\t\t\t\t\t\t\t\t\t\t\t\t\t\t\t<\/div>\n\t\t\t\t<\/div>\n\t\t\t\t<div class=\"elementor-element elementor-element-f3fa59b elementor-widget elementor-widget-heading\" data-id=\"f3fa59b\" data-element_type=\"widget\" data-widget_type=\"heading.default\">\n\t\t\t\t<div class=\"elementor-widget-container\">\n\t\t\t\t\t<h2 class=\"elementor-heading-title elementor-size-default\">01. Evalu\u0103m nevoile tale<\/h2>\t\t\t\t<\/div>\n\t\t\t\t<\/div>\n\t\t\t\t<div class=\"elementor-element elementor-element-1296bb7 elementor-widget elementor-widget-text-editor\" data-id=\"1296bb7\" data-element_type=\"widget\" data-widget_type=\"text-editor.default\">\n\t\t\t\t<div class=\"elementor-widget-container\">\n\t\t\t\t\t\t\t\t\t<p>Punem multe \u00eentreb\u0103ri \u00eenainte \u0219i \u00een timpul proiectului, pentru ca la final s\u0103 nu prime\u0219ti doar ceva frumos, ci \u0219i util.<\/p>\t\t\t\t\t\t\t\t<\/div>\n\t\t\t\t<\/div>\n\t\t\t\t<\/div>\n\t\t<div class=\"elementor-element elementor-element-1846030 e-con-full e-flex e-con e-child\" data-id=\"1846030\" data-element_type=\"container\">\n\t\t\t\t<div class=\"elementor-element elementor-element-50f985a elementor-widget elementor-widget-image\" data-id=\"50f985a\" data-element_type=\"widget\" data-widget_type=\"image.default\">\n\t\t\t\t<div class=\"elementor-widget-container\">\n\t\t\t\t\t\t\t\t\t\t\t\t\t\t\t<img decoding=\"async\" width=\"1080\" height=\"1080\" src=\"https:\/\/sportmerchandise.hu\/wp-content\/uploads\/2025\/11\/otlet.png\" class=\"attachment-full size-full wp-image-11115\" alt=\"\" srcset=\"https:\/\/sportmerchandise.hu\/wp-content\/uploads\/2025\/11\/otlet.png 1080w, https:\/\/sportmerchandise.hu\/wp-content\/uploads\/2025\/11\/otlet-300x300.png 300w, https:\/\/sportmerchandise.hu\/wp-content\/uploads\/2025\/11\/otlet-1024x1024.png 1024w, https:\/\/sportmerchandise.hu\/wp-content\/uploads\/2025\/11\/otlet-150x150.png 150w, https:\/\/sportmerchandise.hu\/wp-content\/uploads\/2025\/11\/otlet-768x768.png 768w, https:\/\/sportmerchandise.hu\/wp-content\/uploads\/2025\/11\/otlet-12x12.png 12w\" sizes=\"(max-width: 1080px) 100vw, 1080px\" \/>\t\t\t\t\t\t\t\t\t\t\t\t\t\t\t<\/div>\n\t\t\t\t<\/div>\n\t\t\t\t<div class=\"elementor-element elementor-element-df6bf88 elementor-widget elementor-widget-heading\" data-id=\"df6bf88\" data-element_type=\"widget\" data-widget_type=\"heading.default\">\n\t\t\t\t<div class=\"elementor-widget-container\">\n\t\t\t\t\t<h2 class=\"elementor-heading-title elementor-size-default\">02. Facem propuneri<\/h2>\t\t\t\t<\/div>\n\t\t\t\t<\/div>\n\t\t\t\t<div class=\"elementor-element elementor-element-d76276d elementor-widget elementor-widget-text-editor\" data-id=\"d76276d\" data-element_type=\"widget\" data-widget_type=\"text-editor.default\">\n\t\t\t\t<div class=\"elementor-widget-container\">\n\t\t\t\t\t\t\t\t\t<p>Nu ne place s\u0103 urm\u0103m c\u0103r\u0103ri b\u0103t\u0103torite. Scopul nostru este s\u0103-\u021bi prezent\u0103m ceva proasp\u0103t \u0219i special.<\/p>\t\t\t\t\t\t\t\t<\/div>\n\t\t\t\t<\/div>\n\t\t\t\t<\/div>\n\t\t<div class=\"elementor-element elementor-element-033efca e-con-full e-flex e-con e-child\" data-id=\"033efca\" data-element_type=\"container\">\n\t\t\t\t<div class=\"elementor-element elementor-element-6ba0a00 elementor-widget elementor-widget-image\" data-id=\"6ba0a00\" data-element_type=\"widget\" data-widget_type=\"image.default\">\n\t\t\t\t<div class=\"elementor-widget-container\">\n\t\t\t\t\t\t\t\t\t\t\t\t\t\t\t<img decoding=\"async\" width=\"1080\" height=\"1080\" src=\"https:\/\/sportmerchandise.hu\/wp-content\/uploads\/2025\/11\/concept-1.png\" class=\"attachment-full size-full wp-image-11108\" alt=\"\" srcset=\"https:\/\/sportmerchandise.hu\/wp-content\/uploads\/2025\/11\/concept-1.png 1080w, https:\/\/sportmerchandise.hu\/wp-content\/uploads\/2025\/11\/concept-1-300x300.png 300w, https:\/\/sportmerchandise.hu\/wp-content\/uploads\/2025\/11\/concept-1-1024x1024.png 1024w, https:\/\/sportmerchandise.hu\/wp-content\/uploads\/2025\/11\/concept-1-150x150.png 150w, https:\/\/sportmerchandise.hu\/wp-content\/uploads\/2025\/11\/concept-1-768x768.png 768w, https:\/\/sportmerchandise.hu\/wp-content\/uploads\/2025\/11\/concept-1-12x12.png 12w\" sizes=\"(max-width: 1080px) 100vw, 1080px\" \/>\t\t\t\t\t\t\t\t\t\t\t\t\t\t\t<\/div>\n\t\t\t\t<\/div>\n\t\t\t\t<div class=\"elementor-element elementor-element-b28361d elementor-widget elementor-widget-heading\" data-id=\"b28361d\" data-element_type=\"widget\" data-widget_type=\"heading.default\">\n\t\t\t\t<div class=\"elementor-widget-container\">\n\t\t\t\t\t<h2 class=\"elementor-heading-title elementor-size-default\">03. Elabor\u0103m conceptul de afaceri \u0219i colec\u021bia de produse<\/h2>\t\t\t\t<\/div>\n\t\t\t\t<\/div>\n\t\t\t\t<div class=\"elementor-element elementor-element-1b04335 elementor-widget elementor-widget-text-editor\" data-id=\"1b04335\" data-element_type=\"widget\" data-widget_type=\"text-editor.default\">\n\t\t\t\t<div class=\"elementor-widget-container\">\n\t\t\t\t\t\t\t\t\t<p>Dup\u0103 discutarea nevoilor \u0219i propunerilor, preg\u0103tim un concept complet de afaceri \u0219i o colec\u021bie de produse.<\/p>\t\t\t\t\t\t\t\t<\/div>\n\t\t\t\t<\/div>\n\t\t\t\t<\/div>\n\t\t<div class=\"elementor-element elementor-element-a73de84 e-con-full e-flex e-con e-child\" data-id=\"a73de84\" data-element_type=\"container\">\n\t\t\t\t<div class=\"elementor-element elementor-element-656461a elementor-widget elementor-widget-image\" data-id=\"656461a\" data-element_type=\"widget\" data-widget_type=\"image.default\">\n\t\t\t\t<div class=\"elementor-widget-container\">\n\t\t\t\t\t\t\t\t\t\t\t\t\t\t\t<img loading=\"lazy\" decoding=\"async\" width=\"1080\" height=\"1080\" src=\"https:\/\/sportmerchandise.hu\/wp-content\/uploads\/2025\/11\/skach.png\" class=\"attachment-full size-full wp-image-11118\" alt=\"\" srcset=\"https:\/\/sportmerchandise.hu\/wp-content\/uploads\/2025\/11\/skach.png 1080w, https:\/\/sportmerchandise.hu\/wp-content\/uploads\/2025\/11\/skach-300x300.png 300w, https:\/\/sportmerchandise.hu\/wp-content\/uploads\/2025\/11\/skach-1024x1024.png 1024w, https:\/\/sportmerchandise.hu\/wp-content\/uploads\/2025\/11\/skach-150x150.png 150w, https:\/\/sportmerchandise.hu\/wp-content\/uploads\/2025\/11\/skach-768x768.png 768w, https:\/\/sportmerchandise.hu\/wp-content\/uploads\/2025\/11\/skach-12x12.png 12w\" sizes=\"(max-width: 1080px) 100vw, 1080px\" \/>\t\t\t\t\t\t\t\t\t\t\t\t\t\t\t<\/div>\n\t\t\t\t<\/div>\n\t\t\t\t<div class=\"elementor-element elementor-element-1c14e25 elementor-widget elementor-widget-heading\" data-id=\"1c14e25\" data-element_type=\"widget\" data-widget_type=\"heading.default\">\n\t\t\t\t<div class=\"elementor-widget-container\">\n\t\t\t\t\t<h2 class=\"elementor-heading-title elementor-size-default\">04. \u00cencepem procesul de design<\/h2>\t\t\t\t<\/div>\n\t\t\t\t<\/div>\n\t\t\t\t<div class=\"elementor-element elementor-element-0f6e9f6 elementor-widget elementor-widget-text-editor\" data-id=\"0f6e9f6\" data-element_type=\"widget\" data-widget_type=\"text-editor.default\">\n\t\t\t\t<div class=\"elementor-widget-container\">\n\t\t\t\t\t\t\t\t\t<p>Realiz\u0103m vizualiz\u0103rile grafice pentru produsele selectate \u0219i, dac\u0103 este necesar, producem mostre.<\/p>\t\t\t\t\t\t\t\t<\/div>\n\t\t\t\t<\/div>\n\t\t\t\t<\/div>\n\t\t\t\t\t<\/div>\n\t\t\t\t<\/div>\n\t\t<div class=\"elementor-element elementor-element-52eb9ae e-flex e-con-boxed e-con e-parent\" data-id=\"52eb9ae\" data-element_type=\"container\">\n\t\t\t\t\t<div class=\"e-con-inner\">\n\t\t<div class=\"elementor-element elementor-element-75b837b e-con-full e-flex e-con e-child\" data-id=\"75b837b\" data-element_type=\"container\">\n\t\t\t\t<div class=\"elementor-element elementor-element-1553cae elementor-widget elementor-widget-image\" data-id=\"1553cae\" data-element_type=\"widget\" data-widget_type=\"image.default\">\n\t\t\t\t<div class=\"elementor-widget-container\">\n\t\t\t\t\t\t\t\t\t\t\t\t\t\t\t<img loading=\"lazy\" decoding=\"async\" width=\"1080\" height=\"1080\" src=\"https:\/\/sportmerchandise.hu\/wp-content\/uploads\/2025\/11\/arajanlat-2-1.png\" class=\"attachment-full size-full wp-image-11103\" alt=\"\" srcset=\"https:\/\/sportmerchandise.hu\/wp-content\/uploads\/2025\/11\/arajanlat-2-1.png 1080w, https:\/\/sportmerchandise.hu\/wp-content\/uploads\/2025\/11\/arajanlat-2-1-300x300.png 300w, https:\/\/sportmerchandise.hu\/wp-content\/uploads\/2025\/11\/arajanlat-2-1-1024x1024.png 1024w, https:\/\/sportmerchandise.hu\/wp-content\/uploads\/2025\/11\/arajanlat-2-1-150x150.png 150w, https:\/\/sportmerchandise.hu\/wp-content\/uploads\/2025\/11\/arajanlat-2-1-768x768.png 768w, https:\/\/sportmerchandise.hu\/wp-content\/uploads\/2025\/11\/arajanlat-2-1-12x12.png 12w\" sizes=\"(max-width: 1080px) 100vw, 1080px\" \/>\t\t\t\t\t\t\t\t\t\t\t\t\t\t\t<\/div>\n\t\t\t\t<\/div>\n\t\t\t\t<div class=\"elementor-element elementor-element-19ef3f8 elementor-widget elementor-widget-heading\" data-id=\"19ef3f8\" data-element_type=\"widget\" data-widget_type=\"heading.default\">\n\t\t\t\t<div class=\"elementor-widget-container\">\n\t\t\t\t\t<h2 class=\"elementor-heading-title elementor-size-default\">05. Preg\u0103tim oferta de pre\u021b<\/h2>\t\t\t\t<\/div>\n\t\t\t\t<\/div>\n\t\t\t\t<div class=\"elementor-element elementor-element-9b9e285 elementor-widget elementor-widget-text-editor\" data-id=\"9b9e285\" data-element_type=\"widget\" data-widget_type=\"text-editor.default\">\n\t\t\t\t<div class=\"elementor-widget-container\">\n\t\t\t\t\t\t\t\t\t<p>Pe baza graficelor \u0219i mostrelor aprobate, \u00eentocmim o ofert\u0103 exact\u0103, f\u0103r\u0103 costuri ascunse.<\/p>\t\t\t\t\t\t\t\t<\/div>\n\t\t\t\t<\/div>\n\t\t\t\t<\/div>\n\t\t<div class=\"elementor-element elementor-element-d48f4aa e-con-full e-flex e-con e-child\" data-id=\"d48f4aa\" data-element_type=\"container\">\n\t\t\t\t<div class=\"elementor-element elementor-element-a125fd9 elementor-widget elementor-widget-image\" data-id=\"a125fd9\" data-element_type=\"widget\" data-widget_type=\"image.default\">\n\t\t\t\t<div class=\"elementor-widget-container\">\n\t\t\t\t\t\t\t\t\t\t\t\t\t\t\t<img loading=\"lazy\" decoding=\"async\" width=\"1080\" height=\"1080\" src=\"https:\/\/sportmerchandise.hu\/wp-content\/uploads\/2025\/11\/gyartas.png\" class=\"attachment-full size-full wp-image-11112\" alt=\"\" srcset=\"https:\/\/sportmerchandise.hu\/wp-content\/uploads\/2025\/11\/gyartas.png 1080w, https:\/\/sportmerchandise.hu\/wp-content\/uploads\/2025\/11\/gyartas-300x300.png 300w, https:\/\/sportmerchandise.hu\/wp-content\/uploads\/2025\/11\/gyartas-1024x1024.png 1024w, https:\/\/sportmerchandise.hu\/wp-content\/uploads\/2025\/11\/gyartas-150x150.png 150w, https:\/\/sportmerchandise.hu\/wp-content\/uploads\/2025\/11\/gyartas-768x768.png 768w, https:\/\/sportmerchandise.hu\/wp-content\/uploads\/2025\/11\/gyartas-12x12.png 12w\" sizes=\"(max-width: 1080px) 100vw, 1080px\" \/>\t\t\t\t\t\t\t\t\t\t\t\t\t\t\t<\/div>\n\t\t\t\t<\/div>\n\t\t\t\t<div class=\"elementor-element elementor-element-11cab07 elementor-widget elementor-widget-heading\" data-id=\"11cab07\" data-element_type=\"widget\" data-widget_type=\"heading.default\">\n\t\t\t\t<div class=\"elementor-widget-container\">\n\t\t\t\t\t<h2 class=\"elementor-heading-title elementor-size-default\">06. Producem \u0219i livr\u0103m<\/h2>\t\t\t\t<\/div>\n\t\t\t\t<\/div>\n\t\t\t\t<div class=\"elementor-element elementor-element-1e3d49e elementor-widget elementor-widget-text-editor\" data-id=\"1e3d49e\" data-element_type=\"widget\" data-widget_type=\"text-editor.default\">\n\t\t\t\t<div class=\"elementor-widget-container\">\n\t\t\t\t\t\t\t\t\t<p>Dup\u0103 acceptarea ofertei, \u00eencepem produc\u021bia. Indiferent dac\u0103 produc\u021bia este local\u0103 sau interna\u021bional\u0103, livr\u0103m produsele gata de v\u00e2nzare la adresa indicat\u0103.<\/p>\t\t\t\t\t\t\t\t<\/div>\n\t\t\t\t<\/div>\n\t\t\t\t<\/div>\n\t\t<div class=\"elementor-element elementor-element-6855ecc e-con-full e-flex e-con e-child\" data-id=\"6855ecc\" data-element_type=\"container\">\n\t\t\t\t<div class=\"elementor-element elementor-element-5caceeb elementor-widget elementor-widget-image\" data-id=\"5caceeb\" data-element_type=\"widget\" data-widget_type=\"image.default\">\n\t\t\t\t<div class=\"elementor-widget-container\">\n\t\t\t\t\t\t\t\t\t\t\t\t\t\t\t<img loading=\"lazy\" decoding=\"async\" width=\"1080\" height=\"1080\" src=\"https:\/\/sportmerchandise.hu\/wp-content\/uploads\/2025\/11\/foto.png\" class=\"attachment-full size-full wp-image-11110\" alt=\"\" srcset=\"https:\/\/sportmerchandise.hu\/wp-content\/uploads\/2025\/11\/foto.png 1080w, https:\/\/sportmerchandise.hu\/wp-content\/uploads\/2025\/11\/foto-300x300.png 300w, https:\/\/sportmerchandise.hu\/wp-content\/uploads\/2025\/11\/foto-1024x1024.png 1024w, https:\/\/sportmerchandise.hu\/wp-content\/uploads\/2025\/11\/foto-150x150.png 150w, https:\/\/sportmerchandise.hu\/wp-content\/uploads\/2025\/11\/foto-768x768.png 768w, https:\/\/sportmerchandise.hu\/wp-content\/uploads\/2025\/11\/foto-12x12.png 12w\" sizes=\"(max-width: 1080px) 100vw, 1080px\" \/>\t\t\t\t\t\t\t\t\t\t\t\t\t\t\t<\/div>\n\t\t\t\t<\/div>\n\t\t\t\t<div class=\"elementor-element elementor-element-6851027 elementor-widget elementor-widget-heading\" data-id=\"6851027\" data-element_type=\"widget\" data-widget_type=\"heading.default\">\n\t\t\t\t<div class=\"elementor-widget-container\">\n\t\t\t\t\t<h2 class=\"elementor-heading-title elementor-size-default\">07. Fotografie \u0219i materiale creative.<\/h2>\t\t\t\t<\/div>\n\t\t\t\t<\/div>\n\t\t\t\t<div class=\"elementor-element elementor-element-6cfbee7 elementor-widget elementor-widget-text-editor\" data-id=\"6cfbee7\" data-element_type=\"widget\" data-widget_type=\"text-editor.default\">\n\t\t\t\t<div class=\"elementor-widget-container\">\n\t\t\t\t\t\t\t\t\t<p>La cerere, realiz\u0103m fotografii profesionale ale produselor, optimizate pentru webshop, \u0219i ne ocup\u0103m de preg\u0103tirea materialelor creative necesare pentru reclame.<\/p>\t\t\t\t\t\t\t\t<\/div>\n\t\t\t\t<\/div>\n\t\t\t\t<\/div>\n\t\t<div class=\"elementor-element elementor-element-77f8c0e e-con-full e-flex e-con e-child\" data-id=\"77f8c0e\" data-element_type=\"container\">\n\t\t\t\t<div class=\"elementor-element elementor-element-052b123 elementor-widget elementor-widget-image\" data-id=\"052b123\" data-element_type=\"widget\" data-widget_type=\"image.default\">\n\t\t\t\t<div class=\"elementor-widget-container\">\n\t\t\t\t\t\t\t\t\t\t\t\t\t\t\t<img loading=\"lazy\" decoding=\"async\" width=\"1080\" height=\"1080\" src=\"https:\/\/sportmerchandise.hu\/wp-content\/uploads\/2025\/11\/communication.png\" class=\"attachment-full size-full wp-image-11107\" alt=\"\" srcset=\"https:\/\/sportmerchandise.hu\/wp-content\/uploads\/2025\/11\/communication.png 1080w, https:\/\/sportmerchandise.hu\/wp-content\/uploads\/2025\/11\/communication-300x300.png 300w, https:\/\/sportmerchandise.hu\/wp-content\/uploads\/2025\/11\/communication-1024x1024.png 1024w, https:\/\/sportmerchandise.hu\/wp-content\/uploads\/2025\/11\/communication-150x150.png 150w, https:\/\/sportmerchandise.hu\/wp-content\/uploads\/2025\/11\/communication-768x768.png 768w, https:\/\/sportmerchandise.hu\/wp-content\/uploads\/2025\/11\/communication-12x12.png 12w\" sizes=\"(max-width: 1080px) 100vw, 1080px\" \/>\t\t\t\t\t\t\t\t\t\t\t\t\t\t\t<\/div>\n\t\t\t\t<\/div>\n\t\t\t\t<div class=\"elementor-element elementor-element-1e4ea11 elementor-widget elementor-widget-heading\" data-id=\"1e4ea11\" data-element_type=\"widget\" data-widget_type=\"heading.default\">\n\t\t\t\t<div class=\"elementor-widget-container\">\n\t\t\t\t\t<h2 class=\"elementor-heading-title elementor-size-default\">08. Colaborare \u00een marketing \u0219i v\u00e2nz\u0103ri<\/h2>\t\t\t\t<\/div>\n\t\t\t\t<\/div>\n\t\t\t\t<div class=\"elementor-element elementor-element-69bfd72 elementor-widget elementor-widget-text-editor\" data-id=\"69bfd72\" data-element_type=\"widget\" data-widget_type=\"text-editor.default\">\n\t\t\t\t<div class=\"elementor-widget-container\">\n\t\t\t\t\t\t\t\t\t<p>\u00cen cadrul acestei colabor\u0103ri, ne ocup\u0103m de crearea webshopului, gestionarea complet\u0103 a stocurilor, livr\u0103rilor \u0219i prezen\u021belor la evenimente, precum \u0219i de propuneri pentru con\u021binut social media \u0219i campanii.<\/p>\t\t\t\t\t\t\t\t<\/div>\n\t\t\t\t<\/div>\n\t\t\t\t<\/div>\n\t\t\t\t\t<\/div>\n\t\t\t\t<\/div>\n\t\t<div class=\"elementor-element elementor-element-c3f37c1 e-flex e-con-boxed e-con e-parent\" data-id=\"c3f37c1\" data-element_type=\"container\" data-settings=\"{&quot;sticky&quot;:&quot;bottom&quot;,&quot;sticky_on&quot;:[&quot;desktop&quot;,&quot;laptop&quot;,&quot;tablet&quot;,&quot;mobile&quot;],&quot;sticky_offset&quot;:0,&quot;sticky_effects_offset&quot;:0,&quot;sticky_anchor_link_offset&quot;:0}\">\n\t\t\t\t\t<div class=\"e-con-inner\">\n\t\t\t\t<div class=\"elementor-element elementor-element-e045d06 elementor-view-default elementor-widget elementor-widget-icon\" data-id=\"e045d06\" data-element_type=\"widget\" data-widget_type=\"icon.default\">\n\t\t\t\t<div class=\"elementor-widget-container\">\n\t\t\t\t\t\t\t<div class=\"elementor-icon-wrapper\">\n\t\t\t<a class=\"elementor-icon\" href=\"#gototop\">\n\t\t\t<i aria-hidden=\"true\" class=\"fas fa-arrow-up\"><\/i>\t\t\t<\/a>\n\t\t<\/div>\n\t\t\t\t\t\t<\/div>\n\t\t\t\t<\/div>\n\t\t\t\t\t<\/div>\n\t\t\t\t<\/div>\n\t\t\t\t<\/div>","protected":false},"excerpt":{"rendered":"<p>Egyedi megold\u00e1sok, amik r\u00f3lad sz\u00f3lnak. Dolgozz merchandise szak\u00e9rt\u0151vel, mert mi tudjuk, hogy csapatodnak mire van sz\u00fcks\u00e9ge. A mi p\u00e1ly\u00e1nk, a te gy\u0151zelmed Term\u00e9k tervez\u00e9s \u00e9s fejleszt\u00e9s: Szurkol\u00f3idnak sz\u00e1nt term\u00e9kek teljesk\u00f6r\u0171 koncepci\u00f3j\u00e1nak kigondol\u00e1sa \u00e9s gy\u00e1rt\u00e1sa ig\u00e9nyeid szerint. Webshop \u00fczemeltet\u00e9s: B\u00edzd r\u00e1nk a webshopod teljes \u00fczemeltet\u00e9s\u00e9t, kezelj\u00fck a rakt\u00e1rk\u00e9szletet, friss\u00edtj\u00fck \u00e9s karbantartjuk oldalad. Fizikai shop \u00fczemeltet\u00e9s: Webshopod [&hellip;]<\/p>","protected":false},"author":1,"featured_media":0,"parent":0,"menu_order":0,"comment_status":"closed","ping_status":"closed","template":"elementor_header_footer","meta":{"footnotes":""},"class_list":["post-4891","page","type-page","status-publish","hentry"],"_links":{"self":[{"href":"https:\/\/sportmerchandise.hu\/ro\/wp-json\/wp\/v2\/pages\/4891","targetHints":{"allow":["GET"]}}],"collection":[{"href":"https:\/\/sportmerchandise.hu\/ro\/wp-json\/wp\/v2\/pages"}],"about":[{"href":"https:\/\/sportmerchandise.hu\/ro\/wp-json\/wp\/v2\/types\/page"}],"author":[{"embeddable":true,"href":"https:\/\/sportmerchandise.hu\/ro\/wp-json\/wp\/v2\/users\/1"}],"replies":[{"embeddable":true,"href":"https:\/\/sportmerchandise.hu\/ro\/wp-json\/wp\/v2\/comments?post=4891"}],"version-history":[{"count":97,"href":"https:\/\/sportmerchandise.hu\/ro\/wp-json\/wp\/v2\/pages\/4891\/revisions"}],"predecessor-version":[{"id":11145,"href":"https:\/\/sportmerchandise.hu\/ro\/wp-json\/wp\/v2\/pages\/4891\/revisions\/11145"}],"wp:attachment":[{"href":"https:\/\/sportmerchandise.hu\/ro\/wp-json\/wp\/v2\/media?parent=4891"}],"curies":[{"name":"wp","href":"https:\/\/api.w.org\/{rel}","templated":true}]}}