{"id":2259,"date":"2023-12-14T08:57:35","date_gmt":"2023-12-14T08:57:35","guid":{"rendered":"https:\/\/officialmerchandise.hu\/?page_id=2259"},"modified":"2025-11-18T07:39:17","modified_gmt":"2025-11-18T07:39:17","slug":"budapest-honved-fc","status":"publish","type":"page","link":"https:\/\/sportmerchandise.hu\/ro\/budapest-honved-fc\/","title":{"rendered":"Budapest Honv\u00e9d FC"},"content":{"rendered":"<div data-elementor-type=\"wp-page\" data-elementor-id=\"2259\" class=\"elementor elementor-2259\" data-elementor-post-type=\"page\">\n\t\t\t\t\t\t<section class=\"elementor-section elementor-top-section elementor-element elementor-element-c2e93b3 elementor-section-height-min-height elementor-section-boxed elementor-section-height-default elementor-section-items-middle\" data-id=\"c2e93b3\" data-element_type=\"section\" data-settings=\"{&quot;background_background&quot;:&quot;classic&quot;}\">\n\t\t\t\t\t\t\t<div class=\"elementor-background-overlay\"><\/div>\n\t\t\t\t\t\t\t<div class=\"elementor-container elementor-column-gap-default\">\n\t\t\t\t\t<div class=\"elementor-column elementor-col-100 elementor-top-column elementor-element elementor-element-abede3b elementor-invisible\" data-id=\"abede3b\" data-element_type=\"column\" data-settings=\"{&quot;animation&quot;:&quot;fadeInLeft&quot;}\">\n\t\t\t<div class=\"elementor-widget-wrap elementor-element-populated\">\n\t\t\t\t\t\t<div class=\"elementor-element elementor-element-99d5efe elementor-widget elementor-widget-heading\" data-id=\"99d5efe\" data-element_type=\"widget\" data-widget_type=\"heading.default\">\n\t\t\t\t<div class=\"elementor-widget-container\">\n\t\t\t\t\t<h2 class=\"elementor-heading-title elementor-size-default\">Budapest <br> Honv\u00e9d Fc<\/h2>\t\t\t\t<\/div>\n\t\t\t\t<\/div>\n\t\t\t\t<div class=\"elementor-element elementor-element-ca5e81f elementor-widget-divider--view-line elementor-widget elementor-widget-divider\" data-id=\"ca5e81f\" data-element_type=\"widget\" data-widget_type=\"divider.default\">\n\t\t\t\t<div class=\"elementor-widget-container\">\n\t\t\t\t\t\t\t<div class=\"elementor-divider\">\n\t\t\t<span class=\"elementor-divider-separator\">\n\t\t\t\t\t\t<\/span>\n\t\t<\/div>\n\t\t\t\t\t\t<\/div>\n\t\t\t\t<\/div>\n\t\t\t\t\t<\/div>\n\t\t<\/div>\n\t\t\t\t\t<\/div>\n\t\t<\/section>\n\t\t\t\t<section class=\"elementor-section elementor-top-section elementor-element elementor-element-6c2481e elementor-section-boxed elementor-section-height-default elementor-section-height-default\" data-id=\"6c2481e\" data-element_type=\"section\" id=\"egyuttmukodes\">\n\t\t\t\t\t\t<div class=\"elementor-container elementor-column-gap-default\">\n\t\t\t\t\t<div class=\"elementor-column elementor-col-100 elementor-top-column elementor-element elementor-element-e29730e\" data-id=\"e29730e\" data-element_type=\"column\">\n\t\t\t<div class=\"elementor-widget-wrap elementor-element-populated\">\n\t\t\t\t\t\t<div class=\"elementor-element elementor-element-e6ecc43 elementor-widget elementor-widget-heading\" data-id=\"e6ecc43\" data-element_type=\"widget\" data-widget_type=\"heading.default\">\n\t\t\t\t<div class=\"elementor-widget-container\">\n\t\t\t\t\t<h2 class=\"elementor-heading-title elementor-size-default\">Budapest Honv\u00e9d FC este unul dintre actorii cheie \u0219i un club istoric de prestigiu \u00een fotbalul maghiar.<\/h2>\t\t\t\t<\/div>\n\t\t\t\t<\/div>\n\t\t\t\t<div class=\"elementor-element elementor-element-ee8d6ac elementor-widget elementor-widget-text-editor\" data-id=\"ee8d6ac\" data-element_type=\"widget\" data-widget_type=\"text-editor.default\">\n\t\t\t\t<div class=\"elementor-widget-container\">\n\t\t\t\t\t\t\t\t\t<p>Echipa cu sediul \u00een Kispest are o mo\u0219tenire incontestabil\u0103: aici a crescut cel mai cunoscut fotbalist maghiar din lume, Ferenc Pusk\u00e1s, \u00eenscriindu-se astfel pentru totdeauna \u00een istoria sportului. Printre succesele lor se num\u0103r\u0103 14 titluri de campion na\u021bional \u0219i 8 victorii \u00een Cupa Ungariei.<\/p><p>Prin colaborarea \u00eenceput\u0103 \u00een octombrie 2020, oferim suport comercial \u0219i de marketing cuprinz\u0103tor pentru Budapest Honv\u00e9d FC, ajut\u00e2nd clubul s\u0103 ating\u0103 obiectivele comerciale moderne.<\/p><p>Serviciile noastre garanteaz\u0103 c\u0103 func\u021bionarea comercial\u0103 a merchandise-ului clubului \u0219i calitatea produselor respect\u0103 cele mai \u00eenalte standarde. \u00cencep\u00e2nd de atunci, am creat profesional magazinul oficial pentru suporteri \u0219i am dezvoltat webshop-ul. De asemenea, men\u021binem un stoc optimizat \u0219i gestion\u0103m planificarea activit\u0103\u021bilor de marketing. Superviz\u0103m \u00eentreg procesul, de la designul grafic al produselor unice pentru suporteri p\u00e2n\u0103 la produc\u021bia final\u0103.<\/p>\t\t\t\t\t\t\t\t<\/div>\n\t\t\t\t<\/div>\n\t\t\t\t\t<\/div>\n\t\t<\/div>\n\t\t\t\t\t<\/div>\n\t\t<\/section>\n\t\t\t\t<section class=\"elementor-section elementor-top-section elementor-element elementor-element-4119cdf elementor-section-boxed elementor-section-height-default elementor-section-height-default\" data-id=\"4119cdf\" data-element_type=\"section\" id=\"referenciak\">\n\t\t\t\t\t\t<div class=\"elementor-container elementor-column-gap-default\">\n\t\t\t\t\t<div class=\"elementor-column elementor-col-100 elementor-top-column elementor-element elementor-element-0590744\" data-id=\"0590744\" data-element_type=\"column\">\n\t\t\t<div class=\"elementor-widget-wrap elementor-element-populated\">\n\t\t\t\t\t\t<div class=\"elementor-element elementor-element-ece7531 elementor-widget elementor-widget-heading\" data-id=\"ece7531\" data-element_type=\"widget\" data-widget_type=\"heading.default\">\n\t\t\t\t<div class=\"elementor-widget-container\">\n\t\t\t\t\t<h2 class=\"elementor-heading-title elementor-size-default\">Produse de referin\u021b\u0103<\/h2>\t\t\t\t<\/div>\n\t\t\t\t<\/div>\n\t\t\t\t\t<\/div>\n\t\t<\/div>\n\t\t\t\t\t<\/div>\n\t\t<\/section>\n\t\t<div class=\"elementor-element elementor-element-b8f730e e-flex e-con-boxed e-con e-parent\" data-id=\"b8f730e\" data-element_type=\"container\">\n\t\t\t\t\t<div class=\"e-con-inner\">\n\t\t<div class=\"elementor-element elementor-element-f06cbc7 e-con-full e-flex e-con e-child\" data-id=\"f06cbc7\" data-element_type=\"container\">\n\t\t\t\t<div class=\"elementor-element elementor-element-34340ef elementor-widget elementor-widget-image\" data-id=\"34340ef\" data-element_type=\"widget\" data-widget_type=\"image.default\">\n\t\t\t\t<div class=\"elementor-widget-container\">\n\t\t\t\t\t\t\t\t\t\t\t\t\t\t\t\t<a href=\"https:\/\/sportmerchandise.hu\/ro\/budapest-honved-fc\/budapest-honved-fc-tricouri\/\">\n\t\t\t\t\t\t\t<img fetchpriority=\"high\" decoding=\"async\" width=\"896\" height=\"1000\" src=\"https:\/\/sportmerchandise.hu\/wp-content\/uploads\/2023\/11\/sportmerchandise-ruhazat-polo-uj-gyerek-fekete-kispest6.webp\" class=\"attachment-full size-full wp-image-2018\" alt=\"\" srcset=\"https:\/\/sportmerchandise.hu\/wp-content\/uploads\/2023\/11\/sportmerchandise-ruhazat-polo-uj-gyerek-fekete-kispest6.webp 896w, https:\/\/sportmerchandise.hu\/wp-content\/uploads\/2023\/11\/sportmerchandise-ruhazat-polo-uj-gyerek-fekete-kispest6-269x300.webp 269w, https:\/\/sportmerchandise.hu\/wp-content\/uploads\/2023\/11\/sportmerchandise-ruhazat-polo-uj-gyerek-fekete-kispest6-768x857.webp 768w\" sizes=\"(max-width: 896px) 100vw, 896px\" \/>\t\t\t\t\t\t\t\t<\/a>\n\t\t\t\t\t\t\t\t\t\t\t\t\t\t\t<\/div>\n\t\t\t\t<\/div>\n\t\t\t\t<div class=\"elementor-element elementor-element-e595064 elementor-widget elementor-widget-text-editor\" data-id=\"e595064\" data-element_type=\"widget\" data-widget_type=\"text-editor.default\">\n\t\t\t\t<div class=\"elementor-widget-container\">\n\t\t\t\t\t\t\t\t\t<p>Tricouri<\/p>\t\t\t\t\t\t\t\t<\/div>\n\t\t\t\t<\/div>\n\t\t\t\t<\/div>\n\t\t<div class=\"elementor-element elementor-element-80b164a e-con-full e-flex e-con e-child\" data-id=\"80b164a\" data-element_type=\"container\">\n\t\t\t\t<div class=\"elementor-element elementor-element-7e197a3 elementor-widget elementor-widget-image\" data-id=\"7e197a3\" data-element_type=\"widget\" data-widget_type=\"image.default\">\n\t\t\t\t<div class=\"elementor-widget-container\">\n\t\t\t\t\t\t\t\t\t\t\t\t\t\t\t\t<a href=\"https:\/\/sportmerchandise.hu\/ro\/budapest-honved-fc\/budapest-honved-fc-pulovere\/\">\n\t\t\t\t\t\t\t<img decoding=\"async\" width=\"896\" height=\"1000\" src=\"https:\/\/sportmerchandise.hu\/wp-content\/uploads\/2023\/11\/sportmerchandise-ruhazat-pulover-gyerek-piros-kispest1.webp\" class=\"attachment-full size-full wp-image-1868\" alt=\"\" srcset=\"https:\/\/sportmerchandise.hu\/wp-content\/uploads\/2023\/11\/sportmerchandise-ruhazat-pulover-gyerek-piros-kispest1.webp 896w, https:\/\/sportmerchandise.hu\/wp-content\/uploads\/2023\/11\/sportmerchandise-ruhazat-pulover-gyerek-piros-kispest1-269x300.webp 269w, https:\/\/sportmerchandise.hu\/wp-content\/uploads\/2023\/11\/sportmerchandise-ruhazat-pulover-gyerek-piros-kispest1-768x857.webp 768w\" sizes=\"(max-width: 896px) 100vw, 896px\" \/>\t\t\t\t\t\t\t\t<\/a>\n\t\t\t\t\t\t\t\t\t\t\t\t\t\t\t<\/div>\n\t\t\t\t<\/div>\n\t\t\t\t<div class=\"elementor-element elementor-element-05de17f elementor-widget elementor-widget-text-editor\" data-id=\"05de17f\" data-element_type=\"widget\" data-widget_type=\"text-editor.default\">\n\t\t\t\t<div class=\"elementor-widget-container\">\n\t\t\t\t\t\t\t\t\t<p>Pulovere<\/p>\t\t\t\t\t\t\t\t<\/div>\n\t\t\t\t<\/div>\n\t\t\t\t<\/div>\n\t\t\t\t\t<\/div>\n\t\t\t\t<\/div>\n\t\t<div class=\"elementor-element elementor-element-e3eacd2 e-flex e-con-boxed e-con e-parent\" data-id=\"e3eacd2\" data-element_type=\"container\">\n\t\t\t\t\t<div class=\"e-con-inner\">\n\t\t<div class=\"elementor-element elementor-element-bbb2f67 e-con-full e-flex e-con e-child\" data-id=\"bbb2f67\" data-element_type=\"container\">\n\t\t\t\t<div class=\"elementor-element elementor-element-89fa05a elementor-widget elementor-widget-image\" data-id=\"89fa05a\" data-element_type=\"widget\" data-widget_type=\"image.default\">\n\t\t\t\t<div class=\"elementor-widget-container\">\n\t\t\t\t\t\t\t\t\t\t\t\t\t\t\t\t<a href=\"https:\/\/sportmerchandise.hu\/ro\/budapest-honved-fc\/budapest-honved-fc-imbracaminte-pentru-copii-si-bebelusi\/\">\n\t\t\t\t\t\t\t<img decoding=\"async\" width=\"896\" height=\"1000\" src=\"https:\/\/sportmerchandise.hu\/wp-content\/uploads\/2023\/11\/sportmerchandise-babatermekek-kezeslabas-kispest11.webp\" class=\"attachment-full size-full wp-image-1605\" alt=\"\" srcset=\"https:\/\/sportmerchandise.hu\/wp-content\/uploads\/2023\/11\/sportmerchandise-babatermekek-kezeslabas-kispest11.webp 896w, https:\/\/sportmerchandise.hu\/wp-content\/uploads\/2023\/11\/sportmerchandise-babatermekek-kezeslabas-kispest11-269x300.webp 269w, https:\/\/sportmerchandise.hu\/wp-content\/uploads\/2023\/11\/sportmerchandise-babatermekek-kezeslabas-kispest11-768x857.webp 768w\" sizes=\"(max-width: 896px) 100vw, 896px\" \/>\t\t\t\t\t\t\t\t<\/a>\n\t\t\t\t\t\t\t\t\t\t\t\t\t\t\t<\/div>\n\t\t\t\t<\/div>\n\t\t\t\t<div class=\"elementor-element elementor-element-266b742 elementor-widget elementor-widget-text-editor\" data-id=\"266b742\" data-element_type=\"widget\" data-widget_type=\"text-editor.default\">\n\t\t\t\t<div class=\"elementor-widget-container\">\n\t\t\t\t\t\t\t\t\t<p>\u00cembr\u0103c\u0103minte pentru copii \u0219i bebelu\u0219i<\/p>\t\t\t\t\t\t\t\t<\/div>\n\t\t\t\t<\/div>\n\t\t\t\t<\/div>\n\t\t<div class=\"elementor-element elementor-element-8d11564 e-con-full e-flex e-con e-child\" data-id=\"8d11564\" data-element_type=\"container\">\n\t\t\t\t<div class=\"elementor-element elementor-element-2e0d0f0 elementor-widget elementor-widget-image\" data-id=\"2e0d0f0\" data-element_type=\"widget\" data-widget_type=\"image.default\">\n\t\t\t\t<div class=\"elementor-widget-container\">\n\t\t\t\t\t\t\t\t\t\t\t\t\t\t\t\t<a href=\"https:\/\/sportmerchandise.hu\/ro\/budapest-honved-fc\/budapest-honved-fc-sepci\/\">\n\t\t\t\t\t\t\t<img loading=\"lazy\" decoding=\"async\" width=\"896\" height=\"1000\" src=\"https:\/\/sportmerchandise.hu\/wp-content\/uploads\/2023\/11\/sportmerchandise-kiegeszito-kotottsapka-kispest6.webp\" class=\"attachment-full size-full wp-image-2124\" alt=\"\" srcset=\"https:\/\/sportmerchandise.hu\/wp-content\/uploads\/2023\/11\/sportmerchandise-kiegeszito-kotottsapka-kispest6.webp 896w, https:\/\/sportmerchandise.hu\/wp-content\/uploads\/2023\/11\/sportmerchandise-kiegeszito-kotottsapka-kispest6-269x300.webp 269w, https:\/\/sportmerchandise.hu\/wp-content\/uploads\/2023\/11\/sportmerchandise-kiegeszito-kotottsapka-kispest6-768x857.webp 768w\" sizes=\"(max-width: 896px) 100vw, 896px\" \/>\t\t\t\t\t\t\t\t<\/a>\n\t\t\t\t\t\t\t\t\t\t\t\t\t\t\t<\/div>\n\t\t\t\t<\/div>\n\t\t\t\t<div class=\"elementor-element elementor-element-00ced34 elementor-widget elementor-widget-text-editor\" data-id=\"00ced34\" data-element_type=\"widget\" data-widget_type=\"text-editor.default\">\n\t\t\t\t<div class=\"elementor-widget-container\">\n\t\t\t\t\t\t\t\t\t<p>\u0218epci<\/p>\t\t\t\t\t\t\t\t<\/div>\n\t\t\t\t<\/div>\n\t\t\t\t<\/div>\n\t\t\t\t\t<\/div>\n\t\t\t\t<\/div>\n\t\t<div class=\"elementor-element elementor-element-9a741f9 e-flex e-con-boxed e-con e-parent\" data-id=\"9a741f9\" data-element_type=\"container\">\n\t\t\t\t\t<div class=\"e-con-inner\">\n\t\t<div class=\"elementor-element elementor-element-f157d29 e-con-full e-flex e-con e-child\" data-id=\"f157d29\" data-element_type=\"container\">\n\t\t\t\t<div class=\"elementor-element elementor-element-4077505 elementor-widget elementor-widget-image\" data-id=\"4077505\" data-element_type=\"widget\" data-widget_type=\"image.default\">\n\t\t\t\t<div class=\"elementor-widget-container\">\n\t\t\t\t\t\t\t\t\t\t\t\t\t\t\t\t<a href=\"https:\/\/sportmerchandise.hu\/ro\/budapest-honved-fc\/budapest-honved-fc-genti\/\">\n\t\t\t\t\t\t\t<img loading=\"lazy\" decoding=\"async\" width=\"896\" height=\"1000\" src=\"https:\/\/sportmerchandise.hu\/wp-content\/uploads\/2023\/11\/sportmerchandise-kiegeszito-egyeb-kispest23.webp\" class=\"attachment-full size-full wp-image-2193\" alt=\"\" srcset=\"https:\/\/sportmerchandise.hu\/wp-content\/uploads\/2023\/11\/sportmerchandise-kiegeszito-egyeb-kispest23.webp 896w, https:\/\/sportmerchandise.hu\/wp-content\/uploads\/2023\/11\/sportmerchandise-kiegeszito-egyeb-kispest23-269x300.webp 269w, https:\/\/sportmerchandise.hu\/wp-content\/uploads\/2023\/11\/sportmerchandise-kiegeszito-egyeb-kispest23-768x857.webp 768w\" sizes=\"(max-width: 896px) 100vw, 896px\" \/>\t\t\t\t\t\t\t\t<\/a>\n\t\t\t\t\t\t\t\t\t\t\t\t\t\t\t<\/div>\n\t\t\t\t<\/div>\n\t\t\t\t<div class=\"elementor-element elementor-element-ae89a03 elementor-widget elementor-widget-text-editor\" data-id=\"ae89a03\" data-element_type=\"widget\" data-widget_type=\"text-editor.default\">\n\t\t\t\t<div class=\"elementor-widget-container\">\n\t\t\t\t\t\t\t\t\t<p>Gen\u021bi<\/p>\t\t\t\t\t\t\t\t<\/div>\n\t\t\t\t<\/div>\n\t\t\t\t<\/div>\n\t\t<div class=\"elementor-element elementor-element-90862ef e-con-full e-flex e-con e-child\" data-id=\"90862ef\" data-element_type=\"container\">\n\t\t\t\t<div class=\"elementor-element elementor-element-f371ff9 elementor-widget elementor-widget-image\" data-id=\"f371ff9\" data-element_type=\"widget\" data-widget_type=\"image.default\">\n\t\t\t\t<div class=\"elementor-widget-container\">\n\t\t\t\t\t\t\t\t\t\t\t\t\t\t\t\t<a href=\"https:\/\/sportmerchandise.hu\/ro\/budapest-honved-fc\/budapest-honved-fc-accesorii-pentru-suporteri\/\">\n\t\t\t\t\t\t\t<img loading=\"lazy\" decoding=\"async\" width=\"896\" height=\"1000\" src=\"https:\/\/sportmerchandise.hu\/wp-content\/uploads\/2023\/11\/sportmerchandise-kiegeszito-szurkoloikellek-szurkoloisal-kispest.41.webp\" class=\"attachment-full size-full wp-image-2228\" alt=\"\" srcset=\"https:\/\/sportmerchandise.hu\/wp-content\/uploads\/2023\/11\/sportmerchandise-kiegeszito-szurkoloikellek-szurkoloisal-kispest.41.webp 896w, https:\/\/sportmerchandise.hu\/wp-content\/uploads\/2023\/11\/sportmerchandise-kiegeszito-szurkoloikellek-szurkoloisal-kispest.41-269x300.webp 269w, https:\/\/sportmerchandise.hu\/wp-content\/uploads\/2023\/11\/sportmerchandise-kiegeszito-szurkoloikellek-szurkoloisal-kispest.41-768x857.webp 768w\" sizes=\"(max-width: 896px) 100vw, 896px\" \/>\t\t\t\t\t\t\t\t<\/a>\n\t\t\t\t\t\t\t\t\t\t\t\t\t\t\t<\/div>\n\t\t\t\t<\/div>\n\t\t\t\t<div class=\"elementor-element elementor-element-335270a elementor-widget elementor-widget-text-editor\" data-id=\"335270a\" data-element_type=\"widget\" data-widget_type=\"text-editor.default\">\n\t\t\t\t<div class=\"elementor-widget-container\">\n\t\t\t\t\t\t\t\t\t<p>Accesorii pentru suporteri<\/p>\t\t\t\t\t\t\t\t<\/div>\n\t\t\t\t<\/div>\n\t\t\t\t<\/div>\n\t\t\t\t\t<\/div>\n\t\t\t\t<\/div>\n\t\t<div class=\"elementor-element elementor-element-8d32cc1 e-flex e-con-boxed e-con e-parent\" data-id=\"8d32cc1\" data-element_type=\"container\">\n\t\t\t\t\t<div class=\"e-con-inner\">\n\t\t<div class=\"elementor-element elementor-element-d58e4fd e-con-full e-flex e-con e-child\" data-id=\"d58e4fd\" data-element_type=\"container\">\n\t\t\t\t<div class=\"elementor-element elementor-element-8677efb elementor-widget elementor-widget-image\" data-id=\"8677efb\" data-element_type=\"widget\" data-widget_type=\"image.default\">\n\t\t\t\t<div class=\"elementor-widget-container\">\n\t\t\t\t\t\t\t\t\t\t\t\t\t\t\t\t<a href=\"https:\/\/sportmerchandise.hu\/ro\/budapest-honved-fc\/budapest-honved-fc-pulovere-de-craciun\/\">\n\t\t\t\t\t\t\t<img loading=\"lazy\" decoding=\"async\" width=\"896\" height=\"1000\" src=\"https:\/\/sportmerchandise.hu\/wp-content\/uploads\/2023\/11\/sportmerchandise-ajandektargy-egyeb-kispest43.webp\" class=\"attachment-full size-full wp-image-2056\" alt=\"\" srcset=\"https:\/\/sportmerchandise.hu\/wp-content\/uploads\/2023\/11\/sportmerchandise-ajandektargy-egyeb-kispest43.webp 896w, https:\/\/sportmerchandise.hu\/wp-content\/uploads\/2023\/11\/sportmerchandise-ajandektargy-egyeb-kispest43-269x300.webp 269w, https:\/\/sportmerchandise.hu\/wp-content\/uploads\/2023\/11\/sportmerchandise-ajandektargy-egyeb-kispest43-768x857.webp 768w\" sizes=\"(max-width: 896px) 100vw, 896px\" \/>\t\t\t\t\t\t\t\t<\/a>\n\t\t\t\t\t\t\t\t\t\t\t\t\t\t\t<\/div>\n\t\t\t\t<\/div>\n\t\t\t\t<div class=\"elementor-element elementor-element-804813a elementor-widget elementor-widget-text-editor\" data-id=\"804813a\" data-element_type=\"widget\" data-widget_type=\"text-editor.default\">\n\t\t\t\t<div class=\"elementor-widget-container\">\n\t\t\t\t\t\t\t\t\t<p>Pulovere de Cr\u0103ciun<\/p>\t\t\t\t\t\t\t\t<\/div>\n\t\t\t\t<\/div>\n\t\t\t\t<\/div>\n\t\t<div class=\"elementor-element elementor-element-0dab6e1 e-con-full e-flex e-con e-child\" data-id=\"0dab6e1\" data-element_type=\"container\">\n\t\t\t\t<div class=\"elementor-element elementor-element-915e219 elementor-widget elementor-widget-image\" data-id=\"915e219\" data-element_type=\"widget\" data-widget_type=\"image.default\">\n\t\t\t\t<div class=\"elementor-widget-container\">\n\t\t\t\t\t\t\t\t\t\t\t\t\t\t\t\t<a href=\"https:\/\/sportmerchandise.hu\/ro\/budapest-honved-fc\/budapest-honved-fc-obiecte-cadou\/\">\n\t\t\t\t\t\t\t<img loading=\"lazy\" decoding=\"async\" width=\"996\" height=\"1112\" src=\"https:\/\/sportmerchandise.hu\/wp-content\/uploads\/2023\/11\/sportmerchandise-ajandektargy-kulcstarto-kispest5.webp\" class=\"attachment-full size-full wp-image-1543\" alt=\"\" srcset=\"https:\/\/sportmerchandise.hu\/wp-content\/uploads\/2023\/11\/sportmerchandise-ajandektargy-kulcstarto-kispest5.webp 996w, https:\/\/sportmerchandise.hu\/wp-content\/uploads\/2023\/11\/sportmerchandise-ajandektargy-kulcstarto-kispest5-269x300.webp 269w, https:\/\/sportmerchandise.hu\/wp-content\/uploads\/2023\/11\/sportmerchandise-ajandektargy-kulcstarto-kispest5-917x1024.webp 917w, https:\/\/sportmerchandise.hu\/wp-content\/uploads\/2023\/11\/sportmerchandise-ajandektargy-kulcstarto-kispest5-768x857.webp 768w\" sizes=\"(max-width: 996px) 100vw, 996px\" \/>\t\t\t\t\t\t\t\t<\/a>\n\t\t\t\t\t\t\t\t\t\t\t\t\t\t\t<\/div>\n\t\t\t\t<\/div>\n\t\t\t\t<div class=\"elementor-element elementor-element-6bb43bc elementor-widget elementor-widget-text-editor\" data-id=\"6bb43bc\" data-element_type=\"widget\" data-widget_type=\"text-editor.default\">\n\t\t\t\t<div class=\"elementor-widget-container\">\n\t\t\t\t\t\t\t\t\t<p>Obiecte cadou<\/p>\t\t\t\t\t\t\t\t<\/div>\n\t\t\t\t<\/div>\n\t\t\t\t<\/div>\n\t\t\t\t\t<\/div>\n\t\t\t\t<\/div>\n\t\t\t\t<\/div>","protected":false},"excerpt":{"rendered":"<p>Budapest Honv\u00e9d Fc A Budapest Honv\u00e9d FC a magyar labdar\u00fag\u00e1s egyik meghat\u00e1roz\u00f3 szerepl\u0151je \u00e9s kiemelked\u0151 t\u00f6rt\u00e9nelmi klubja. A Budapest Honv\u00e9d FC a magyar labdar\u00fag\u00e1s egyik meghat\u00e1roz\u00f3 szerepl\u0151je \u00e9s kiemelked\u0151 t\u00f6rt\u00e9nelmi klubja. A Kispesten sz\u00e9kel\u0151 csapat hagyat\u00e9ka megk\u00e9rd\u0151jelezhetetlen, \u0151k nevelt\u00e9k ki a vil\u00e1g legismertebb magyar futballist\u00e1j\u00e1t, Pusk\u00e1s Ferencet, \u00e9s ezzel \u00f6r\u00f6kre be\u00edrt\u00e1k magukat a sportt\u00f6rt\u00e9nelembe. Sikereik [&hellip;]<\/p>","protected":false},"author":1,"featured_media":462,"parent":0,"menu_order":0,"comment_status":"closed","ping_status":"closed","template":"elementor_header_footer","meta":{"footnotes":""},"class_list":["post-2259","page","type-page","status-publish","has-post-thumbnail","hentry"],"_links":{"self":[{"href":"https:\/\/sportmerchandise.hu\/ro\/wp-json\/wp\/v2\/pages\/2259","targetHints":{"allow":["GET"]}}],"collection":[{"href":"https:\/\/sportmerchandise.hu\/ro\/wp-json\/wp\/v2\/pages"}],"about":[{"href":"https:\/\/sportmerchandise.hu\/ro\/wp-json\/wp\/v2\/types\/page"}],"author":[{"embeddable":true,"href":"https:\/\/sportmerchandise.hu\/ro\/wp-json\/wp\/v2\/users\/1"}],"replies":[{"embeddable":true,"href":"https:\/\/sportmerchandise.hu\/ro\/wp-json\/wp\/v2\/comments?post=2259"}],"version-history":[{"count":118,"href":"https:\/\/sportmerchandise.hu\/ro\/wp-json\/wp\/v2\/pages\/2259\/revisions"}],"predecessor-version":[{"id":10457,"href":"https:\/\/sportmerchandise.hu\/ro\/wp-json\/wp\/v2\/pages\/2259\/revisions\/10457"}],"wp:featuredmedia":[{"embeddable":true,"href":"https:\/\/sportmerchandise.hu\/ro\/wp-json\/wp\/v2\/media\/462"}],"wp:attachment":[{"href":"https:\/\/sportmerchandise.hu\/ro\/wp-json\/wp\/v2\/media?parent=2259"}],"curies":[{"name":"wp","href":"https:\/\/api.w.org\/{rel}","templated":true}]}}