{"id":11477,"date":"2026-02-10T14:47:35","date_gmt":"2026-02-10T14:47:35","guid":{"rendered":"https:\/\/sportmerchandise.hu\/?page_id=11477"},"modified":"2026-02-10T14:49:21","modified_gmt":"2026-02-10T14:49:21","slug":"impresszum","status":"publish","type":"page","link":"https:\/\/sportmerchandise.hu\/ro\/impresszum\/","title":{"rendered":"Impressum"},"content":{"rendered":"<div data-elementor-type=\"wp-page\" data-elementor-id=\"11477\" class=\"elementor elementor-11477\" data-elementor-post-type=\"page\">\n\t\t\t\t<div class=\"elementor-element elementor-element-53d668f e-flex e-con-boxed e-con e-parent\" data-id=\"53d668f\" data-element_type=\"container\">\n\t\t\t\t\t<div class=\"e-con-inner\">\n\t\t\t\t<div class=\"elementor-element elementor-element-08e37c6 elementor-widget elementor-widget-text-editor\" data-id=\"08e37c6\" data-element_type=\"widget\" data-widget_type=\"text-editor.default\">\n\t\t\t\t<div class=\"elementor-widget-container\">\n\t\t\t\t\t\t\t\t\t<p style=\"font-weight: 400;\">\u00a0<\/p><p style=\"font-weight: 400;\">(A dokumentum let\u00f6lt\u00e9se\/nyomtat\u00e1sa:\u00a0<a href=\"https:\/\/sportmerchandise.hu\/wp-content\/uploads\/2026\/02\/impresszum_sportmerchandise.pdf\"><u>ITT<\/u><\/a>)<\/p><p style=\"font-weight: 400;\"><strong>Impressum<\/strong><\/p><ol><li style=\"font-weight: 400;\">A\u00a0<a href=\"https:\/\/sportmerchandise.hu\/ro\">https:\/\/sportmerchandise.hu\/<\/a>\u00a0internetc\u00edmen el\u00e9rhet\u0151 webhely \u00fczemeltet\u0151je:<\/li><\/ol><p style=\"font-weight: 400;\"><strong>Sport Merchandise Hungary Kft.<\/strong><\/p><p style=\"font-weight: 400;\"><strong>\u00a0<\/strong><\/p><p style=\"font-weight: 400;\">C\u00e9gjegyz\u00e9ksz\u00e1m: 01-09-358138<\/p><p style=\"font-weight: 400;\">Ad\u00f3sz\u00e1m: 27940291-2-42<\/p><p style=\"font-weight: 400;\">Sz\u00e9khely: Magyarorsz\u00e1g, 1101 Budapest, K\u0151b\u00e1nyai \u00fat 43. B. \u00e9p. 1. em. 28. ajt\u00f3<\/p><p style=\"font-weight: 400;\">Postac\u00edm: Magyarorsz\u00e1g, 1101 Budapest, K\u0151b\u00e1nyai \u00fat 43\/C. fsz. 9.<\/p><p style=\"font-weight: 400;\">Telefon: +36 30 532 0791<\/p><p style=\"font-weight: 400;\">E-mail c\u00edm: info@sportmerchandise.hu<\/p><p style=\"font-weight: 400;\">Webhely:<strong>\u00a0<\/strong><a href=\"https:\/\/sportmerchandise.hu\/ro\">https:\/\/sportmerchandise.hu\/<\/a><\/p><ol start=\"2\"><li style=\"font-weight: 400;\">T\u00e1rhelyszolg\u00e1ltat\u00f3:<\/li><\/ol><p style=\"font-weight: 400;\"><strong>\u00a0<\/strong><\/p><p style=\"font-weight: 400;\"><strong>Rackhost Informatikai Z\u00e1rtk\u00f6r\u0171en M\u0171k\u00f6d\u0151 R\u00e9szv\u00e9nyt\u00e1rsas\u00e1g<\/strong><\/p><p style=\"font-weight: 400;\">R\u00f6vid\u00edtett n\u00e9v: Rackhost Zrt.<\/p><p style=\"font-weight: 400;\">C\u00e9gjegyz\u00e9ksz\u00e1m: 06-10-000489<\/p><p style=\"font-weight: 400;\">Ad\u00f3sz\u00e1m: 25333572-2-06<\/p><p style=\"font-weight: 400;\">Sz\u00e9khely: 6722 Szeged, Tisza Lajos k\u00f6r\u00fat 41.<\/p><p style=\"font-weight: 400;\">Postac\u00edm: 6722 Szeged, Tisza Lajos k\u00f6r\u0171t 41.<\/p><p style=\"font-weight: 400;\">E-mail: info@rackhost.hu<\/p><p style=\"font-weight: 400;\">Webhely:\u00a0<a href=\"https:\/\/www.rackhost.hu\/\">https:\/\/www.rackhost.hu\/<\/a><\/p><ol start=\"2026\"><li style=\"font-weight: 400;\">janu\u00e1r 27.<\/li><\/ol><p style=\"font-weight: 400;\">\u00a0\u00a0\u00a0\u00a0\u00a0\u00a0\u00a0\u00a0\u00a0\u00a0\u00a0\u00a0\u00a0\u00a0\u00a0\u00a0\u00a0\u00a0\u00a0\u00a0\u00a0\u00a0\u00a0\u00a0\u00a0\u00a0\u00a0\u00a0\u00a0\u00a0\u00a0\u00a0\u00a0\u00a0\u00a0\u00a0\u00a0\u00a0\u00a0\u00a0\u00a0\u00a0\u00a0\u00a0\u00a0\u00a0\u00a0\u00a0\u00a0\u00a0\u00a0\u00a0\u00a0\u00a0\u00a0\u00a0\u00a0\u00a0 \u00a0\u00a0\u00a0\u00a0\u00a0\u00a0\u00a0\u00a0\u00a0\u00a0\u00a0\u00a0\u00a0\u00a0\u00a0\u00a0\u00a0\u00a0\u00a0\u00a0\u00a0\u00a0\u00a0\u00a0<strong>Sport Merchandise Hungary Kft.<\/strong><\/p>\t\t\t\t\t\t\t\t<\/div>\n\t\t\t\t<\/div>\n\t\t\t\t\t<\/div>\n\t\t\t\t<\/div>\n\t\t\t\t<\/div>","protected":false},"excerpt":{"rendered":"<p>\u00a0 (A dokumentum let\u00f6lt\u00e9se\/nyomtat\u00e1sa:\u00a0ITT) Impresszum A\u00a0https:\/\/sportmerchandise.hu\/\u00a0internetc\u00edmen el\u00e9rhet\u0151 webhely \u00fczemeltet\u0151je: Sport Merchandise Hungary Kft. \u00a0 C\u00e9gjegyz\u00e9ksz\u00e1m: 01-09-358138 Ad\u00f3sz\u00e1m: 27940291-2-42 Sz\u00e9khely: Magyarorsz\u00e1g, 1101 Budapest, K\u0151b\u00e1nyai \u00fat 43. B. \u00e9p. 1. em. 28. ajt\u00f3 Postac\u00edm: Magyarorsz\u00e1g, 1101 Budapest, K\u0151b\u00e1nyai \u00fat 43\/C. fsz. 9. Telefon: +36 30 532 0791 E-mail c\u00edm: info@sportmerchandise.hu Webhely:\u00a0https:\/\/sportmerchandise.hu\/ T\u00e1rhelyszolg\u00e1ltat\u00f3: \u00a0 Rackhost Informatikai Z\u00e1rtk\u00f6r\u0171en M\u0171k\u00f6d\u0151 [&hellip;]<\/p>","protected":false},"author":1,"featured_media":0,"parent":0,"menu_order":0,"comment_status":"closed","ping_status":"closed","template":"","meta":{"footnotes":""},"class_list":["post-11477","page","type-page","status-publish","hentry"],"_links":{"self":[{"href":"https:\/\/sportmerchandise.hu\/ro\/wp-json\/wp\/v2\/pages\/11477","targetHints":{"allow":["GET"]}}],"collection":[{"href":"https:\/\/sportmerchandise.hu\/ro\/wp-json\/wp\/v2\/pages"}],"about":[{"href":"https:\/\/sportmerchandise.hu\/ro\/wp-json\/wp\/v2\/types\/page"}],"author":[{"embeddable":true,"href":"https:\/\/sportmerchandise.hu\/ro\/wp-json\/wp\/v2\/users\/1"}],"replies":[{"embeddable":true,"href":"https:\/\/sportmerchandise.hu\/ro\/wp-json\/wp\/v2\/comments?post=11477"}],"version-history":[{"count":7,"href":"https:\/\/sportmerchandise.hu\/ro\/wp-json\/wp\/v2\/pages\/11477\/revisions"}],"predecessor-version":[{"id":11484,"href":"https:\/\/sportmerchandise.hu\/ro\/wp-json\/wp\/v2\/pages\/11477\/revisions\/11484"}],"wp:attachment":[{"href":"https:\/\/sportmerchandise.hu\/ro\/wp-json\/wp\/v2\/media?parent=11477"}],"curies":[{"name":"wp","href":"https:\/\/api.w.org\/{rel}","templated":true}]}}