{"id":11435,"date":"2026-01-27T14:14:00","date_gmt":"2026-01-27T14:14:00","guid":{"rendered":"https:\/\/sportmerchandise.hu\/?page_id=11435"},"modified":"2026-01-27T14:21:41","modified_gmt":"2026-01-27T14:21:41","slug":"zalaegerszegi-te","status":"publish","type":"page","link":"https:\/\/sportmerchandise.hu\/ro\/zalaegerszegi-te\/","title":{"rendered":"Zalaegerszegi TE"},"content":{"rendered":"<div data-elementor-type=\"wp-page\" data-elementor-id=\"11435\" class=\"elementor elementor-11435\" data-elementor-post-type=\"page\">\n\t\t\t\t\t\t<section class=\"elementor-section elementor-top-section elementor-element elementor-element-a7eb32e elementor-section-height-min-height elementor-section-boxed elementor-section-height-default elementor-section-items-middle\" data-id=\"a7eb32e\" data-element_type=\"section\" data-settings=\"{&quot;background_background&quot;:&quot;classic&quot;}\">\n\t\t\t\t\t\t\t<div class=\"elementor-background-overlay\"><\/div>\n\t\t\t\t\t\t\t<div class=\"elementor-container elementor-column-gap-default\">\n\t\t\t\t\t<div class=\"elementor-column elementor-col-100 elementor-top-column elementor-element elementor-element-847dd31 elementor-invisible\" data-id=\"847dd31\" data-element_type=\"column\" data-settings=\"{&quot;animation&quot;:&quot;fadeInLeft&quot;}\">\n\t\t\t<div class=\"elementor-widget-wrap elementor-element-populated\">\n\t\t\t\t\t\t<div class=\"elementor-element elementor-element-330e615 elementor-widget elementor-widget-heading\" data-id=\"330e615\" data-element_type=\"widget\" data-widget_type=\"heading.default\">\n\t\t\t\t<div class=\"elementor-widget-container\">\n\t\t\t\t\t<h2 class=\"elementor-heading-title elementor-size-default\">Zalaegerszegi TE<\/h2>\t\t\t\t<\/div>\n\t\t\t\t<\/div>\n\t\t\t\t<div class=\"elementor-element elementor-element-ac7cf60 elementor-widget-divider--view-line elementor-widget elementor-widget-divider\" data-id=\"ac7cf60\" data-element_type=\"widget\" data-widget_type=\"divider.default\">\n\t\t\t\t<div class=\"elementor-widget-container\">\n\t\t\t\t\t\t\t<div class=\"elementor-divider\">\n\t\t\t<span class=\"elementor-divider-separator\">\n\t\t\t\t\t\t<\/span>\n\t\t<\/div>\n\t\t\t\t\t\t<\/div>\n\t\t\t\t<\/div>\n\t\t\t\t\t<\/div>\n\t\t<\/div>\n\t\t\t\t\t<\/div>\n\t\t<\/section>\n\t\t<div class=\"elementor-element elementor-element-1b06891 e-flex e-con-boxed e-con e-parent\" data-id=\"1b06891\" data-element_type=\"container\">\n\t\t\t\t\t<div class=\"e-con-inner\">\n\t\t\t\t<div class=\"elementor-element elementor-element-bee3322 elementor-widget elementor-widget-heading\" data-id=\"bee3322\" data-element_type=\"widget\" data-widget_type=\"heading.default\">\n\t\t\t\t<div class=\"elementor-widget-container\">\n\t\t\t\t\t<h2 class=\"elementor-heading-title elementor-size-default\">Zalaegerszegi TE a fost fondat \u00een anul 1920, iar combina\u021bia de culori albastru-alb este utilizat\u0103 de la sf\u00e2r\u0219itul anilor \u201970.  <\/h2>\t\t\t\t<\/div>\n\t\t\t\t<\/div>\n\t\t\t\t\t<\/div>\n\t\t\t\t<\/div>\n\t\t<div class=\"elementor-element elementor-element-2bd2e28 e-flex e-con-boxed e-con e-parent\" data-id=\"2bd2e28\" data-element_type=\"container\">\n\t\t\t\t\t<div class=\"e-con-inner\">\n\t\t\t\t<div class=\"elementor-element elementor-element-af92aae elementor-widget elementor-widget-text-editor\" data-id=\"af92aae\" data-element_type=\"widget\" data-widget_type=\"text-editor.default\">\n\t\t\t\t<div class=\"elementor-widget-container\">\n\t\t\t\t\t\t\t\t\t<p>Cel mai mare succes al clubului este c\u00e2\u0219tigarea titlului de campioan\u0103 a primei ligi maghiare, ob\u021binut \u00een 2002.<\/p><p>Colaborarea noastr\u0103 cu clubul a \u00eenceput \u00een anul 2026. Scopul nostru este s\u0103 sprijinim succesul comercial \u0219i de marketing al ZTE FC prin suport profesionist, reprezent\u00e2nd \u00eentr-un mod demn at\u00e2t istoria clubului, c\u00e2t \u0219i viitorul acestuia.<\/p><p>\u00cen cadrul activit\u0103\u021bii noastre, acoperim toate domeniile legate de activitatea de merchandise a clubului, de la strategia pe termen lung, p\u00e2n\u0103 la produc\u021bia produselor \u0219i valorificarea acestora. Parte a acordului nostru de parteneriat este sprijinul \u00een dezvoltarea strategiei complete de merchandise, precum \u0219i furnizarea unui suport comercial \u0219i de marketing cuprinz\u0103tor.\nUn reper esen\u021bial al colabor\u0103rii a fost dezvoltarea webshopului, str\u00e2ns legat\u0103 de managementul \u0219i monitorizarea continu\u0103 a stocurilor optime. Gestion\u0103m \u00eentregul proces de product management intern, astfel \u00eenc\u00e2t suntem responsabili pentru fiecare etap\u0103, de la faza de design creativ p\u00e2n\u0103 la procesele de produc\u021bie. Ca etap\u0103 final\u0103, desf\u0103\u0219ur\u0103m o activitate comercial\u0103 complet\u0103, asigur\u00e2nd servicii profesionale at\u00e2t pe platformele online, c\u00e2t \u0219i pe canalele de v\u00e2nzare offline.<\/p>\t\t\t\t\t\t\t\t<\/div>\n\t\t\t\t<\/div>\n\t\t\t\t\t<\/div>\n\t\t\t\t<\/div>\n\t\t\t\t<\/div>","protected":false},"excerpt":{"rendered":"<p>Zalaegerszegi TE A Zalaegerszegi TE 1920-ban alakult meg, a k\u00e9k-feh\u00e9r sz\u00edn\u00f6ssze\u00e1ll\u00edt\u00e1st a 70-es \u00e9vek v\u00e9g\u00e9t\u0151l haszn\u00e1lj\u00e1k. A legnagyobb siker\u00fck az els\u0151 oszt\u00e1ly\u00fa magyar bajnoki c\u00edm, amelyet 2002-ben \u00e9rt\u00e9k el. Egy\u00fcttm\u0171k\u00f6d\u00e9s\u00fcnk a klubbal 2026-t\u00f3l kezd\u0151d\u00f6tt. C\u00e9lunk, hogy professzion\u00e1lis t\u00e1mogat\u00e1ssal seg\u00edts\u00fck az ZTE FC kereskedelmi \u00e9s marketing sikereit, ez\u00e1ltal m\u00e9lt\u00f3 m\u00f3don k\u00e9pviselve a klub t\u00f6rt\u00e9nelm\u00e9t \u00e9s j\u00f6v\u0151j\u00e9t. [&hellip;]<\/p>","protected":false},"author":1,"featured_media":0,"parent":0,"menu_order":0,"comment_status":"closed","ping_status":"closed","template":"elementor_header_footer","meta":{"footnotes":""},"class_list":["post-11435","page","type-page","status-publish","hentry"],"_links":{"self":[{"href":"https:\/\/sportmerchandise.hu\/ro\/wp-json\/wp\/v2\/pages\/11435","targetHints":{"allow":["GET"]}}],"collection":[{"href":"https:\/\/sportmerchandise.hu\/ro\/wp-json\/wp\/v2\/pages"}],"about":[{"href":"https:\/\/sportmerchandise.hu\/ro\/wp-json\/wp\/v2\/types\/page"}],"author":[{"embeddable":true,"href":"https:\/\/sportmerchandise.hu\/ro\/wp-json\/wp\/v2\/users\/1"}],"replies":[{"embeddable":true,"href":"https:\/\/sportmerchandise.hu\/ro\/wp-json\/wp\/v2\/comments?post=11435"}],"version-history":[{"count":8,"href":"https:\/\/sportmerchandise.hu\/ro\/wp-json\/wp\/v2\/pages\/11435\/revisions"}],"predecessor-version":[{"id":11495,"href":"https:\/\/sportmerchandise.hu\/ro\/wp-json\/wp\/v2\/pages\/11435\/revisions\/11495"}],"wp:attachment":[{"href":"https:\/\/sportmerchandise.hu\/ro\/wp-json\/wp\/v2\/media?parent=11435"}],"curies":[{"name":"wp","href":"https:\/\/api.w.org\/{rel}","templated":true}]}}