{"id":7765,"date":"2025-11-04T13:47:11","date_gmt":"2025-11-04T13:47:11","guid":{"rendered":"https:\/\/sportmerchandise.hu\/?page_id=7765"},"modified":"2025-11-18T08:04:39","modified_gmt":"2025-11-18T08:04:39","slug":"haladas-pencil-cases","status":"publish","type":"page","link":"https:\/\/sportmerchandise.hu\/en\/haladas\/haladas-pencil-cases\/","title":{"rendered":"Halad\u00e1s Pencilcases"},"content":{"rendered":"<div data-elementor-type=\"wp-page\" data-elementor-id=\"7765\" class=\"elementor elementor-7765\" data-elementor-post-type=\"page\">\n\t\t\t\t\t\t<section class=\"elementor-section elementor-top-section elementor-element elementor-element-331a268 elementor-section-height-min-height elementor-section-boxed elementor-section-height-default elementor-section-items-middle\" data-id=\"331a268\" data-element_type=\"section\" data-settings=\"{&quot;background_background&quot;:&quot;classic&quot;}\">\n\t\t\t\t\t\t\t<div class=\"elementor-background-overlay\"><\/div>\n\t\t\t\t\t\t\t<div class=\"elementor-container elementor-column-gap-default\">\n\t\t\t\t\t<div class=\"elementor-column elementor-col-100 elementor-top-column elementor-element elementor-element-73877c0 elementor-invisible\" data-id=\"73877c0\" data-element_type=\"column\" data-settings=\"{&quot;animation&quot;:&quot;fadeInLeft&quot;}\">\n\t\t\t<div class=\"elementor-widget-wrap elementor-element-populated\">\n\t\t\t\t\t\t<div class=\"elementor-element elementor-element-a5b43bc elementor-widget elementor-widget-heading\" data-id=\"a5b43bc\" data-element_type=\"widget\" data-widget_type=\"heading.default\">\n\t\t\t\t<div class=\"elementor-widget-container\">\n\t\t\t\t\t<h2 class=\"elementor-heading-title elementor-size-default\">Halad\u00e1s Pencilcases<\/h2>\t\t\t\t<\/div>\n\t\t\t\t<\/div>\n\t\t\t\t<div class=\"elementor-element elementor-element-8bdd7cb elementor-widget-divider--view-line elementor-widget elementor-widget-divider\" data-id=\"8bdd7cb\" data-element_type=\"widget\" data-widget_type=\"divider.default\">\n\t\t\t\t<div class=\"elementor-widget-container\">\n\t\t\t\t\t\t\t<div class=\"elementor-divider\">\n\t\t\t<span class=\"elementor-divider-separator\">\n\t\t\t\t\t\t<\/span>\n\t\t<\/div>\n\t\t\t\t\t\t<\/div>\n\t\t\t\t<\/div>\n\t\t\t\t\t<\/div>\n\t\t<\/div>\n\t\t\t\t\t<\/div>\n\t\t<\/section>\n\t\t<div class=\"elementor-element elementor-element-8707b75 e-flex e-con-boxed e-con e-parent\" data-id=\"8707b75\" data-element_type=\"container\">\n\t\t\t\t\t<div class=\"e-con-inner\">\n\t\t\t\t<div class=\"elementor-element elementor-element-e7ae018 elementor-widget elementor-widget-gallery\" data-id=\"e7ae018\" data-element_type=\"widget\" data-settings=\"{&quot;background_overlay_hover_animation&quot;:&quot;fade-in&quot;,&quot;aspect_ratio&quot;:&quot;1:1&quot;,&quot;columns&quot;:6,&quot;lazyload&quot;:&quot;yes&quot;,&quot;gallery_layout&quot;:&quot;grid&quot;,&quot;columns_tablet&quot;:2,&quot;columns_mobile&quot;:1,&quot;gap&quot;:{&quot;unit&quot;:&quot;px&quot;,&quot;size&quot;:10,&quot;sizes&quot;:[]},&quot;gap_laptop&quot;:{&quot;unit&quot;:&quot;px&quot;,&quot;size&quot;:10,&quot;sizes&quot;:[]},&quot;gap_tablet&quot;:{&quot;unit&quot;:&quot;px&quot;,&quot;size&quot;:10,&quot;sizes&quot;:[]},&quot;gap_mobile&quot;:{&quot;unit&quot;:&quot;px&quot;,&quot;size&quot;:10,&quot;sizes&quot;:[]},&quot;link_to&quot;:&quot;file&quot;,&quot;overlay_background&quot;:&quot;yes&quot;,&quot;content_hover_animation&quot;:&quot;fade-in&quot;}\" data-widget_type=\"gallery.default\">\n\t\t\t\t<div class=\"elementor-widget-container\">\n\t\t\t\t\t\t\t<div class=\"elementor-gallery__container\">\n\t\t\t\t\t\t\t<a class=\"e-gallery-item elementor-gallery-item elementor-animated-content\" href=\"https:\/\/sportmerchandise.hu\/wp-content\/uploads\/2025\/11\/Haladas-iskolai-termekek-tolltarto_01.webp\" data-elementor-open-lightbox=\"yes\" data-elementor-lightbox-slideshow=\"e7ae018\" data-elementor-lightbox-title=\"Halad\u00e1s iskolai term\u00e9kek tolltart\u00f3_01\" data-e-action-hash=\"#elementor-action%3Aaction%3Dlightbox%26settings%3DeyJpZCI6NzcyNywidXJsIjoiaHR0cHM6XC9cL3Nwb3J0bWVyY2hhbmRpc2UuaHVcL3dwLWNvbnRlbnRcL3VwbG9hZHNcLzIwMjVcLzExXC9IYWxhZGFzLWlza29sYWktdGVybWVrZWstdG9sbHRhcnRvXzAxLndlYnAiLCJzbGlkZXNob3ciOiJlN2FlMDE4In0%3D\">\n\t\t\t\t\t<div class=\"e-gallery-image elementor-gallery-item__image\" data-thumbnail=\"https:\/\/sportmerchandise.hu\/wp-content\/uploads\/2025\/11\/Haladas-iskolai-termekek-tolltarto_01.webp\" data-width=\"896\" data-height=\"1000\" aria-label=\"\" role=\"img\" ><\/div>\n\t\t\t\t\t\t\t\t\t\t\t<div class=\"elementor-gallery-item__overlay\"><\/div>\n\t\t\t\t\t\t\t\t\t\t\t\t\t\t<\/a>\n\t\t\t\t\t<\/div>\n\t\t\t\t\t<\/div>\n\t\t\t\t<\/div>\n\t\t\t\t\t<\/div>\n\t\t\t\t<\/div>\n\t\t\t\t<\/div>","protected":false},"excerpt":{"rendered":"","protected":false},"author":1,"featured_media":0,"parent":7676,"menu_order":0,"comment_status":"closed","ping_status":"closed","template":"","meta":{"footnotes":""},"class_list":["post-7765","page","type-page","status-publish","hentry"],"_links":{"self":[{"href":"https:\/\/sportmerchandise.hu\/en\/wp-json\/wp\/v2\/pages\/7765","targetHints":{"allow":["GET"]}}],"collection":[{"href":"https:\/\/sportmerchandise.hu\/en\/wp-json\/wp\/v2\/pages"}],"about":[{"href":"https:\/\/sportmerchandise.hu\/en\/wp-json\/wp\/v2\/types\/page"}],"author":[{"embeddable":true,"href":"https:\/\/sportmerchandise.hu\/en\/wp-json\/wp\/v2\/users\/1"}],"replies":[{"embeddable":true,"href":"https:\/\/sportmerchandise.hu\/en\/wp-json\/wp\/v2\/comments?post=7765"}],"version-history":[{"count":16,"href":"https:\/\/sportmerchandise.hu\/en\/wp-json\/wp\/v2\/pages\/7765\/revisions"}],"predecessor-version":[{"id":10601,"href":"https:\/\/sportmerchandise.hu\/en\/wp-json\/wp\/v2\/pages\/7765\/revisions\/10601"}],"up":[{"embeddable":true,"href":"https:\/\/sportmerchandise.hu\/en\/wp-json\/wp\/v2\/pages\/7676"}],"wp:attachment":[{"href":"https:\/\/sportmerchandise.hu\/en\/wp-json\/wp\/v2\/media?parent=7765"}],"curies":[{"name":"wp","href":"https:\/\/api.w.org\/{rel}","templated":true}]}}