{"id":5334,"date":"2025-10-21T09:59:26","date_gmt":"2025-10-21T09:59:26","guid":{"rendered":"https:\/\/sportmerchandise.hu\/?page_id=5334"},"modified":"2025-11-18T14:06:35","modified_gmt":"2025-11-18T14:06:35","slug":"ujpest-fc","status":"publish","type":"page","link":"https:\/\/sportmerchandise.hu\/en\/ujpest-fc\/","title":{"rendered":"\u00dajpest FC"},"content":{"rendered":"<div data-elementor-type=\"wp-page\" data-elementor-id=\"5334\" class=\"elementor elementor-5334\" data-elementor-post-type=\"page\">\n\t\t\t\t\t\t<section class=\"elementor-section elementor-top-section elementor-element elementor-element-979a4fc elementor-section-height-min-height elementor-section-boxed elementor-section-height-default elementor-section-items-middle\" data-id=\"979a4fc\" data-element_type=\"section\" data-settings=\"{&quot;background_background&quot;:&quot;classic&quot;}\">\n\t\t\t\t\t\t\t<div class=\"elementor-background-overlay\"><\/div>\n\t\t\t\t\t\t\t<div class=\"elementor-container elementor-column-gap-default\">\n\t\t\t\t\t<div class=\"elementor-column elementor-col-100 elementor-top-column elementor-element elementor-element-c6e6b90 elementor-invisible\" data-id=\"c6e6b90\" data-element_type=\"column\" data-settings=\"{&quot;animation&quot;:&quot;fadeInLeft&quot;}\">\n\t\t\t<div class=\"elementor-widget-wrap elementor-element-populated\">\n\t\t\t\t\t\t<div class=\"elementor-element elementor-element-751d224 elementor-widget elementor-widget-heading\" data-id=\"751d224\" data-element_type=\"widget\" data-widget_type=\"heading.default\">\n\t\t\t\t<div class=\"elementor-widget-container\">\n\t\t\t\t\t<h2 class=\"elementor-heading-title elementor-size-default\">\u00dajpest FC<\/h2>\t\t\t\t<\/div>\n\t\t\t\t<\/div>\n\t\t\t\t<div class=\"elementor-element elementor-element-c64024e elementor-widget-divider--view-line elementor-widget elementor-widget-divider\" data-id=\"c64024e\" data-element_type=\"widget\" data-widget_type=\"divider.default\">\n\t\t\t\t<div class=\"elementor-widget-container\">\n\t\t\t\t\t\t\t<div class=\"elementor-divider\">\n\t\t\t<span class=\"elementor-divider-separator\">\n\t\t\t\t\t\t<\/span>\n\t\t<\/div>\n\t\t\t\t\t\t<\/div>\n\t\t\t\t<\/div>\n\t\t\t\t\t<\/div>\n\t\t<\/div>\n\t\t\t\t\t<\/div>\n\t\t<\/section>\n\t\t\t\t<section class=\"elementor-section elementor-top-section elementor-element elementor-element-80f2a23 elementor-section-boxed elementor-section-height-default elementor-section-height-default\" data-id=\"80f2a23\" data-element_type=\"section\">\n\t\t\t\t\t\t<div class=\"elementor-container elementor-column-gap-default\">\n\t\t\t\t\t<div class=\"elementor-column elementor-col-100 elementor-top-column elementor-element elementor-element-b2b3d6d\" data-id=\"b2b3d6d\" data-element_type=\"column\">\n\t\t\t<div class=\"elementor-widget-wrap elementor-element-populated\">\n\t\t\t\t\t\t<div class=\"elementor-element elementor-element-cf941c4 elementor-widget elementor-widget-heading\" data-id=\"cf941c4\" data-element_type=\"widget\" data-widget_type=\"heading.default\">\n\t\t\t\t<div class=\"elementor-widget-container\">\n\t\t\t\t\t<h2 class=\"elementor-heading-title elementor-size-default\">\u00dajpest FC is more than just a football club; the legendary association from the 4th district is a cornerstone of Hungarian sports life. <\/h2>\t\t\t\t<\/div>\n\t\t\t\t<\/div>\n\t\t\t\t<div class=\"elementor-element elementor-element-c867df6 elementor-widget elementor-widget-text-editor\" data-id=\"c867df6\" data-element_type=\"widget\" data-widget_type=\"text-editor.default\">\n\t\t\t\t<div class=\"elementor-widget-container\">\n\t\t\t\t\t\t\t\t\t<p>As the football team of the second-oldest founded domestic sports association, it possesses a rich history and outstanding successes. Its legacy and a passionate, nationwide fan base make \u00dajpest one of the most prestigious and recognised clubs in Hungarian football.<\/p><p>Our goal within the framework of our collaboration, which began in January 2022, is to support \u00dajpest FC's commercial and marketing successes with modern, professional assistance, all while honoring the club's history and vision.<\/p><p>With our complex services, we cover every key area of the club's merchandise activities, ranging from long-term strategy and product manufacturing to sales. Our work includes helping to shape the complete merchandise strategy and providing comprehensive commercial and marketing support. This encompasses webshop development, physical store design, and optimal inventory management. Furthermore, we are responsible for the entire product management.\nThis includes the graphic design of custom, high-quality products, as well as the complete manufacturing process, from the drawing board to the finished product. Last but not least, we operate the entire retail activity. Our task is the efficient management of the official fan shop and the webshop, which provides a modern shopping experience.<\/p>\t\t\t\t\t\t\t\t<\/div>\n\t\t\t\t<\/div>\n\t\t\t\t\t<\/div>\n\t\t<\/div>\n\t\t\t\t\t<\/div>\n\t\t<\/section>\n\t\t<div class=\"elementor-element elementor-element-7960cbb e-flex e-con-boxed e-con e-parent\" data-id=\"7960cbb\" data-element_type=\"container\">\n\t\t\t\t\t<div class=\"e-con-inner\">\n\t\t<div class=\"elementor-element elementor-element-0c63497 e-con-full e-flex e-con e-child\" data-id=\"0c63497\" data-element_type=\"container\">\n\t\t\t\t<div class=\"elementor-element elementor-element-915555c elementor-widget elementor-widget-image\" data-id=\"915555c\" data-element_type=\"widget\" data-widget_type=\"image.default\">\n\t\t\t\t<div class=\"elementor-widget-container\">\n\t\t\t\t\t\t\t\t\t\t\t\t\t\t\t\t<a href=\"https:\/\/sportmerchandise.hu\/en\/ujpest-fc\/ujpest-fc-tshirts\/\">\n\t\t\t\t\t\t\t<img fetchpriority=\"high\" decoding=\"async\" width=\"896\" height=\"1000\" src=\"https:\/\/sportmerchandise.hu\/wp-content\/uploads\/2023\/11\/sportmerchandise-ruhazat-gyerekpolo39.webp\" class=\"attachment-full size-full wp-image-1273\" alt=\"\" srcset=\"https:\/\/sportmerchandise.hu\/wp-content\/uploads\/2023\/11\/sportmerchandise-ruhazat-gyerekpolo39.webp 896w, https:\/\/sportmerchandise.hu\/wp-content\/uploads\/2023\/11\/sportmerchandise-ruhazat-gyerekpolo39-269x300.webp 269w, https:\/\/sportmerchandise.hu\/wp-content\/uploads\/2023\/11\/sportmerchandise-ruhazat-gyerekpolo39-768x857.webp 768w\" sizes=\"(max-width: 896px) 100vw, 896px\" \/>\t\t\t\t\t\t\t\t<\/a>\n\t\t\t\t\t\t\t\t\t\t\t\t\t\t\t<\/div>\n\t\t\t\t<\/div>\n\t\t\t\t<div class=\"elementor-element elementor-element-458cb7b elementor-widget elementor-widget-text-editor\" data-id=\"458cb7b\" data-element_type=\"widget\" data-widget_type=\"text-editor.default\">\n\t\t\t\t<div class=\"elementor-widget-container\">\n\t\t\t\t\t\t\t\t\t<p>T-shirts<\/p>\t\t\t\t\t\t\t\t<\/div>\n\t\t\t\t<\/div>\n\t\t\t\t<\/div>\n\t\t<div class=\"elementor-element elementor-element-3ca957d e-con-full e-flex e-con e-child\" data-id=\"3ca957d\" data-element_type=\"container\">\n\t\t\t\t<div class=\"elementor-element elementor-element-c43bf37 elementor-widget elementor-widget-image\" data-id=\"c43bf37\" data-element_type=\"widget\" data-widget_type=\"image.default\">\n\t\t\t\t<div class=\"elementor-widget-container\">\n\t\t\t\t\t\t\t\t\t\t\t\t\t\t\t\t<a href=\"https:\/\/sportmerchandise.hu\/en\/ujpest-fc\/ujpest-fc-hoodies-and-sweatshirts\/\">\n\t\t\t\t\t\t\t<img decoding=\"async\" width=\"896\" height=\"1000\" src=\"https:\/\/sportmerchandise.hu\/wp-content\/uploads\/2024\/01\/sportmerchandise-ruhazat-pulover.webp\" class=\"attachment-full size-full wp-image-3014\" alt=\"\" srcset=\"https:\/\/sportmerchandise.hu\/wp-content\/uploads\/2024\/01\/sportmerchandise-ruhazat-pulover.webp 896w, https:\/\/sportmerchandise.hu\/wp-content\/uploads\/2024\/01\/sportmerchandise-ruhazat-pulover-269x300.webp 269w, https:\/\/sportmerchandise.hu\/wp-content\/uploads\/2024\/01\/sportmerchandise-ruhazat-pulover-768x857.webp 768w\" sizes=\"(max-width: 896px) 100vw, 896px\" \/>\t\t\t\t\t\t\t\t<\/a>\n\t\t\t\t\t\t\t\t\t\t\t\t\t\t\t<\/div>\n\t\t\t\t<\/div>\n\t\t\t\t<div class=\"elementor-element elementor-element-d8f9624 elementor-widget elementor-widget-text-editor\" data-id=\"d8f9624\" data-element_type=\"widget\" data-widget_type=\"text-editor.default\">\n\t\t\t\t<div class=\"elementor-widget-container\">\n\t\t\t\t\t\t\t\t\t<p>Hoodies and Sweatshirts<\/p>\t\t\t\t\t\t\t\t<\/div>\n\t\t\t\t<\/div>\n\t\t\t\t<\/div>\n\t\t\t\t\t<\/div>\n\t\t\t\t<\/div>\n\t\t<div class=\"elementor-element elementor-element-cbf88d4 e-flex e-con-boxed e-con e-parent\" data-id=\"cbf88d4\" data-element_type=\"container\">\n\t\t\t\t\t<div class=\"e-con-inner\">\n\t\t<div class=\"elementor-element elementor-element-fd08070 e-con-full e-flex e-con e-child\" data-id=\"fd08070\" data-element_type=\"container\">\n\t\t\t\t<div class=\"elementor-element elementor-element-3394fe0 elementor-widget elementor-widget-image\" data-id=\"3394fe0\" data-element_type=\"widget\" data-widget_type=\"image.default\">\n\t\t\t\t<div class=\"elementor-widget-container\">\n\t\t\t\t\t\t\t\t\t\t\t\t\t\t\t\t<a href=\"https:\/\/sportmerchandise.hu\/en\/ujpest-fc\/ujpest-fc-kids-and-baby-appeal\/\">\n\t\t\t\t\t\t\t<img decoding=\"async\" width=\"896\" height=\"1000\" src=\"https:\/\/sportmerchandise.hu\/wp-content\/uploads\/2024\/01\/sportmerchandise-babatermekek-melegitoszett.webp\" class=\"attachment-full size-full wp-image-3008\" alt=\"\" srcset=\"https:\/\/sportmerchandise.hu\/wp-content\/uploads\/2024\/01\/sportmerchandise-babatermekek-melegitoszett.webp 896w, https:\/\/sportmerchandise.hu\/wp-content\/uploads\/2024\/01\/sportmerchandise-babatermekek-melegitoszett-269x300.webp 269w, https:\/\/sportmerchandise.hu\/wp-content\/uploads\/2024\/01\/sportmerchandise-babatermekek-melegitoszett-768x857.webp 768w\" sizes=\"(max-width: 896px) 100vw, 896px\" \/>\t\t\t\t\t\t\t\t<\/a>\n\t\t\t\t\t\t\t\t\t\t\t\t\t\t\t<\/div>\n\t\t\t\t<\/div>\n\t\t\t\t<div class=\"elementor-element elementor-element-51f4353 elementor-widget elementor-widget-text-editor\" data-id=\"51f4353\" data-element_type=\"widget\" data-widget_type=\"text-editor.default\">\n\t\t\t\t<div class=\"elementor-widget-container\">\n\t\t\t\t\t\t\t\t\t<p>Kid's and baby apparel<\/p>\t\t\t\t\t\t\t\t<\/div>\n\t\t\t\t<\/div>\n\t\t\t\t<\/div>\n\t\t<div class=\"elementor-element elementor-element-0351bcc e-con-full e-flex e-con e-child\" data-id=\"0351bcc\" data-element_type=\"container\">\n\t\t\t\t<div class=\"elementor-element elementor-element-cce8d13 elementor-widget elementor-widget-image\" data-id=\"cce8d13\" data-element_type=\"widget\" data-widget_type=\"image.default\">\n\t\t\t\t<div class=\"elementor-widget-container\">\n\t\t\t\t\t\t\t\t\t\t\t\t\t\t\t\t<a href=\"https:\/\/sportmerchandise.hu\/en\/ujpest-fc\/ujpest-fc-caps-and-beanies\/\">\n\t\t\t\t\t\t\t<img loading=\"lazy\" decoding=\"async\" width=\"896\" height=\"1000\" src=\"https:\/\/sportmerchandise.hu\/wp-content\/uploads\/2025\/11\/Ujpest-140-baseball-sapka-feher-01.webp\" class=\"attachment-full size-full wp-image-8250\" alt=\"\" srcset=\"https:\/\/sportmerchandise.hu\/wp-content\/uploads\/2025\/11\/Ujpest-140-baseball-sapka-feher-01.webp 896w, https:\/\/sportmerchandise.hu\/wp-content\/uploads\/2025\/11\/Ujpest-140-baseball-sapka-feher-01-269x300.webp 269w, https:\/\/sportmerchandise.hu\/wp-content\/uploads\/2025\/11\/Ujpest-140-baseball-sapka-feher-01-768x857.webp 768w, https:\/\/sportmerchandise.hu\/wp-content\/uploads\/2025\/11\/Ujpest-140-baseball-sapka-feher-01-11x12.webp 11w\" sizes=\"(max-width: 896px) 100vw, 896px\" \/>\t\t\t\t\t\t\t\t<\/a>\n\t\t\t\t\t\t\t\t\t\t\t\t\t\t\t<\/div>\n\t\t\t\t<\/div>\n\t\t\t\t<div class=\"elementor-element elementor-element-5c12632 elementor-widget elementor-widget-text-editor\" data-id=\"5c12632\" data-element_type=\"widget\" data-widget_type=\"text-editor.default\">\n\t\t\t\t<div class=\"elementor-widget-container\">\n\t\t\t\t\t\t\t\t\t<p>Caps and beanies<\/p>\t\t\t\t\t\t\t\t<\/div>\n\t\t\t\t<\/div>\n\t\t\t\t<\/div>\n\t\t\t\t\t<\/div>\n\t\t\t\t<\/div>\n\t\t<div class=\"elementor-element elementor-element-37a7eb2 e-flex e-con-boxed e-con e-parent\" data-id=\"37a7eb2\" data-element_type=\"container\">\n\t\t\t\t\t<div class=\"e-con-inner\">\n\t\t<div class=\"elementor-element elementor-element-cfe3360 e-con-full e-flex e-con e-child\" data-id=\"cfe3360\" data-element_type=\"container\">\n\t\t\t\t<div class=\"elementor-element elementor-element-abb6eaa elementor-widget elementor-widget-image\" data-id=\"abb6eaa\" data-element_type=\"widget\" data-widget_type=\"image.default\">\n\t\t\t\t<div class=\"elementor-widget-container\">\n\t\t\t\t\t\t\t\t\t\t\t\t\t\t\t\t<a href=\"https:\/\/sportmerchandise.hu\/en\/ujpest-fc\/ujpest-fc-bags\/\">\n\t\t\t\t\t\t\t<img loading=\"lazy\" decoding=\"async\" width=\"896\" height=\"1000\" src=\"https:\/\/sportmerchandise.hu\/wp-content\/uploads\/2024\/05\/sportmerchandise-iskolai-termek-taska-ujpest.webp\" class=\"attachment-full size-full wp-image-4082\" alt=\"\" srcset=\"https:\/\/sportmerchandise.hu\/wp-content\/uploads\/2024\/05\/sportmerchandise-iskolai-termek-taska-ujpest.webp 896w, https:\/\/sportmerchandise.hu\/wp-content\/uploads\/2024\/05\/sportmerchandise-iskolai-termek-taska-ujpest-269x300.webp 269w, https:\/\/sportmerchandise.hu\/wp-content\/uploads\/2024\/05\/sportmerchandise-iskolai-termek-taska-ujpest-768x857.webp 768w\" sizes=\"(max-width: 896px) 100vw, 896px\" \/>\t\t\t\t\t\t\t\t<\/a>\n\t\t\t\t\t\t\t\t\t\t\t\t\t\t\t<\/div>\n\t\t\t\t<\/div>\n\t\t\t\t<div class=\"elementor-element elementor-element-afbad99 elementor-widget elementor-widget-text-editor\" data-id=\"afbad99\" data-element_type=\"widget\" data-widget_type=\"text-editor.default\">\n\t\t\t\t<div class=\"elementor-widget-container\">\n\t\t\t\t\t\t\t\t\t<p>Bags<\/p>\t\t\t\t\t\t\t\t<\/div>\n\t\t\t\t<\/div>\n\t\t\t\t<\/div>\n\t\t<div class=\"elementor-element elementor-element-fc7511f e-con-full e-flex e-con e-child\" data-id=\"fc7511f\" data-element_type=\"container\">\n\t\t\t\t<div class=\"elementor-element elementor-element-83247ba elementor-widget elementor-widget-image\" data-id=\"83247ba\" data-element_type=\"widget\" data-widget_type=\"image.default\">\n\t\t\t\t<div class=\"elementor-widget-container\">\n\t\t\t\t\t\t\t\t\t\t\t\t\t\t\t\t<a href=\"https:\/\/sportmerchandise.hu\/en\/ujpest-fc\/ujpest-fc-fan-accessories\/\">\n\t\t\t\t\t\t\t<img loading=\"lazy\" decoding=\"async\" width=\"896\" height=\"1000\" src=\"https:\/\/sportmerchandise.hu\/wp-content\/uploads\/2025\/11\/UFCK00043_002.png\" class=\"attachment-full size-full wp-image-8313\" alt=\"\" srcset=\"https:\/\/sportmerchandise.hu\/wp-content\/uploads\/2025\/11\/UFCK00043_002.png 896w, https:\/\/sportmerchandise.hu\/wp-content\/uploads\/2025\/11\/UFCK00043_002-269x300.png 269w, https:\/\/sportmerchandise.hu\/wp-content\/uploads\/2025\/11\/UFCK00043_002-768x857.png 768w, https:\/\/sportmerchandise.hu\/wp-content\/uploads\/2025\/11\/UFCK00043_002-11x12.png 11w\" sizes=\"(max-width: 896px) 100vw, 896px\" \/>\t\t\t\t\t\t\t\t<\/a>\n\t\t\t\t\t\t\t\t\t\t\t\t\t\t\t<\/div>\n\t\t\t\t<\/div>\n\t\t\t\t<div class=\"elementor-element elementor-element-78ab960 elementor-widget elementor-widget-text-editor\" data-id=\"78ab960\" data-element_type=\"widget\" data-widget_type=\"text-editor.default\">\n\t\t\t\t<div class=\"elementor-widget-container\">\n\t\t\t\t\t\t\t\t\t<p>Fan accessories<\/p>\t\t\t\t\t\t\t\t<\/div>\n\t\t\t\t<\/div>\n\t\t\t\t<\/div>\n\t\t\t\t\t<\/div>\n\t\t\t\t<\/div>\n\t\t<div class=\"elementor-element elementor-element-f8abf47 e-flex e-con-boxed e-con e-parent\" data-id=\"f8abf47\" data-element_type=\"container\">\n\t\t\t\t\t<div class=\"e-con-inner\">\n\t\t<div class=\"elementor-element elementor-element-c65b2f1 e-con-full e-flex e-con e-child\" data-id=\"c65b2f1\" data-element_type=\"container\">\n\t\t\t\t<div class=\"elementor-element elementor-element-e77f957 elementor-widget elementor-widget-image\" data-id=\"e77f957\" data-element_type=\"widget\" data-widget_type=\"image.default\">\n\t\t\t\t<div class=\"elementor-widget-container\">\n\t\t\t\t\t\t\t\t\t\t\t\t\t\t\t\t<a href=\"https:\/\/sportmerchandise.hu\/en\/ujpest-fc\/ujpest-fc-gifts\/\">\n\t\t\t\t\t\t\t<img loading=\"lazy\" decoding=\"async\" width=\"896\" height=\"1000\" src=\"https:\/\/sportmerchandise.hu\/wp-content\/uploads\/2024\/05\/sportmerchandise-ajandektargy-hutomagnes-ujpest.webp\" class=\"attachment-full size-full wp-image-4081\" alt=\"\" srcset=\"https:\/\/sportmerchandise.hu\/wp-content\/uploads\/2024\/05\/sportmerchandise-ajandektargy-hutomagnes-ujpest.webp 896w, https:\/\/sportmerchandise.hu\/wp-content\/uploads\/2024\/05\/sportmerchandise-ajandektargy-hutomagnes-ujpest-269x300.webp 269w, https:\/\/sportmerchandise.hu\/wp-content\/uploads\/2024\/05\/sportmerchandise-ajandektargy-hutomagnes-ujpest-768x857.webp 768w\" sizes=\"(max-width: 896px) 100vw, 896px\" \/>\t\t\t\t\t\t\t\t<\/a>\n\t\t\t\t\t\t\t\t\t\t\t\t\t\t\t<\/div>\n\t\t\t\t<\/div>\n\t\t\t\t<div class=\"elementor-element elementor-element-e0fdd78 elementor-widget elementor-widget-text-editor\" data-id=\"e0fdd78\" data-element_type=\"widget\" data-widget_type=\"text-editor.default\">\n\t\t\t\t<div class=\"elementor-widget-container\">\n\t\t\t\t\t\t\t\t\t<p>Gifts<\/p>\t\t\t\t\t\t\t\t<\/div>\n\t\t\t\t<\/div>\n\t\t\t\t<\/div>\n\t\t<div class=\"elementor-element elementor-element-2208584 e-con-full e-flex e-con e-child\" data-id=\"2208584\" data-element_type=\"container\">\n\t\t\t\t<div class=\"elementor-element elementor-element-4144af0 elementor-widget elementor-widget-image\" data-id=\"4144af0\" data-element_type=\"widget\" data-widget_type=\"image.default\">\n\t\t\t\t<div class=\"elementor-widget-container\">\n\t\t\t\t\t\t\t\t\t\t\t\t\t\t\t\t<a href=\"https:\/\/sportmerchandise.hu\/en\/ujpest-fc\/ujpest-fc-christmas-products\/\">\n\t\t\t\t\t\t\t<img loading=\"lazy\" decoding=\"async\" width=\"896\" height=\"1000\" src=\"https:\/\/sportmerchandise.hu\/wp-content\/uploads\/2024\/01\/sportmerchandise-ruhazat-karacsonyipulover1.webp\" class=\"attachment-full size-full wp-image-3013\" alt=\"\" srcset=\"https:\/\/sportmerchandise.hu\/wp-content\/uploads\/2024\/01\/sportmerchandise-ruhazat-karacsonyipulover1.webp 896w, https:\/\/sportmerchandise.hu\/wp-content\/uploads\/2024\/01\/sportmerchandise-ruhazat-karacsonyipulover1-269x300.webp 269w, https:\/\/sportmerchandise.hu\/wp-content\/uploads\/2024\/01\/sportmerchandise-ruhazat-karacsonyipulover1-768x857.webp 768w\" sizes=\"(max-width: 896px) 100vw, 896px\" \/>\t\t\t\t\t\t\t\t<\/a>\n\t\t\t\t\t\t\t\t\t\t\t\t\t\t\t<\/div>\n\t\t\t\t<\/div>\n\t\t\t\t<div class=\"elementor-element elementor-element-da23f57 elementor-widget elementor-widget-text-editor\" data-id=\"da23f57\" data-element_type=\"widget\" data-widget_type=\"text-editor.default\">\n\t\t\t\t<div class=\"elementor-widget-container\">\n\t\t\t\t\t\t\t\t\t<p>Christmas products<\/p>\t\t\t\t\t\t\t\t<\/div>\n\t\t\t\t<\/div>\n\t\t\t\t<\/div>\n\t\t\t\t\t<\/div>\n\t\t\t\t<\/div>\n\t\t<div class=\"elementor-element elementor-element-b1fe098 e-flex e-con-boxed e-con e-parent\" data-id=\"b1fe098\" data-element_type=\"container\">\n\t\t\t\t\t<div class=\"e-con-inner\">\n\t\t<div class=\"elementor-element elementor-element-5eb50c8 e-con-full e-flex e-con e-child\" data-id=\"5eb50c8\" data-element_type=\"container\">\n\t\t\t\t<div class=\"elementor-element elementor-element-afe0728 elementor-widget elementor-widget-image\" data-id=\"afe0728\" data-element_type=\"widget\" data-widget_type=\"image.default\">\n\t\t\t\t<div class=\"elementor-widget-container\">\n\t\t\t\t\t\t\t\t\t\t\t\t\t\t\t\t<a href=\"https:\/\/sportmerchandise.hu\/en\/ujpest-fc\/ujpest-fc-school-supplies\/\">\n\t\t\t\t\t\t\t<img loading=\"lazy\" decoding=\"async\" width=\"896\" height=\"1000\" src=\"https:\/\/sportmerchandise.hu\/wp-content\/uploads\/2025\/11\/UFCA00026_001.webp\" class=\"attachment-full size-full wp-image-8121\" alt=\"\" srcset=\"https:\/\/sportmerchandise.hu\/wp-content\/uploads\/2025\/11\/UFCA00026_001.webp 896w, https:\/\/sportmerchandise.hu\/wp-content\/uploads\/2025\/11\/UFCA00026_001-269x300.webp 269w, https:\/\/sportmerchandise.hu\/wp-content\/uploads\/2025\/11\/UFCA00026_001-768x857.webp 768w, https:\/\/sportmerchandise.hu\/wp-content\/uploads\/2025\/11\/UFCA00026_001-11x12.webp 11w\" sizes=\"(max-width: 896px) 100vw, 896px\" \/>\t\t\t\t\t\t\t\t<\/a>\n\t\t\t\t\t\t\t\t\t\t\t\t\t\t\t<\/div>\n\t\t\t\t<\/div>\n\t\t\t\t<div class=\"elementor-element elementor-element-de3c6e5 elementor-widget elementor-widget-text-editor\" data-id=\"de3c6e5\" data-element_type=\"widget\" data-widget_type=\"text-editor.default\">\n\t\t\t\t<div class=\"elementor-widget-container\">\n\t\t\t\t\t\t\t\t\t<p>School Supplies<\/p>\t\t\t\t\t\t\t\t<\/div>\n\t\t\t\t<\/div>\n\t\t\t\t<\/div>\n\t\t<div class=\"elementor-element elementor-element-257980a e-con-full e-flex e-con e-child\" data-id=\"257980a\" data-element_type=\"container\">\n\t\t\t\t<\/div>\n\t\t\t\t\t<\/div>\n\t\t\t\t<\/div>\n\t\t\t\t<\/div>","protected":false},"excerpt":{"rendered":"<p>\u00dajpest FC Az \u00dajpest FC nem csup\u00e1n egy futballklub, a IV. ker\u00fclet legend\u00e1s egyes\u00fclete a magyar sport\u00e9let egyik sarokk\u00f6ve. M\u00e1sodik legr\u00e9gebben alap\u00edtott hazai sportegyes\u00fclet labdar\u00fag\u00f3csapatak\u00e9nt gazdag t\u00f6rt\u00e9nelemmel \u00e9s kiemelked\u0151 sikerekkel rendelkezik. Az \u00f6r\u00f6ks\u00e9g \u00e9s az eg\u00e9sz orsz\u00e1gra kiterjed\u0151, szenved\u00e9lyes szurkol\u00f3t\u00e1bor teszi az \u00dajpestet a magyar futball egyik legpatin\u00e1sabb \u00e9s legelismertebb klubj\u00e1v\u00e1. A 2022 janu\u00e1rj\u00e1ban indult [&hellip;]<\/p>","protected":false},"author":1,"featured_media":0,"parent":0,"menu_order":0,"comment_status":"closed","ping_status":"closed","template":"elementor_header_footer","meta":{"footnotes":""},"class_list":["post-5334","page","type-page","status-publish","hentry"],"_links":{"self":[{"href":"https:\/\/sportmerchandise.hu\/en\/wp-json\/wp\/v2\/pages\/5334","targetHints":{"allow":["GET"]}}],"collection":[{"href":"https:\/\/sportmerchandise.hu\/en\/wp-json\/wp\/v2\/pages"}],"about":[{"href":"https:\/\/sportmerchandise.hu\/en\/wp-json\/wp\/v2\/types\/page"}],"author":[{"embeddable":true,"href":"https:\/\/sportmerchandise.hu\/en\/wp-json\/wp\/v2\/users\/1"}],"replies":[{"embeddable":true,"href":"https:\/\/sportmerchandise.hu\/en\/wp-json\/wp\/v2\/comments?post=5334"}],"version-history":[{"count":28,"href":"https:\/\/sportmerchandise.hu\/en\/wp-json\/wp\/v2\/pages\/5334\/revisions"}],"predecessor-version":[{"id":10846,"href":"https:\/\/sportmerchandise.hu\/en\/wp-json\/wp\/v2\/pages\/5334\/revisions\/10846"}],"wp:attachment":[{"href":"https:\/\/sportmerchandise.hu\/en\/wp-json\/wp\/v2\/media?parent=5334"}],"curies":[{"name":"wp","href":"https:\/\/api.w.org\/{rel}","templated":true}]}}