{"id":5310,"date":"2025-10-21T09:49:00","date_gmt":"2025-10-21T09:49:00","guid":{"rendered":"https:\/\/sportmerchandise.hu\/?page_id=5310"},"modified":"2025-11-18T08:11:17","modified_gmt":"2025-11-18T08:11:17","slug":"nyiregyhaza-spartacus-fc","status":"publish","type":"page","link":"https:\/\/sportmerchandise.hu\/en\/nyiregyhaza-spartacus-fc\/","title":{"rendered":"Ny\u00edregyh\u00e1za Spartacus Fc"},"content":{"rendered":"<div data-elementor-type=\"wp-page\" data-elementor-id=\"5310\" class=\"elementor elementor-5310\" data-elementor-post-type=\"page\">\n\t\t\t\t\t\t<section class=\"elementor-section elementor-top-section elementor-element elementor-element-78e1d0d elementor-section-height-min-height elementor-section-boxed elementor-section-height-default elementor-section-items-middle\" data-id=\"78e1d0d\" data-element_type=\"section\" data-settings=\"{&quot;background_background&quot;:&quot;classic&quot;}\">\n\t\t\t\t\t\t\t<div class=\"elementor-background-overlay\"><\/div>\n\t\t\t\t\t\t\t<div class=\"elementor-container elementor-column-gap-default\">\n\t\t\t\t\t<div class=\"elementor-column elementor-col-100 elementor-top-column elementor-element elementor-element-36f08c4 elementor-invisible\" data-id=\"36f08c4\" data-element_type=\"column\" data-settings=\"{&quot;animation&quot;:&quot;fadeInLeft&quot;}\">\n\t\t\t<div class=\"elementor-widget-wrap elementor-element-populated\">\n\t\t\t\t\t\t<div class=\"elementor-element elementor-element-2735eed elementor-widget elementor-widget-heading\" data-id=\"2735eed\" data-element_type=\"widget\" data-widget_type=\"heading.default\">\n\t\t\t\t<div class=\"elementor-widget-container\">\n\t\t\t\t\t<h2 class=\"elementor-heading-title elementor-size-default\">Ny\u00edregyh\u00e1za <br> Spartacus Fc<\/h2>\t\t\t\t<\/div>\n\t\t\t\t<\/div>\n\t\t\t\t<div class=\"elementor-element elementor-element-2c13147 elementor-widget-divider--view-line elementor-widget elementor-widget-divider\" data-id=\"2c13147\" data-element_type=\"widget\" data-widget_type=\"divider.default\">\n\t\t\t\t<div class=\"elementor-widget-container\">\n\t\t\t\t\t\t\t<div class=\"elementor-divider\">\n\t\t\t<span class=\"elementor-divider-separator\">\n\t\t\t\t\t\t<\/span>\n\t\t<\/div>\n\t\t\t\t\t\t<\/div>\n\t\t\t\t<\/div>\n\t\t\t\t\t<\/div>\n\t\t<\/div>\n\t\t\t\t\t<\/div>\n\t\t<\/section>\n\t\t\t\t<section class=\"elementor-section elementor-top-section elementor-element elementor-element-e89fb11 elementor-section-boxed elementor-section-height-default elementor-section-height-default\" data-id=\"e89fb11\" data-element_type=\"section\">\n\t\t\t\t\t\t<div class=\"elementor-container elementor-column-gap-default\">\n\t\t\t\t\t<div class=\"elementor-column elementor-col-100 elementor-top-column elementor-element elementor-element-f67e13d\" data-id=\"f67e13d\" data-element_type=\"column\">\n\t\t\t<div class=\"elementor-widget-wrap elementor-element-populated\">\n\t\t\t\t\t\t<div class=\"elementor-element elementor-element-c577e58 elementor-widget elementor-widget-heading\" data-id=\"c577e58\" data-element_type=\"widget\" data-widget_type=\"heading.default\">\n\t\t\t\t<div class=\"elementor-widget-container\">\n\t\t\t\t\t<h2 class=\"elementor-heading-title elementor-size-default\">Ny\u00edregyh\u00e1za Spartacus FC is a football club with great traditions, founded in 1928. <\/h2>\t\t\t\t<\/div>\n\t\t\t\t<\/div>\n\t\t\t\t<div class=\"elementor-element elementor-element-a682f32 elementor-widget elementor-widget-text-editor\" data-id=\"a682f32\" data-element_type=\"widget\" data-widget_type=\"text-editor.default\">\n\t\t\t\t<div class=\"elementor-widget-container\">\n\t\t\t\t\t\t\t\t\t<p>Throughout its history, the club has spent 13 seasons in the top level of the Hungarian Football Championship, which clearly demonstrates the team's perseverance.<\/p><p><br \/>During the collaboration beginning in 2025, we will provide full-scope professional support to Ny\u00edregyh\u00e1za Spartacus FC regarding their fan merchandise.<\/p><p>The partnership includes the preparation of product development proposals related to the collections, the graphic design of the products, and the entire product manufacturing process.<\/p>\t\t\t\t\t\t\t\t<\/div>\n\t\t\t\t<\/div>\n\t\t\t\t\t<\/div>\n\t\t<\/div>\n\t\t\t\t\t<\/div>\n\t\t<\/section>\n\t\t<div class=\"elementor-element elementor-element-e521768 e-flex e-con-boxed e-con e-parent\" data-id=\"e521768\" data-element_type=\"container\">\n\t\t\t\t\t<div class=\"e-con-inner\">\n\t\t<div class=\"elementor-element elementor-element-78294b3 e-con-full e-flex e-con e-child\" data-id=\"78294b3\" data-element_type=\"container\">\n\t\t\t\t<div class=\"elementor-element elementor-element-39b77f4 elementor-widget elementor-widget-image\" data-id=\"39b77f4\" data-element_type=\"widget\" data-widget_type=\"image.default\">\n\t\t\t\t<div class=\"elementor-widget-container\">\n\t\t\t\t\t\t\t\t\t\t\t\t\t\t\t\t<a href=\"https:\/\/sportmerchandise.hu\/en\/nyiregyhaza-spartacus-fc\/szpari-caps-and-beanies\/\">\n\t\t\t\t\t\t\t<img fetchpriority=\"high\" decoding=\"async\" width=\"896\" height=\"1000\" src=\"https:\/\/sportmerchandise.hu\/wp-content\/uploads\/2025\/11\/Szpari-kotott-sapka-01.png\" class=\"attachment-full size-full wp-image-9041\" alt=\"\" srcset=\"https:\/\/sportmerchandise.hu\/wp-content\/uploads\/2025\/11\/Szpari-kotott-sapka-01.png 896w, https:\/\/sportmerchandise.hu\/wp-content\/uploads\/2025\/11\/Szpari-kotott-sapka-01-269x300.png 269w, https:\/\/sportmerchandise.hu\/wp-content\/uploads\/2025\/11\/Szpari-kotott-sapka-01-768x857.png 768w, https:\/\/sportmerchandise.hu\/wp-content\/uploads\/2025\/11\/Szpari-kotott-sapka-01-11x12.png 11w\" sizes=\"(max-width: 896px) 100vw, 896px\" \/>\t\t\t\t\t\t\t\t<\/a>\n\t\t\t\t\t\t\t\t\t\t\t\t\t\t\t<\/div>\n\t\t\t\t<\/div>\n\t\t\t\t<div class=\"elementor-element elementor-element-5596142 elementor-widget elementor-widget-text-editor\" data-id=\"5596142\" data-element_type=\"widget\" data-widget_type=\"text-editor.default\">\n\t\t\t\t<div class=\"elementor-widget-container\">\n\t\t\t\t\t\t\t\t\t<p>Caps and beanies<\/p>\t\t\t\t\t\t\t\t<\/div>\n\t\t\t\t<\/div>\n\t\t\t\t<\/div>\n\t\t<div class=\"elementor-element elementor-element-77c00a3 e-con-full e-flex e-con e-child\" data-id=\"77c00a3\" data-element_type=\"container\">\n\t\t\t\t<div class=\"elementor-element elementor-element-d495d3e elementor-widget elementor-widget-image\" data-id=\"d495d3e\" data-element_type=\"widget\" data-widget_type=\"image.default\">\n\t\t\t\t<div class=\"elementor-widget-container\">\n\t\t\t\t\t\t\t\t\t\t\t\t\t\t\t\t<a href=\"https:\/\/sportmerchandise.hu\/en\/nyiregyhaza-spartacus-fc\/szpari-scarves\/\">\n\t\t\t\t\t\t\t<img decoding=\"async\" width=\"896\" height=\"1000\" src=\"https:\/\/sportmerchandise.hu\/wp-content\/uploads\/2025\/11\/Szpari-kotott-sal-02.png\" class=\"attachment-full size-full wp-image-9042\" alt=\"\" srcset=\"https:\/\/sportmerchandise.hu\/wp-content\/uploads\/2025\/11\/Szpari-kotott-sal-02.png 896w, https:\/\/sportmerchandise.hu\/wp-content\/uploads\/2025\/11\/Szpari-kotott-sal-02-269x300.png 269w, https:\/\/sportmerchandise.hu\/wp-content\/uploads\/2025\/11\/Szpari-kotott-sal-02-768x857.png 768w, https:\/\/sportmerchandise.hu\/wp-content\/uploads\/2025\/11\/Szpari-kotott-sal-02-11x12.png 11w\" sizes=\"(max-width: 896px) 100vw, 896px\" \/>\t\t\t\t\t\t\t\t<\/a>\n\t\t\t\t\t\t\t\t\t\t\t\t\t\t\t<\/div>\n\t\t\t\t<\/div>\n\t\t\t\t<div class=\"elementor-element elementor-element-c03568c elementor-widget elementor-widget-text-editor\" data-id=\"c03568c\" data-element_type=\"widget\" data-widget_type=\"text-editor.default\">\n\t\t\t\t<div class=\"elementor-widget-container\">\n\t\t\t\t\t\t\t\t\t<p>Scarves<\/p>\t\t\t\t\t\t\t\t<\/div>\n\t\t\t\t<\/div>\n\t\t\t\t<\/div>\n\t\t\t\t\t<\/div>\n\t\t\t\t<\/div>\n\t\t<div class=\"elementor-element elementor-element-62b4a39 e-flex e-con-boxed e-con e-parent\" data-id=\"62b4a39\" data-element_type=\"container\">\n\t\t\t\t\t<div class=\"e-con-inner\">\n\t\t<div class=\"elementor-element elementor-element-68ed13a e-con-full e-flex e-con e-child\" data-id=\"68ed13a\" data-element_type=\"container\">\n\t\t\t\t<div class=\"elementor-element elementor-element-ec7b13c elementor-widget elementor-widget-image\" data-id=\"ec7b13c\" data-element_type=\"widget\" data-widget_type=\"image.default\">\n\t\t\t\t<div class=\"elementor-widget-container\">\n\t\t\t\t\t\t\t\t\t\t\t\t\t\t\t\t<a href=\"https:\/\/sportmerchandise.hu\/en\/nyiregyhaza-spartacus-fc\/szpari-gifts\/\">\n\t\t\t\t\t\t\t<img decoding=\"async\" width=\"896\" height=\"1000\" src=\"https:\/\/sportmerchandise.hu\/wp-content\/uploads\/2025\/11\/Szpari-kulacs-01.png\" class=\"attachment-full size-full wp-image-9039\" alt=\"\" srcset=\"https:\/\/sportmerchandise.hu\/wp-content\/uploads\/2025\/11\/Szpari-kulacs-01.png 896w, https:\/\/sportmerchandise.hu\/wp-content\/uploads\/2025\/11\/Szpari-kulacs-01-269x300.png 269w, https:\/\/sportmerchandise.hu\/wp-content\/uploads\/2025\/11\/Szpari-kulacs-01-768x857.png 768w, https:\/\/sportmerchandise.hu\/wp-content\/uploads\/2025\/11\/Szpari-kulacs-01-11x12.png 11w\" sizes=\"(max-width: 896px) 100vw, 896px\" \/>\t\t\t\t\t\t\t\t<\/a>\n\t\t\t\t\t\t\t\t\t\t\t\t\t\t\t<\/div>\n\t\t\t\t<\/div>\n\t\t\t\t<div class=\"elementor-element elementor-element-cb3ece9 elementor-widget elementor-widget-text-editor\" data-id=\"cb3ece9\" data-element_type=\"widget\" data-widget_type=\"text-editor.default\">\n\t\t\t\t<div class=\"elementor-widget-container\">\n\t\t\t\t\t\t\t\t\t<p>Gifts<\/p>\t\t\t\t\t\t\t\t<\/div>\n\t\t\t\t<\/div>\n\t\t\t\t<\/div>\n\t\t<div class=\"elementor-element elementor-element-e9d48d9 e-con-full e-flex e-con e-child\" data-id=\"e9d48d9\" data-element_type=\"container\">\n\t\t\t\t<\/div>\n\t\t\t\t\t<\/div>\n\t\t\t\t<\/div>\n\t\t\t\t<\/div>","protected":false},"excerpt":{"rendered":"<p>Ny\u00edregyh\u00e1za Spartacus Fc A Ny\u00edregyh\u00e1za Spartacus FC egy nagy hagyom\u00e1nyokkal rendelkez\u0151, 1928-ban alakult labdar\u00fag\u00f3csapat. A klub fenn\u00e1ll\u00e1sa sor\u00e1n eddig 13 szezont t\u00f6lt\u00f6tt a magyar labdar\u00fag\u00f3-bajnoks\u00e1g els\u0151 oszt\u00e1ly\u00e1ban, ami j\u00f3l mutatja a csapat kitart\u00e1s\u00e1t. A 2025-ben kezd\u0151d\u0151 egy\u00fcttm\u0171k\u00f6d\u00e9s sor\u00e1n teljes k\u00f6r\u0171 szakmai t\u00e1mogat\u00e1st ny\u00fajtunk a Ny\u00edregyh\u00e1za Spartacus FC-nek szurkol\u00f3i term\u00e9keik vonatkoz\u00e1s\u00e1ban. A partners\u00e9g mag\u00e1ban foglalja a [&hellip;]<\/p>","protected":false},"author":1,"featured_media":0,"parent":0,"menu_order":0,"comment_status":"closed","ping_status":"closed","template":"elementor_header_footer","meta":{"footnotes":""},"class_list":["post-5310","page","type-page","status-publish","hentry"],"_links":{"self":[{"href":"https:\/\/sportmerchandise.hu\/en\/wp-json\/wp\/v2\/pages\/5310","targetHints":{"allow":["GET"]}}],"collection":[{"href":"https:\/\/sportmerchandise.hu\/en\/wp-json\/wp\/v2\/pages"}],"about":[{"href":"https:\/\/sportmerchandise.hu\/en\/wp-json\/wp\/v2\/types\/page"}],"author":[{"embeddable":true,"href":"https:\/\/sportmerchandise.hu\/en\/wp-json\/wp\/v2\/users\/1"}],"replies":[{"embeddable":true,"href":"https:\/\/sportmerchandise.hu\/en\/wp-json\/wp\/v2\/comments?post=5310"}],"version-history":[{"count":19,"href":"https:\/\/sportmerchandise.hu\/en\/wp-json\/wp\/v2\/pages\/5310\/revisions"}],"predecessor-version":[{"id":10649,"href":"https:\/\/sportmerchandise.hu\/en\/wp-json\/wp\/v2\/pages\/5310\/revisions\/10649"}],"wp:attachment":[{"href":"https:\/\/sportmerchandise.hu\/en\/wp-json\/wp\/v2\/media?parent=5310"}],"curies":[{"name":"wp","href":"https:\/\/api.w.org\/{rel}","templated":true}]}}