{"id":5302,"date":"2025-10-21T09:45:19","date_gmt":"2025-10-21T09:45:19","guid":{"rendered":"https:\/\/sportmerchandise.hu\/?page_id=5302"},"modified":"2025-11-18T08:09:28","modified_gmt":"2025-11-18T08:09:28","slug":"hungarian-football-federation","status":"publish","type":"page","link":"https:\/\/sportmerchandise.hu\/en\/hungarian-football-federation\/","title":{"rendered":"HUNGARIAN FOOTBALL FEDERATION (MLSZ)"},"content":{"rendered":"<div data-elementor-type=\"wp-page\" data-elementor-id=\"5302\" class=\"elementor elementor-5302\" data-elementor-post-type=\"page\">\n\t\t\t\t\t\t<section class=\"elementor-section elementor-top-section elementor-element elementor-element-a80493f elementor-section-height-min-height elementor-section-boxed elementor-section-height-default elementor-section-items-middle\" data-id=\"a80493f\" data-element_type=\"section\" data-settings=\"{&quot;background_background&quot;:&quot;classic&quot;}\">\n\t\t\t\t\t\t\t<div class=\"elementor-background-overlay\"><\/div>\n\t\t\t\t\t\t\t<div class=\"elementor-container elementor-column-gap-default\">\n\t\t\t\t\t<div class=\"elementor-column elementor-col-100 elementor-top-column elementor-element elementor-element-c81b3f3 elementor-invisible\" data-id=\"c81b3f3\" data-element_type=\"column\" data-settings=\"{&quot;animation&quot;:&quot;fadeInLeft&quot;}\">\n\t\t\t<div class=\"elementor-widget-wrap elementor-element-populated\">\n\t\t\t\t\t\t<div class=\"elementor-element elementor-element-ee31071 elementor-widget elementor-widget-heading\" data-id=\"ee31071\" data-element_type=\"widget\" data-widget_type=\"heading.default\">\n\t\t\t\t<div class=\"elementor-widget-container\">\n\t\t\t\t\t<h2 class=\"elementor-heading-title elementor-size-default\">HUNGARIAN  <br> FOOTBALL <br> FEDERATION (MLSZ)<\/h2>\t\t\t\t<\/div>\n\t\t\t\t<\/div>\n\t\t\t\t<div class=\"elementor-element elementor-element-287e481 elementor-widget-divider--view-line elementor-widget elementor-widget-divider\" data-id=\"287e481\" data-element_type=\"widget\" data-widget_type=\"divider.default\">\n\t\t\t\t<div class=\"elementor-widget-container\">\n\t\t\t\t\t\t\t<div class=\"elementor-divider\">\n\t\t\t<span class=\"elementor-divider-separator\">\n\t\t\t\t\t\t<\/span>\n\t\t<\/div>\n\t\t\t\t\t\t<\/div>\n\t\t\t\t<\/div>\n\t\t\t\t\t<\/div>\n\t\t<\/div>\n\t\t\t\t\t<\/div>\n\t\t<\/section>\n\t\t\t\t<section class=\"elementor-section elementor-top-section elementor-element elementor-element-89c7c2c elementor-section-boxed elementor-section-height-default elementor-section-height-default\" data-id=\"89c7c2c\" data-element_type=\"section\">\n\t\t\t\t\t\t<div class=\"elementor-container elementor-column-gap-default\">\n\t\t\t\t\t<div class=\"elementor-column elementor-col-100 elementor-top-column elementor-element elementor-element-69ed552\" data-id=\"69ed552\" data-element_type=\"column\">\n\t\t\t<div class=\"elementor-widget-wrap elementor-element-populated\">\n\t\t\t\t\t\t<div class=\"elementor-element elementor-element-389ac64 elementor-widget elementor-widget-heading\" data-id=\"389ac64\" data-element_type=\"widget\" data-widget_type=\"heading.default\">\n\t\t\t\t<div class=\"elementor-widget-container\">\n\t\t\t\t\t<h2 class=\"elementor-heading-title elementor-size-default\">The Hungarian Football Federation is the supreme sports organisation of Hungarian football. <\/h2>\t\t\t\t<\/div>\n\t\t\t\t<\/div>\n\t\t\t\t<div class=\"elementor-element elementor-element-7f84625 elementor-widget elementor-widget-text-editor\" data-id=\"7f84625\" data-element_type=\"widget\" data-widget_type=\"text-editor.default\">\n\t\t\t\t<div class=\"elementor-widget-container\">\n\t\t\t\t\t\t\t\t\t<p>We are proud of the Golden Team era of the Hungarian National Football Team, which remains vividly alive in sports history. The team is not only a three-time Olympic Champion but also the owner of two World Cup silver medals and one European Championship bronze medal. The team's highest-scoring icon to this day is the world-renowned Ferenc Pusk\u00e1s.<\/p><p>Through the collaboration that began in July 2022, we support the MLSZ in representing the national team with dignified, professional fan products.<\/p><p>Our services cover the entire product lifecycle. We start our work by developing product development proposals related to future collections. Following this, we carry out the graphic design of the products, and then we also manage the full scope of high-quality product manufacturing for the Federation.<\/p>\t\t\t\t\t\t\t\t<\/div>\n\t\t\t\t<\/div>\n\t\t\t\t\t<\/div>\n\t\t<\/div>\n\t\t\t\t\t<\/div>\n\t\t<\/section>\n\t\t<div class=\"elementor-element elementor-element-190b95c e-flex e-con-boxed e-con e-parent\" data-id=\"190b95c\" data-element_type=\"container\">\n\t\t\t\t\t<div class=\"e-con-inner\">\n\t\t<div class=\"elementor-element elementor-element-4f31291 e-con-full e-flex e-con e-child\" data-id=\"4f31291\" data-element_type=\"container\">\n\t\t\t\t<div class=\"elementor-element elementor-element-882d93b elementor-widget elementor-widget-image\" data-id=\"882d93b\" data-element_type=\"widget\" data-widget_type=\"image.default\">\n\t\t\t\t<div class=\"elementor-widget-container\">\n\t\t\t\t\t\t\t\t\t\t\t\t\t\t\t\t<a href=\"https:\/\/sportmerchandise.hu\/en\/hungarian-football-federation\/mlsz-clothing\/\">\n\t\t\t\t\t\t\t<img fetchpriority=\"high\" decoding=\"async\" width=\"896\" height=\"1000\" src=\"https:\/\/sportmerchandise.hu\/wp-content\/uploads\/2024\/05\/sportmerchandise-ruhazat-polo-feher-galleros-mlsz.webp\" class=\"attachment-full size-full wp-image-4097\" alt=\"\" srcset=\"https:\/\/sportmerchandise.hu\/wp-content\/uploads\/2024\/05\/sportmerchandise-ruhazat-polo-feher-galleros-mlsz.webp 896w, https:\/\/sportmerchandise.hu\/wp-content\/uploads\/2024\/05\/sportmerchandise-ruhazat-polo-feher-galleros-mlsz-269x300.webp 269w, https:\/\/sportmerchandise.hu\/wp-content\/uploads\/2024\/05\/sportmerchandise-ruhazat-polo-feher-galleros-mlsz-768x857.webp 768w\" sizes=\"(max-width: 896px) 100vw, 896px\" \/>\t\t\t\t\t\t\t\t<\/a>\n\t\t\t\t\t\t\t\t\t\t\t\t\t\t\t<\/div>\n\t\t\t\t<\/div>\n\t\t\t\t<div class=\"elementor-element elementor-element-7bf6c57 elementor-widget elementor-widget-text-editor\" data-id=\"7bf6c57\" data-element_type=\"widget\" data-widget_type=\"text-editor.default\">\n\t\t\t\t<div class=\"elementor-widget-container\">\n\t\t\t\t\t\t\t\t\t<p>Clothing<\/p>\t\t\t\t\t\t\t\t<\/div>\n\t\t\t\t<\/div>\n\t\t\t\t<\/div>\n\t\t<div class=\"elementor-element elementor-element-e2d1622 e-con-full e-flex e-con e-child\" data-id=\"e2d1622\" data-element_type=\"container\">\n\t\t\t\t<div class=\"elementor-element elementor-element-e06a2af elementor-widget elementor-widget-image\" data-id=\"e06a2af\" data-element_type=\"widget\" data-widget_type=\"image.default\">\n\t\t\t\t<div class=\"elementor-widget-container\">\n\t\t\t\t\t\t\t\t\t\t\t\t\t\t\t\t<a href=\"https:\/\/sportmerchandise.hu\/en\/hungarian-football-federation\/mlsz-caps-and-beanies\/\">\n\t\t\t\t\t\t\t<img decoding=\"async\" width=\"896\" height=\"1000\" src=\"https:\/\/sportmerchandise.hu\/wp-content\/uploads\/2024\/05\/sportmerchandise-kotott-sapka-piros-mlsz.webp\" class=\"attachment-full size-full wp-image-4096\" alt=\"\" srcset=\"https:\/\/sportmerchandise.hu\/wp-content\/uploads\/2024\/05\/sportmerchandise-kotott-sapka-piros-mlsz.webp 896w, https:\/\/sportmerchandise.hu\/wp-content\/uploads\/2024\/05\/sportmerchandise-kotott-sapka-piros-mlsz-269x300.webp 269w, https:\/\/sportmerchandise.hu\/wp-content\/uploads\/2024\/05\/sportmerchandise-kotott-sapka-piros-mlsz-768x857.webp 768w\" sizes=\"(max-width: 896px) 100vw, 896px\" \/>\t\t\t\t\t\t\t\t<\/a>\n\t\t\t\t\t\t\t\t\t\t\t\t\t\t\t<\/div>\n\t\t\t\t<\/div>\n\t\t\t\t<div class=\"elementor-element elementor-element-da6c6db elementor-widget elementor-widget-text-editor\" data-id=\"da6c6db\" data-element_type=\"widget\" data-widget_type=\"text-editor.default\">\n\t\t\t\t<div class=\"elementor-widget-container\">\n\t\t\t\t\t\t\t\t\t<p>Caps and beanies<\/p>\t\t\t\t\t\t\t\t<\/div>\n\t\t\t\t<\/div>\n\t\t\t\t<\/div>\n\t\t\t\t\t<\/div>\n\t\t\t\t<\/div>\n\t\t<div class=\"elementor-element elementor-element-db79fb1 e-flex e-con-boxed e-con e-parent\" data-id=\"db79fb1\" data-element_type=\"container\">\n\t\t\t\t\t<div class=\"e-con-inner\">\n\t\t<div class=\"elementor-element elementor-element-5023340 e-con-full e-flex e-con e-child\" data-id=\"5023340\" data-element_type=\"container\">\n\t\t\t\t<div class=\"elementor-element elementor-element-b258de7 elementor-widget elementor-widget-image\" data-id=\"b258de7\" data-element_type=\"widget\" data-widget_type=\"image.default\">\n\t\t\t\t<div class=\"elementor-widget-container\">\n\t\t\t\t\t\t\t\t\t\t\t\t\t\t\t\t<a href=\"https:\/\/sportmerchandise.hu\/en\/hungarian-football-federation\/mlsz-school-supplies\/\">\n\t\t\t\t\t\t\t<img decoding=\"async\" width=\"712\" height=\"712\" src=\"https:\/\/sportmerchandise.hu\/wp-content\/uploads\/2024\/03\/sportmerchandise-iskolai-termekek-tolltarto-mlsz.webp\" class=\"attachment-full size-full wp-image-3639\" alt=\"\" srcset=\"https:\/\/sportmerchandise.hu\/wp-content\/uploads\/2024\/03\/sportmerchandise-iskolai-termekek-tolltarto-mlsz.webp 712w, https:\/\/sportmerchandise.hu\/wp-content\/uploads\/2024\/03\/sportmerchandise-iskolai-termekek-tolltarto-mlsz-300x300.webp 300w, https:\/\/sportmerchandise.hu\/wp-content\/uploads\/2024\/03\/sportmerchandise-iskolai-termekek-tolltarto-mlsz-150x150.webp 150w\" sizes=\"(max-width: 712px) 100vw, 712px\" \/>\t\t\t\t\t\t\t\t<\/a>\n\t\t\t\t\t\t\t\t\t\t\t\t\t\t\t<\/div>\n\t\t\t\t<\/div>\n\t\t\t\t<div class=\"elementor-element elementor-element-984bc4f elementor-widget elementor-widget-text-editor\" data-id=\"984bc4f\" data-element_type=\"widget\" data-widget_type=\"text-editor.default\">\n\t\t\t\t<div class=\"elementor-widget-container\">\n\t\t\t\t\t\t\t\t\t<p>School Supplies<\/p>\t\t\t\t\t\t\t\t<\/div>\n\t\t\t\t<\/div>\n\t\t\t\t<\/div>\n\t\t<div class=\"elementor-element elementor-element-29c7d60 e-con-full e-flex e-con e-child\" data-id=\"29c7d60\" data-element_type=\"container\">\n\t\t\t\t<div class=\"elementor-element elementor-element-230f792 elementor-widget elementor-widget-image\" data-id=\"230f792\" data-element_type=\"widget\" data-widget_type=\"image.default\">\n\t\t\t\t<div class=\"elementor-widget-container\">\n\t\t\t\t\t\t\t\t\t\t\t\t\t\t\t\t<a href=\"https:\/\/sportmerchandise.hu\/en\/hungarian-football-federation\/mlsz-fan-accessories\/\">\n\t\t\t\t\t\t\t<img loading=\"lazy\" decoding=\"async\" width=\"896\" height=\"1000\" src=\"https:\/\/sportmerchandise.hu\/wp-content\/uploads\/2024\/05\/sportmerchandise-szurkoloi-termekek-szurkoloi-sal-mlsz.webp\" class=\"attachment-full size-full wp-image-4099\" alt=\"\" srcset=\"https:\/\/sportmerchandise.hu\/wp-content\/uploads\/2024\/05\/sportmerchandise-szurkoloi-termekek-szurkoloi-sal-mlsz.webp 896w, https:\/\/sportmerchandise.hu\/wp-content\/uploads\/2024\/05\/sportmerchandise-szurkoloi-termekek-szurkoloi-sal-mlsz-269x300.webp 269w, https:\/\/sportmerchandise.hu\/wp-content\/uploads\/2024\/05\/sportmerchandise-szurkoloi-termekek-szurkoloi-sal-mlsz-768x857.webp 768w\" sizes=\"(max-width: 896px) 100vw, 896px\" \/>\t\t\t\t\t\t\t\t<\/a>\n\t\t\t\t\t\t\t\t\t\t\t\t\t\t\t<\/div>\n\t\t\t\t<\/div>\n\t\t\t\t<div class=\"elementor-element elementor-element-22c07c5 elementor-widget elementor-widget-text-editor\" data-id=\"22c07c5\" data-element_type=\"widget\" data-widget_type=\"text-editor.default\">\n\t\t\t\t<div class=\"elementor-widget-container\">\n\t\t\t\t\t\t\t\t\t<p>Fan accessories<\/p>\t\t\t\t\t\t\t\t<\/div>\n\t\t\t\t<\/div>\n\t\t\t\t<\/div>\n\t\t\t\t\t<\/div>\n\t\t\t\t<\/div>\n\t\t<div class=\"elementor-element elementor-element-5f271b6 e-flex e-con-boxed e-con e-parent\" data-id=\"5f271b6\" data-element_type=\"container\">\n\t\t\t\t\t<div class=\"e-con-inner\">\n\t\t<div class=\"elementor-element elementor-element-80ef562 e-con-full e-flex e-con e-child\" data-id=\"80ef562\" data-element_type=\"container\">\n\t\t\t\t<div class=\"elementor-element elementor-element-a048bcf elementor-widget elementor-widget-image\" data-id=\"a048bcf\" data-element_type=\"widget\" data-widget_type=\"image.default\">\n\t\t\t\t<div class=\"elementor-widget-container\">\n\t\t\t\t\t\t\t\t\t\t\t\t\t\t\t\t<a href=\"https:\/\/sportmerchandise.hu\/en\/hungarian-football-federation\/mlsz-gifts\/\">\n\t\t\t\t\t\t\t<img loading=\"lazy\" decoding=\"async\" width=\"2551\" height=\"2551\" src=\"https:\/\/sportmerchandise.hu\/wp-content\/uploads\/2024\/03\/sportmerchandise-ajandektargy-kulcstarto-mlsz-2.webp\" class=\"attachment-full size-full wp-image-3636\" alt=\"\" srcset=\"https:\/\/sportmerchandise.hu\/wp-content\/uploads\/2024\/03\/sportmerchandise-ajandektargy-kulcstarto-mlsz-2.webp 2551w, https:\/\/sportmerchandise.hu\/wp-content\/uploads\/2024\/03\/sportmerchandise-ajandektargy-kulcstarto-mlsz-2-300x300.webp 300w, https:\/\/sportmerchandise.hu\/wp-content\/uploads\/2024\/03\/sportmerchandise-ajandektargy-kulcstarto-mlsz-2-1024x1024.webp 1024w, https:\/\/sportmerchandise.hu\/wp-content\/uploads\/2024\/03\/sportmerchandise-ajandektargy-kulcstarto-mlsz-2-150x150.webp 150w, https:\/\/sportmerchandise.hu\/wp-content\/uploads\/2024\/03\/sportmerchandise-ajandektargy-kulcstarto-mlsz-2-768x768.webp 768w, https:\/\/sportmerchandise.hu\/wp-content\/uploads\/2024\/03\/sportmerchandise-ajandektargy-kulcstarto-mlsz-2-1536x1536.webp 1536w, https:\/\/sportmerchandise.hu\/wp-content\/uploads\/2024\/03\/sportmerchandise-ajandektargy-kulcstarto-mlsz-2-2048x2048.webp 2048w, https:\/\/sportmerchandise.hu\/wp-content\/uploads\/2024\/03\/sportmerchandise-ajandektargy-kulcstarto-mlsz-2-1200x1200.webp 1200w, https:\/\/sportmerchandise.hu\/wp-content\/uploads\/2024\/03\/sportmerchandise-ajandektargy-kulcstarto-mlsz-2-1980x1980.webp 1980w\" sizes=\"(max-width: 2551px) 100vw, 2551px\" \/>\t\t\t\t\t\t\t\t<\/a>\n\t\t\t\t\t\t\t\t\t\t\t\t\t\t\t<\/div>\n\t\t\t\t<\/div>\n\t\t\t\t<div class=\"elementor-element elementor-element-434b56c elementor-widget elementor-widget-text-editor\" data-id=\"434b56c\" data-element_type=\"widget\" data-widget_type=\"text-editor.default\">\n\t\t\t\t<div class=\"elementor-widget-container\">\n\t\t\t\t\t\t\t\t\t<p>Gifts<\/p>\t\t\t\t\t\t\t\t<\/div>\n\t\t\t\t<\/div>\n\t\t\t\t<\/div>\n\t\t<div class=\"elementor-element elementor-element-6dbe691 e-con-full e-flex e-con e-child\" data-id=\"6dbe691\" data-element_type=\"container\">\n\t\t\t\t<\/div>\n\t\t\t\t\t<\/div>\n\t\t\t\t<\/div>\n\t\t\t\t<\/div>","protected":false},"excerpt":{"rendered":"<p>Magyar Labdar\u00fag\u00f3 Sz\u00f6vets\u00e9g A Magyar Labdar\u00fag\u00f3 Sz\u00f6vets\u00e9g a magyar labdar\u00fag\u00e1s legf\u0151bb sportszervezete. A Magyar Labdar\u00fag\u00f3 Sz\u00f6vets\u00e9g a magyar labdar\u00fag\u00e1s legf\u0151bb sportszervezete. B\u00fcszk\u00e9k vagyunk a Magyar Labdar\u00fag\u00f3 V\u00e1logatott aranykor\u00e1ra, amely m\u00e1ig \u00e9l\u00e9nken \u00e9l a sportt\u00f6rt\u00e9nelemben. A csapat nem csup\u00e1n h\u00e1romszoros Olimpiai Gy\u0151ztes, hanem k\u00e9t VB-ez\u00fcst- \u00e9s egy EB-bronz\u00e9rem tulajdonosa is. A v\u00e1logatott m\u00e1ig legg\u00f3ler\u0151sebb ikonja a [&hellip;]<\/p>","protected":false},"author":1,"featured_media":0,"parent":0,"menu_order":0,"comment_status":"closed","ping_status":"closed","template":"elementor_header_footer","meta":{"footnotes":""},"class_list":["post-5302","page","type-page","status-publish","hentry"],"_links":{"self":[{"href":"https:\/\/sportmerchandise.hu\/en\/wp-json\/wp\/v2\/pages\/5302","targetHints":{"allow":["GET"]}}],"collection":[{"href":"https:\/\/sportmerchandise.hu\/en\/wp-json\/wp\/v2\/pages"}],"about":[{"href":"https:\/\/sportmerchandise.hu\/en\/wp-json\/wp\/v2\/types\/page"}],"author":[{"embeddable":true,"href":"https:\/\/sportmerchandise.hu\/en\/wp-json\/wp\/v2\/users\/1"}],"replies":[{"embeddable":true,"href":"https:\/\/sportmerchandise.hu\/en\/wp-json\/wp\/v2\/comments?post=5302"}],"version-history":[{"count":34,"href":"https:\/\/sportmerchandise.hu\/en\/wp-json\/wp\/v2\/pages\/5302\/revisions"}],"predecessor-version":[{"id":10628,"href":"https:\/\/sportmerchandise.hu\/en\/wp-json\/wp\/v2\/pages\/5302\/revisions\/10628"}],"wp:attachment":[{"href":"https:\/\/sportmerchandise.hu\/en\/wp-json\/wp\/v2\/media?parent=5302"}],"curies":[{"name":"wp","href":"https:\/\/api.w.org\/{rel}","templated":true}]}}