{"id":5294,"date":"2025-10-21T09:39:56","date_gmt":"2025-10-21T09:39:56","guid":{"rendered":"https:\/\/sportmerchandise.hu\/?page_id=5294"},"modified":"2025-11-18T08:05:28","modified_gmt":"2025-11-18T08:05:28","slug":"hungarian-basketball-federation","status":"publish","type":"page","link":"https:\/\/sportmerchandise.hu\/en\/hungarian-basketball-federation\/","title":{"rendered":"HUNGARIAN BASKETBALL FEDERATION (MKOSZ)"},"content":{"rendered":"<div data-elementor-type=\"wp-page\" data-elementor-id=\"5294\" class=\"elementor elementor-5294\" data-elementor-post-type=\"page\">\n\t\t\t\t\t\t<section class=\"elementor-section elementor-top-section elementor-element elementor-element-70c4cfd elementor-section-height-min-height elementor-section-boxed elementor-section-height-default elementor-section-items-middle\" data-id=\"70c4cfd\" data-element_type=\"section\" data-settings=\"{&quot;background_background&quot;:&quot;classic&quot;}\">\n\t\t\t\t\t\t\t<div class=\"elementor-background-overlay\"><\/div>\n\t\t\t\t\t\t\t<div class=\"elementor-container elementor-column-gap-default\">\n\t\t\t\t\t<div class=\"elementor-column elementor-col-100 elementor-top-column elementor-element elementor-element-5d002b0 elementor-invisible\" data-id=\"5d002b0\" data-element_type=\"column\" data-settings=\"{&quot;animation&quot;:&quot;fadeInLeft&quot;}\">\n\t\t\t<div class=\"elementor-widget-wrap elementor-element-populated\">\n\t\t\t\t\t\t<div class=\"elementor-element elementor-element-ff459fa elementor-widget elementor-widget-heading\" data-id=\"ff459fa\" data-element_type=\"widget\" data-widget_type=\"heading.default\">\n\t\t\t\t<div class=\"elementor-widget-container\">\n\t\t\t\t\t<h2 class=\"elementor-heading-title elementor-size-default\">HUNGARIAN BASKETBALL <br> FEDERATION (MKOSZ)<\/h2>\t\t\t\t<\/div>\n\t\t\t\t<\/div>\n\t\t\t\t<div class=\"elementor-element elementor-element-4b753dd elementor-widget-divider--view-line elementor-widget elementor-widget-divider\" data-id=\"4b753dd\" data-element_type=\"widget\" data-widget_type=\"divider.default\">\n\t\t\t\t<div class=\"elementor-widget-container\">\n\t\t\t\t\t\t\t<div class=\"elementor-divider\">\n\t\t\t<span class=\"elementor-divider-separator\">\n\t\t\t\t\t\t<\/span>\n\t\t<\/div>\n\t\t\t\t\t\t<\/div>\n\t\t\t\t<\/div>\n\t\t\t\t\t<\/div>\n\t\t<\/div>\n\t\t\t\t\t<\/div>\n\t\t<\/section>\n\t\t\t\t<section class=\"elementor-section elementor-top-section elementor-element elementor-element-8cad323 elementor-section-boxed elementor-section-height-default elementor-section-height-default\" data-id=\"8cad323\" data-element_type=\"section\">\n\t\t\t\t\t\t<div class=\"elementor-container elementor-column-gap-default\">\n\t\t\t\t\t<div class=\"elementor-column elementor-col-100 elementor-top-column elementor-element elementor-element-a8e55f5\" data-id=\"a8e55f5\" data-element_type=\"column\">\n\t\t\t<div class=\"elementor-widget-wrap elementor-element-populated\">\n\t\t\t\t\t\t<div class=\"elementor-element elementor-element-2068740 elementor-widget elementor-widget-heading\" data-id=\"2068740\" data-element_type=\"widget\" data-widget_type=\"heading.default\">\n\t\t\t\t<div class=\"elementor-widget-container\">\n\t\t\t\t\t<h2 class=\"elementor-heading-title elementor-size-default\">The Hungarian Basketball Federation is undergoing a complete renewal, laying fresh foundations for the federation's digital presence with the goal of revitalizing Hungarian basketball.<\/h2>\t\t\t\t<\/div>\n\t\t\t\t<\/div>\n\t\t\t\t<div class=\"elementor-element elementor-element-aa59704 elementor-widget elementor-widget-text-editor\" data-id=\"aa59704\" data-element_type=\"widget\" data-widget_type=\"text-editor.default\">\n\t\t\t\t<div class=\"elementor-widget-container\">\n\t\t\t\t\t\t\t\t\t<p>The greatest success of the national team at the men's level is the European Championship title won in 1955, while the women's team won silver medals at the European Championship in both 1950 and 1956.<\/p><p>We began our joint work in 2024, intending to put the federation on the merchandise market map. The creation of a webshop was one of the first steps in their digital renewal.<\/p><p>Our work began with product development proposals that laid the foundation for a successful collection. Following this, we carried out the graphic design for the apparel and fan accessories, and then managed the entire product manufacturing process while guaranteeing quality. Regarding sales channels, we provide the development and operation of the official webshop.<br \/>For efficient logistics, we offer comprehensive product warehousing services, ensuring fast and seamless delivery. Furthermore, we manage the execution of off-site retail events during matches and other events.<\/p>\t\t\t\t\t\t\t\t<\/div>\n\t\t\t\t<\/div>\n\t\t\t\t\t<\/div>\n\t\t<\/div>\n\t\t\t\t\t<\/div>\n\t\t<\/section>\n\t\t<div class=\"elementor-element elementor-element-393c4a6 e-flex e-con-boxed e-con e-parent\" data-id=\"393c4a6\" data-element_type=\"container\">\n\t\t\t\t\t<div class=\"e-con-inner\">\n\t\t<div class=\"elementor-element elementor-element-8db6c4c e-con-full e-flex e-con e-child\" data-id=\"8db6c4c\" data-element_type=\"container\">\n\t\t\t\t<div class=\"elementor-element elementor-element-e79c36a elementor-widget elementor-widget-image\" data-id=\"e79c36a\" data-element_type=\"widget\" data-widget_type=\"image.default\">\n\t\t\t\t<div class=\"elementor-widget-container\">\n\t\t\t\t\t\t\t\t\t\t\t\t\t\t\t\t<a href=\"https:\/\/sportmerchandise.hu\/en\/hungarian-basketball-federation\/hunbasket-clothing\/\">\n\t\t\t\t\t\t\t<img fetchpriority=\"high\" decoding=\"async\" width=\"896\" height=\"1000\" src=\"https:\/\/sportmerchandise.hu\/wp-content\/uploads\/2025\/11\/Sweatshirt-unisex-feher_01.webp\" class=\"attachment-full size-full wp-image-7556\" alt=\"\" srcset=\"https:\/\/sportmerchandise.hu\/wp-content\/uploads\/2025\/11\/Sweatshirt-unisex-feher_01.webp 896w, https:\/\/sportmerchandise.hu\/wp-content\/uploads\/2025\/11\/Sweatshirt-unisex-feher_01-269x300.webp 269w, https:\/\/sportmerchandise.hu\/wp-content\/uploads\/2025\/11\/Sweatshirt-unisex-feher_01-768x857.webp 768w, https:\/\/sportmerchandise.hu\/wp-content\/uploads\/2025\/11\/Sweatshirt-unisex-feher_01-11x12.webp 11w\" sizes=\"(max-width: 896px) 100vw, 896px\" \/>\t\t\t\t\t\t\t\t<\/a>\n\t\t\t\t\t\t\t\t\t\t\t\t\t\t\t<\/div>\n\t\t\t\t<\/div>\n\t\t\t\t<div class=\"elementor-element elementor-element-4d50364 elementor-widget elementor-widget-text-editor\" data-id=\"4d50364\" data-element_type=\"widget\" data-widget_type=\"text-editor.default\">\n\t\t\t\t<div class=\"elementor-widget-container\">\n\t\t\t\t\t\t\t\t\t<p>Clothing<\/p>\t\t\t\t\t\t\t\t<\/div>\n\t\t\t\t<\/div>\n\t\t\t\t<\/div>\n\t\t<div class=\"elementor-element elementor-element-034ce75 e-con-full e-flex e-con e-child\" data-id=\"034ce75\" data-element_type=\"container\">\n\t\t\t\t<div class=\"elementor-element elementor-element-bb83ade elementor-widget elementor-widget-image\" data-id=\"bb83ade\" data-element_type=\"widget\" data-widget_type=\"image.default\">\n\t\t\t\t<div class=\"elementor-widget-container\">\n\t\t\t\t\t\t\t\t\t\t\t\t\t\t\t\t<a href=\"https:\/\/sportmerchandise.hu\/en\/hungarian-basketball-federation\/hunbasket-caps-and-beanies\/\">\n\t\t\t\t\t\t\t<img decoding=\"async\" width=\"896\" height=\"1000\" src=\"https:\/\/sportmerchandise.hu\/wp-content\/uploads\/2025\/11\/Kotott-sapka-gyerek_01.webp\" class=\"attachment-full size-full wp-image-7529\" alt=\"\" srcset=\"https:\/\/sportmerchandise.hu\/wp-content\/uploads\/2025\/11\/Kotott-sapka-gyerek_01.webp 896w, https:\/\/sportmerchandise.hu\/wp-content\/uploads\/2025\/11\/Kotott-sapka-gyerek_01-269x300.webp 269w, https:\/\/sportmerchandise.hu\/wp-content\/uploads\/2025\/11\/Kotott-sapka-gyerek_01-768x857.webp 768w, https:\/\/sportmerchandise.hu\/wp-content\/uploads\/2025\/11\/Kotott-sapka-gyerek_01-11x12.webp 11w\" sizes=\"(max-width: 896px) 100vw, 896px\" \/>\t\t\t\t\t\t\t\t<\/a>\n\t\t\t\t\t\t\t\t\t\t\t\t\t\t\t<\/div>\n\t\t\t\t<\/div>\n\t\t\t\t<div class=\"elementor-element elementor-element-af3c362 elementor-widget elementor-widget-text-editor\" data-id=\"af3c362\" data-element_type=\"widget\" data-widget_type=\"text-editor.default\">\n\t\t\t\t<div class=\"elementor-widget-container\">\n\t\t\t\t\t\t\t\t\t<p>Caps and beanies<\/p>\t\t\t\t\t\t\t\t<\/div>\n\t\t\t\t<\/div>\n\t\t\t\t<\/div>\n\t\t\t\t\t<\/div>\n\t\t\t\t<\/div>\n\t\t<div class=\"elementor-element elementor-element-9760758 e-flex e-con-boxed e-con e-parent\" data-id=\"9760758\" data-element_type=\"container\">\n\t\t\t\t\t<div class=\"e-con-inner\">\n\t\t<div class=\"elementor-element elementor-element-918b9f8 e-con-full e-flex e-con e-child\" data-id=\"918b9f8\" data-element_type=\"container\">\n\t\t\t\t<div class=\"elementor-element elementor-element-69b13ad elementor-widget elementor-widget-image\" data-id=\"69b13ad\" data-element_type=\"widget\" data-widget_type=\"image.default\">\n\t\t\t\t<div class=\"elementor-widget-container\">\n\t\t\t\t\t\t\t\t\t\t\t\t\t\t\t\t<a href=\"https:\/\/sportmerchandise.hu\/en\/hungarian-basketball-federation\/hunbasket-bags\/\">\n\t\t\t\t\t\t\t<img decoding=\"async\" width=\"896\" height=\"1000\" src=\"https:\/\/sportmerchandise.hu\/wp-content\/uploads\/2025\/11\/Tornazsak-kosarlabda_02.webp\" class=\"attachment-full size-full wp-image-7579\" alt=\"\" srcset=\"https:\/\/sportmerchandise.hu\/wp-content\/uploads\/2025\/11\/Tornazsak-kosarlabda_02.webp 896w, https:\/\/sportmerchandise.hu\/wp-content\/uploads\/2025\/11\/Tornazsak-kosarlabda_02-269x300.webp 269w, https:\/\/sportmerchandise.hu\/wp-content\/uploads\/2025\/11\/Tornazsak-kosarlabda_02-768x857.webp 768w, https:\/\/sportmerchandise.hu\/wp-content\/uploads\/2025\/11\/Tornazsak-kosarlabda_02-11x12.webp 11w\" sizes=\"(max-width: 896px) 100vw, 896px\" \/>\t\t\t\t\t\t\t\t<\/a>\n\t\t\t\t\t\t\t\t\t\t\t\t\t\t\t<\/div>\n\t\t\t\t<\/div>\n\t\t\t\t<div class=\"elementor-element elementor-element-b2d6d89 elementor-widget elementor-widget-text-editor\" data-id=\"b2d6d89\" data-element_type=\"widget\" data-widget_type=\"text-editor.default\">\n\t\t\t\t<div class=\"elementor-widget-container\">\n\t\t\t\t\t\t\t\t\t<p>Bags<\/p>\t\t\t\t\t\t\t\t<\/div>\n\t\t\t\t<\/div>\n\t\t\t\t<\/div>\n\t\t<div class=\"elementor-element elementor-element-19e3738 e-con-full e-flex e-con e-child\" data-id=\"19e3738\" data-element_type=\"container\">\n\t\t\t\t<div class=\"elementor-element elementor-element-96cb4e7 elementor-widget elementor-widget-image\" data-id=\"96cb4e7\" data-element_type=\"widget\" data-widget_type=\"image.default\">\n\t\t\t\t<div class=\"elementor-widget-container\">\n\t\t\t\t\t\t\t\t\t\t\t\t\t\t\t\t<a href=\"https:\/\/sportmerchandise.hu\/en\/hungarian-basketball-federation\/hunbasket-fan-accesories\/\">\n\t\t\t\t\t\t\t<img loading=\"lazy\" decoding=\"async\" width=\"896\" height=\"1000\" src=\"https:\/\/sportmerchandise.hu\/wp-content\/uploads\/2025\/11\/Tapsrud_01.webp\" class=\"attachment-full size-full wp-image-7576\" alt=\"\" srcset=\"https:\/\/sportmerchandise.hu\/wp-content\/uploads\/2025\/11\/Tapsrud_01.webp 896w, https:\/\/sportmerchandise.hu\/wp-content\/uploads\/2025\/11\/Tapsrud_01-269x300.webp 269w, https:\/\/sportmerchandise.hu\/wp-content\/uploads\/2025\/11\/Tapsrud_01-768x857.webp 768w, https:\/\/sportmerchandise.hu\/wp-content\/uploads\/2025\/11\/Tapsrud_01-11x12.webp 11w\" sizes=\"(max-width: 896px) 100vw, 896px\" \/>\t\t\t\t\t\t\t\t<\/a>\n\t\t\t\t\t\t\t\t\t\t\t\t\t\t\t<\/div>\n\t\t\t\t<\/div>\n\t\t\t\t<div class=\"elementor-element elementor-element-f3190cf elementor-widget elementor-widget-text-editor\" data-id=\"f3190cf\" data-element_type=\"widget\" data-widget_type=\"text-editor.default\">\n\t\t\t\t<div class=\"elementor-widget-container\">\n\t\t\t\t\t\t\t\t\t<p>Fan accessories<\/p>\t\t\t\t\t\t\t\t<\/div>\n\t\t\t\t<\/div>\n\t\t\t\t<\/div>\n\t\t\t\t\t<\/div>\n\t\t\t\t<\/div>\n\t\t<div class=\"elementor-element elementor-element-61ce3e5 e-flex e-con-boxed e-con e-parent\" data-id=\"61ce3e5\" data-element_type=\"container\">\n\t\t\t\t\t<div class=\"e-con-inner\">\n\t\t<div class=\"elementor-element elementor-element-02c3118 e-con-full e-flex e-con e-child\" data-id=\"02c3118\" data-element_type=\"container\">\n\t\t\t\t<div class=\"elementor-element elementor-element-08321cd elementor-widget elementor-widget-image\" data-id=\"08321cd\" data-element_type=\"widget\" data-widget_type=\"image.default\">\n\t\t\t\t<div class=\"elementor-widget-container\">\n\t\t\t\t\t\t\t\t\t\t\t\t\t\t\t\t<a href=\"https:\/\/sportmerchandise.hu\/en\/hungarian-basketball-federation\/hunbasket-gifts\/\">\n\t\t\t\t\t\t\t<img loading=\"lazy\" decoding=\"async\" width=\"896\" height=\"1000\" src=\"https:\/\/sportmerchandise.hu\/wp-content\/uploads\/2025\/11\/Matrica-3D_02.webp\" class=\"attachment-full size-full wp-image-7536\" alt=\"\" srcset=\"https:\/\/sportmerchandise.hu\/wp-content\/uploads\/2025\/11\/Matrica-3D_02.webp 896w, https:\/\/sportmerchandise.hu\/wp-content\/uploads\/2025\/11\/Matrica-3D_02-269x300.webp 269w, https:\/\/sportmerchandise.hu\/wp-content\/uploads\/2025\/11\/Matrica-3D_02-768x857.webp 768w, https:\/\/sportmerchandise.hu\/wp-content\/uploads\/2025\/11\/Matrica-3D_02-11x12.webp 11w\" sizes=\"(max-width: 896px) 100vw, 896px\" \/>\t\t\t\t\t\t\t\t<\/a>\n\t\t\t\t\t\t\t\t\t\t\t\t\t\t\t<\/div>\n\t\t\t\t<\/div>\n\t\t\t\t<div class=\"elementor-element elementor-element-67aedcd elementor-widget elementor-widget-text-editor\" data-id=\"67aedcd\" data-element_type=\"widget\" data-widget_type=\"text-editor.default\">\n\t\t\t\t<div class=\"elementor-widget-container\">\n\t\t\t\t\t\t\t\t\t<p>Gifts<\/p>\t\t\t\t\t\t\t\t<\/div>\n\t\t\t\t<\/div>\n\t\t\t\t<\/div>\n\t\t<div class=\"elementor-element elementor-element-1f5d0ce e-con-full e-flex e-con e-child\" data-id=\"1f5d0ce\" data-element_type=\"container\">\n\t\t\t\t<\/div>\n\t\t\t\t\t<\/div>\n\t\t\t\t<\/div>\n\t\t\t\t<\/div>","protected":false},"excerpt":{"rendered":"<p>Magyar Kos\u00e1rlabd\u00e1z\u00f3k Orsz\u00e1gos sz\u00f6vets\u00e9ge A Magyar Kos\u00e1rlabd\u00e1z\u00f3k Orsz\u00e1gos Sz\u00f6vets\u00e9g egy teljes meg\u00fajul\u00e1son megy kereszt\u00fcl, friss alapokra helyezi a sz\u00f6vets\u00e9g digit\u00e1lis jelenl\u00e9t\u00e9t, melynek c\u00e9lja a magyar kos\u00e1rlabd\u00e1z\u00e1s felfriss\u00edt\u00e9se. A v\u00e1logatott legnagyobb sikere f\u00e9rfi szinten az 1955-ben szerzett Eur\u00f3pa bajnoki c\u00edm, a n\u0151i csapat pedig 1950-ben \u00e9s 1956-ban is ez\u00fcst\u00e9rmet szerzett az Eur\u00f3pa Bajnoks\u00e1gon. 2024-ben kezdt\u00fck el [&hellip;]<\/p>","protected":false},"author":1,"featured_media":0,"parent":0,"menu_order":0,"comment_status":"closed","ping_status":"closed","template":"elementor_header_footer","meta":{"footnotes":""},"class_list":["post-5294","page","type-page","status-publish","hentry"],"_links":{"self":[{"href":"https:\/\/sportmerchandise.hu\/en\/wp-json\/wp\/v2\/pages\/5294","targetHints":{"allow":["GET"]}}],"collection":[{"href":"https:\/\/sportmerchandise.hu\/en\/wp-json\/wp\/v2\/pages"}],"about":[{"href":"https:\/\/sportmerchandise.hu\/en\/wp-json\/wp\/v2\/types\/page"}],"author":[{"embeddable":true,"href":"https:\/\/sportmerchandise.hu\/en\/wp-json\/wp\/v2\/users\/1"}],"replies":[{"embeddable":true,"href":"https:\/\/sportmerchandise.hu\/en\/wp-json\/wp\/v2\/comments?post=5294"}],"version-history":[{"count":25,"href":"https:\/\/sportmerchandise.hu\/en\/wp-json\/wp\/v2\/pages\/5294\/revisions"}],"predecessor-version":[{"id":10604,"href":"https:\/\/sportmerchandise.hu\/en\/wp-json\/wp\/v2\/pages\/5294\/revisions\/10604"}],"wp:attachment":[{"href":"https:\/\/sportmerchandise.hu\/en\/wp-json\/wp\/v2\/media?parent=5294"}],"curies":[{"name":"wp","href":"https:\/\/api.w.org\/{rel}","templated":true}]}}