{"id":5256,"date":"2025-10-21T09:02:57","date_gmt":"2025-10-21T09:02:57","guid":{"rendered":"https:\/\/sportmerchandise.hu\/?page_id=5256"},"modified":"2026-01-12T14:40:24","modified_gmt":"2026-01-12T14:40:24","slug":"christmas-products","status":"publish","type":"page","link":"https:\/\/sportmerchandise.hu\/en\/products\/christmas-products\/","title":{"rendered":"Christmas products"},"content":{"rendered":"<div data-elementor-type=\"wp-page\" data-elementor-id=\"5256\" class=\"elementor elementor-5256\" data-elementor-post-type=\"page\">\n\t\t\t\t\t\t<section class=\"elementor-section elementor-top-section elementor-element elementor-element-efd6c55 elementor-section-height-min-height elementor-section-boxed elementor-section-height-default elementor-section-items-middle\" data-id=\"efd6c55\" data-element_type=\"section\" data-settings=\"{&quot;background_background&quot;:&quot;classic&quot;}\">\n\t\t\t\t\t\t<div class=\"elementor-container elementor-column-gap-default\">\n\t\t\t\t\t<div class=\"elementor-column elementor-col-100 elementor-top-column elementor-element elementor-element-eca74e9 elementor-invisible\" data-id=\"eca74e9\" data-element_type=\"column\" data-settings=\"{&quot;animation&quot;:&quot;fadeInLeft&quot;}\">\n\t\t\t<div class=\"elementor-widget-wrap elementor-element-populated\">\n\t\t\t\t\t\t<div class=\"elementor-element elementor-element-b595196 elementor-widget elementor-widget-heading\" data-id=\"b595196\" data-element_type=\"widget\" data-widget_type=\"heading.default\">\n\t\t\t\t<div class=\"elementor-widget-container\">\n\t\t\t\t\t<h2 class=\"elementor-heading-title elementor-size-default\">Christmas <br> Products<\/h2>\t\t\t\t<\/div>\n\t\t\t\t<\/div>\n\t\t\t\t<div class=\"elementor-element elementor-element-4c7e722 elementor-widget-divider--view-line elementor-widget elementor-widget-divider\" data-id=\"4c7e722\" data-element_type=\"widget\" data-widget_type=\"divider.default\">\n\t\t\t\t<div class=\"elementor-widget-container\">\n\t\t\t\t\t\t\t<div class=\"elementor-divider\">\n\t\t\t<span class=\"elementor-divider-separator\">\n\t\t\t\t\t\t<\/span>\n\t\t<\/div>\n\t\t\t\t\t\t<\/div>\n\t\t\t\t<\/div>\n\t\t\t\t\t<\/div>\n\t\t<\/div>\n\t\t\t\t\t<\/div>\n\t\t<\/section>\n\t\t<div class=\"elementor-element elementor-element-9ccd334 e-flex e-con-boxed e-con e-parent\" data-id=\"9ccd334\" data-element_type=\"container\">\n\t\t\t\t\t<div class=\"e-con-inner\">\n\t\t\t\t<div class=\"elementor-element elementor-element-b46dda2 elementor-widget elementor-widget-text-editor\" data-id=\"b46dda2\" data-element_type=\"widget\" data-widget_type=\"text-editor.default\">\n\t\t\t\t<div class=\"elementor-widget-container\">\n\t\t\t\t\t\t\t\t\t<p>Christmas is not complete without ugly or beautiful Christmas sweaters. Naturally, we know that Christmas products are seasonal items whose true season is only in December; however, during this one month, everything revolves around Christmas. Design your Christmas gifts with us for your team, company, or fans.<\/p>\t\t\t\t\t\t\t\t<\/div>\n\t\t\t\t<\/div>\n\t\t\t\t\t<\/div>\n\t\t\t\t<\/div>\n\t\t<div class=\"elementor-element elementor-element-3789cac e-flex e-con-boxed e-con e-parent\" data-id=\"3789cac\" data-element_type=\"container\">\n\t\t\t\t\t<div class=\"e-con-inner\">\n\t\t<div class=\"elementor-element elementor-element-fb3f055 e-con-full e-flex e-con e-child\" data-id=\"fb3f055\" data-element_type=\"container\">\n\t\t\t\t<div class=\"elementor-element elementor-element-0926ff8 elementor-widget elementor-widget-image\" data-id=\"0926ff8\" data-element_type=\"widget\" data-widget_type=\"image.default\">\n\t\t\t\t<div class=\"elementor-widget-container\">\n\t\t\t\t\t\t\t\t\t\t\t\t\t\t\t\t<a href=\"https:\/\/sportmerchandise.hu\/en\/products\/christmas-products\/christmas-hoodie\/\">\n\t\t\t\t\t\t\t<img fetchpriority=\"high\" decoding=\"async\" width=\"1920\" height=\"1080\" src=\"https:\/\/sportmerchandise.hu\/wp-content\/uploads\/2025\/10\/Karacsonyi-pulcsik.webp\" class=\"attachment-full size-full wp-image-5259\" alt=\"\" srcset=\"https:\/\/sportmerchandise.hu\/wp-content\/uploads\/2025\/10\/Karacsonyi-pulcsik.webp 1920w, https:\/\/sportmerchandise.hu\/wp-content\/uploads\/2025\/10\/Karacsonyi-pulcsik-300x169.webp 300w, https:\/\/sportmerchandise.hu\/wp-content\/uploads\/2025\/10\/Karacsonyi-pulcsik-1024x576.webp 1024w, https:\/\/sportmerchandise.hu\/wp-content\/uploads\/2025\/10\/Karacsonyi-pulcsik-768x432.webp 768w, https:\/\/sportmerchandise.hu\/wp-content\/uploads\/2025\/10\/Karacsonyi-pulcsik-1536x864.webp 1536w, https:\/\/sportmerchandise.hu\/wp-content\/uploads\/2025\/10\/Karacsonyi-pulcsik-1200x675.webp 1200w\" sizes=\"(max-width: 1920px) 100vw, 1920px\" \/>\t\t\t\t\t\t\t\t<\/a>\n\t\t\t\t\t\t\t\t\t\t\t\t\t\t\t<\/div>\n\t\t\t\t<\/div>\n\t\t\t\t<div class=\"elementor-element elementor-element-4a3f6f7 elementor-widget elementor-widget-text-editor\" data-id=\"4a3f6f7\" data-element_type=\"widget\" data-widget_type=\"text-editor.default\">\n\t\t\t\t<div class=\"elementor-widget-container\">\n\t\t\t\t\t\t\t\t\t<p>Christmas Hoodies<\/p>\t\t\t\t\t\t\t\t<\/div>\n\t\t\t\t<\/div>\n\t\t\t\t<\/div>\n\t\t<div class=\"elementor-element elementor-element-cc8c3f1 e-con-full e-flex e-con e-child\" data-id=\"cc8c3f1\" data-element_type=\"container\">\n\t\t\t\t<div class=\"elementor-element elementor-element-f608d35 elementor-widget elementor-widget-image\" data-id=\"f608d35\" data-element_type=\"widget\" data-widget_type=\"image.default\">\n\t\t\t\t<div class=\"elementor-widget-container\">\n\t\t\t\t\t\t\t\t\t\t\t\t\t\t\t\t<a href=\"https:\/\/sportmerchandise.hu\/en\/products\/christmas-products\/christmas-ornaments\/\">\n\t\t\t\t\t\t\t<img decoding=\"async\" width=\"1920\" height=\"1080\" src=\"https:\/\/sportmerchandise.hu\/wp-content\/uploads\/2025\/11\/Karacsonyigombok2.webp\" class=\"attachment-full size-full wp-image-7646\" alt=\"\" srcset=\"https:\/\/sportmerchandise.hu\/wp-content\/uploads\/2025\/11\/Karacsonyigombok2.webp 1920w, https:\/\/sportmerchandise.hu\/wp-content\/uploads\/2025\/11\/Karacsonyigombok2-300x169.webp 300w, https:\/\/sportmerchandise.hu\/wp-content\/uploads\/2025\/11\/Karacsonyigombok2-1024x576.webp 1024w, https:\/\/sportmerchandise.hu\/wp-content\/uploads\/2025\/11\/Karacsonyigombok2-768x432.webp 768w, https:\/\/sportmerchandise.hu\/wp-content\/uploads\/2025\/11\/Karacsonyigombok2-1536x864.webp 1536w, https:\/\/sportmerchandise.hu\/wp-content\/uploads\/2025\/11\/Karacsonyigombok2-18x10.webp 18w, https:\/\/sportmerchandise.hu\/wp-content\/uploads\/2025\/11\/Karacsonyigombok2-1200x675.webp 1200w\" sizes=\"(max-width: 1920px) 100vw, 1920px\" \/>\t\t\t\t\t\t\t\t<\/a>\n\t\t\t\t\t\t\t\t\t\t\t\t\t\t\t<\/div>\n\t\t\t\t<\/div>\n\t\t\t\t<div class=\"elementor-element elementor-element-b12de14 elementor-widget elementor-widget-text-editor\" data-id=\"b12de14\" data-element_type=\"widget\" data-widget_type=\"text-editor.default\">\n\t\t\t\t<div class=\"elementor-widget-container\">\n\t\t\t\t\t\t\t\t\t<p>Christmas ornaments<\/p>\t\t\t\t\t\t\t\t<\/div>\n\t\t\t\t<\/div>\n\t\t\t\t<\/div>\n\t\t\t\t\t<\/div>\n\t\t\t\t<\/div>\n\t\t<div class=\"elementor-element elementor-element-8dd1838 e-flex e-con-boxed e-con e-parent\" data-id=\"8dd1838\" data-element_type=\"container\">\n\t\t\t\t\t<div class=\"e-con-inner\">\n\t\t<div class=\"elementor-element elementor-element-6feec12 e-con-full e-flex e-con e-child\" data-id=\"6feec12\" data-element_type=\"container\">\n\t\t\t\t<div class=\"elementor-element elementor-element-71e2512 elementor-widget elementor-widget-image\" data-id=\"71e2512\" data-element_type=\"widget\" data-widget_type=\"image.default\">\n\t\t\t\t<div class=\"elementor-widget-container\">\n\t\t\t\t\t\t\t\t\t\t\t\t\t\t\t\t<a href=\"https:\/\/sportmerchandise.hu\/en\/products\/christmas-products\/karacsonyi-kiegeszitok\/\">\n\t\t\t\t\t\t\t<img decoding=\"async\" width=\"1920\" height=\"1080\" src=\"https:\/\/sportmerchandise.hu\/wp-content\/uploads\/2025\/12\/sportmerchandise-karacsonyi-kiegeszitok.webp\" class=\"attachment-full size-full wp-image-11168\" alt=\"\" srcset=\"https:\/\/sportmerchandise.hu\/wp-content\/uploads\/2025\/12\/sportmerchandise-karacsonyi-kiegeszitok.webp 1920w, https:\/\/sportmerchandise.hu\/wp-content\/uploads\/2025\/12\/sportmerchandise-karacsonyi-kiegeszitok-300x169.webp 300w, https:\/\/sportmerchandise.hu\/wp-content\/uploads\/2025\/12\/sportmerchandise-karacsonyi-kiegeszitok-1024x576.webp 1024w, https:\/\/sportmerchandise.hu\/wp-content\/uploads\/2025\/12\/sportmerchandise-karacsonyi-kiegeszitok-768x432.webp 768w, https:\/\/sportmerchandise.hu\/wp-content\/uploads\/2025\/12\/sportmerchandise-karacsonyi-kiegeszitok-1536x864.webp 1536w, https:\/\/sportmerchandise.hu\/wp-content\/uploads\/2025\/12\/sportmerchandise-karacsonyi-kiegeszitok-18x10.webp 18w, https:\/\/sportmerchandise.hu\/wp-content\/uploads\/2025\/12\/sportmerchandise-karacsonyi-kiegeszitok-1200x675.webp 1200w\" sizes=\"(max-width: 1920px) 100vw, 1920px\" \/>\t\t\t\t\t\t\t\t<\/a>\n\t\t\t\t\t\t\t\t\t\t\t\t\t\t\t<\/div>\n\t\t\t\t<\/div>\n\t\t\t\t<div class=\"elementor-element elementor-element-f8f5cfc elementor-widget elementor-widget-text-editor\" data-id=\"f8f5cfc\" data-element_type=\"widget\" data-widget_type=\"text-editor.default\">\n\t\t\t\t<div class=\"elementor-widget-container\">\n\t\t\t\t\t\t\t\t\t<p><a href=\"https:\/\/sportmerchandise.hu\/en\/products\/christmas-products\/karacsonyi-kiegeszitok\/\">Christmas accessories<\/a><\/p>\t\t\t\t\t\t\t\t<\/div>\n\t\t\t\t<\/div>\n\t\t\t\t<\/div>\n\t\t<div class=\"elementor-element elementor-element-8141461 e-con-full e-flex e-con e-child\" data-id=\"8141461\" data-element_type=\"container\">\n\t\t\t\t<\/div>\n\t\t\t\t\t<\/div>\n\t\t\t\t<\/div>\n\t\t\t\t<\/div>","protected":false},"excerpt":{"rendered":"<p>Kar\u00e1csonyi Term\u00e9kek Nincs kar\u00e1csony ronda vagy sz\u00e9p kar\u00e1csonyi pulcsik n\u00e9lk\u00fcl. Term\u00e9szetesen tudjuk, hogy a kar\u00e1csonyi term\u00e9kek id\u0151szakos dolgok, melyeknek igaz\u00e1n csak decemberben van szezonja, viszont ebben az egy h\u00f3napban minden a kar\u00e1csony k\u00f6r\u00fcl forog. Tervezd meg vel\u00fcnk a kar\u00e1csonyi aj\u00e1nd\u00e9kaidat csapatod, c\u00e9ged vagy szurkol\u00f3id sz\u00e1m\u00e1ra. Kar\u00e1csonyi pul\u00f3verek Kar\u00e1csonyi g\u00f6mb\u00f6k Kar\u00e1csonyi kieg\u00e9sz\u00edt\u0151k<\/p>","protected":false},"author":1,"featured_media":0,"parent":6207,"menu_order":0,"comment_status":"closed","ping_status":"closed","template":"elementor_header_footer","meta":{"footnotes":""},"class_list":["post-5256","page","type-page","status-publish","hentry"],"_links":{"self":[{"href":"https:\/\/sportmerchandise.hu\/en\/wp-json\/wp\/v2\/pages\/5256","targetHints":{"allow":["GET"]}}],"collection":[{"href":"https:\/\/sportmerchandise.hu\/en\/wp-json\/wp\/v2\/pages"}],"about":[{"href":"https:\/\/sportmerchandise.hu\/en\/wp-json\/wp\/v2\/types\/page"}],"author":[{"embeddable":true,"href":"https:\/\/sportmerchandise.hu\/en\/wp-json\/wp\/v2\/users\/1"}],"replies":[{"embeddable":true,"href":"https:\/\/sportmerchandise.hu\/en\/wp-json\/wp\/v2\/comments?post=5256"}],"version-history":[{"count":43,"href":"https:\/\/sportmerchandise.hu\/en\/wp-json\/wp\/v2\/pages\/5256\/revisions"}],"predecessor-version":[{"id":11319,"href":"https:\/\/sportmerchandise.hu\/en\/wp-json\/wp\/v2\/pages\/5256\/revisions\/11319"}],"up":[{"embeddable":true,"href":"https:\/\/sportmerchandise.hu\/en\/wp-json\/wp\/v2\/pages\/6207"}],"wp:attachment":[{"href":"https:\/\/sportmerchandise.hu\/en\/wp-json\/wp\/v2\/media?parent=5256"}],"curies":[{"name":"wp","href":"https:\/\/api.w.org\/{rel}","templated":true}]}}