{"id":5195,"date":"2025-10-21T07:27:42","date_gmt":"2025-10-21T07:27:42","guid":{"rendered":"https:\/\/sportmerchandise.hu\/?page_id=5195"},"modified":"2025-11-18T07:54:34","modified_gmt":"2025-11-18T07:54:34","slug":"gyori-audi-eto-kc","status":"publish","type":"page","link":"https:\/\/sportmerchandise.hu\/en\/gyori-audi-eto-kc\/","title":{"rendered":"Gy\u0151ri Audi ETO KC"},"content":{"rendered":"<div data-elementor-type=\"wp-page\" data-elementor-id=\"5195\" class=\"elementor elementor-5195\" data-elementor-post-type=\"page\">\n\t\t\t\t\t\t<section class=\"elementor-section elementor-top-section elementor-element elementor-element-90e5586 elementor-section-height-min-height elementor-section-boxed elementor-section-height-default elementor-section-items-middle\" data-id=\"90e5586\" data-element_type=\"section\" data-settings=\"{&quot;background_background&quot;:&quot;classic&quot;}\">\n\t\t\t\t\t\t\t<div class=\"elementor-background-overlay\"><\/div>\n\t\t\t\t\t\t\t<div class=\"elementor-container elementor-column-gap-default\">\n\t\t\t\t\t<div class=\"elementor-column elementor-col-100 elementor-top-column elementor-element elementor-element-12c1c90 elementor-invisible\" data-id=\"12c1c90\" data-element_type=\"column\" data-settings=\"{&quot;animation&quot;:&quot;fadeInLeft&quot;}\">\n\t\t\t<div class=\"elementor-widget-wrap elementor-element-populated\">\n\t\t\t\t\t\t<div class=\"elementor-element elementor-element-55f81ba elementor-widget elementor-widget-heading\" data-id=\"55f81ba\" data-element_type=\"widget\" data-widget_type=\"heading.default\">\n\t\t\t\t<div class=\"elementor-widget-container\">\n\t\t\t\t\t<h2 class=\"elementor-heading-title elementor-size-default\">Gy\u0151ri audi <br> ETO KC<\/h2>\t\t\t\t<\/div>\n\t\t\t\t<\/div>\n\t\t\t\t<div class=\"elementor-element elementor-element-c864011 elementor-widget-divider--view-line elementor-widget elementor-widget-divider\" data-id=\"c864011\" data-element_type=\"widget\" data-widget_type=\"divider.default\">\n\t\t\t\t<div class=\"elementor-widget-container\">\n\t\t\t\t\t\t\t<div class=\"elementor-divider\">\n\t\t\t<span class=\"elementor-divider-separator\">\n\t\t\t\t\t\t<\/span>\n\t\t<\/div>\n\t\t\t\t\t\t<\/div>\n\t\t\t\t<\/div>\n\t\t\t\t\t<\/div>\n\t\t<\/div>\n\t\t\t\t\t<\/div>\n\t\t<\/section>\n\t\t\t\t<section class=\"elementor-section elementor-top-section elementor-element elementor-element-a2617d2 elementor-section-boxed elementor-section-height-default elementor-section-height-default\" data-id=\"a2617d2\" data-element_type=\"section\">\n\t\t\t\t\t\t<div class=\"elementor-container elementor-column-gap-default\">\n\t\t\t\t\t<div class=\"elementor-column elementor-col-100 elementor-top-column elementor-element elementor-element-e81cbe6\" data-id=\"e81cbe6\" data-element_type=\"column\">\n\t\t\t<div class=\"elementor-widget-wrap elementor-element-populated\">\n\t\t\t\t\t\t<div class=\"elementor-element elementor-element-5c357f9 elementor-widget elementor-widget-heading\" data-id=\"5c357f9\" data-element_type=\"widget\" data-widget_type=\"heading.default\">\n\t\t\t\t<div class=\"elementor-widget-container\">\n\t\t\t\t\t<h2 class=\"elementor-heading-title elementor-size-default\">The green-and-white women's handball team from Gy\u0151r is one of the world's most successful clubs, whose results speak for themselves.<\/h2>\t\t\t\t<\/div>\n\t\t\t\t<\/div>\n\t\t\t\t<div class=\"elementor-element elementor-element-8b172c7 elementor-widget elementor-widget-text-editor\" data-id=\"8b172c7\" data-element_type=\"widget\" data-widget_type=\"text-editor.default\">\n\t\t\t\t<div class=\"elementor-widget-container\">\n\t\t\t\t\t\t\t\t\t<p>Gy\u0151ri Audi ETO KC is a seven-time EHF Champions League winner, in addition to being an 18-time Hungarian champion and a 15-time Hungarian Cup winner. The team's home matches are regularly accompanied by a full house, which clearly demonstrates the club's extraordinary popularity and success.<\/p><p>Through our collaboration, which began in July 2022, we provide full-scope support to the club in the manufacturing of its official fan merchandise.<\/p><p>Our services focus on creating a high-quality product portfolio. This includes developing product design and development proposals, graphic design, and, last but not least, the entire product manufacturing process.<\/p>\t\t\t\t\t\t\t\t<\/div>\n\t\t\t\t<\/div>\n\t\t\t\t\t<\/div>\n\t\t<\/div>\n\t\t\t\t\t<\/div>\n\t\t<\/section>\n\t\t<div class=\"elementor-element elementor-element-255455c e-flex e-con-boxed e-con e-parent\" data-id=\"255455c\" data-element_type=\"container\">\n\t\t\t\t\t<div class=\"e-con-inner\">\n\t\t<div class=\"elementor-element elementor-element-58593a2 e-con-full e-flex e-con e-child\" data-id=\"58593a2\" data-element_type=\"container\">\n\t\t\t\t<div class=\"elementor-element elementor-element-df36b74 elementor-widget elementor-widget-image\" data-id=\"df36b74\" data-element_type=\"widget\" data-widget_type=\"image.default\">\n\t\t\t\t<div class=\"elementor-widget-container\">\n\t\t\t\t\t\t\t\t\t\t\t\t\t\t\t\t<a href=\"https:\/\/sportmerchandise.hu\/en\/gyori-audi-eto-kc\/gyori-eto-kc-clothes\/\">\n\t\t\t\t\t\t\t<img fetchpriority=\"high\" decoding=\"async\" width=\"896\" height=\"1000\" src=\"https:\/\/sportmerchandise.hu\/wp-content\/uploads\/2024\/02\/sportmerchandise-ruhazat-ferfi-polo-zold-gyori-eto-1.webp\" class=\"attachment-full size-full wp-image-3268\" alt=\"\" srcset=\"https:\/\/sportmerchandise.hu\/wp-content\/uploads\/2024\/02\/sportmerchandise-ruhazat-ferfi-polo-zold-gyori-eto-1.webp 896w, https:\/\/sportmerchandise.hu\/wp-content\/uploads\/2024\/02\/sportmerchandise-ruhazat-ferfi-polo-zold-gyori-eto-1-269x300.webp 269w, https:\/\/sportmerchandise.hu\/wp-content\/uploads\/2024\/02\/sportmerchandise-ruhazat-ferfi-polo-zold-gyori-eto-1-768x857.webp 768w\" sizes=\"(max-width: 896px) 100vw, 896px\" \/>\t\t\t\t\t\t\t\t<\/a>\n\t\t\t\t\t\t\t\t\t\t\t\t\t\t\t<\/div>\n\t\t\t\t<\/div>\n\t\t\t\t<div class=\"elementor-element elementor-element-9c3c5a3 elementor-widget elementor-widget-text-editor\" data-id=\"9c3c5a3\" data-element_type=\"widget\" data-widget_type=\"text-editor.default\">\n\t\t\t\t<div class=\"elementor-widget-container\">\n\t\t\t\t\t\t\t\t\t<p>Clothing<\/p>\t\t\t\t\t\t\t\t<\/div>\n\t\t\t\t<\/div>\n\t\t\t\t<\/div>\n\t\t<div class=\"elementor-element elementor-element-eb3dc15 e-con-full e-flex e-con e-child\" data-id=\"eb3dc15\" data-element_type=\"container\">\n\t\t\t\t<div class=\"elementor-element elementor-element-3843b69 elementor-widget elementor-widget-image\" data-id=\"3843b69\" data-element_type=\"widget\" data-widget_type=\"image.default\">\n\t\t\t\t<div class=\"elementor-widget-container\">\n\t\t\t\t\t\t\t\t\t\t\t\t\t\t\t\t<a href=\"https:\/\/sportmerchandise.hu\/en\/gyori-audi-eto-kc\/gyori-eto-kc-caps-and-beanies\/\">\n\t\t\t\t\t\t\t<img decoding=\"async\" width=\"896\" height=\"1000\" src=\"https:\/\/sportmerchandise.hu\/wp-content\/uploads\/2025\/01\/sportmerchandise-kiegeszito-kotott-sapka-gyori-eto.webp\" class=\"attachment-full size-full wp-image-4533\" alt=\"\" srcset=\"https:\/\/sportmerchandise.hu\/wp-content\/uploads\/2025\/01\/sportmerchandise-kiegeszito-kotott-sapka-gyori-eto.webp 896w, https:\/\/sportmerchandise.hu\/wp-content\/uploads\/2025\/01\/sportmerchandise-kiegeszito-kotott-sapka-gyori-eto-269x300.webp 269w, https:\/\/sportmerchandise.hu\/wp-content\/uploads\/2025\/01\/sportmerchandise-kiegeszito-kotott-sapka-gyori-eto-768x857.webp 768w\" sizes=\"(max-width: 896px) 100vw, 896px\" \/>\t\t\t\t\t\t\t\t<\/a>\n\t\t\t\t\t\t\t\t\t\t\t\t\t\t\t<\/div>\n\t\t\t\t<\/div>\n\t\t\t\t<div class=\"elementor-element elementor-element-9a92ec9 elementor-widget elementor-widget-text-editor\" data-id=\"9a92ec9\" data-element_type=\"widget\" data-widget_type=\"text-editor.default\">\n\t\t\t\t<div class=\"elementor-widget-container\">\n\t\t\t\t\t\t\t\t\t<p>Caps and beanies<\/p>\t\t\t\t\t\t\t\t<\/div>\n\t\t\t\t<\/div>\n\t\t\t\t<\/div>\n\t\t\t\t\t<\/div>\n\t\t\t\t<\/div>\n\t\t<div class=\"elementor-element elementor-element-69ad5a0 e-flex e-con-boxed e-con e-parent\" data-id=\"69ad5a0\" data-element_type=\"container\">\n\t\t\t\t\t<div class=\"e-con-inner\">\n\t\t<div class=\"elementor-element elementor-element-c216d2b e-con-full e-flex e-con e-child\" data-id=\"c216d2b\" data-element_type=\"container\">\n\t\t\t\t<div class=\"elementor-element elementor-element-6ee9178 elementor-widget elementor-widget-image\" data-id=\"6ee9178\" data-element_type=\"widget\" data-widget_type=\"image.default\">\n\t\t\t\t<div class=\"elementor-widget-container\">\n\t\t\t\t\t\t\t\t\t\t\t\t\t\t\t\t<a href=\"https:\/\/sportmerchandise.hu\/en\/gyori-audi-eto-kc\/gyori-eto-kc-school-supplies\/\">\n\t\t\t\t\t\t\t<img decoding=\"async\" width=\"896\" height=\"1000\" src=\"https:\/\/sportmerchandise.hu\/wp-content\/uploads\/2025\/01\/sportmerchandise-iskolai-termek-taska-gyori-eto-1.webp\" class=\"attachment-full size-full wp-image-4528\" alt=\"\" srcset=\"https:\/\/sportmerchandise.hu\/wp-content\/uploads\/2025\/01\/sportmerchandise-iskolai-termek-taska-gyori-eto-1.webp 896w, https:\/\/sportmerchandise.hu\/wp-content\/uploads\/2025\/01\/sportmerchandise-iskolai-termek-taska-gyori-eto-1-269x300.webp 269w, https:\/\/sportmerchandise.hu\/wp-content\/uploads\/2025\/01\/sportmerchandise-iskolai-termek-taska-gyori-eto-1-768x857.webp 768w\" sizes=\"(max-width: 896px) 100vw, 896px\" \/>\t\t\t\t\t\t\t\t<\/a>\n\t\t\t\t\t\t\t\t\t\t\t\t\t\t\t<\/div>\n\t\t\t\t<\/div>\n\t\t\t\t<div class=\"elementor-element elementor-element-4bfd8bc elementor-widget elementor-widget-text-editor\" data-id=\"4bfd8bc\" data-element_type=\"widget\" data-widget_type=\"text-editor.default\">\n\t\t\t\t<div class=\"elementor-widget-container\">\n\t\t\t\t\t\t\t\t\t<p>School Supplies<\/p>\t\t\t\t\t\t\t\t<\/div>\n\t\t\t\t<\/div>\n\t\t\t\t<\/div>\n\t\t<div class=\"elementor-element elementor-element-568b5ae e-con-full e-flex e-con e-child\" data-id=\"568b5ae\" data-element_type=\"container\">\n\t\t\t\t<div class=\"elementor-element elementor-element-da99998 elementor-widget elementor-widget-image\" data-id=\"da99998\" data-element_type=\"widget\" data-widget_type=\"image.default\">\n\t\t\t\t<div class=\"elementor-widget-container\">\n\t\t\t\t\t\t\t\t\t\t\t\t\t\t\t\t<a href=\"https:\/\/sportmerchandise.hu\/en\/gyori-audi-eto-kc\/gyori-eto-kc-scarves\/\">\n\t\t\t\t\t\t\t<img loading=\"lazy\" decoding=\"async\" width=\"896\" height=\"1000\" src=\"https:\/\/sportmerchandise.hu\/wp-content\/uploads\/2025\/01\/sportmerchandise-szurkoloi-kellek-szurkoloi-sal-gyori-eto.webp\" class=\"attachment-full size-full wp-image-4560\" alt=\"\" srcset=\"https:\/\/sportmerchandise.hu\/wp-content\/uploads\/2025\/01\/sportmerchandise-szurkoloi-kellek-szurkoloi-sal-gyori-eto.webp 896w, https:\/\/sportmerchandise.hu\/wp-content\/uploads\/2025\/01\/sportmerchandise-szurkoloi-kellek-szurkoloi-sal-gyori-eto-269x300.webp 269w, https:\/\/sportmerchandise.hu\/wp-content\/uploads\/2025\/01\/sportmerchandise-szurkoloi-kellek-szurkoloi-sal-gyori-eto-768x857.webp 768w\" sizes=\"(max-width: 896px) 100vw, 896px\" \/>\t\t\t\t\t\t\t\t<\/a>\n\t\t\t\t\t\t\t\t\t\t\t\t\t\t\t<\/div>\n\t\t\t\t<\/div>\n\t\t\t\t<div class=\"elementor-element elementor-element-4657b19 elementor-widget elementor-widget-text-editor\" data-id=\"4657b19\" data-element_type=\"widget\" data-widget_type=\"text-editor.default\">\n\t\t\t\t<div class=\"elementor-widget-container\">\n\t\t\t\t\t\t\t\t\t<p>Scarves<\/p>\t\t\t\t\t\t\t\t<\/div>\n\t\t\t\t<\/div>\n\t\t\t\t<\/div>\n\t\t\t\t\t<\/div>\n\t\t\t\t<\/div>\n\t\t<div class=\"elementor-element elementor-element-95cf057 e-flex e-con-boxed e-con e-parent\" data-id=\"95cf057\" data-element_type=\"container\">\n\t\t\t\t\t<div class=\"e-con-inner\">\n\t\t<div class=\"elementor-element elementor-element-68ab6d2 e-con-full e-flex e-con e-child\" data-id=\"68ab6d2\" data-element_type=\"container\">\n\t\t\t\t<div class=\"elementor-element elementor-element-4879f36 elementor-widget elementor-widget-image\" data-id=\"4879f36\" data-element_type=\"widget\" data-widget_type=\"image.default\">\n\t\t\t\t<div class=\"elementor-widget-container\">\n\t\t\t\t\t\t\t\t\t\t\t\t\t\t\t\t<a href=\"https:\/\/sportmerchandise.hu\/en\/gyori-audi-eto-kc\/gyori-eto-kc-gifts\/\">\n\t\t\t\t\t\t\t<img loading=\"lazy\" decoding=\"async\" width=\"896\" height=\"1000\" src=\"https:\/\/sportmerchandise.hu\/wp-content\/uploads\/2024\/02\/sportmerchandise-otthon-bogre-gyori-eto-1.webp\" class=\"attachment-full size-full wp-image-3265\" alt=\"\" srcset=\"https:\/\/sportmerchandise.hu\/wp-content\/uploads\/2024\/02\/sportmerchandise-otthon-bogre-gyori-eto-1.webp 896w, https:\/\/sportmerchandise.hu\/wp-content\/uploads\/2024\/02\/sportmerchandise-otthon-bogre-gyori-eto-1-269x300.webp 269w, https:\/\/sportmerchandise.hu\/wp-content\/uploads\/2024\/02\/sportmerchandise-otthon-bogre-gyori-eto-1-768x857.webp 768w\" sizes=\"(max-width: 896px) 100vw, 896px\" \/>\t\t\t\t\t\t\t\t<\/a>\n\t\t\t\t\t\t\t\t\t\t\t\t\t\t\t<\/div>\n\t\t\t\t<\/div>\n\t\t\t\t<div class=\"elementor-element elementor-element-0a50f45 elementor-widget elementor-widget-text-editor\" data-id=\"0a50f45\" data-element_type=\"widget\" data-widget_type=\"text-editor.default\">\n\t\t\t\t<div class=\"elementor-widget-container\">\n\t\t\t\t\t\t\t\t\t<p>Gifts<\/p>\t\t\t\t\t\t\t\t<\/div>\n\t\t\t\t<\/div>\n\t\t\t\t<\/div>\n\t\t<div class=\"elementor-element elementor-element-ccaaed1 e-con-full e-flex e-con e-child\" data-id=\"ccaaed1\" data-element_type=\"container\">\n\t\t\t\t<\/div>\n\t\t\t\t\t<\/div>\n\t\t\t\t<\/div>\n\t\t\t\t<\/div>","protected":false},"excerpt":{"rendered":"<p>Gy\u0151ri audi ETO KC A gy\u0151ri z\u00f6ld-feh\u00e9r n\u0151i k\u00e9zilabdacsapat a vil\u00e1g egyik legsikeresebb klubja, melynek eredm\u00e9nyei \u00f6nmaguk\u00e9rt besz\u00e9lnek. A Gy\u0151ri Audi ETO KC \u00f6tsz\u00f6r\u00f6s Bajnokok Lig\u00e1ja gy\u0151ztes, emellett 17-szeres magyar bajnok \u00e9s 15-sz\u00f6r\u00f6s Magyar Kupa gy\u0151ztes. A csapat hazai m\u00e9rk\u0151z\u00e9seit rendszeres telth\u00e1z k\u00eds\u00e9ri, ami j\u00f3l mutatja a klub rendk\u00edv\u00fcli n\u00e9pszer\u0171s\u00e9g\u00e9t \u00e9s siker\u00e9t. A 2022 j\u00falius\u00e1ban [&hellip;]<\/p>","protected":false},"author":1,"featured_media":0,"parent":0,"menu_order":0,"comment_status":"closed","ping_status":"closed","template":"elementor_header_footer","meta":{"footnotes":""},"class_list":["post-5195","page","type-page","status-publish","hentry"],"_links":{"self":[{"href":"https:\/\/sportmerchandise.hu\/en\/wp-json\/wp\/v2\/pages\/5195","targetHints":{"allow":["GET"]}}],"collection":[{"href":"https:\/\/sportmerchandise.hu\/en\/wp-json\/wp\/v2\/pages"}],"about":[{"href":"https:\/\/sportmerchandise.hu\/en\/wp-json\/wp\/v2\/types\/page"}],"author":[{"embeddable":true,"href":"https:\/\/sportmerchandise.hu\/en\/wp-json\/wp\/v2\/users\/1"}],"replies":[{"embeddable":true,"href":"https:\/\/sportmerchandise.hu\/en\/wp-json\/wp\/v2\/comments?post=5195"}],"version-history":[{"count":28,"href":"https:\/\/sportmerchandise.hu\/en\/wp-json\/wp\/v2\/pages\/5195\/revisions"}],"predecessor-version":[{"id":10535,"href":"https:\/\/sportmerchandise.hu\/en\/wp-json\/wp\/v2\/pages\/5195\/revisions\/10535"}],"wp:attachment":[{"href":"https:\/\/sportmerchandise.hu\/en\/wp-json\/wp\/v2\/media?parent=5195"}],"curies":[{"name":"wp","href":"https:\/\/api.w.org\/{rel}","templated":true}]}}