{"id":4891,"date":"2025-10-14T07:54:46","date_gmt":"2025-10-14T07:54:46","guid":{"rendered":"https:\/\/sportmerchandise.hu\/?page_id=4891"},"modified":"2025-11-27T09:31:32","modified_gmt":"2025-11-27T09:31:32","slug":"services","status":"publish","type":"page","link":"https:\/\/sportmerchandise.hu\/en\/services\/","title":{"rendered":"Services"},"content":{"rendered":"<div data-elementor-type=\"wp-page\" data-elementor-id=\"4891\" class=\"elementor elementor-4891\" data-elementor-post-type=\"page\">\n\t\t\t\t\t\t<section class=\"elementor-section elementor-top-section elementor-element elementor-element-c4f69ee elementor-section-height-min-height elementor-section-boxed elementor-section-height-default elementor-section-items-middle\" data-id=\"c4f69ee\" data-element_type=\"section\" data-settings=\"{&quot;background_background&quot;:&quot;classic&quot;}\">\n\t\t\t\t\t\t\t<div class=\"elementor-background-overlay\"><\/div>\n\t\t\t\t\t\t\t<div class=\"elementor-container elementor-column-gap-default\">\n\t\t\t\t\t<div class=\"elementor-column elementor-col-100 elementor-top-column elementor-element elementor-element-4a50ce3 elementor-invisible\" data-id=\"4a50ce3\" data-element_type=\"column\" data-settings=\"{&quot;animation&quot;:&quot;fadeInLeft&quot;}\">\n\t\t\t<div class=\"elementor-widget-wrap elementor-element-populated\">\n\t\t\t\t\t\t<div class=\"elementor-element elementor-element-a0ecd05 elementor-widget elementor-widget-heading\" data-id=\"a0ecd05\" data-element_type=\"widget\" data-widget_type=\"heading.default\">\n\t\t\t\t<div class=\"elementor-widget-container\">\n\t\t\t\t\t<h2 class=\"elementor-heading-title elementor-size-default\">Services<\/h2>\t\t\t\t<\/div>\n\t\t\t\t<\/div>\n\t\t\t\t\t<\/div>\n\t\t<\/div>\n\t\t\t\t\t<\/div>\n\t\t<\/section>\n\t\t<div class=\"elementor-element elementor-element-99c63ee e-flex e-con-boxed e-con e-parent\" data-id=\"99c63ee\" data-element_type=\"container\" id=\"gototop\">\n\t\t\t\t\t<div class=\"e-con-inner\">\n\t\t<div class=\"elementor-element elementor-element-ebd7521 e-con-full e-flex e-con e-child\" data-id=\"ebd7521\" data-element_type=\"container\">\n\t\t\t\t<div class=\"elementor-element elementor-element-b210102 elementor-widget elementor-widget-heading\" data-id=\"b210102\" data-element_type=\"widget\" data-widget_type=\"heading.default\">\n\t\t\t\t<div class=\"elementor-widget-container\">\n\t\t\t\t\t<h2 class=\"elementor-heading-title elementor-size-default\">Custom Solutions, built around you. Work with Merchandise Experts, because we know what your team needs. \n\n<\/h2>\t\t\t\t<\/div>\n\t\t\t\t<\/div>\n\t\t\t\t<\/div>\n\t\t<div class=\"elementor-element elementor-element-54dfd44 e-con-full e-flex e-con e-child\" data-id=\"54dfd44\" data-element_type=\"container\">\n\t\t\t\t<div class=\"elementor-element elementor-element-a161c27 elementor-widget elementor-widget-text-editor\" data-id=\"a161c27\" data-element_type=\"widget\" data-widget_type=\"text-editor.default\">\n\t\t\t\t<div class=\"elementor-widget-container\">\n\t\t\t\t\t\t\t\t\t<p>Our track, but your victory!<\/p><ul><li>Product design and development: Full-scope conceptualisation and manufacturing of custom merchandise for your fans, tailored to your exact needs.<\/li><li>Webshop management: Entrust us with your complete online store operations, including inventory management, site maintenance, and content updates.<\/li><li>Physical store operations: Beyond your webshop, we manage the daily operations of your fan store, including match-day pop-ups and other off-site retail events.<\/li><li>Marketing Solutions: You can focus solely on sport performance; entrust your team's marketing presence to us. We also manage the comprehensive production of various marketing materials.<\/li><li>Communication Strategies: Let your results speak on the field\u2014we'll handle the rest. We design comprehensive campaign and communication packages for your products to ensure your focus remains on what truly matters.<\/li><\/ul><p>No brand can succeed without trendy merchandise and effective marketing tools. Feel free to contact us beyond the world of sports as well!<\/p>\t\t\t\t\t\t\t\t<\/div>\n\t\t\t\t<\/div>\n\t\t\t\t<\/div>\n\t\t\t\t\t<\/div>\n\t\t\t\t<\/div>\n\t\t<div class=\"elementor-element elementor-element-10b29d3 e-flex e-con-boxed e-con e-parent\" data-id=\"10b29d3\" data-element_type=\"container\">\n\t\t\t\t\t<div class=\"e-con-inner\">\n\t\t\t\t<div class=\"elementor-element elementor-element-b17ec2b elementor-widget elementor-widget-heading\" data-id=\"b17ec2b\" data-element_type=\"widget\" data-widget_type=\"heading.default\">\n\t\t\t\t<div class=\"elementor-widget-container\">\n\t\t\t\t\t<h2 class=\"elementor-heading-title elementor-size-default\">How do we get you on track<\/h2>\t\t\t\t<\/div>\n\t\t\t\t<\/div>\n\t\t\t\t\t<\/div>\n\t\t\t\t<\/div>\n\t\t<div class=\"elementor-element elementor-element-8123835 e-flex e-con-boxed e-con e-parent\" data-id=\"8123835\" data-element_type=\"container\">\n\t\t\t\t\t<div class=\"e-con-inner\">\n\t\t<div class=\"elementor-element elementor-element-86524a3 e-con-full e-flex e-con e-child\" data-id=\"86524a3\" data-element_type=\"container\">\n\t\t\t\t<div class=\"elementor-element elementor-element-ac59d68 elementor-widget elementor-widget-image\" data-id=\"ac59d68\" data-element_type=\"widget\" data-widget_type=\"image.default\">\n\t\t\t\t<div class=\"elementor-widget-container\">\n\t\t\t\t\t\t\t\t\t\t\t\t\t\t\t<img fetchpriority=\"high\" decoding=\"async\" width=\"1080\" height=\"1080\" src=\"https:\/\/sportmerchandise.hu\/wp-content\/uploads\/2025\/11\/grafika.png\" class=\"attachment-full size-full wp-image-11111\" alt=\"\" srcset=\"https:\/\/sportmerchandise.hu\/wp-content\/uploads\/2025\/11\/grafika.png 1080w, https:\/\/sportmerchandise.hu\/wp-content\/uploads\/2025\/11\/grafika-300x300.png 300w, https:\/\/sportmerchandise.hu\/wp-content\/uploads\/2025\/11\/grafika-1024x1024.png 1024w, https:\/\/sportmerchandise.hu\/wp-content\/uploads\/2025\/11\/grafika-150x150.png 150w, https:\/\/sportmerchandise.hu\/wp-content\/uploads\/2025\/11\/grafika-768x768.png 768w, https:\/\/sportmerchandise.hu\/wp-content\/uploads\/2025\/11\/grafika-12x12.png 12w\" sizes=\"(max-width: 1080px) 100vw, 1080px\" \/>\t\t\t\t\t\t\t\t\t\t\t\t\t\t\t<\/div>\n\t\t\t\t<\/div>\n\t\t\t\t<div class=\"elementor-element elementor-element-f3fa59b elementor-widget elementor-widget-heading\" data-id=\"f3fa59b\" data-element_type=\"widget\" data-widget_type=\"heading.default\">\n\t\t\t\t<div class=\"elementor-widget-container\">\n\t\t\t\t\t<h2 class=\"elementor-heading-title elementor-size-default\">01.\tAssessing your needs<\/h2>\t\t\t\t<\/div>\n\t\t\t\t<\/div>\n\t\t\t\t<div class=\"elementor-element elementor-element-1296bb7 elementor-widget elementor-widget-text-editor\" data-id=\"1296bb7\" data-element_type=\"widget\" data-widget_type=\"text-editor.default\">\n\t\t\t\t<div class=\"elementor-widget-container\">\n\t\t\t\t\t\t\t\t\t<p>We ask many questions before and during the project to ensure you receive not just something visually appealing, but also something genuinely useful.<\/p>\t\t\t\t\t\t\t\t<\/div>\n\t\t\t\t<\/div>\n\t\t\t\t<\/div>\n\t\t<div class=\"elementor-element elementor-element-1846030 e-con-full e-flex e-con e-child\" data-id=\"1846030\" data-element_type=\"container\">\n\t\t\t\t<div class=\"elementor-element elementor-element-50f985a elementor-widget elementor-widget-image\" data-id=\"50f985a\" data-element_type=\"widget\" data-widget_type=\"image.default\">\n\t\t\t\t<div class=\"elementor-widget-container\">\n\t\t\t\t\t\t\t\t\t\t\t\t\t\t\t<img decoding=\"async\" width=\"1080\" height=\"1080\" src=\"https:\/\/sportmerchandise.hu\/wp-content\/uploads\/2025\/11\/otlet.png\" class=\"attachment-full size-full wp-image-11115\" alt=\"\" srcset=\"https:\/\/sportmerchandise.hu\/wp-content\/uploads\/2025\/11\/otlet.png 1080w, https:\/\/sportmerchandise.hu\/wp-content\/uploads\/2025\/11\/otlet-300x300.png 300w, https:\/\/sportmerchandise.hu\/wp-content\/uploads\/2025\/11\/otlet-1024x1024.png 1024w, https:\/\/sportmerchandise.hu\/wp-content\/uploads\/2025\/11\/otlet-150x150.png 150w, https:\/\/sportmerchandise.hu\/wp-content\/uploads\/2025\/11\/otlet-768x768.png 768w, https:\/\/sportmerchandise.hu\/wp-content\/uploads\/2025\/11\/otlet-12x12.png 12w\" sizes=\"(max-width: 1080px) 100vw, 1080px\" \/>\t\t\t\t\t\t\t\t\t\t\t\t\t\t\t<\/div>\n\t\t\t\t<\/div>\n\t\t\t\t<div class=\"elementor-element elementor-element-df6bf88 elementor-widget elementor-widget-heading\" data-id=\"df6bf88\" data-element_type=\"widget\" data-widget_type=\"heading.default\">\n\t\t\t\t<div class=\"elementor-widget-container\">\n\t\t\t\t\t<h2 class=\"elementor-heading-title elementor-size-default\">02.\tProposing solutions<\/h2>\t\t\t\t<\/div>\n\t\t\t\t<\/div>\n\t\t\t\t<div class=\"elementor-element elementor-element-d76276d elementor-widget elementor-widget-text-editor\" data-id=\"d76276d\" data-element_type=\"widget\" data-widget_type=\"text-editor.default\">\n\t\t\t\t<div class=\"elementor-widget-container\">\n\t\t\t\t\t\t\t\t\t<p>We don't like to follow the beaten path. Our goal is to present you with something fresh and unique.<\/p>\t\t\t\t\t\t\t\t<\/div>\n\t\t\t\t<\/div>\n\t\t\t\t<\/div>\n\t\t<div class=\"elementor-element elementor-element-033efca e-con-full e-flex e-con e-child\" data-id=\"033efca\" data-element_type=\"container\">\n\t\t\t\t<div class=\"elementor-element elementor-element-6ba0a00 elementor-widget elementor-widget-image\" data-id=\"6ba0a00\" data-element_type=\"widget\" data-widget_type=\"image.default\">\n\t\t\t\t<div class=\"elementor-widget-container\">\n\t\t\t\t\t\t\t\t\t\t\t\t\t\t\t<img decoding=\"async\" width=\"1080\" height=\"1080\" src=\"https:\/\/sportmerchandise.hu\/wp-content\/uploads\/2025\/11\/concept-1.png\" class=\"attachment-full size-full wp-image-11108\" alt=\"\" srcset=\"https:\/\/sportmerchandise.hu\/wp-content\/uploads\/2025\/11\/concept-1.png 1080w, https:\/\/sportmerchandise.hu\/wp-content\/uploads\/2025\/11\/concept-1-300x300.png 300w, https:\/\/sportmerchandise.hu\/wp-content\/uploads\/2025\/11\/concept-1-1024x1024.png 1024w, https:\/\/sportmerchandise.hu\/wp-content\/uploads\/2025\/11\/concept-1-150x150.png 150w, https:\/\/sportmerchandise.hu\/wp-content\/uploads\/2025\/11\/concept-1-768x768.png 768w, https:\/\/sportmerchandise.hu\/wp-content\/uploads\/2025\/11\/concept-1-12x12.png 12w\" sizes=\"(max-width: 1080px) 100vw, 1080px\" \/>\t\t\t\t\t\t\t\t\t\t\t\t\t\t\t<\/div>\n\t\t\t\t<\/div>\n\t\t\t\t<div class=\"elementor-element elementor-element-b28361d elementor-widget elementor-widget-heading\" data-id=\"b28361d\" data-element_type=\"widget\" data-widget_type=\"heading.default\">\n\t\t\t\t<div class=\"elementor-widget-container\">\n\t\t\t\t\t<h2 class=\"elementor-heading-title elementor-size-default\">03.\tFinalizing the Business and Product Concept<\/h2>\t\t\t\t<\/div>\n\t\t\t\t<\/div>\n\t\t\t\t<div class=\"elementor-element elementor-element-1b04335 elementor-widget elementor-widget-text-editor\" data-id=\"1b04335\" data-element_type=\"widget\" data-widget_type=\"text-editor.default\">\n\t\t\t\t<div class=\"elementor-widget-container\">\n\t\t\t\t\t\t\t\t\t<p>Following the discussion of your needs and our proposals, we put together a complete business concept and a corresponding product collection.<\/p>\t\t\t\t\t\t\t\t<\/div>\n\t\t\t\t<\/div>\n\t\t\t\t<\/div>\n\t\t<div class=\"elementor-element elementor-element-a73de84 e-con-full e-flex e-con e-child\" data-id=\"a73de84\" data-element_type=\"container\">\n\t\t\t\t<div class=\"elementor-element elementor-element-656461a elementor-widget elementor-widget-image\" data-id=\"656461a\" data-element_type=\"widget\" data-widget_type=\"image.default\">\n\t\t\t\t<div class=\"elementor-widget-container\">\n\t\t\t\t\t\t\t\t\t\t\t\t\t\t\t<img loading=\"lazy\" decoding=\"async\" width=\"1080\" height=\"1080\" src=\"https:\/\/sportmerchandise.hu\/wp-content\/uploads\/2025\/11\/skach.png\" class=\"attachment-full size-full wp-image-11118\" alt=\"\" srcset=\"https:\/\/sportmerchandise.hu\/wp-content\/uploads\/2025\/11\/skach.png 1080w, https:\/\/sportmerchandise.hu\/wp-content\/uploads\/2025\/11\/skach-300x300.png 300w, https:\/\/sportmerchandise.hu\/wp-content\/uploads\/2025\/11\/skach-1024x1024.png 1024w, https:\/\/sportmerchandise.hu\/wp-content\/uploads\/2025\/11\/skach-150x150.png 150w, https:\/\/sportmerchandise.hu\/wp-content\/uploads\/2025\/11\/skach-768x768.png 768w, https:\/\/sportmerchandise.hu\/wp-content\/uploads\/2025\/11\/skach-12x12.png 12w\" sizes=\"(max-width: 1080px) 100vw, 1080px\" \/>\t\t\t\t\t\t\t\t\t\t\t\t\t\t\t<\/div>\n\t\t\t\t<\/div>\n\t\t\t\t<div class=\"elementor-element elementor-element-1c14e25 elementor-widget elementor-widget-heading\" data-id=\"1c14e25\" data-element_type=\"widget\" data-widget_type=\"heading.default\">\n\t\t\t\t<div class=\"elementor-widget-container\">\n\t\t\t\t\t<h2 class=\"elementor-heading-title elementor-size-default\">04.\tInitiating the Design Process<\/h2>\t\t\t\t<\/div>\n\t\t\t\t<\/div>\n\t\t\t\t<div class=\"elementor-element elementor-element-0f6e9f6 elementor-widget elementor-widget-text-editor\" data-id=\"0f6e9f6\" data-element_type=\"widget\" data-widget_type=\"text-editor.default\">\n\t\t\t\t<div class=\"elementor-widget-container\">\n\t\t\t\t\t\t\t\t\t<p>We create the graphic design visuals for the selected products and manufacture samples upon request.<\/p>\t\t\t\t\t\t\t\t<\/div>\n\t\t\t\t<\/div>\n\t\t\t\t<\/div>\n\t\t\t\t\t<\/div>\n\t\t\t\t<\/div>\n\t\t<div class=\"elementor-element elementor-element-52eb9ae e-flex e-con-boxed e-con e-parent\" data-id=\"52eb9ae\" data-element_type=\"container\">\n\t\t\t\t\t<div class=\"e-con-inner\">\n\t\t<div class=\"elementor-element elementor-element-75b837b e-con-full e-flex e-con e-child\" data-id=\"75b837b\" data-element_type=\"container\">\n\t\t\t\t<div class=\"elementor-element elementor-element-1553cae elementor-widget elementor-widget-image\" data-id=\"1553cae\" data-element_type=\"widget\" data-widget_type=\"image.default\">\n\t\t\t\t<div class=\"elementor-widget-container\">\n\t\t\t\t\t\t\t\t\t\t\t\t\t\t\t<img loading=\"lazy\" decoding=\"async\" width=\"1080\" height=\"1080\" src=\"https:\/\/sportmerchandise.hu\/wp-content\/uploads\/2025\/11\/arajanlat-2-1.png\" class=\"attachment-full size-full wp-image-11103\" alt=\"\" srcset=\"https:\/\/sportmerchandise.hu\/wp-content\/uploads\/2025\/11\/arajanlat-2-1.png 1080w, https:\/\/sportmerchandise.hu\/wp-content\/uploads\/2025\/11\/arajanlat-2-1-300x300.png 300w, https:\/\/sportmerchandise.hu\/wp-content\/uploads\/2025\/11\/arajanlat-2-1-1024x1024.png 1024w, https:\/\/sportmerchandise.hu\/wp-content\/uploads\/2025\/11\/arajanlat-2-1-150x150.png 150w, https:\/\/sportmerchandise.hu\/wp-content\/uploads\/2025\/11\/arajanlat-2-1-768x768.png 768w, https:\/\/sportmerchandise.hu\/wp-content\/uploads\/2025\/11\/arajanlat-2-1-12x12.png 12w\" sizes=\"(max-width: 1080px) 100vw, 1080px\" \/>\t\t\t\t\t\t\t\t\t\t\t\t\t\t\t<\/div>\n\t\t\t\t<\/div>\n\t\t\t\t<div class=\"elementor-element elementor-element-19ef3f8 elementor-widget elementor-widget-heading\" data-id=\"19ef3f8\" data-element_type=\"widget\" data-widget_type=\"heading.default\">\n\t\t\t\t<div class=\"elementor-widget-container\">\n\t\t\t\t\t<h2 class=\"elementor-heading-title elementor-size-default\">05.\tPreparing the Price Quotation<\/h2>\t\t\t\t<\/div>\n\t\t\t\t<\/div>\n\t\t\t\t<div class=\"elementor-element elementor-element-9b9e285 elementor-widget elementor-widget-text-editor\" data-id=\"9b9e285\" data-element_type=\"widget\" data-widget_type=\"text-editor.default\">\n\t\t\t\t<div class=\"elementor-widget-container\">\n\t\t\t\t\t\t\t\t\t<p>Based on the approved graphics and samples, we prepare an accurate price quotation with no hidden costs.<\/p>\t\t\t\t\t\t\t\t<\/div>\n\t\t\t\t<\/div>\n\t\t\t\t<\/div>\n\t\t<div class=\"elementor-element elementor-element-d48f4aa e-con-full e-flex e-con e-child\" data-id=\"d48f4aa\" data-element_type=\"container\">\n\t\t\t\t<div class=\"elementor-element elementor-element-a125fd9 elementor-widget elementor-widget-image\" data-id=\"a125fd9\" data-element_type=\"widget\" data-widget_type=\"image.default\">\n\t\t\t\t<div class=\"elementor-widget-container\">\n\t\t\t\t\t\t\t\t\t\t\t\t\t\t\t<img loading=\"lazy\" decoding=\"async\" width=\"1080\" height=\"1080\" src=\"https:\/\/sportmerchandise.hu\/wp-content\/uploads\/2025\/11\/gyartas.png\" class=\"attachment-full size-full wp-image-11112\" alt=\"\" srcset=\"https:\/\/sportmerchandise.hu\/wp-content\/uploads\/2025\/11\/gyartas.png 1080w, https:\/\/sportmerchandise.hu\/wp-content\/uploads\/2025\/11\/gyartas-300x300.png 300w, https:\/\/sportmerchandise.hu\/wp-content\/uploads\/2025\/11\/gyartas-1024x1024.png 1024w, https:\/\/sportmerchandise.hu\/wp-content\/uploads\/2025\/11\/gyartas-150x150.png 150w, https:\/\/sportmerchandise.hu\/wp-content\/uploads\/2025\/11\/gyartas-768x768.png 768w, https:\/\/sportmerchandise.hu\/wp-content\/uploads\/2025\/11\/gyartas-12x12.png 12w\" sizes=\"(max-width: 1080px) 100vw, 1080px\" \/>\t\t\t\t\t\t\t\t\t\t\t\t\t\t\t<\/div>\n\t\t\t\t<\/div>\n\t\t\t\t<div class=\"elementor-element elementor-element-11cab07 elementor-widget elementor-widget-heading\" data-id=\"11cab07\" data-element_type=\"widget\" data-widget_type=\"heading.default\">\n\t\t\t\t<div class=\"elementor-widget-container\">\n\t\t\t\t\t<h2 class=\"elementor-heading-title elementor-size-default\">06.\tProduction and Delivery<\/h2>\t\t\t\t<\/div>\n\t\t\t\t<\/div>\n\t\t\t\t<div class=\"elementor-element elementor-element-1e3d49e elementor-widget elementor-widget-text-editor\" data-id=\"1e3d49e\" data-element_type=\"widget\" data-widget_type=\"text-editor.default\">\n\t\t\t\t<div class=\"elementor-widget-container\">\n\t\t\t\t\t\t\t\t\t<p>Once the quotation is accepted, we begin production. Whether manufacturing is domestic or international, we deliver the products retail-ready to the specified address.<\/p>\t\t\t\t\t\t\t\t<\/div>\n\t\t\t\t<\/div>\n\t\t\t\t<\/div>\n\t\t<div class=\"elementor-element elementor-element-6855ecc e-con-full e-flex e-con e-child\" data-id=\"6855ecc\" data-element_type=\"container\">\n\t\t\t\t<div class=\"elementor-element elementor-element-5caceeb elementor-widget elementor-widget-image\" data-id=\"5caceeb\" data-element_type=\"widget\" data-widget_type=\"image.default\">\n\t\t\t\t<div class=\"elementor-widget-container\">\n\t\t\t\t\t\t\t\t\t\t\t\t\t\t\t<img loading=\"lazy\" decoding=\"async\" width=\"1080\" height=\"1080\" src=\"https:\/\/sportmerchandise.hu\/wp-content\/uploads\/2025\/11\/foto.png\" class=\"attachment-full size-full wp-image-11110\" alt=\"\" srcset=\"https:\/\/sportmerchandise.hu\/wp-content\/uploads\/2025\/11\/foto.png 1080w, https:\/\/sportmerchandise.hu\/wp-content\/uploads\/2025\/11\/foto-300x300.png 300w, https:\/\/sportmerchandise.hu\/wp-content\/uploads\/2025\/11\/foto-1024x1024.png 1024w, https:\/\/sportmerchandise.hu\/wp-content\/uploads\/2025\/11\/foto-150x150.png 150w, https:\/\/sportmerchandise.hu\/wp-content\/uploads\/2025\/11\/foto-768x768.png 768w, https:\/\/sportmerchandise.hu\/wp-content\/uploads\/2025\/11\/foto-12x12.png 12w\" sizes=\"(max-width: 1080px) 100vw, 1080px\" \/>\t\t\t\t\t\t\t\t\t\t\t\t\t\t\t<\/div>\n\t\t\t\t<\/div>\n\t\t\t\t<div class=\"elementor-element elementor-element-6851027 elementor-widget elementor-widget-heading\" data-id=\"6851027\" data-element_type=\"widget\" data-widget_type=\"heading.default\">\n\t\t\t\t<div class=\"elementor-widget-container\">\n\t\t\t\t\t<h2 class=\"elementor-heading-title elementor-size-default\">07.\tPhotography and Creative Content Production<\/h2>\t\t\t\t<\/div>\n\t\t\t\t<\/div>\n\t\t\t\t<div class=\"elementor-element elementor-element-6cfbee7 elementor-widget elementor-widget-text-editor\" data-id=\"6cfbee7\" data-element_type=\"widget\" data-widget_type=\"text-editor.default\">\n\t\t\t\t<div class=\"elementor-widget-container\">\n\t\t\t\t\t\t\t\t\t<p>Upon request, we create professionally photographed, webshop-optimized product images, and we also undertake the assembly of creative materials needed for advertisements.<\/p>\t\t\t\t\t\t\t\t<\/div>\n\t\t\t\t<\/div>\n\t\t\t\t<\/div>\n\t\t<div class=\"elementor-element elementor-element-77f8c0e e-con-full e-flex e-con e-child\" data-id=\"77f8c0e\" data-element_type=\"container\">\n\t\t\t\t<div class=\"elementor-element elementor-element-052b123 elementor-widget elementor-widget-image\" data-id=\"052b123\" data-element_type=\"widget\" data-widget_type=\"image.default\">\n\t\t\t\t<div class=\"elementor-widget-container\">\n\t\t\t\t\t\t\t\t\t\t\t\t\t\t\t<img loading=\"lazy\" decoding=\"async\" width=\"1080\" height=\"1080\" src=\"https:\/\/sportmerchandise.hu\/wp-content\/uploads\/2025\/11\/communication.png\" class=\"attachment-full size-full wp-image-11107\" alt=\"\" srcset=\"https:\/\/sportmerchandise.hu\/wp-content\/uploads\/2025\/11\/communication.png 1080w, https:\/\/sportmerchandise.hu\/wp-content\/uploads\/2025\/11\/communication-300x300.png 300w, https:\/\/sportmerchandise.hu\/wp-content\/uploads\/2025\/11\/communication-1024x1024.png 1024w, https:\/\/sportmerchandise.hu\/wp-content\/uploads\/2025\/11\/communication-150x150.png 150w, https:\/\/sportmerchandise.hu\/wp-content\/uploads\/2025\/11\/communication-768x768.png 768w, https:\/\/sportmerchandise.hu\/wp-content\/uploads\/2025\/11\/communication-12x12.png 12w\" sizes=\"(max-width: 1080px) 100vw, 1080px\" \/>\t\t\t\t\t\t\t\t\t\t\t\t\t\t\t<\/div>\n\t\t\t\t<\/div>\n\t\t\t\t<div class=\"elementor-element elementor-element-1e4ea11 elementor-widget elementor-widget-heading\" data-id=\"1e4ea11\" data-element_type=\"widget\" data-widget_type=\"heading.default\">\n\t\t\t\t<div class=\"elementor-widget-container\">\n\t\t\t\t\t<h2 class=\"elementor-heading-title elementor-size-default\">08.\tMarketing and Retail Partnership<\/h2>\t\t\t\t<\/div>\n\t\t\t\t<\/div>\n\t\t\t\t<div class=\"elementor-element elementor-element-69bfd72 elementor-widget elementor-widget-text-editor\" data-id=\"69bfd72\" data-element_type=\"widget\" data-widget_type=\"text-editor.default\">\n\t\t\t\t<div class=\"elementor-widget-container\">\n\t\t\t\t\t\t\t\t\t<p>Within this framework, we undertake the creation of your webshop, the full coordination of warehousing, delivery, and off-site events, as well as providing social media content and campaign proposals.<\/p>\t\t\t\t\t\t\t\t<\/div>\n\t\t\t\t<\/div>\n\t\t\t\t<\/div>\n\t\t\t\t\t<\/div>\n\t\t\t\t<\/div>\n\t\t<div class=\"elementor-element elementor-element-c3f37c1 e-flex e-con-boxed e-con e-parent\" data-id=\"c3f37c1\" data-element_type=\"container\" data-settings=\"{&quot;sticky&quot;:&quot;bottom&quot;,&quot;sticky_on&quot;:[&quot;desktop&quot;,&quot;laptop&quot;,&quot;tablet&quot;,&quot;mobile&quot;],&quot;sticky_offset&quot;:0,&quot;sticky_effects_offset&quot;:0,&quot;sticky_anchor_link_offset&quot;:0}\">\n\t\t\t\t\t<div class=\"e-con-inner\">\n\t\t\t\t<div class=\"elementor-element elementor-element-e045d06 elementor-view-default elementor-widget elementor-widget-icon\" data-id=\"e045d06\" data-element_type=\"widget\" data-widget_type=\"icon.default\">\n\t\t\t\t<div class=\"elementor-widget-container\">\n\t\t\t\t\t\t\t<div class=\"elementor-icon-wrapper\">\n\t\t\t<a class=\"elementor-icon\" href=\"#gototop\">\n\t\t\t<i aria-hidden=\"true\" class=\"fas fa-arrow-up\"><\/i>\t\t\t<\/a>\n\t\t<\/div>\n\t\t\t\t\t\t<\/div>\n\t\t\t\t<\/div>\n\t\t\t\t\t<\/div>\n\t\t\t\t<\/div>\n\t\t\t\t<\/div>","protected":false},"excerpt":{"rendered":"<p>Egyedi megold\u00e1sok, amik r\u00f3lad sz\u00f3lnak. Dolgozz merchandise szak\u00e9rt\u0151vel, mert mi tudjuk, hogy csapatodnak mire van sz\u00fcks\u00e9ge. A mi p\u00e1ly\u00e1nk, a te gy\u0151zelmed Term\u00e9k tervez\u00e9s \u00e9s fejleszt\u00e9s: Szurkol\u00f3idnak sz\u00e1nt term\u00e9kek teljesk\u00f6r\u0171 koncepci\u00f3j\u00e1nak kigondol\u00e1sa \u00e9s gy\u00e1rt\u00e1sa ig\u00e9nyeid szerint. Webshop \u00fczemeltet\u00e9s: B\u00edzd r\u00e1nk a webshopod teljes \u00fczemeltet\u00e9s\u00e9t, kezelj\u00fck a rakt\u00e1rk\u00e9szletet, friss\u00edtj\u00fck \u00e9s karbantartjuk oldalad. Fizikai shop \u00fczemeltet\u00e9s: Webshopod [&hellip;]<\/p>","protected":false},"author":1,"featured_media":0,"parent":0,"menu_order":0,"comment_status":"closed","ping_status":"closed","template":"elementor_header_footer","meta":{"footnotes":""},"class_list":["post-4891","page","type-page","status-publish","hentry"],"_links":{"self":[{"href":"https:\/\/sportmerchandise.hu\/en\/wp-json\/wp\/v2\/pages\/4891","targetHints":{"allow":["GET"]}}],"collection":[{"href":"https:\/\/sportmerchandise.hu\/en\/wp-json\/wp\/v2\/pages"}],"about":[{"href":"https:\/\/sportmerchandise.hu\/en\/wp-json\/wp\/v2\/types\/page"}],"author":[{"embeddable":true,"href":"https:\/\/sportmerchandise.hu\/en\/wp-json\/wp\/v2\/users\/1"}],"replies":[{"embeddable":true,"href":"https:\/\/sportmerchandise.hu\/en\/wp-json\/wp\/v2\/comments?post=4891"}],"version-history":[{"count":97,"href":"https:\/\/sportmerchandise.hu\/en\/wp-json\/wp\/v2\/pages\/4891\/revisions"}],"predecessor-version":[{"id":11145,"href":"https:\/\/sportmerchandise.hu\/en\/wp-json\/wp\/v2\/pages\/4891\/revisions\/11145"}],"wp:attachment":[{"href":"https:\/\/sportmerchandise.hu\/en\/wp-json\/wp\/v2\/media?parent=4891"}],"curies":[{"name":"wp","href":"https:\/\/api.w.org\/{rel}","templated":true}]}}