{"id":11485,"date":"2026-02-10T14:50:00","date_gmt":"2026-02-10T14:50:00","guid":{"rendered":"https:\/\/sportmerchandise.hu\/?page_id=11485"},"modified":"2026-02-10T14:56:20","modified_gmt":"2026-02-10T14:56:20","slug":"jogi-nyilatkozat","status":"publish","type":"page","link":"https:\/\/sportmerchandise.hu\/en\/jogi-nyilatkozat\/","title":{"rendered":"Jogi nyilatkozat"},"content":{"rendered":"<div data-elementor-type=\"wp-page\" data-elementor-id=\"11485\" class=\"elementor elementor-11485\" data-elementor-post-type=\"page\">\n\t\t\t\t<div class=\"elementor-element elementor-element-e567989 e-flex e-con-boxed e-con e-parent\" data-id=\"e567989\" data-element_type=\"container\">\n\t\t\t\t\t<div class=\"e-con-inner\">\n\t\t\t\t<div class=\"elementor-element elementor-element-582c5eb elementor-widget elementor-widget-text-editor\" data-id=\"582c5eb\" data-element_type=\"widget\" data-widget_type=\"text-editor.default\">\n\t\t\t\t<div class=\"elementor-widget-container\">\n\t\t\t\t\t\t\t\t\t<p style=\"font-weight: 400;\">(A dokumentum let\u00f6lt\u00e9se\/nyomtat\u00e1sa:\u00a0<a href=\"https:\/\/sportmerchandise.hu\/wp-content\/uploads\/2026\/02\/jogi_nyilatkozat_sportmerchandise.pdf\"><u>ITT<\/u><\/a>)<\/p><p style=\"font-weight: 400;\"><strong>Jogi nyilatkozat<\/strong><\/p><p style=\"font-weight: 400;\"><strong>\u00a0<\/strong><\/p><p style=\"font-weight: 400;\"><strong>\u00a0<\/strong><\/p><ol><li style=\"font-weight: 400;\"><strong>\u00c1ltal\u00e1nos t\u00e1j\u00e9koztat\u00e1s<\/strong><\/li><\/ol><p style=\"font-weight: 400;\">T\u00e1j\u00e9koztatjuk, hogy a\u00a0<a href=\"https:\/\/sportmerchandise.hu\/en\">https:\/\/sportmerchandise.hu\/<\/a>\u00a0internetc\u00edmen el\u00e9rhet\u0151 webhelyet a<\/p><p style=\"font-weight: 400;\"><strong>Sport Merchandise Hungary Kft.<\/strong><\/p><p style=\"font-weight: 400;\"><strong>\u00a0<\/strong><\/p><p style=\"font-weight: 400;\">C\u00e9gjegyz\u00e9ksz\u00e1m: 01-09-358138<\/p><p style=\"font-weight: 400;\">Ad\u00f3sz\u00e1m: 27940291-2-42<\/p><p style=\"font-weight: 400;\">Sz\u00e9khely: Magyarorsz\u00e1g, 1101 Budapest, K\u0151b\u00e1nyai \u00fat 43. B. \u00e9p. 1. em. 28. ajt\u00f3<\/p><p style=\"font-weight: 400;\">Postac\u00edm: Magyarorsz\u00e1g, 1101 Budapest, K\u0151b\u00e1nyai \u00fat 43\/C. fsz. 9.<\/p><p style=\"font-weight: 400;\">Telefon: +36 30 532 0791<\/p><p style=\"font-weight: 400;\">E-mail c\u00edm: info@sportmerchandise.hu<\/p><p style=\"font-weight: 400;\">\u00fczemelteti (a tov\u00e1bbiakban: Szolg\u00e1ltat\u00f3).<\/p><p style=\"font-weight: 400;\">Jelen webhelyen a Szolg\u00e1ltat\u00f3 szolg\u00e1ltat\u00e1saival, term\u00e9keivel kapcsolatban inform\u00e1ci\u00f3kat ismerhet meg. A jelen webhely \u00e9s az azt alkot\u00f3 weboldalak (a tov\u00e1bbiakban: egy\u00fcttesen webhely) megtekint\u00e9s\u00e9vel \u00e9s haszn\u00e1lat\u00e1val \u00d6n k\u00f6telez\u0151nek fogadja el a webhelyen k\u00f6zz\u00e9tett szab\u00e1lyzatok, t\u00e1j\u00e9koztat\u00f3k, \u00e1ltal\u00e1nos szerz\u0151d\u00e9si \u00e9s felhaszn\u00e1l\u00f3i felt\u00e9telek tartalm\u00e1t. Szolg\u00e1ltat\u00f3 ezeket b\u00e1rmikor m\u00f3dos\u00edthatja, mely m\u00f3dos\u00edt\u00e1sokat, illetve az \u00faj szab\u00e1lyzatokat, t\u00e1j\u00e9koztat\u00f3kat, valamint \u00e1ltal\u00e1nos szerz\u0151d\u00e9si \u00e9s felhaszn\u00e1l\u00f3i felt\u00e9teleket ezen a webhelyen teszi majd k\u00f6zz\u00e9.<\/p><p style=\"font-weight: 400;\">Ezen a webhelyen a Szolg\u00e1ltat\u00f3 az inform\u00e1ci\u00f3kat t\u00e1j\u00e9koztat\u00e1si c\u00e9llal helyezte el, \u00edgy azok tan\u00e1csad\u00e1snak nem min\u0151s\u00fclnek.\u00a0Szolg\u00e1ltat\u00f3 megtesz minden sz\u00fcks\u00e9ges int\u00e9zked\u00e9st, hogy a k\u00f6zz\u00e9tett adatok a val\u00f3s\u00e1ggal egyezzenek, azonban a webhelyr\u0151l sz\u00e1rmaz\u00f3 inform\u00e1ci\u00f3kb\u00f3l k\u00f6zvetlen\u00fcl jogok \u00e9s k\u00f6telezetts\u00e9gek nem sz\u00e1rmaztathat\u00f3k.<\/p><p style=\"font-weight: 400;\">Szolg\u00e1ltat\u00f3 a felel\u0151ss\u00e9get csak a meger\u0151s\u00edtett inform\u00e1ci\u00f3k vonatkoz\u00e1s\u00e1ban v\u00e1llalja, azonban kiz\u00e1rja a webhely, valamint a hardver \u00e9s a szoftver m\u0171k\u00f6d\u00e9si hib\u00e1j\u00e1ra, illet\u00e9ktelen m\u00f3dos\u00edt\u00e1s\u00e1ra visszavezethet\u0151, tov\u00e1bb\u00e1 v\u00edrus k\u00f6vetkezt\u00e9ben megv\u00e1ltozott vagy megv\u00e1ltoztatott adatok eset\u00e9ben.<\/p><ol start=\"2\"><li style=\"font-weight: 400;\"><strong>Szerz\u0151i jogok, iparjogv\u00e9delem<\/strong><\/li><\/ol><p style=\"font-weight: 400;\">A webhelyen megtal\u00e1lhat\u00f3 szerz\u0151i tartalmak \u2013 bele\u00e9rtve, de nem kiz\u00e1r\u00f3lagosan, t\u00f6bbek k\u00f6z\u00f6tt a sz\u00f6vegeket, kialak\u00edt\u00e1st, szoftvereket, k\u00e9panyagot, \u00e1br\u00e1kat, hanganyagot, audiovizu\u00e1lis anyagot, felv\u00e9teleket, forr\u00e1sk\u00f3dot \u00e9s tartalmat \u2013 a Szolg\u00e1ltat\u00f3 tulajdon\u00e1t k\u00e9pezik. Az itt megtal\u00e1lhat\u00f3 szerz\u0151i tartalmak \u00e9s kiz\u00e1r\u00f3lagos enged\u00e9ly alapj\u00e1n haszn\u00e1lt tartalmak Magyarorsz\u00e1g szerz\u0151i jogi t\u00f6rv\u00e9nyei, valamint a nemzetk\u00f6zi szerz\u0151i jogi t\u00f6rv\u00e9nyek v\u00e9delme alatt \u00e1llnak. A\u00a0tartalmak vagy azok r\u00e9szleteinek\u00a0m\u00f3dos\u00edt\u00e1sa, m\u00e1sol\u00e1sa, sokszoros\u00edt\u00e1sa, \u00fajb\u00f3li k\u00f6zz\u00e9t\u00e9tele, felt\u00f6lt\u00e9se, let\u00f6lt\u00e9se, postai vagy egy\u00e9b \u00faton t\u00f6rt\u00e9n\u0151 tov\u00e1bb\u00edt\u00e1sa, hozz\u00e1f\u00e9rhet\u0151v\u00e9 t\u00e9tele, a nyilv\u00e1noss\u00e1g sz\u00e1m\u00e1ra megtekinthet\u0151v\u00e9 t\u00e9tele, m\u00e1s anyagok l\u00e9trehoz\u00e1s\u00e1hoz val\u00f3 felhaszn\u00e1l\u00e1sa, a r\u00e1 mutat\u00f3 linkek l\u00e9trehoz\u00e1sa, \u00e1tad\u00e1sa, \u00e9rt\u00e9kes\u00edt\u00e9se, illetve m\u00e1s k\u00f6zc\u00e9l\u00fa vagy kereskedelmi c\u00e9lra t\u00f6rt\u00e9n\u0151 felhaszn\u00e1l\u00e1sa csak Szolg\u00e1ltat\u00f3 kifejezett \u00edr\u00e1sos enged\u00e9ly\u00e9vel t\u00f6rt\u00e9nhet.<\/p><p style=\"font-weight: 400;\">Szolg\u00e1ltat\u00f3 kifejezett \u00edr\u00e1sos enged\u00e9lye n\u00e9lk\u00fcl tilos a webhelyen megtal\u00e1lhat\u00f3 v\u00e9djegyek \u00e9s szolg\u00e1ltat\u00e1si m\u00e1rkajelek m\u00f3dos\u00edt\u00e1sa, m\u00e1sol\u00e1sa, sokszoros\u00edt\u00e1sa, \u00fajb\u00f3li k\u00f6zz\u00e9t\u00e9tele, felt\u00f6lt\u00e9se, let\u00f6lt\u00e9se, postai vagy egy\u00e9b \u00faton t\u00f6rt\u00e9n\u0151 tov\u00e1bb\u00edt\u00e1sa, hozz\u00e1f\u00e9rhet\u0151v\u00e9 t\u00e9tele, tov\u00e1bb\u00e1 tilos a nyilv\u00e1noss\u00e1g sz\u00e1m\u00e1ra megtekinthet\u0151v\u00e9 tenni, valamint m\u00e1s anyagok l\u00e9trehoz\u00e1s\u00e1hoz val\u00f3 felhaszn\u00e1l\u00e1sa, \u00e9rt\u00e9kes\u00edt\u00e9se, illetve m\u00e1s k\u00f6zc\u00e9l\u00fa vagy kereskedelmi c\u00e9lra t\u00f6rt\u00e9n\u0151 felhaszn\u00e1l\u00e1sa.<\/p><p style=\"font-weight: 400;\">R\u00e9szben m\u00e1s meg\u00edt\u00e9l\u00e9s al\u00e1 esnek szabad felhaszn\u00e1l\u00e1si c\u00e9l\u00fa, ny\u00edlt forr\u00e1sb\u00f3l jogtiszta \u00faton beszerzett tartalmak \u00e9s Szolg\u00e1ltat\u00f3 partnereit\u0151l sz\u00e1rmaz\u00f3 k\u00fcl\u00f6n szerz\u0151d\u00e9s alapj\u00e1n megjelen\u00edtett tartalmak. Ezek tekintet\u00e9ben a szerz\u0151i \u00e9s iparjogv\u00e9delem nem Szolg\u00e1ltat\u00f3t illeti meg (hanem a tartalmak tulajdonos\u00e1t), ugyanakkor az ilyen tartalmak jelen webhelyr\u0151l a jogosult \u00e9s a Szolg\u00e1ltat\u00f3 el\u0151zetes \u00edr\u00e1sbeli enged\u00e9lye n\u00e9lk\u00fcl t\u00f6rt\u00e9n\u0151\u00a0let\u00f6lt\u00e9se vagy b\u00e1rmilyen felhaszn\u00e1l\u00e1sa szint\u00e9n jogs\u00e9rt\u0151.<\/p><ol start=\"3\"><li style=\"font-weight: 400;\"><strong>Inform\u00e1ci\u00f3k \u00e9s tartalmak felhaszn\u00e1l\u00e1sa<\/strong><\/li><\/ol><p style=\"font-weight: 400;\">A webhely kiz\u00e1r\u00f3lag t\u00e1j\u00e9koztat\u00e1si c\u00e9llal k\u00e9sz\u00fclt, \u00e9s nem min\u0151s\u00fcl semmilyen tan\u00e1csad\u00e1snak.<\/p><p style=\"font-weight: 400;\">Az egyes t\u00e9mak\u00f6rh\u00f6z kapcsol\u00f3 cikkek\/vide\u00f3k kiz\u00e1r\u00f3lag t\u00e1j\u00e9koztat\u00f3 jelleg\u0171 inform\u00e1ci\u00f3kat tartalmaznak \u00e9s nem min\u0151s\u00fclnek szaktan\u00e1csad\u00e1snak.<\/p><p style=\"font-weight: 400;\">A webhelyen k\u00f6zz\u00e9tett tartalmak, bele\u00e9rtve az ott megtal\u00e1lhat\u00f3 felt\u00e9teleket \u00e9s le\u00edr\u00e1sokat, el\u0151zetes \u00e9rtes\u00edt\u00e9s n\u00e9lk\u00fcl m\u00f3dosulhatnak.<\/p><p style=\"font-weight: 400;\">A webhelyen megtal\u00e1lhat\u00f3 inform\u00e1ci\u00f3k, term\u00e9kek \u00e9s szolg\u00e1ltat\u00e1sok kapcs\u00e1n Szolg\u00e1ltat\u00f3 felh\u00edvja a felhaszn\u00e1l\u00f3k figyelm\u00e9t arra, hogy egyes inform\u00e1ci\u00f3k, term\u00e9kek, szolg\u00e1ltat\u00e1sok vagy anyagok felhaszn\u00e1l\u00e1s\u00e1t bizonyos orsz\u00e1gok t\u00f6rv\u00e9nyei tilthatj\u00e1k vagy korl\u00e1tozhatj\u00e1k, ennek figyelembev\u00e9tele a felhaszn\u00e1l\u00f3 k\u00f6teless\u00e9ge \u00e9s felel\u0151ss\u00e9ge.<\/p><p style=\"font-weight: 400;\">A webhelyen megjelen\u00edtett tartalmak vagy azok r\u00e9szleteinek felhaszn\u00e1l\u00e1sa, tov\u00e1bb\u00edt\u00e1sa, \u00fajabb nyilv\u00e1noss\u00e1 t\u00e9tele kiz\u00e1r\u00f3lag Szolg\u00e1ltat\u00f3 el\u0151zetes \u00edr\u00e1sbeli enged\u00e9ly\u00e9vel \u00e9s a forr\u00e1s megjel\u00f6l\u00e9s\u00e9vel t\u00f6rt\u00e9nhet. A Szolg\u00e1ltat\u00f3t\u00f3l elt\u00e9r\u0151, k\u00fcls\u0151 szerz\u0151 \u00e1ltal l\u00e9trehozott tartalom tekintet\u00e9ben a szerz\u0151 el\u0151zetes \u00edr\u00e1sbeli enged\u00e9lye \u00e9s szerz\u0151i min\u0151s\u00e9g\u00e9nek felt\u00fcntet\u00e9s\u00e9re vonatkoz\u00f3 utas\u00edt\u00e1s\u00e1nak betart\u00e1sa is sz\u00fcks\u00e9ges.<\/p><p style=\"font-weight: 400;\">A webhelyen megjelen\u00edtett szerz\u0151i tartalmakat Szolg\u00e1ltat\u00f3 el\u0151zetes, konkr\u00e9t enged\u00e9lye n\u00e9lk\u00fcl csak teljes eg\u00e9sz\u00e9ben, v\u00e1ltozatlan form\u00e1ban \u00e9s \u00fagy lehet \u00e1tvenni, hogy az \u00e1tvev\u0151 a webhelyre t\u00f6rt\u00e9n\u0151 egy\u00e9rtelm\u0171 hivatkoz\u00e1st, a forr\u00e1s \u00e9s a szerz\u0151 megjel\u00f6l\u00e9s\u00e9vel egy\u00fctt mindenkor felt\u00fcnteti.<\/p><p style=\"font-weight: 400;\">Szolg\u00e1ltat\u00f3 hat\u00e1rozott \u00e9s egy\u00e9rtelm\u0171 enged\u00e9lye n\u00e9lk\u00fcl tilos olyan munk\u00e1k \u00e9s anyagok l\u00e9trehoz\u00e1sa \u2013 nem kiz\u00e1r\u00f3lagos jelleggel ide\u00e9rtve a bet\u0171t\u00edpusokat, ikonokat, link gombokat, h\u00e1tt\u00e9rk\u00e9peket, asztali t\u00e9m\u00e1kat, online k\u00e9peslapokat, mont\u00e1zsokat, \u00f6sszev\u00e1gott \u00e9s hasonl\u00f3 vide\u00f3kat, \u00fcdv\u00f6zl\u0151lapokat \u00e9s enged\u00e9ly n\u00e9lk\u00fcli \u00e1rukat \u2013 amelyek a webhelyen el\u00e9rhet\u0151 tartalmakb\u00f3l sz\u00e1rmaznak vagy azok alapj\u00e1n k\u00e9sz\u00fcltek.<\/p><p style=\"font-weight: 400;\">Szigor\u00faan tilos a webhely enged\u00e9ly n\u00e9lk\u00fcli felhaszn\u00e1l\u00e1sa, valamint a webhelyhez kapcsol\u00f3d\u00f3 inform\u00e1ci\u00f3k nem rendeltet\u00e9sszer\u0171 felhaszn\u00e1l\u00e1sa.<\/p><p style=\"font-weight: 400;\">A\u00a0<a href=\"https:\/\/sportmerchandise.hu\/en\">https:\/\/sportmerchandise.hu\/<\/a>\u00a0bejegyzett domain nevet a hivatkoz\u00e1s kiv\u00e9tel\u00e9vel kiz\u00e1r\u00f3lag Szolg\u00e1ltat\u00f3 el\u0151zetes \u00edr\u00e1sos enged\u00e9ly\u00e9vel lehet felhaszn\u00e1lni.<\/p><ol start=\"4\"><li style=\"font-weight: 400;\"><strong>M\u00e1s oldalakra mutat\u00f3 linkek<\/strong><\/li><\/ol><p style=\"font-weight: 400;\">Szolg\u00e1ltat\u00f3 elhelyezhet a webhelyen harmadik felek \u00e1ltal m\u0171k\u00f6dtetett weboldalakra mutat\u00f3 linkeket \u00e9s hivatkoz\u00e1sokat, melyeket a felhaszn\u00e1l\u00f3k tetsz\u00e9s szerint haszn\u00e1lhatnak.<\/p><p style=\"font-weight: 400;\">Szolg\u00e1ltat\u00f3 nem ellen\u0151rzi ezeket a weboldalakat, \u00e9s nem felel\u0151s a tartalmuk\u00e9rt. A linkek elhelyez\u00e9se nem min\u0151s\u00fcl a k\u00fcls\u0151 weboldalon tal\u00e1lhat\u00f3 n\u00e9zetek, \u00f6tletek, \u00e1ruk, term\u00e9kek, inform\u00e1ci\u00f3k vagy szolg\u00e1ltat\u00e1sok t\u00e1mogat\u00e1s\u00e1nak vagy aj\u00e1nl\u00e1s\u00e1nak a Szolg\u00e1ltat\u00f3 r\u00e9sz\u00e9r\u0151l. A felhaszn\u00e1l\u00f3 \u00e9s a linkben szerepl\u0151 weboldal k\u00f6z\u00f6tti jogviszony, bele\u00e9rtve az ott k\u00edn\u00e1lt \u00e1ruk, term\u00e9kek \u00e9s szolg\u00e1ltat\u00e1sok kifizet\u00e9s\u00e9t \u00e9s lesz\u00e1ll\u00edt\u00e1s\u00e1t, kiz\u00e1r\u00f3lag a Felhaszn\u00e1l\u00f3 \u00e9s az adott weboldal \u00fczemeltet\u0151je k\u00f6z\u00f6tti kapcsolaton alapul. Szolg\u00e1ltat\u00f3 nincs befoly\u00e1ssal a linkekben szerepl\u0151 k\u00fcls\u0151 weboldalakra, \u00e9s nem felel\u0151s a k\u00fcls\u0151 weboldalak megtekint\u00e9s\u00e9vel, haszn\u00e1lat\u00e1val vagy haszn\u00e1latuk meghi\u00fasul\u00e1s\u00e1val, illetve az ott k\u00edn\u00e1lt tartalmakkal, \u00e1ruval, term\u00e9kekkel \u00e9s szolg\u00e1ltat\u00e1sokkal \u00f6sszef\u00fcgg\u0151 k\u00f6vetkezm\u00e9nyek\u00e9rt.<\/p><ol start=\"5\"><li style=\"font-weight: 400;\"><strong>A https:\/\/sportmerchandise.hu\/ webhelyre mutat\u00f3 hivatkoz\u00e1sok<\/strong><\/li><\/ol><p style=\"font-weight: 400;\">M\u00e1s webhelyeken a\u00a0<a href=\"https:\/\/sportmerchandise.hu\/en\">https:\/\/sportmerchandise.hu\/<\/a>\u00a0webhelyre mutat\u00f3 hivatkoz\u00e1sokat elhelyezni csak Szolg\u00e1ltat\u00f3 \u00edr\u00e1sos enged\u00e9ly\u00e9vel megengedett, kiv\u00e9ve a fenti 3. fejezetben k\u00f6r\u00fcl\u00edrt \u00e1tvett szerz\u0151i tartalmakra t\u00f6rt\u00e9n\u0151 szab\u00e1lyos hivatkoz\u00e1st. A weboldalra vezet\u0151 hivatkoz\u00e1sok elhelyez\u00e9se nem okozhat k\u00e1rt a Szolg\u00e1ltat\u00f3, vagy oldalainak h\u00edrnev\u00e9ben.<\/p><p style=\"font-weight: 400;\">Szolg\u00e1ltat\u00f3 fenntartja a jogot az enged\u00e9lyezett hivatkoz\u00e1sok megsz\u00fcntet\u00e9s\u00e9re b\u00e1rmilyen el\u0151zetes \u00e9rtes\u00edt\u00e9s n\u00e9lk\u00fcl, ha meg\u00edt\u00e9l\u00e9se szerint a hivatkoz\u00e1s valamilyen k\u00e1rt okoz a Szolg\u00e1ltat\u00f3 vagy oldalainak h\u00edrnev\u00e9ben, m\u0171k\u00f6d\u00e9s\u00e9ben.<\/p><ol start=\"6\"><li style=\"font-weight: 400;\"><strong>Tartalom elt\u00e1vol\u00edt\u00e1sa<\/strong><\/li><\/ol><p style=\"font-weight: 400;\">Szolg\u00e1ltat\u00f3 fenntartja a jogot az oldalon tal\u00e1lhat\u00f3 \u00f6sszes tartalom el\u0151zetes bejelent\u00e9s \u00e9s indokol\u00e1s n\u00e9lk\u00fcl t\u00f6rt\u00e9n\u0151 elt\u00e1vol\u00edt\u00e1s\u00e1ra.<\/p><ol start=\"2026\"><li style=\"font-weight: 400;\">janu\u00e1r 27.<\/li><\/ol><p style=\"font-weight: 400;\"><strong>Sport Merchandise Hungary Kft.<\/strong><\/p>\t\t\t\t\t\t\t\t<\/div>\n\t\t\t\t<\/div>\n\t\t\t\t\t<\/div>\n\t\t\t\t<\/div>\n\t\t\t\t<\/div>","protected":false},"excerpt":{"rendered":"<p>(A dokumentum let\u00f6lt\u00e9se\/nyomtat\u00e1sa:\u00a0ITT) Jogi nyilatkozat \u00a0 \u00a0 \u00c1ltal\u00e1nos t\u00e1j\u00e9koztat\u00e1s T\u00e1j\u00e9koztatjuk, hogy a\u00a0https:\/\/sportmerchandise.hu\/\u00a0internetc\u00edmen el\u00e9rhet\u0151 webhelyet a Sport Merchandise Hungary Kft. \u00a0 C\u00e9gjegyz\u00e9ksz\u00e1m: 01-09-358138 Ad\u00f3sz\u00e1m: 27940291-2-42 Sz\u00e9khely: Magyarorsz\u00e1g, 1101 Budapest, K\u0151b\u00e1nyai \u00fat 43. B. \u00e9p. 1. em. 28. ajt\u00f3 Postac\u00edm: Magyarorsz\u00e1g, 1101 Budapest, K\u0151b\u00e1nyai \u00fat 43\/C. fsz. 9. Telefon: +36 30 532 0791 E-mail c\u00edm: info@sportmerchandise.hu \u00fczemelteti [&hellip;]<\/p>","protected":false},"author":1,"featured_media":0,"parent":0,"menu_order":0,"comment_status":"closed","ping_status":"closed","template":"","meta":{"footnotes":""},"class_list":["post-11485","page","type-page","status-publish","hentry"],"_links":{"self":[{"href":"https:\/\/sportmerchandise.hu\/en\/wp-json\/wp\/v2\/pages\/11485","targetHints":{"allow":["GET"]}}],"collection":[{"href":"https:\/\/sportmerchandise.hu\/en\/wp-json\/wp\/v2\/pages"}],"about":[{"href":"https:\/\/sportmerchandise.hu\/en\/wp-json\/wp\/v2\/types\/page"}],"author":[{"embeddable":true,"href":"https:\/\/sportmerchandise.hu\/en\/wp-json\/wp\/v2\/users\/1"}],"replies":[{"embeddable":true,"href":"https:\/\/sportmerchandise.hu\/en\/wp-json\/wp\/v2\/comments?post=11485"}],"version-history":[{"count":7,"href":"https:\/\/sportmerchandise.hu\/en\/wp-json\/wp\/v2\/pages\/11485\/revisions"}],"predecessor-version":[{"id":11493,"href":"https:\/\/sportmerchandise.hu\/en\/wp-json\/wp\/v2\/pages\/11485\/revisions\/11493"}],"wp:attachment":[{"href":"https:\/\/sportmerchandise.hu\/en\/wp-json\/wp\/v2\/media?parent=11485"}],"curies":[{"name":"wp","href":"https:\/\/api.w.org\/{rel}","templated":true}]}}