{"id":11435,"date":"2026-01-27T14:14:00","date_gmt":"2026-01-27T14:14:00","guid":{"rendered":"https:\/\/sportmerchandise.hu\/?page_id=11435"},"modified":"2026-01-27T14:21:41","modified_gmt":"2026-01-27T14:21:41","slug":"zalaegerszegi-te","status":"publish","type":"page","link":"https:\/\/sportmerchandise.hu\/en\/zalaegerszegi-te\/","title":{"rendered":"Zalaegerszegi TE"},"content":{"rendered":"<div data-elementor-type=\"wp-page\" data-elementor-id=\"11435\" class=\"elementor elementor-11435\" data-elementor-post-type=\"page\">\n\t\t\t\t\t\t<section class=\"elementor-section elementor-top-section elementor-element elementor-element-a7eb32e elementor-section-height-min-height elementor-section-boxed elementor-section-height-default elementor-section-items-middle\" data-id=\"a7eb32e\" data-element_type=\"section\" data-settings=\"{&quot;background_background&quot;:&quot;classic&quot;}\">\n\t\t\t\t\t\t\t<div class=\"elementor-background-overlay\"><\/div>\n\t\t\t\t\t\t\t<div class=\"elementor-container elementor-column-gap-default\">\n\t\t\t\t\t<div class=\"elementor-column elementor-col-100 elementor-top-column elementor-element elementor-element-847dd31 elementor-invisible\" data-id=\"847dd31\" data-element_type=\"column\" data-settings=\"{&quot;animation&quot;:&quot;fadeInLeft&quot;}\">\n\t\t\t<div class=\"elementor-widget-wrap elementor-element-populated\">\n\t\t\t\t\t\t<div class=\"elementor-element elementor-element-330e615 elementor-widget elementor-widget-heading\" data-id=\"330e615\" data-element_type=\"widget\" data-widget_type=\"heading.default\">\n\t\t\t\t<div class=\"elementor-widget-container\">\n\t\t\t\t\t<h2 class=\"elementor-heading-title elementor-size-default\">Zalaegerszegi TE<\/h2>\t\t\t\t<\/div>\n\t\t\t\t<\/div>\n\t\t\t\t<div class=\"elementor-element elementor-element-ac7cf60 elementor-widget-divider--view-line elementor-widget elementor-widget-divider\" data-id=\"ac7cf60\" data-element_type=\"widget\" data-widget_type=\"divider.default\">\n\t\t\t\t<div class=\"elementor-widget-container\">\n\t\t\t\t\t\t\t<div class=\"elementor-divider\">\n\t\t\t<span class=\"elementor-divider-separator\">\n\t\t\t\t\t\t<\/span>\n\t\t<\/div>\n\t\t\t\t\t\t<\/div>\n\t\t\t\t<\/div>\n\t\t\t\t\t<\/div>\n\t\t<\/div>\n\t\t\t\t\t<\/div>\n\t\t<\/section>\n\t\t<div class=\"elementor-element elementor-element-1b06891 e-flex e-con-boxed e-con e-parent\" data-id=\"1b06891\" data-element_type=\"container\">\n\t\t\t\t\t<div class=\"e-con-inner\">\n\t\t\t\t<div class=\"elementor-element elementor-element-bee3322 elementor-widget elementor-widget-heading\" data-id=\"bee3322\" data-element_type=\"widget\" data-widget_type=\"heading.default\">\n\t\t\t\t<div class=\"elementor-widget-container\">\n\t\t\t\t\t<h2 class=\"elementor-heading-title elementor-size-default\">Zalaegerszegi TE was founded in 1920, and the club has been using its signature blue-and-white colours since the late 1970s.  <\/h2>\t\t\t\t<\/div>\n\t\t\t\t<\/div>\n\t\t\t\t\t<\/div>\n\t\t\t\t<\/div>\n\t\t<div class=\"elementor-element elementor-element-2bd2e28 e-flex e-con-boxed e-con e-parent\" data-id=\"2bd2e28\" data-element_type=\"container\">\n\t\t\t\t\t<div class=\"e-con-inner\">\n\t\t\t\t<div class=\"elementor-element elementor-element-af92aae elementor-widget elementor-widget-text-editor\" data-id=\"af92aae\" data-element_type=\"widget\" data-widget_type=\"text-editor.default\">\n\t\t\t\t<div class=\"elementor-widget-container\">\n\t\t\t\t\t\t\t\t\t<p>Their greatest achievement was winning the Hungarian Championship title in 2002.<\/p><p>Our partnership with the club began in 2026. Our goal is to support ZTE FC's commercial and marketing success through professional expertise, thereby worthily representing both the club's rich history and its promising future.<\/p><p>Our work covers every aspect of the club's merchandise operations, from long-term strategy and product manufacturing to sales. As part of our partnership agreement, we assist in developing the complete merchandise strategy and provide comprehensive commercial and marketing support.\nA defining milestone of our collaboration was the development of the webshop, which is closely integrated with the continuous management and oversight of optimal inventory levels. We manage the entire product lifecycle in-house, taking responsibility for every step from the creative design phase to the manufacturing processes. To complete the cycle, we conduct full-scale commercial activities, ensuring professional service across both online platforms and offline sales channels.<\/p>\t\t\t\t\t\t\t\t<\/div>\n\t\t\t\t<\/div>\n\t\t\t\t\t<\/div>\n\t\t\t\t<\/div>\n\t\t\t\t<\/div>","protected":false},"excerpt":{"rendered":"<p>Zalaegerszegi TE A Zalaegerszegi TE 1920-ban alakult meg, a k\u00e9k-feh\u00e9r sz\u00edn\u00f6ssze\u00e1ll\u00edt\u00e1st a 70-es \u00e9vek v\u00e9g\u00e9t\u0151l haszn\u00e1lj\u00e1k. A legnagyobb siker\u00fck az els\u0151 oszt\u00e1ly\u00fa magyar bajnoki c\u00edm, amelyet 2002-ben \u00e9rt\u00e9k el. Egy\u00fcttm\u0171k\u00f6d\u00e9s\u00fcnk a klubbal 2026-t\u00f3l kezd\u0151d\u00f6tt. C\u00e9lunk, hogy professzion\u00e1lis t\u00e1mogat\u00e1ssal seg\u00edts\u00fck az ZTE FC kereskedelmi \u00e9s marketing sikereit, ez\u00e1ltal m\u00e9lt\u00f3 m\u00f3don k\u00e9pviselve a klub t\u00f6rt\u00e9nelm\u00e9t \u00e9s j\u00f6v\u0151j\u00e9t. [&hellip;]<\/p>","protected":false},"author":1,"featured_media":0,"parent":0,"menu_order":0,"comment_status":"closed","ping_status":"closed","template":"elementor_header_footer","meta":{"footnotes":""},"class_list":["post-11435","page","type-page","status-publish","hentry"],"_links":{"self":[{"href":"https:\/\/sportmerchandise.hu\/en\/wp-json\/wp\/v2\/pages\/11435","targetHints":{"allow":["GET"]}}],"collection":[{"href":"https:\/\/sportmerchandise.hu\/en\/wp-json\/wp\/v2\/pages"}],"about":[{"href":"https:\/\/sportmerchandise.hu\/en\/wp-json\/wp\/v2\/types\/page"}],"author":[{"embeddable":true,"href":"https:\/\/sportmerchandise.hu\/en\/wp-json\/wp\/v2\/users\/1"}],"replies":[{"embeddable":true,"href":"https:\/\/sportmerchandise.hu\/en\/wp-json\/wp\/v2\/comments?post=11435"}],"version-history":[{"count":8,"href":"https:\/\/sportmerchandise.hu\/en\/wp-json\/wp\/v2\/pages\/11435\/revisions"}],"predecessor-version":[{"id":11495,"href":"https:\/\/sportmerchandise.hu\/en\/wp-json\/wp\/v2\/pages\/11435\/revisions\/11495"}],"wp:attachment":[{"href":"https:\/\/sportmerchandise.hu\/en\/wp-json\/wp\/v2\/media?parent=11435"}],"curies":[{"name":"wp","href":"https:\/\/api.w.org\/{rel}","templated":true}]}}